{"id":11126,"date":"2020-07-10T14:21:05","date_gmt":"2020-07-10T07:21:05","guid":{"rendered":"https:\/\/ifv.vn\/?page_id=11126"},"modified":"2020-07-10T17:05:21","modified_gmt":"2020-07-10T10:05:21","slug":"recrutement-directeur-directrice-antenne-danang","status":"publish","type":"page","link":"https:\/\/ifv.vn\/fr\/recrutement-directeur-directrice-antenne-danang\/","title":{"rendered":"Recrutement : Directeur\/Directrice d\u00e9l\u00e9gu\u00e9\/e de l&rsquo;Antenne \u00e0 Danang"},"content":{"rendered":"<p style=\"font-weight: 400; text-align: justify;\">L&rsquo;Institut fran\u00e7ais du Vietnam \/ Service de Coop\u00e9ration et d&rsquo;Action culturelle de l&rsquo;Ambassade de France au Vietnam recrute\u00a0<strong>un\/une Directeur\/Directrice d\u00e9l\u00e9gu\u00e9\/e de l\u2019Antenne \u00e0 Danang de l\u2019Institut Fran\u00e7ais du Vietnam.<\/strong><\/p>\n<p style=\"font-weight: 400; text-align: justify;\">Le\/la directeur\/directrice d\u00e9l\u00e9gu\u00e9\/e a pour mission de piloter l\u2019Institut fran\u00e7ais de Danang. Il\/elle repr\u00e9sente l\u2019Institut aupr\u00e8s des autorit\u00e9s et des partenaires, contribue au rayonnement de la culture fran\u00e7ais \u00e0 Danang et dans sa r\u00e9gion, promeut les \u00e9tudes en France et l\u2019enseignement du fran\u00e7ais, et dirige l&rsquo;\u00e9cole de langue avec pour objectif d\u2019en accro\u00eetre l\u2019attractivit\u00e9 et la rentabilit\u00e9.\u00a0<\/p>\n<p style=\"font-weight: 400; text-align: justify;\"><strong>Direction de l&rsquo;antenne<\/strong><\/p>\n<ul style=\"list-style-type: disc;\">\n<li style=\"font-weight: 400; text-align: justify;\">Repr\u00e9senter l\u2019Institut Fran\u00e7ais du Vietnam aupr\u00e8s des autorit\u00e9s locales et des partenaires<\/li>\n<li style=\"font-weight: 400; text-align: justify;\">Concevoir la strat\u00e9gie globale de d\u00e9veloppement de l\u2019antenne<\/li>\n<li style=\"font-weight: 400; text-align: justify;\">Piloter la promotion globale et la communication des activit\u00e9s de l&rsquo;antenne<\/li>\n<li style=\"font-weight: 400; text-align: justify;\">Assurer une veille culturelle sur Danang et son bassin d&rsquo;activit\u00e9 et \u00e9tablir des partenariats avec les acteurs locaux<\/li>\n<li style=\"font-weight: 400; text-align: justify;\">Etre le relais local de la programmation nationale (tourn\u00e9es d&rsquo;artistes) et \u00eatre en mesure de proposer des participations d&rsquo;artistes locaux<\/li>\n<li style=\"font-weight: 400; text-align: justify;\">Mettre en \u0153uvre la d\u00e9marche qualit\u00e9<\/li>\n<li style=\"font-weight: 400; text-align: justify;\">Organiser les activit\u00e9s de CampusFrance et des examens DELF\/DALF<\/li>\n<li style=\"font-weight: 400; text-align: justify;\">Assurer une pr\u00e9sence fran\u00e7aise dans les \u00e9tablissements scolaires bilingues et les universit\u00e9s et soutenir les \u00e9quipes d&rsquo;enseignants locaux<\/li>\n<\/ul>\n<p style=\"font-weight: 400; text-align: justify;\"><strong>Pilotage de l&rsquo;\u00e9cole de langue<\/strong><\/p>\n<ul style=\"list-style-type: disc;\">\n<li style=\"font-weight: 400; text-align: justify;\">Concevoir, en concertation avec la directrice nationale des cours \u00e0 Hanoi, le plan d&rsquo;actions annuel de l&rsquo;\u00e9cole de langue et fixer les objectifs chiffr\u00e9s \u00a0 \u00a0 \u00a0 \u00a0 \u00a0 \u00a0<\/li>\n<li style=\"font-weight: 400; text-align: justify;\">Sous l&rsquo;impulsion de la directrice nationale des cours, participer \u00e0 la politique de d\u00e9veloppement de l&rsquo;offre de cours<\/li>\n<li style=\"font-weight: 400; text-align: justify;\">Notamment, analyser les march\u00e9s locaux, identifier ceux \u00e0 conqu\u00e9rir, prospecter en particulier aupr\u00e8s des client\u00e8les d&rsquo;entreprises<\/li>\n<li style=\"font-weight: 400; text-align: justify;\">Gestion pr\u00e9visionnelle des emplois et des comp\u00e9tences des \u00e9quipes<\/li>\n<li style=\"font-weight: 400; text-align: justify;\">Participer aux processus de recrutement des agents et enseignants<\/li>\n<li style=\"font-weight: 400; text-align: justify;\">Etre en mesure d&rsquo;assurer, en cas de besoins, une charge ponctuelle d\u2019enseignement<\/li>\n<\/ul>\n<p style=\"font-weight: 400; text-align: justify;\"><strong>Prise de fonction\u00a0: 1er septembre 2020<\/strong><\/p>\n<p style=\"font-weight: 400; text-align: justify;\"><strong>Les dossiers de candidature devront inclure :<\/strong><\/p>\n<ul style=\"list-style-type: disc;\">\n<li style=\"font-weight: 400; text-align: justify;\">un curriculum vitae<\/li>\n<li style=\"font-weight: 400; text-align: justify;\">une lettre de motivation<\/li>\n<li style=\"font-weight: 400; text-align: justify;\">une copie du passeport en cours de validit\u00e9<\/li>\n<li style=\"font-weight: 400; text-align: justify;\">une copie du titre de s\u00e9jour au Vietnam (et du permis de travail le cas \u00e9ch\u00e9ant)<\/li>\n<\/ul>\n<p style=\"text-align: justify;\"><strong>Contacts :\u00a0<\/strong><\/p>\n<ul>\n<li style=\"text-align: justify;\">COCAC\/Directeur de l\u2019Institut fran\u00e7ais du Vietnam :\u00a0<a href=\"mailto:etienne.rolland-piegue@diplomatie.gouv.fr\">etienne.rolland-piegue@diplomatie.gouv.fr<\/a><\/li>\n<li style=\"text-align: justify;\">Secr\u00e9taire g\u00e9n\u00e9ral du SCAC\/IFV :\u00a0<a href=\"mailto:antoine.derr@ifv.vn\">antoine.derr@ifv.vn<\/a><\/li>\n<li style=\"text-align: justify;\">Directrice nationale des cours :\u00a0<a href=\"mailto:corinne.pignard@ifv.vn\">corinne.pignard@ifv.vn<\/a>\u00a0<\/li>\n<\/ul>\n<p style=\"font-weight: 400; text-align: justify;\"><strong>Date limite d&rsquo;envoi des candidatures : 24 juillet 2020<\/strong><\/p>\n<p style=\"font-weight: 400; text-align: justify;\">Les candidates\/candidats doivent attester de leur r\u00e9sidence au Vietnam depuis au moins trois mois, et y disposer d&rsquo;une adresse et d&rsquo;un titre de s\u00e9jour leur permettant d&rsquo;occuper un emploi salari\u00e9.<\/p>\n<p style=\"font-weight: 400; text-align: justify;\">Pour les agents\u00a0CRSP\u00a0non titulaires d\u2019une autre administration, le calcul du salaire de base tient compte du dipl\u00f4me le plus \u00e9lev\u00e9 et de l&rsquo;exp\u00e9rience professionnelle acquise du\/de la candidat(e), dont il\/elle doit apporter la preuve.<\/p>\n<p style=\"font-weight: 400; text-align: justify;\">Pour les agents\u00a0CRSP\u00a0titulaires d\u2019une autre administration, il est proc\u00e9d\u00e9 \u00e0 une v\u00e9rification de leur situation administrative (grade\/\u00e9chelon\/indice) pour l\u2019\u00e9tablissement du contrat.<\/p>\n<p style=\"font-weight: 400; text-align: justify;\">Les\u00a0CRSP\u00a0sont des contrats \u00e0 dur\u00e9e d\u00e9termin\u00e9e de 2 ans renouvelables dans la limite de 4 ans au total.<\/p>\n<p style=\"font-weight: 400; text-align: justify;\">L&rsquo;indemnit\u00e9 de r\u00e9sidence sp\u00e9cifique aux agents\u00a0CRSP\u00a0est r\u00e9guli\u00e8rement r\u00e9-\u00e9valu\u00e9e, en particulier en fonction du taux de chancellerie dans les pays o\u00f9 il s&rsquo;applique, et de l&rsquo;appr\u00e9ciation des conditions locales.<\/p>\n<p style=\"font-weight: 400; text-align: justify;\">L&rsquo;attribution \u00e9ventuelle de majorations familiales (conjoint \/ enfant(s)) est soumise \u00e0 v\u00e9rifications pr\u00e9alables quant \u00e0 la pr\u00e9sence dans le pays d&rsquo;affectation et au versement d&rsquo;aides issues d&rsquo;autres organismes.<\/p>\n<p style=\"text-align: justify;\"><span style=\"text-decoration: underline; color: #0000ff;\"><a style=\"color: #0000ff; text-decoration: underline;\" href=\"https:\/\/ifv.vn\/wp-content\/uploads\/2020\/07\/Fiche-de-poste-Directeur_rice-de-lantenne-IF-de-Danang.pdf\" target=\"_blank\" rel=\"noopener\">Fiche de poste Directeur\/Directrice de l&rsquo;antenne IF de Danang<\/a><\/span><\/p>\n","protected":false},"excerpt":{"rendered":"L'Institut fran\u00e7ais du Vietnam \/ Service de Coop\u00e9ration et d'Action culturelle de l'Ambassade de France au Vietnam recrute\u00a0un\/une Directeur\/Directrice d\u00e9l\u00e9gu\u00e9\/e de l\u2019Antenne \u00e0 Danang de l\u2019Institut Fran\u00e7ais du Vietnam. Le\/la directeur\/directrice d\u00e9l\u00e9gu\u00e9\/e a pour mission de piloter l\u2019Institut fran\u00e7ais de [...]","protected":false},"author":6,"featured_media":0,"parent":0,"menu_order":0,"comment_status":"open","ping_status":"closed","template":"page-static.php","meta":{"footnotes":""},"class_list":["post-11126","page","type-page","status-publish","hentry"],"acf":[],"yoast_head":"<!-- This site is optimized with the Yoast SEO plugin v25.3.1 - https:\/\/yoast.com\/wordpress\/plugins\/seo\/ -->\n<title>Recrutement : Directeur\/Directrice d\u00e9l\u00e9gu\u00e9\/e de l&#039;Antenne \u00e0 Danang - Vi\u1ec7n Ph\u00e1p t\u1ea1i Vi\u1ec7t Nam | Institut fran\u00e7ais du Vietnam<\/title>\n<meta name=\"robots\" content=\"index, follow, max-snippet:-1, max-image-preview:large, max-video-preview:-1\" \/>\n<link rel=\"canonical\" href=\"https:\/\/ifv.vn\/fr\/recrutement-directeur-directrice-antenne-danang\/\" \/>\n<meta property=\"og:locale\" content=\"fr_FR\" \/>\n<meta property=\"og:type\" content=\"article\" \/>\n<meta property=\"og:title\" content=\"Recrutement : Directeur\/Directrice d\u00e9l\u00e9gu\u00e9\/e de l&#039;Antenne \u00e0 Danang - Vi\u1ec7n Ph\u00e1p t\u1ea1i Vi\u1ec7t Nam | Institut fran\u00e7ais du Vietnam\" \/>\n<meta property=\"og:description\" content=\"L&rsquo;Institut fran\u00e7ais du Vietnam \/ Service de Coop\u00e9ration et d&rsquo;Action culturelle de l&rsquo;Ambassade de France au Vietnam recrute\u00a0un\/une Directeur\/Directrice d\u00e9l\u00e9gu\u00e9\/e de l\u2019Antenne \u00e0 Danang de l\u2019Institut Fran\u00e7ais du Vietnam. Le\/la directeur\/directrice d\u00e9l\u00e9gu\u00e9\/e a pour mission de piloter l\u2019Institut fran\u00e7ais de [&hellip;]\" \/>\n<meta property=\"og:url\" content=\"https:\/\/ifv.vn\/fr\/recrutement-directeur-directrice-antenne-danang\/\" \/>\n<meta property=\"og:site_name\" content=\"Vi\u1ec7n Ph\u00e1p t\u1ea1i Vi\u1ec7t Nam | Institut fran\u00e7ais du Vietnam\" \/>\n<meta property=\"article:modified_time\" content=\"2020-07-10T10:05:21+00:00\" \/>\n<meta name=\"twitter:card\" content=\"summary_large_image\" \/>\n<meta name=\"twitter:label1\" content=\"Est. reading time\" \/>\n\t<meta name=\"twitter:data1\" content=\"3 minutes\" \/>\n<script type=\"application\/ld+json\" class=\"yoast-schema-graph\">{\"@context\":\"https:\/\/schema.org\",\"@graph\":[{\"@type\":\"WebPage\",\"@id\":\"https:\/\/ifv.vn\/fr\/recrutement-directeur-directrice-antenne-danang\/\",\"url\":\"https:\/\/ifv.vn\/fr\/recrutement-directeur-directrice-antenne-danang\/\",\"name\":\"Recrutement : Directeur\/Directrice d\u00e9l\u00e9gu\u00e9\/e de l'Antenne \u00e0 Danang - Vi\u1ec7n Ph\u00e1p t\u1ea1i Vi\u1ec7t Nam | Institut fran\u00e7ais du Vietnam\",\"isPartOf\":{\"@id\":\"https:\/\/ifv.vn\/#website\"},\"datePublished\":\"2020-07-10T07:21:05+00:00\",\"dateModified\":\"2020-07-10T10:05:21+00:00\",\"breadcrumb\":{\"@id\":\"https:\/\/ifv.vn\/fr\/recrutement-directeur-directrice-antenne-danang\/#breadcrumb\"},\"inLanguage\":\"fr-FR\",\"potentialAction\":[{\"@type\":\"ReadAction\",\"target\":[\"https:\/\/ifv.vn\/fr\/recrutement-directeur-directrice-antenne-danang\/\"]}]},{\"@type\":\"BreadcrumbList\",\"@id\":\"https:\/\/ifv.vn\/fr\/recrutement-directeur-directrice-antenne-danang\/#breadcrumb\",\"itemListElement\":[{\"@type\":\"ListItem\",\"position\":1,\"name\":\"Home\",\"item\":\"https:\/\/ifv.vn\/fr\/\"},{\"@type\":\"ListItem\",\"position\":2,\"name\":\"Recrutement : Directeur\/Directrice d\u00e9l\u00e9gu\u00e9\/e de l&rsquo;Antenne \u00e0 Danang\"}]},{\"@type\":\"WebSite\",\"@id\":\"https:\/\/ifv.vn\/#website\",\"url\":\"https:\/\/ifv.vn\/\",\"name\":\"Vi\u1ec7n Ph\u00e1p t\u1ea1i Vi\u1ec7t Nam | Institut fran\u00e7ais du Vietnam\",\"description\":\"\",\"publisher\":{\"@id\":\"https:\/\/ifv.vn\/#organization\"},\"potentialAction\":[{\"@type\":\"SearchAction\",\"target\":{\"@type\":\"EntryPoint\",\"urlTemplate\":\"https:\/\/ifv.vn\/?s={search_term_string}\"},\"query-input\":{\"@type\":\"PropertyValueSpecification\",\"valueRequired\":true,\"valueName\":\"search_term_string\"}}],\"inLanguage\":\"fr-FR\"},{\"@type\":\"Organization\",\"@id\":\"https:\/\/ifv.vn\/#organization\",\"name\":\"Vi\u1ec7n Ph\u00e1p t\u1ea1i Vi\u1ec7t Nam | Institut fran\u00e7ais du Vietnam\",\"url\":\"https:\/\/ifv.vn\/\",\"logo\":{\"@type\":\"ImageObject\",\"inLanguage\":\"fr-FR\",\"@id\":\"https:\/\/ifv.vn\/#\/schema\/logo\/image\/\",\"url\":\"https:\/\/ifv.vn\/wp-content\/uploads\/2025\/10\/cropped-asset-6.png\",\"contentUrl\":\"https:\/\/ifv.vn\/wp-content\/uploads\/2025\/10\/cropped-asset-6.png\",\"width\":248,\"height\":165,\"caption\":\"Vi\u1ec7n Ph\u00e1p t\u1ea1i Vi\u1ec7t Nam | Institut fran\u00e7ais du Vietnam\"},\"image\":{\"@id\":\"https:\/\/ifv.vn\/#\/schema\/logo\/image\/\"}}]}<\/script>\n<!-- \/ Yoast SEO plugin. -->","yoast_head_json":{"title":"Recrutement : Directeur\/Directrice d\u00e9l\u00e9gu\u00e9\/e de l'Antenne \u00e0 Danang - Vi\u1ec7n Ph\u00e1p t\u1ea1i Vi\u1ec7t Nam | Institut fran\u00e7ais du Vietnam","robots":{"index":"index","follow":"follow","max-snippet":"max-snippet:-1","max-image-preview":"max-image-preview:large","max-video-preview":"max-video-preview:-1"},"canonical":"https:\/\/ifv.vn\/fr\/recrutement-directeur-directrice-antenne-danang\/","og_locale":"fr_FR","og_type":"article","og_title":"Recrutement : Directeur\/Directrice d\u00e9l\u00e9gu\u00e9\/e de l'Antenne \u00e0 Danang - Vi\u1ec7n Ph\u00e1p t\u1ea1i Vi\u1ec7t Nam | Institut fran\u00e7ais du Vietnam","og_description":"L&rsquo;Institut fran\u00e7ais du Vietnam \/ Service de Coop\u00e9ration et d&rsquo;Action culturelle de l&rsquo;Ambassade de France au Vietnam recrute\u00a0un\/une Directeur\/Directrice d\u00e9l\u00e9gu\u00e9\/e de l\u2019Antenne \u00e0 Danang de l\u2019Institut Fran\u00e7ais du Vietnam. Le\/la directeur\/directrice d\u00e9l\u00e9gu\u00e9\/e a pour mission de piloter l\u2019Institut fran\u00e7ais de [&hellip;]","og_url":"https:\/\/ifv.vn\/fr\/recrutement-directeur-directrice-antenne-danang\/","og_site_name":"Vi\u1ec7n Ph\u00e1p t\u1ea1i Vi\u1ec7t Nam | Institut fran\u00e7ais du Vietnam","article_modified_time":"2020-07-10T10:05:21+00:00","twitter_card":"summary_large_image","twitter_misc":{"Est. reading time":"3 minutes"},"schema":{"@context":"https:\/\/schema.org","@graph":[{"@type":"WebPage","@id":"https:\/\/ifv.vn\/fr\/recrutement-directeur-directrice-antenne-danang\/","url":"https:\/\/ifv.vn\/fr\/recrutement-directeur-directrice-antenne-danang\/","name":"Recrutement : Directeur\/Directrice d\u00e9l\u00e9gu\u00e9\/e de l'Antenne \u00e0 Danang - Vi\u1ec7n Ph\u00e1p t\u1ea1i Vi\u1ec7t Nam | Institut fran\u00e7ais du Vietnam","isPartOf":{"@id":"https:\/\/ifv.vn\/#website"},"datePublished":"2020-07-10T07:21:05+00:00","dateModified":"2020-07-10T10:05:21+00:00","breadcrumb":{"@id":"https:\/\/ifv.vn\/fr\/recrutement-directeur-directrice-antenne-danang\/#breadcrumb"},"inLanguage":"fr-FR","potentialAction":[{"@type":"ReadAction","target":["https:\/\/ifv.vn\/fr\/recrutement-directeur-directrice-antenne-danang\/"]}]},{"@type":"BreadcrumbList","@id":"https:\/\/ifv.vn\/fr\/recrutement-directeur-directrice-antenne-danang\/#breadcrumb","itemListElement":[{"@type":"ListItem","position":1,"name":"Home","item":"https:\/\/ifv.vn\/fr\/"},{"@type":"ListItem","position":2,"name":"Recrutement : Directeur\/Directrice d\u00e9l\u00e9gu\u00e9\/e de l&rsquo;Antenne \u00e0 Danang"}]},{"@type":"WebSite","@id":"https:\/\/ifv.vn\/#website","url":"https:\/\/ifv.vn\/","name":"Vi\u1ec7n Ph\u00e1p t\u1ea1i Vi\u1ec7t Nam | Institut fran\u00e7ais du Vietnam","description":"","publisher":{"@id":"https:\/\/ifv.vn\/#organization"},"potentialAction":[{"@type":"SearchAction","target":{"@type":"EntryPoint","urlTemplate":"https:\/\/ifv.vn\/?s={search_term_string}"},"query-input":{"@type":"PropertyValueSpecification","valueRequired":true,"valueName":"search_term_string"}}],"inLanguage":"fr-FR"},{"@type":"Organization","@id":"https:\/\/ifv.vn\/#organization","name":"Vi\u1ec7n Ph\u00e1p t\u1ea1i Vi\u1ec7t Nam | Institut fran\u00e7ais du Vietnam","url":"https:\/\/ifv.vn\/","logo":{"@type":"ImageObject","inLanguage":"fr-FR","@id":"https:\/\/ifv.vn\/#\/schema\/logo\/image\/","url":"https:\/\/ifv.vn\/wp-content\/uploads\/2025\/10\/cropped-asset-6.png","contentUrl":"https:\/\/ifv.vn\/wp-content\/uploads\/2025\/10\/cropped-asset-6.png","width":248,"height":165,"caption":"Vi\u1ec7n Ph\u00e1p t\u1ea1i Vi\u1ec7t Nam | Institut fran\u00e7ais du Vietnam"},"image":{"@id":"https:\/\/ifv.vn\/#\/schema\/logo\/image\/"}}]}},"_links":{"self":[{"href":"https:\/\/ifv.vn\/fr\/wp-json\/wp\/v2\/pages\/11126"}],"collection":[{"href":"https:\/\/ifv.vn\/fr\/wp-json\/wp\/v2\/pages"}],"about":[{"href":"https:\/\/ifv.vn\/fr\/wp-json\/wp\/v2\/types\/page"}],"author":[{"embeddable":true,"href":"https:\/\/ifv.vn\/fr\/wp-json\/wp\/v2\/users\/6"}],"replies":[{"embeddable":true,"href":"https:\/\/ifv.vn\/fr\/wp-json\/wp\/v2\/comments?post=11126"}],"version-history":[{"count":0,"href":"https:\/\/ifv.vn\/fr\/wp-json\/wp\/v2\/pages\/11126\/revisions"}],"wp:attachment":[{"href":"https:\/\/ifv.vn\/fr\/wp-json\/wp\/v2\/media?parent=11126"}],"curies":[{"name":"wp","href":"https:\/\/api.w.org\/{rel}","templated":true}]}}