{"id":12666,"date":"2021-02-22T16:37:44","date_gmt":"2021-02-22T09:37:44","guid":{"rendered":"https:\/\/ifv.vn\/?page_id=12666"},"modified":"2022-01-19T17:01:24","modified_gmt":"2022-01-19T10:01:24","slug":"diplomes-de-francais-professionnel","status":"publish","type":"page","link":"https:\/\/ifv.vn\/fr\/diplomes-de-francais-professionnel\/","title":{"rendered":"Dipl\u00f4mes de fran\u00e7ais professionnel"},"content":{"rendered":"<div class=\"wpb-content-wrapper\"><p>[vc_row][vc_column][vc_column_text]<\/p>\n<p style=\"text-align: justify;\">Les<strong>\u00a0Dipl\u00f4mes de fran\u00e7ais professionnel<\/strong>\u00a0attestent des comp\u00e9tences de communication \u00e9crite et orale en fran\u00e7ais dans des domaines cl\u00e9s du monde professionnel: affaires, tourisme-h\u00f4tellerie-restauration,\u00a0 relations internationales et sant\u00e9.<\/p>\n<p style=\"text-align: justify;\">Con\u00e7us avec et pour les entreprises, ils se distinguent par une approche m\u00e9tier et mises en situation ax\u00e9es sur les besoins du march\u00e9 de l&#8217;emploi.<\/p>\n<p style=\"text-align: justify;\">Les\u00a0DFP\u00a0se d\u00e9clinent en\u00a0<strong>4 th\u00e9matiques sur plusieurs niveaux\u00a0<\/strong>:<\/p>\n<ul style=\"text-align: justify;\">\n<li>Fran\u00e7ais des Affaires : A1-C1<\/li>\n<li>Sant\u00e9 : B1-B2<\/li>\n<li>Tourisme : A2-B2<\/li>\n<li>Relations Internationales : B1-C1<\/li>\n<\/ul>\n<p style=\"text-align: justify;\">Concernant les modalit\u00e9s pratiques d&rsquo;examen,\u00a0<strong>l&rsquo;\u00e9preuve du\u00a0DFP\u00a0se d\u00e9roule en deux \u00e9tapes<\/strong>\u00a0:<\/p>\n<ul style=\"text-align: justify;\">\n<li>\u00c9preuve sur ordinateur.<\/li>\n<li>Entretien avec un examinateur.<\/li>\n<\/ul>\n<p style=\"text-align: justify;\">Pour plus d\u2019informations, consulter les pages d\u00e9di\u00e9es au DFP sur le site de la <a href=\"https:\/\/www.lefrancaisdesaffaires.fr\/tests-diplomes\/diplomes-francais-professionnel-dfp\/\" target=\"_blank\" rel=\"noopener\">Chambre de Commerce et d\u2019Industrie de Paris Ile-de-France<\/a>.<\/p>\n<p style=\"text-align: justify;\"><strong>Tarif<\/strong>\u00a0:<\/p>\n<ul>\n<li>2.900.000 VND pour les clients ext\u00e9rieurs \u00e0 l&rsquo;Institut fran\u00e7ais du Vietnam (IFV)<\/li>\n<li>2.400.000 VND pour les \u00e9tudiants IFV qui ach\u00e8tent \u00e9galement le cours de pr\u00e9paration DFP<\/li>\n<\/ul>\n<p style=\"text-align: justify;\"><strong>Dates d\u2019examen en 2022\u00a0:<\/strong><\/p>\n<table style=\"height: 92px; width: 803.879px;\">\n<tbody>\n<tr>\n<td style=\"width: 435px;\">\n<p style=\"text-align: center;\"><span style=\"color: #3a6f8f;\"><strong>Date d&rsquo;inscription pour les \u00e9tudiants de l&rsquo;IFV <\/strong><\/span><\/p>\n<p style=\"text-align: center;\"><span style=\"color: #3a6f8f;\"><strong>(tarif r\u00e9duit appliqu\u00e9 en achetant le cours de pr\u00e9paration)<\/strong><\/span><\/p>\n<\/td>\n<td style=\"width: 205px; text-align: center;\"><span style=\"color: #3a6f8f;\"><strong>Date d&rsquo;inscription pour les candidats ext\u00e9rieurs<\/strong><\/span><\/td>\n<td style=\"width: 140.879px; text-align: center;\"><span style=\"color: #3a6f8f;\"><strong>Date de passation<\/strong><\/span><\/td>\n<\/tr>\n<tr>\n<td style=\"width: 435px; text-align: center;\">01\/03-11\/03<\/td>\n<td style=\"width: 205px; text-align: center;\">14\/03-10\/06<\/td>\n<td style=\"width: 140.879px; text-align: center;\">25\/06\/2022<\/td>\n<\/tr>\n<tr>\n<td style=\"width: 435px; text-align: center;\">13\/06-24\/06<\/td>\n<td style=\"width: 205px; text-align: center;\">27\/06-07\/10<\/td>\n<td style=\"width: 140.879px; text-align: center;\">29\/10\/2022<\/td>\n<\/tr>\n<\/tbody>\n<\/table>\n<p>[\/vc_column_text][\/vc_column][\/vc_row][vc_row][vc_column]\n                <div class=\"wpb_wrapper\">\n                    <div class=\"block__form_newsletter border__1x \"><div class=\"title\">Vous avez des questions?<\/div>\n<div class=\"wpcf7 no-js\" id=\"wpcf7-f4865-o1\" lang=\"en-US\" dir=\"ltr\" data-wpcf7-id=\"4865\">\n<div class=\"screen-reader-response\"><p role=\"status\" aria-live=\"polite\" aria-atomic=\"true\"><\/p> <ul><\/ul><\/div>\n<form action=\"\/fr\/wp-json\/wp\/v2\/pages\/12666#wpcf7-f4865-o1\" method=\"post\" class=\"wpcf7-form init\" aria-label=\"Contact form\" enctype=\"multipart\/form-data\" novalidate=\"novalidate\" data-status=\"init\">\n<div style=\"display: none;\">\n<input type=\"hidden\" name=\"_wpcf7\" value=\"4865\" \/>\n<input type=\"hidden\" name=\"_wpcf7_version\" value=\"6.0.6\" \/>\n<input type=\"hidden\" name=\"_wpcf7_locale\" value=\"en_US\" \/>\n<input type=\"hidden\" name=\"_wpcf7_unit_tag\" value=\"wpcf7-f4865-o1\" \/>\n<input type=\"hidden\" name=\"_wpcf7_container_post\" value=\"0\" \/>\n<input type=\"hidden\" name=\"_wpcf7_posted_data_hash\" value=\"\" \/>\n<input type=\"hidden\" name=\"_wpcf7_recaptcha_response\" value=\"\" \/>\n<\/div>\n<div class=\"item\">\n\t<p><span class=\"wpcf7-form-control-wrap\" data-name=\"nometprenom\"><input size=\"40\" maxlength=\"400\" class=\"wpcf7-form-control wpcf7-text wpcf7-validates-as-required\" aria-required=\"true\" aria-invalid=\"false\" placeholder=\"Votre nom et pr\u00e9nom *\" value=\"\" type=\"text\" name=\"nometprenom\" \/><\/span>\n\t<\/p>\n<\/div>\n<div class=\"item\">\n\t<p><span class=\"wpcf7-form-control-wrap\" data-name=\"your-email\"><input size=\"40\" maxlength=\"400\" class=\"wpcf7-form-control wpcf7-email wpcf7-validates-as-required wpcf7-text wpcf7-validates-as-email\" aria-required=\"true\" aria-invalid=\"false\" placeholder=\"Votre email *\" value=\"\" type=\"email\" name=\"your-email\" \/><\/span>\n\t<\/p>\n<\/div>\n<div class=\"item\">\n\t<p><span class=\"wpcf7-form-control-wrap\" data-name=\"your-phone\"><input size=\"40\" maxlength=\"400\" class=\"wpcf7-form-control wpcf7-text wpcf7-validates-as-required\" aria-required=\"true\" aria-invalid=\"false\" placeholder=\"Votre num\u00e9ro de t\u00e9l\u00e9phone *\" value=\"\" type=\"text\" name=\"your-phone\" \/><\/span>\n\t<\/p>\n<\/div>\n<div class=\"item\">\n\t<p><span class=\"wpcf7-form-control-wrap\" data-name=\"your-city\"><select class=\"wpcf7-form-control wpcf7-select wpcf7-validates-as-required\" aria-required=\"true\" aria-invalid=\"false\" name=\"your-city\"><option value=\"Vous habitez \u00e0 quelle ville ? *\">Vous habitez \u00e0 quelle ville ? *<\/option><option value=\"Hanoi\">Hanoi<\/option><option value=\"Hue\">Hue<\/option><option value=\"Danang\">Danang<\/option><option value=\"Hochiminh\">Hochiminh<\/option><option value=\"Autres\">Autres<\/option><\/select><\/span>\n\t<\/p>\n<\/div>\n<div class=\"item\">\n\t<p><span class=\"wpcf7-form-control-wrap\" data-name=\"file-400\"><input size=\"40\" class=\"wpcf7-form-control wpcf7-file\" accept=\"audio\/*,video\/*,image\/*\" aria-invalid=\"false\" type=\"file\" name=\"file-400\" \/><\/span>\n\t<\/p>\n<\/div>\n<div class=\"item\">\n\t<p><span class=\"wpcf7-form-control-wrap\" data-name=\"message\"><textarea cols=\"40\" rows=\"10\" maxlength=\"2000\" class=\"wpcf7-form-control wpcf7-textarea wpcf7-validates-as-required\" aria-required=\"true\" aria-invalid=\"false\" placeholder=\"Votre message *\" name=\"message\"><\/textarea><\/span>\n\t<\/p>\n<\/div>\n<div class=\"item\">\n\n<\/div>\n<p><span id=\"wpcf7-69ea426291b87-wrapper\" class=\"wpcf7-form-control-wrap email-213-wrap\" style=\"display:none !important; visibility:hidden !important;\"><label for=\"wpcf7-69ea426291b87-field\" class=\"hp-message\">Please leave this field empty.<\/label><input id=\"wpcf7-69ea426291b87-field\"  class=\"wpcf7-form-control wpcf7-text\" type=\"text\" name=\"email-213\" value=\"\" size=\"40\" tabindex=\"-1\" autocomplete=\"new-password\" \/><\/span>\n<\/p>\n<div>\n\t<p><input class=\"wpcf7-form-control wpcf7-submit has-spinner\" type=\"submit\" value=\"Envoyer\" \/>\n\t<\/p>\n<\/div>\n<div class=\"champs\">\n\t<p>*Champs requis\n\t<\/p>\n<\/div>\n<div class=\"clearfix\">\n<\/div><div class=\"wpcf7-response-output\" aria-hidden=\"true\"><\/div>\n<\/form>\n<\/div>\n<\/div>\n            <\/div>[\/vc_column][\/vc_row]<\/p>\n<\/div>","protected":false},"excerpt":{"rendered":"[vc_row][vc_column][vc_column_text] Les\u00a0Dipl\u00f4mes de fran\u00e7ais professionnel\u00a0attestent des comp\u00e9tences de communication \u00e9crite et orale en fran\u00e7ais dans des domaines cl\u00e9s du monde professionnel: affaires, tourisme-h\u00f4tellerie-restauration,\u00a0 relations internationales et sant\u00e9. Con\u00e7us avec et pour les entreprises, ils se distinguent par une approche m\u00e9tier [...]","protected":false},"author":6,"featured_media":0,"parent":0,"menu_order":0,"comment_status":"open","ping_status":"closed","template":"page-static.php","meta":{"footnotes":""},"class_list":["post-12666","page","type-page","status-publish","hentry"],"acf":[],"yoast_head":"<!-- This site is optimized with the Yoast SEO plugin v25.3.1 - https:\/\/yoast.com\/wordpress\/plugins\/seo\/ -->\n<title>Dipl\u00f4mes de fran\u00e7ais professionnel - Vi\u1ec7n Ph\u00e1p t\u1ea1i Vi\u1ec7t Nam | Institut fran\u00e7ais du Vietnam<\/title>\n<meta name=\"robots\" content=\"index, follow, max-snippet:-1, max-image-preview:large, max-video-preview:-1\" \/>\n<link rel=\"canonical\" href=\"https:\/\/ifv.vn\/fr\/diplomes-de-francais-professionnel\/\" \/>\n<meta property=\"og:locale\" content=\"fr_FR\" \/>\n<meta property=\"og:type\" content=\"article\" \/>\n<meta property=\"og:title\" content=\"Dipl\u00f4mes de fran\u00e7ais professionnel - Vi\u1ec7n Ph\u00e1p t\u1ea1i Vi\u1ec7t Nam | Institut fran\u00e7ais du Vietnam\" \/>\n<meta property=\"og:description\" content=\"[vc_row][vc_column][vc_column_text] Les\u00a0Dipl\u00f4mes de fran\u00e7ais professionnel\u00a0attestent des comp\u00e9tences de communication \u00e9crite et orale en fran\u00e7ais dans des domaines cl\u00e9s du monde professionnel: affaires, tourisme-h\u00f4tellerie-restauration,\u00a0 relations internationales et sant\u00e9. Con\u00e7us avec et pour les entreprises, ils se distinguent par une approche m\u00e9tier [&hellip;]\" \/>\n<meta property=\"og:url\" content=\"https:\/\/ifv.vn\/fr\/diplomes-de-francais-professionnel\/\" \/>\n<meta property=\"og:site_name\" content=\"Vi\u1ec7n Ph\u00e1p t\u1ea1i Vi\u1ec7t Nam | Institut fran\u00e7ais du Vietnam\" \/>\n<meta property=\"article:modified_time\" content=\"2022-01-19T10:01:24+00:00\" \/>\n<meta name=\"twitter:card\" content=\"summary_large_image\" \/>\n<meta name=\"twitter:label1\" content=\"Est. reading time\" \/>\n\t<meta name=\"twitter:data1\" content=\"1 minute\" \/>\n<script type=\"application\/ld+json\" class=\"yoast-schema-graph\">{\"@context\":\"https:\/\/schema.org\",\"@graph\":[{\"@type\":\"WebPage\",\"@id\":\"https:\/\/ifv.vn\/fr\/diplomes-de-francais-professionnel\/\",\"url\":\"https:\/\/ifv.vn\/fr\/diplomes-de-francais-professionnel\/\",\"name\":\"Dipl\u00f4mes de fran\u00e7ais professionnel - Vi\u1ec7n Ph\u00e1p t\u1ea1i Vi\u1ec7t Nam | Institut fran\u00e7ais du Vietnam\",\"isPartOf\":{\"@id\":\"https:\/\/ifv.vn\/#website\"},\"datePublished\":\"2021-02-22T09:37:44+00:00\",\"dateModified\":\"2022-01-19T10:01:24+00:00\",\"breadcrumb\":{\"@id\":\"https:\/\/ifv.vn\/fr\/diplomes-de-francais-professionnel\/#breadcrumb\"},\"inLanguage\":\"fr-FR\",\"potentialAction\":[{\"@type\":\"ReadAction\",\"target\":[\"https:\/\/ifv.vn\/fr\/diplomes-de-francais-professionnel\/\"]}]},{\"@type\":\"BreadcrumbList\",\"@id\":\"https:\/\/ifv.vn\/fr\/diplomes-de-francais-professionnel\/#breadcrumb\",\"itemListElement\":[{\"@type\":\"ListItem\",\"position\":1,\"name\":\"Home\",\"item\":\"https:\/\/ifv.vn\/fr\/\"},{\"@type\":\"ListItem\",\"position\":2,\"name\":\"Dipl\u00f4mes de fran\u00e7ais professionnel\"}]},{\"@type\":\"WebSite\",\"@id\":\"https:\/\/ifv.vn\/#website\",\"url\":\"https:\/\/ifv.vn\/\",\"name\":\"Vi\u1ec7n Ph\u00e1p t\u1ea1i Vi\u1ec7t Nam | Institut fran\u00e7ais du Vietnam\",\"description\":\"\",\"publisher\":{\"@id\":\"https:\/\/ifv.vn\/#organization\"},\"potentialAction\":[{\"@type\":\"SearchAction\",\"target\":{\"@type\":\"EntryPoint\",\"urlTemplate\":\"https:\/\/ifv.vn\/?s={search_term_string}\"},\"query-input\":{\"@type\":\"PropertyValueSpecification\",\"valueRequired\":true,\"valueName\":\"search_term_string\"}}],\"inLanguage\":\"fr-FR\"},{\"@type\":\"Organization\",\"@id\":\"https:\/\/ifv.vn\/#organization\",\"name\":\"Vi\u1ec7n Ph\u00e1p t\u1ea1i Vi\u1ec7t Nam | Institut fran\u00e7ais du Vietnam\",\"url\":\"https:\/\/ifv.vn\/\",\"logo\":{\"@type\":\"ImageObject\",\"inLanguage\":\"fr-FR\",\"@id\":\"https:\/\/ifv.vn\/#\/schema\/logo\/image\/\",\"url\":\"https:\/\/ifv.vn\/wp-content\/uploads\/2025\/10\/cropped-asset-6.png\",\"contentUrl\":\"https:\/\/ifv.vn\/wp-content\/uploads\/2025\/10\/cropped-asset-6.png\",\"width\":248,\"height\":165,\"caption\":\"Vi\u1ec7n Ph\u00e1p t\u1ea1i Vi\u1ec7t Nam | Institut fran\u00e7ais du Vietnam\"},\"image\":{\"@id\":\"https:\/\/ifv.vn\/#\/schema\/logo\/image\/\"}}]}<\/script>\n<!-- \/ Yoast SEO plugin. -->","yoast_head_json":{"title":"Dipl\u00f4mes de fran\u00e7ais professionnel - Vi\u1ec7n Ph\u00e1p t\u1ea1i Vi\u1ec7t Nam | Institut fran\u00e7ais du Vietnam","robots":{"index":"index","follow":"follow","max-snippet":"max-snippet:-1","max-image-preview":"max-image-preview:large","max-video-preview":"max-video-preview:-1"},"canonical":"https:\/\/ifv.vn\/fr\/diplomes-de-francais-professionnel\/","og_locale":"fr_FR","og_type":"article","og_title":"Dipl\u00f4mes de fran\u00e7ais professionnel - Vi\u1ec7n Ph\u00e1p t\u1ea1i Vi\u1ec7t Nam | Institut fran\u00e7ais du Vietnam","og_description":"[vc_row][vc_column][vc_column_text] Les\u00a0Dipl\u00f4mes de fran\u00e7ais professionnel\u00a0attestent des comp\u00e9tences de communication \u00e9crite et orale en fran\u00e7ais dans des domaines cl\u00e9s du monde professionnel: affaires, tourisme-h\u00f4tellerie-restauration,\u00a0 relations internationales et sant\u00e9. Con\u00e7us avec et pour les entreprises, ils se distinguent par une approche m\u00e9tier [&hellip;]","og_url":"https:\/\/ifv.vn\/fr\/diplomes-de-francais-professionnel\/","og_site_name":"Vi\u1ec7n Ph\u00e1p t\u1ea1i Vi\u1ec7t Nam | Institut fran\u00e7ais du Vietnam","article_modified_time":"2022-01-19T10:01:24+00:00","twitter_card":"summary_large_image","twitter_misc":{"Est. reading time":"1 minute"},"schema":{"@context":"https:\/\/schema.org","@graph":[{"@type":"WebPage","@id":"https:\/\/ifv.vn\/fr\/diplomes-de-francais-professionnel\/","url":"https:\/\/ifv.vn\/fr\/diplomes-de-francais-professionnel\/","name":"Dipl\u00f4mes de fran\u00e7ais professionnel - Vi\u1ec7n Ph\u00e1p t\u1ea1i Vi\u1ec7t Nam | Institut fran\u00e7ais du Vietnam","isPartOf":{"@id":"https:\/\/ifv.vn\/#website"},"datePublished":"2021-02-22T09:37:44+00:00","dateModified":"2022-01-19T10:01:24+00:00","breadcrumb":{"@id":"https:\/\/ifv.vn\/fr\/diplomes-de-francais-professionnel\/#breadcrumb"},"inLanguage":"fr-FR","potentialAction":[{"@type":"ReadAction","target":["https:\/\/ifv.vn\/fr\/diplomes-de-francais-professionnel\/"]}]},{"@type":"BreadcrumbList","@id":"https:\/\/ifv.vn\/fr\/diplomes-de-francais-professionnel\/#breadcrumb","itemListElement":[{"@type":"ListItem","position":1,"name":"Home","item":"https:\/\/ifv.vn\/fr\/"},{"@type":"ListItem","position":2,"name":"Dipl\u00f4mes de fran\u00e7ais professionnel"}]},{"@type":"WebSite","@id":"https:\/\/ifv.vn\/#website","url":"https:\/\/ifv.vn\/","name":"Vi\u1ec7n Ph\u00e1p t\u1ea1i Vi\u1ec7t Nam | Institut fran\u00e7ais du Vietnam","description":"","publisher":{"@id":"https:\/\/ifv.vn\/#organization"},"potentialAction":[{"@type":"SearchAction","target":{"@type":"EntryPoint","urlTemplate":"https:\/\/ifv.vn\/?s={search_term_string}"},"query-input":{"@type":"PropertyValueSpecification","valueRequired":true,"valueName":"search_term_string"}}],"inLanguage":"fr-FR"},{"@type":"Organization","@id":"https:\/\/ifv.vn\/#organization","name":"Vi\u1ec7n Ph\u00e1p t\u1ea1i Vi\u1ec7t Nam | Institut fran\u00e7ais du Vietnam","url":"https:\/\/ifv.vn\/","logo":{"@type":"ImageObject","inLanguage":"fr-FR","@id":"https:\/\/ifv.vn\/#\/schema\/logo\/image\/","url":"https:\/\/ifv.vn\/wp-content\/uploads\/2025\/10\/cropped-asset-6.png","contentUrl":"https:\/\/ifv.vn\/wp-content\/uploads\/2025\/10\/cropped-asset-6.png","width":248,"height":165,"caption":"Vi\u1ec7n Ph\u00e1p t\u1ea1i Vi\u1ec7t Nam | Institut fran\u00e7ais du Vietnam"},"image":{"@id":"https:\/\/ifv.vn\/#\/schema\/logo\/image\/"}}]}},"_links":{"self":[{"href":"https:\/\/ifv.vn\/fr\/wp-json\/wp\/v2\/pages\/12666"}],"collection":[{"href":"https:\/\/ifv.vn\/fr\/wp-json\/wp\/v2\/pages"}],"about":[{"href":"https:\/\/ifv.vn\/fr\/wp-json\/wp\/v2\/types\/page"}],"author":[{"embeddable":true,"href":"https:\/\/ifv.vn\/fr\/wp-json\/wp\/v2\/users\/6"}],"replies":[{"embeddable":true,"href":"https:\/\/ifv.vn\/fr\/wp-json\/wp\/v2\/comments?post=12666"}],"version-history":[{"count":11,"href":"https:\/\/ifv.vn\/fr\/wp-json\/wp\/v2\/pages\/12666\/revisions"}],"predecessor-version":[{"id":14545,"href":"https:\/\/ifv.vn\/fr\/wp-json\/wp\/v2\/pages\/12666\/revisions\/14545"}],"wp:attachment":[{"href":"https:\/\/ifv.vn\/fr\/wp-json\/wp\/v2\/media?parent=12666"}],"curies":[{"name":"wp","href":"https:\/\/api.w.org\/{rel}","templated":true}]}}