{"id":12778,"date":"2021-02-26T15:51:18","date_gmt":"2021-02-26T08:51:18","guid":{"rendered":"https:\/\/ifv.vn\/?page_id=12778"},"modified":"2021-03-08T11:42:52","modified_gmt":"2021-03-08T04:42:52","slug":"a-la-derive-nguyen-vinh-anh-khoa","status":"publish","type":"page","link":"https:\/\/ifv.vn\/fr\/a-la-derive-nguyen-vinh-anh-khoa\/","title":{"rendered":"\u00c0 la d\u00e9rive &#8211; Nguyen Vinh Anh Khoa"},"content":{"rendered":"<div class=\"wpb-content-wrapper\"><p>[vc_row][vc_column][vc_column_text]<\/p>\n<h2>\u00c0 la d\u00e9rive &#8211; Nguyen Vinh Anh Khoa<\/h2>\n<p>Le temps o\u00f9 j&rsquo;ai v\u00e9cu pleinement.<br \/>\n Facile d&rsquo;\u00eatre heureux et en col\u00e8re, facile \u00e0 aimer et facile \u00e0 d\u00e9tester.<br \/>\n Parfois triste et oisif, oublier vite.<br \/>\n En ce moment, je suis libre.[\/vc_column_text][\/vc_column][\/vc_row][vc_row gap=&nbsp;&raquo;3&Prime; content_placement=&nbsp;&raquo;bottom&nbsp;&raquo;][vc_column width=&nbsp;&raquo;1\/2&Prime;][vc_wp_text]<\/p>\n<p><img loading=\"lazy\" decoding=\"async\" class=\"aligncenter size-full wp-image-13001\" src=\"https:\/\/ifv.vn\/wp-content\/uploads\/2021\/03\/1.jpg\" alt=\"\" width=\"600\" height=\"400\" srcset=\"https:\/\/ifv.vn\/wp-content\/uploads\/2021\/03\/1.jpg 600w, https:\/\/ifv.vn\/wp-content\/uploads\/2021\/03\/1-300x200.jpg 300w\" sizes=\"(max-width: 600px) 100vw, 600px\" \/><\/p>\n<p>[\/vc_wp_text][\/vc_column][vc_column width=&nbsp;&raquo;1\/2&Prime;][vc_wp_text]<\/p>\n<p><img loading=\"lazy\" decoding=\"async\" class=\"aligncenter size-full wp-image-13012\" src=\"https:\/\/ifv.vn\/wp-content\/uploads\/2021\/03\/12.jpg\" alt=\"\" width=\"600\" height=\"400\" srcset=\"https:\/\/ifv.vn\/wp-content\/uploads\/2021\/03\/12.jpg 600w, https:\/\/ifv.vn\/wp-content\/uploads\/2021\/03\/12-300x200.jpg 300w\" sizes=\"(max-width: 600px) 100vw, 600px\" \/><\/p>\n<p>[\/vc_wp_text][\/vc_column][\/vc_row][vc_row gap=&nbsp;&raquo;3&Prime;][vc_column width=&nbsp;&raquo;1\/2&Prime;][vc_wp_text]<\/p>\n<p><img loading=\"lazy\" decoding=\"async\" class=\"aligncenter size-full wp-image-13008\" src=\"https:\/\/ifv.vn\/wp-content\/uploads\/2021\/03\/8.jpg\" alt=\"\" width=\"600\" height=\"400\" srcset=\"https:\/\/ifv.vn\/wp-content\/uploads\/2021\/03\/8.jpg 600w, https:\/\/ifv.vn\/wp-content\/uploads\/2021\/03\/8-300x200.jpg 300w\" sizes=\"(max-width: 600px) 100vw, 600px\" \/><\/p>\n<p>[\/vc_wp_text][\/vc_column][vc_column width=&nbsp;&raquo;1\/2&Prime;][vc_wp_text]<\/p>\n<p><img loading=\"lazy\" decoding=\"async\" class=\"aligncenter size-full wp-image-13007\" src=\"https:\/\/ifv.vn\/wp-content\/uploads\/2021\/03\/7-1.jpg\" alt=\"\" width=\"600\" height=\"400\" srcset=\"https:\/\/ifv.vn\/wp-content\/uploads\/2021\/03\/7-1.jpg 600w, https:\/\/ifv.vn\/wp-content\/uploads\/2021\/03\/7-1-300x200.jpg 300w\" sizes=\"(max-width: 600px) 100vw, 600px\" \/><\/p>\n<p>[\/vc_wp_text][\/vc_column][\/vc_row][vc_row gap=&nbsp;&raquo;3&Prime;][vc_column width=&nbsp;&raquo;1\/2&Prime;][vc_wp_text]<\/p>\n<p><img loading=\"lazy\" decoding=\"async\" class=\"aligncenter size-full wp-image-13011\" src=\"https:\/\/ifv.vn\/wp-content\/uploads\/2021\/03\/11.jpg\" alt=\"\" width=\"600\" height=\"400\" srcset=\"https:\/\/ifv.vn\/wp-content\/uploads\/2021\/03\/11.jpg 600w, https:\/\/ifv.vn\/wp-content\/uploads\/2021\/03\/11-300x200.jpg 300w\" sizes=\"(max-width: 600px) 100vw, 600px\" \/><\/p>\n<p>[\/vc_wp_text][\/vc_column][vc_column width=&nbsp;&raquo;1\/2&Prime;][vc_wp_text]<\/p>\n<p><img loading=\"lazy\" decoding=\"async\" class=\"aligncenter size-full wp-image-13006\" src=\"https:\/\/ifv.vn\/wp-content\/uploads\/2021\/03\/6.jpg\" alt=\"\" width=\"600\" height=\"400\" srcset=\"https:\/\/ifv.vn\/wp-content\/uploads\/2021\/03\/6.jpg 600w, https:\/\/ifv.vn\/wp-content\/uploads\/2021\/03\/6-300x200.jpg 300w\" sizes=\"(max-width: 600px) 100vw, 600px\" \/><\/p>\n<p>[\/vc_wp_text][\/vc_column][\/vc_row][vc_row gap=&nbsp;&raquo;3&Prime;][vc_column width=&nbsp;&raquo;1\/2&Prime;][vc_wp_text]<\/p>\n<p><img loading=\"lazy\" decoding=\"async\" class=\"aligncenter size-full wp-image-13010\" src=\"https:\/\/ifv.vn\/wp-content\/uploads\/2021\/03\/10.jpg\" alt=\"\" width=\"600\" height=\"400\" srcset=\"https:\/\/ifv.vn\/wp-content\/uploads\/2021\/03\/10.jpg 600w, https:\/\/ifv.vn\/wp-content\/uploads\/2021\/03\/10-300x200.jpg 300w\" sizes=\"(max-width: 600px) 100vw, 600px\" \/><\/p>\n<p>[\/vc_wp_text][\/vc_column][vc_column width=&nbsp;&raquo;1\/2&Prime;][vc_wp_text]<\/p>\n<p><img loading=\"lazy\" decoding=\"async\" class=\"aligncenter size-full wp-image-13009\" src=\"https:\/\/ifv.vn\/wp-content\/uploads\/2021\/03\/9.jpg\" alt=\"\" width=\"600\" height=\"400\" srcset=\"https:\/\/ifv.vn\/wp-content\/uploads\/2021\/03\/9.jpg 600w, https:\/\/ifv.vn\/wp-content\/uploads\/2021\/03\/9-300x200.jpg 300w\" sizes=\"(max-width: 600px) 100vw, 600px\" \/><\/p>\n<p>[\/vc_wp_text][\/vc_column][\/vc_row][vc_row gap=&nbsp;&raquo;3&Prime;][vc_column width=&nbsp;&raquo;1\/2&Prime;][vc_wp_text]<\/p>\n<p><img loading=\"lazy\" decoding=\"async\" class=\"aligncenter size-full wp-image-13005\" src=\"https:\/\/ifv.vn\/wp-content\/uploads\/2021\/03\/5-1.jpg\" alt=\"\" width=\"400\" height=\"600\" srcset=\"https:\/\/ifv.vn\/wp-content\/uploads\/2021\/03\/5-1.jpg 400w, https:\/\/ifv.vn\/wp-content\/uploads\/2021\/03\/5-1-200x300.jpg 200w\" sizes=\"(max-width: 400px) 100vw, 400px\" \/><\/p>\n<p>[\/vc_wp_text][\/vc_column][vc_column width=&nbsp;&raquo;1\/2&Prime;][vc_wp_text]<\/p>\n<p><img loading=\"lazy\" decoding=\"async\" class=\"aligncenter size-full wp-image-13002\" src=\"https:\/\/ifv.vn\/wp-content\/uploads\/2021\/03\/2.jpg\" alt=\"\" width=\"399\" height=\"600\" srcset=\"https:\/\/ifv.vn\/wp-content\/uploads\/2021\/03\/2.jpg 399w, https:\/\/ifv.vn\/wp-content\/uploads\/2021\/03\/2-200x300.jpg 200w\" sizes=\"(max-width: 399px) 100vw, 399px\" \/><\/p>\n<p>[\/vc_wp_text][\/vc_column][\/vc_row][vc_row gap=&nbsp;&raquo;3&Prime;][vc_column width=&nbsp;&raquo;1\/2&Prime;][vc_wp_text]<\/p>\n<p><img loading=\"lazy\" decoding=\"async\" class=\"aligncenter size-full wp-image-13003\" src=\"https:\/\/ifv.vn\/wp-content\/uploads\/2021\/03\/3-1.jpg\" alt=\"\" width=\"600\" height=\"400\" srcset=\"https:\/\/ifv.vn\/wp-content\/uploads\/2021\/03\/3-1.jpg 600w, https:\/\/ifv.vn\/wp-content\/uploads\/2021\/03\/3-1-300x200.jpg 300w\" sizes=\"(max-width: 600px) 100vw, 600px\" \/><\/p>\n<p>[\/vc_wp_text][\/vc_column][vc_column width=&nbsp;&raquo;1\/2&Prime;][vc_wp_text]<\/p>\n<p><img loading=\"lazy\" decoding=\"async\" class=\"aligncenter size-full wp-image-13004\" src=\"https:\/\/ifv.vn\/wp-content\/uploads\/2021\/03\/4.jpg\" alt=\"\" width=\"600\" height=\"400\" srcset=\"https:\/\/ifv.vn\/wp-content\/uploads\/2021\/03\/4.jpg 600w, https:\/\/ifv.vn\/wp-content\/uploads\/2021\/03\/4-300x200.jpg 300w\" sizes=\"(max-width: 600px) 100vw, 600px\" \/><\/p>\n<p>[\/vc_wp_text][\/vc_column][\/vc_row][vc_row][vc_column][vc_wp_text]<\/p>\n<p><iframe loading=\"lazy\" src=\"\/\/www.youtube.com\/embed\/8Z4Le9PS30g\" width=\"680\" height=\"381\" allowfullscreen=\"allowfullscreen\"><\/iframe><\/p>\n<p>[\/vc_wp_text][vc_wp_text]<\/p>\n<h2><span style=\"font-weight: 400;\">Voir plus d&rsquo;\u0153uvres de l&rsquo;exposition &laquo;&nbsp;Portraits de Femmes&nbsp;&raquo;<\/span><\/h2>\n<ul>\n<li style=\"font-weight: 400;\" aria-level=\"1\"><a href=\"https:\/\/ifv.vn\/fr\/apercu-nguyen-ngoc-hai\/\"><span style=\"font-weight: 400;\">Aper\u00e7u \u2013 Nguy\u1ec5n Ng\u1ecdc H\u1ea3i<\/span><\/a><\/li>\n<li style=\"font-weight: 400;\" aria-level=\"1\"><a href=\"https:\/\/ifv.vn\/fr\/au-marche-de-poissons-vinh-hien-do-minh-hoang\/\"><span style=\"font-weight: 400;\">Au march\u00e9 de poissons Vinh Hien \u2013 Do Minh Hoang<\/span><\/a><\/li>\n<li style=\"font-weight: 400;\" aria-level=\"1\"><a href=\"https:\/\/ifv.vn\/fr\/au-passage-du-marche-dong-ba-nguyen-ngoc-duy\/\"><span style=\"font-weight: 400;\">Au passage du march\u00e9 Dong Ba \u2013 Nguyen Ngoc Duy<\/span><\/a><\/li>\n<li style=\"font-weight: 400;\" aria-level=\"1\"><a href=\"https:\/\/ifv.vn\/fr\/elles-nguyen-duc-hung\/\"><span style=\"font-weight: 400;\">Elles \u2013 Nguyen Duc Hung<\/span><\/a><\/li>\n<li style=\"font-weight: 400;\" aria-level=\"1\"><a href=\"https:\/\/ifv.vn\/fr\/femmes-et-les-fleurs-en-papier-de-thanh-tien-nguyen-dinh-chien\/\"><span style=\"font-weight: 400;\">Femmes et les fleurs en papier de Thanh Tien \u2013 Nguyen Dinh Chien<\/span><\/a><\/li>\n<li style=\"font-weight: 400;\" aria-level=\"1\"><a href=\"https:\/\/ifv.vn\/fr\/les-dames-du-quartier-bo-ho-nguyen-anh-tuan\/\"><span style=\"font-weight: 400;\">Les dames du quartier Bo Ho \u2013 Nguyen Anh Tuan<\/span><\/a><\/li>\n<li style=\"font-weight: 400;\" aria-level=\"1\"><a href=\"https:\/\/ifv.vn\/fr\/loin-de-la-vie-sur-scene-la-khac-khue\/\"><span style=\"font-weight: 400;\">Loin de la vie sur sc\u00e8ne \u2013 La Khac Khue<\/span><\/a><\/li>\n<li style=\"font-weight: 400;\" aria-level=\"1\"><a href=\"https:\/\/ifv.vn\/fr\/madame-dau-nguyen-kim-nhi\/\"><span style=\"font-weight: 400;\">Madame Dau \u2013 Nguyen Kim Nhi<\/span><\/a><\/li>\n<li style=\"font-weight: 400;\" aria-level=\"1\"><a href=\"https:\/\/ifv.vn\/fr\/madame-quyen-nguyen-thi-thuy-tran\/\"><span style=\"font-weight: 400;\">Madame Quyen \u2013 Nguyen Thi Thuy Tran<\/span><\/a><\/li>\n<li style=\"font-weight: 400;\" aria-level=\"1\"><a href=\"https:\/\/ifv.vn\/fr\/mamie-nguyen-manh-quan\/\"><span style=\"font-weight: 400;\">Mamie \u2013 Nguyen Manh Quan<\/span><\/a><\/li>\n<li style=\"font-weight: 400;\" aria-level=\"1\"><a href=\"https:\/\/ifv.vn\/fr\/pagode-hien-luong-le-thi-mong-thu\/\"><span style=\"font-weight: 400;\">Pagode Hien Luong \u2013 Le Thi Mong Thu<\/span><\/a><\/li>\n<li style=\"font-weight: 400;\" aria-level=\"1\"><a href=\"https:\/\/ifv.vn\/fr\/premiere-annee-a-lecole-darchi-nguyen-trung-tin\/\"><span style=\"font-weight: 400;\">Premi\u00e8re ann\u00e9e \u00e0 l\u2019\u00e9cole d\u2019archi \u2013 Nguyen Trung Tin<\/span><\/a><\/li>\n<li style=\"font-weight: 400;\" aria-level=\"1\"><a href=\"https:\/\/ifv.vn\/fr\/ta-fille-tran-vu-minh-phuc\/\"><span style=\"font-weight: 400;\">Ta fille, \u2013 Tran Vu Minh Phuc<\/span><\/a><\/li>\n<li style=\"font-weight: 400;\" aria-level=\"1\"><a href=\"https:\/\/ifv.vn\/fr\/the-breath-of-dance-le-dang-ngoc-bich\/\"><span style=\"font-weight: 400;\">The breath of dance \u2013 Le Dang Ngoc Bich<\/span><\/a><\/li>\n<\/ul>\n<p>&nbsp;<\/p>\n<ul>\n<li style=\"font-weight: 400;\" aria-level=\"1\"><a href=\"https:\/\/ifv.vn\/fr\/tran-lan-anh-pediatre-a-lhopital-general-de-la-province-de-khanh-hoa\/\"><span style=\"font-weight: 400;\">Tran Lan Anh, p\u00e9diatre \u00e0 l\u2019h\u00f4pital g\u00e9n\u00e9ral de la province de Khanh Hoa<\/span><\/a><\/li>\n<li style=\"font-weight: 400;\" aria-level=\"1\"><a href=\"https:\/\/ifv.vn\/fr\/hoang-thi-minh-hong-directrice-de-long-change\/\"><span style=\"font-weight: 400;\">Hoang Thi Minh Hong, directrice de l\u2019ONG CHANGE<\/span><\/a><\/li>\n<li style=\"font-weight: 400;\" aria-level=\"1\"><a href=\"https:\/\/ifv.vn\/fr\/huynh-ly-dong-phuong-commandant-de-bord-chez-vietnam-airlines\/\"><span style=\"font-weight: 400;\">Huynh Ly Dong Phuong, commandant de bord chez Vietnam Airlines<\/span><\/a><\/li>\n<li style=\"font-weight: 400;\" aria-level=\"1\"><a href=\"https:\/\/ifv.vn\/fr\/le-cat-trong-ly-auteure-compositeure-interprete\/\"><span style=\"font-weight: 400;\">Le Cat Trong Ly, auteure, compositeure, interpr\u00e8te<\/span><\/a><\/li>\n<li style=\"font-weight: 400;\" aria-level=\"1\"><a href=\"https:\/\/ifv.vn\/fr\/nguyen-thi-mai-et-vu-thi-hoai-thoa-deux-ouvrieres-dune-usine-de-chaussures-luu-thi-nguyen-vendeuse-de-rue-a-hcmv\/\"><span style=\"font-weight: 400;\">Nguyen Thi Mai et Vu Thi Hoai Thoa, deux ouvri\u00e8res d\u2019une usine de chaussures &amp; Luu Thi Nguyen, vendeuse de rue \u00e0 HCMV<\/span><\/a><\/li>\n<li style=\"font-weight: 400;\" aria-level=\"1\"><a href=\"https:\/\/ifv.vn\/fr\/linh-dan-pham-comedienne-franco-vietnamienne\/\"><span style=\"font-weight: 400;\">Pham Linh Dan, com\u00e9dienne franco-vietnamienne<\/span><\/a><\/li>\n<\/ul>\n<p>[\/vc_wp_text][\/vc_column][\/vc_row]<\/p>\n<\/div>","protected":false},"excerpt":{"rendered":"[vc_row][vc_column][vc_column_text] \u00c0 la d\u00e9rive - Nguyen Vinh Anh Khoa Le temps o\u00f9 j'ai v\u00e9cu pleinement. Facile d'\u00eatre heureux et en col\u00e8re, facile \u00e0 aimer et facile \u00e0 d\u00e9tester. Parfois triste et oisif, oublier vite. En ce moment, je suis libre.[\/vc_column_text][\/vc_column][\/vc_row][vc_row [...]","protected":false},"author":6,"featured_media":0,"parent":0,"menu_order":0,"comment_status":"open","ping_status":"closed","template":"page-static.php","meta":{"footnotes":""},"class_list":["post-12778","page","type-page","status-publish","hentry"],"acf":[],"yoast_head":"<!-- This site is optimized with the Yoast SEO plugin v25.3.1 - https:\/\/yoast.com\/wordpress\/plugins\/seo\/ -->\n<title>\u00c0 la d\u00e9rive - Nguyen Vinh Anh Khoa - Vi\u1ec7n Ph\u00e1p t\u1ea1i Vi\u1ec7t Nam | Institut fran\u00e7ais du Vietnam<\/title>\n<meta name=\"robots\" content=\"index, follow, max-snippet:-1, max-image-preview:large, max-video-preview:-1\" \/>\n<link rel=\"canonical\" href=\"https:\/\/ifv.vn\/fr\/a-la-derive-nguyen-vinh-anh-khoa\/\" \/>\n<meta property=\"og:locale\" content=\"fr_FR\" \/>\n<meta property=\"og:type\" content=\"article\" \/>\n<meta property=\"og:title\" content=\"\u00c0 la d\u00e9rive - Nguyen Vinh Anh Khoa - Vi\u1ec7n Ph\u00e1p t\u1ea1i Vi\u1ec7t Nam | Institut fran\u00e7ais du Vietnam\" \/>\n<meta property=\"og:description\" content=\"[vc_row][vc_column][vc_column_text] \u00c0 la d\u00e9rive &#8211; Nguyen Vinh Anh Khoa Le temps o\u00f9 j&rsquo;ai v\u00e9cu pleinement. Facile d&rsquo;\u00eatre heureux et en col\u00e8re, facile \u00e0 aimer et facile \u00e0 d\u00e9tester. Parfois triste et oisif, oublier vite. En ce moment, je suis libre.[\/vc_column_text][\/vc_column][\/vc_row][vc_row [&hellip;]\" \/>\n<meta property=\"og:url\" content=\"https:\/\/ifv.vn\/fr\/a-la-derive-nguyen-vinh-anh-khoa\/\" \/>\n<meta property=\"og:site_name\" content=\"Vi\u1ec7n Ph\u00e1p t\u1ea1i Vi\u1ec7t Nam | Institut fran\u00e7ais du Vietnam\" \/>\n<meta property=\"article:modified_time\" content=\"2021-03-08T04:42:52+00:00\" \/>\n<meta property=\"og:image\" content=\"https:\/\/ifv.vn\/wp-content\/uploads\/2021\/03\/1.jpg\" \/>\n<meta name=\"twitter:card\" content=\"summary_large_image\" \/>\n<meta name=\"twitter:label1\" content=\"Est. reading time\" \/>\n\t<meta name=\"twitter:data1\" content=\"2 minutes\" \/>\n<script type=\"application\/ld+json\" class=\"yoast-schema-graph\">{\"@context\":\"https:\/\/schema.org\",\"@graph\":[{\"@type\":\"WebPage\",\"@id\":\"https:\/\/ifv.vn\/fr\/a-la-derive-nguyen-vinh-anh-khoa\/\",\"url\":\"https:\/\/ifv.vn\/fr\/a-la-derive-nguyen-vinh-anh-khoa\/\",\"name\":\"\u00c0 la d\u00e9rive - Nguyen Vinh Anh Khoa - Vi\u1ec7n Ph\u00e1p t\u1ea1i Vi\u1ec7t Nam | Institut fran\u00e7ais du Vietnam\",\"isPartOf\":{\"@id\":\"https:\/\/ifv.vn\/#website\"},\"primaryImageOfPage\":{\"@id\":\"https:\/\/ifv.vn\/fr\/a-la-derive-nguyen-vinh-anh-khoa\/#primaryimage\"},\"image\":{\"@id\":\"https:\/\/ifv.vn\/fr\/a-la-derive-nguyen-vinh-anh-khoa\/#primaryimage\"},\"thumbnailUrl\":\"https:\/\/ifv.vn\/wp-content\/uploads\/2021\/03\/1.jpg\",\"datePublished\":\"2021-02-26T08:51:18+00:00\",\"dateModified\":\"2021-03-08T04:42:52+00:00\",\"breadcrumb\":{\"@id\":\"https:\/\/ifv.vn\/fr\/a-la-derive-nguyen-vinh-anh-khoa\/#breadcrumb\"},\"inLanguage\":\"fr-FR\",\"potentialAction\":[{\"@type\":\"ReadAction\",\"target\":[\"https:\/\/ifv.vn\/fr\/a-la-derive-nguyen-vinh-anh-khoa\/\"]}]},{\"@type\":\"ImageObject\",\"inLanguage\":\"fr-FR\",\"@id\":\"https:\/\/ifv.vn\/fr\/a-la-derive-nguyen-vinh-anh-khoa\/#primaryimage\",\"url\":\"https:\/\/ifv.vn\/wp-content\/uploads\/2021\/03\/1.jpg\",\"contentUrl\":\"https:\/\/ifv.vn\/wp-content\/uploads\/2021\/03\/1.jpg\"},{\"@type\":\"BreadcrumbList\",\"@id\":\"https:\/\/ifv.vn\/fr\/a-la-derive-nguyen-vinh-anh-khoa\/#breadcrumb\",\"itemListElement\":[{\"@type\":\"ListItem\",\"position\":1,\"name\":\"Home\",\"item\":\"https:\/\/ifv.vn\/fr\/\"},{\"@type\":\"ListItem\",\"position\":2,\"name\":\"\u00c0 la d\u00e9rive &#8211; Nguyen Vinh Anh Khoa\"}]},{\"@type\":\"WebSite\",\"@id\":\"https:\/\/ifv.vn\/#website\",\"url\":\"https:\/\/ifv.vn\/\",\"name\":\"Vi\u1ec7n Ph\u00e1p t\u1ea1i Vi\u1ec7t Nam | Institut fran\u00e7ais du Vietnam\",\"description\":\"\",\"publisher\":{\"@id\":\"https:\/\/ifv.vn\/#organization\"},\"potentialAction\":[{\"@type\":\"SearchAction\",\"target\":{\"@type\":\"EntryPoint\",\"urlTemplate\":\"https:\/\/ifv.vn\/?s={search_term_string}\"},\"query-input\":{\"@type\":\"PropertyValueSpecification\",\"valueRequired\":true,\"valueName\":\"search_term_string\"}}],\"inLanguage\":\"fr-FR\"},{\"@type\":\"Organization\",\"@id\":\"https:\/\/ifv.vn\/#organization\",\"name\":\"Vi\u1ec7n Ph\u00e1p t\u1ea1i Vi\u1ec7t Nam | Institut fran\u00e7ais du Vietnam\",\"url\":\"https:\/\/ifv.vn\/\",\"logo\":{\"@type\":\"ImageObject\",\"inLanguage\":\"fr-FR\",\"@id\":\"https:\/\/ifv.vn\/#\/schema\/logo\/image\/\",\"url\":\"https:\/\/ifv.vn\/wp-content\/uploads\/2025\/10\/cropped-asset-6.png\",\"contentUrl\":\"https:\/\/ifv.vn\/wp-content\/uploads\/2025\/10\/cropped-asset-6.png\",\"width\":248,\"height\":165,\"caption\":\"Vi\u1ec7n Ph\u00e1p t\u1ea1i Vi\u1ec7t Nam | Institut fran\u00e7ais du Vietnam\"},\"image\":{\"@id\":\"https:\/\/ifv.vn\/#\/schema\/logo\/image\/\"}}]}<\/script>\n<!-- \/ Yoast SEO plugin. -->","yoast_head_json":{"title":"\u00c0 la d\u00e9rive - Nguyen Vinh Anh Khoa - Vi\u1ec7n Ph\u00e1p t\u1ea1i Vi\u1ec7t Nam | Institut fran\u00e7ais du Vietnam","robots":{"index":"index","follow":"follow","max-snippet":"max-snippet:-1","max-image-preview":"max-image-preview:large","max-video-preview":"max-video-preview:-1"},"canonical":"https:\/\/ifv.vn\/fr\/a-la-derive-nguyen-vinh-anh-khoa\/","og_locale":"fr_FR","og_type":"article","og_title":"\u00c0 la d\u00e9rive - Nguyen Vinh Anh Khoa - Vi\u1ec7n Ph\u00e1p t\u1ea1i Vi\u1ec7t Nam | Institut fran\u00e7ais du Vietnam","og_description":"[vc_row][vc_column][vc_column_text] \u00c0 la d\u00e9rive &#8211; Nguyen Vinh Anh Khoa Le temps o\u00f9 j&rsquo;ai v\u00e9cu pleinement. Facile d&rsquo;\u00eatre heureux et en col\u00e8re, facile \u00e0 aimer et facile \u00e0 d\u00e9tester. Parfois triste et oisif, oublier vite. En ce moment, je suis libre.[\/vc_column_text][\/vc_column][\/vc_row][vc_row [&hellip;]","og_url":"https:\/\/ifv.vn\/fr\/a-la-derive-nguyen-vinh-anh-khoa\/","og_site_name":"Vi\u1ec7n Ph\u00e1p t\u1ea1i Vi\u1ec7t Nam | Institut fran\u00e7ais du Vietnam","article_modified_time":"2021-03-08T04:42:52+00:00","og_image":[{"url":"https:\/\/ifv.vn\/wp-content\/uploads\/2021\/03\/1.jpg","type":"","width":"","height":""}],"twitter_card":"summary_large_image","twitter_misc":{"Est. reading time":"2 minutes"},"schema":{"@context":"https:\/\/schema.org","@graph":[{"@type":"WebPage","@id":"https:\/\/ifv.vn\/fr\/a-la-derive-nguyen-vinh-anh-khoa\/","url":"https:\/\/ifv.vn\/fr\/a-la-derive-nguyen-vinh-anh-khoa\/","name":"\u00c0 la d\u00e9rive - Nguyen Vinh Anh Khoa - Vi\u1ec7n Ph\u00e1p t\u1ea1i Vi\u1ec7t Nam | Institut fran\u00e7ais du Vietnam","isPartOf":{"@id":"https:\/\/ifv.vn\/#website"},"primaryImageOfPage":{"@id":"https:\/\/ifv.vn\/fr\/a-la-derive-nguyen-vinh-anh-khoa\/#primaryimage"},"image":{"@id":"https:\/\/ifv.vn\/fr\/a-la-derive-nguyen-vinh-anh-khoa\/#primaryimage"},"thumbnailUrl":"https:\/\/ifv.vn\/wp-content\/uploads\/2021\/03\/1.jpg","datePublished":"2021-02-26T08:51:18+00:00","dateModified":"2021-03-08T04:42:52+00:00","breadcrumb":{"@id":"https:\/\/ifv.vn\/fr\/a-la-derive-nguyen-vinh-anh-khoa\/#breadcrumb"},"inLanguage":"fr-FR","potentialAction":[{"@type":"ReadAction","target":["https:\/\/ifv.vn\/fr\/a-la-derive-nguyen-vinh-anh-khoa\/"]}]},{"@type":"ImageObject","inLanguage":"fr-FR","@id":"https:\/\/ifv.vn\/fr\/a-la-derive-nguyen-vinh-anh-khoa\/#primaryimage","url":"https:\/\/ifv.vn\/wp-content\/uploads\/2021\/03\/1.jpg","contentUrl":"https:\/\/ifv.vn\/wp-content\/uploads\/2021\/03\/1.jpg"},{"@type":"BreadcrumbList","@id":"https:\/\/ifv.vn\/fr\/a-la-derive-nguyen-vinh-anh-khoa\/#breadcrumb","itemListElement":[{"@type":"ListItem","position":1,"name":"Home","item":"https:\/\/ifv.vn\/fr\/"},{"@type":"ListItem","position":2,"name":"\u00c0 la d\u00e9rive &#8211; Nguyen Vinh Anh Khoa"}]},{"@type":"WebSite","@id":"https:\/\/ifv.vn\/#website","url":"https:\/\/ifv.vn\/","name":"Vi\u1ec7n Ph\u00e1p t\u1ea1i Vi\u1ec7t Nam | Institut fran\u00e7ais du Vietnam","description":"","publisher":{"@id":"https:\/\/ifv.vn\/#organization"},"potentialAction":[{"@type":"SearchAction","target":{"@type":"EntryPoint","urlTemplate":"https:\/\/ifv.vn\/?s={search_term_string}"},"query-input":{"@type":"PropertyValueSpecification","valueRequired":true,"valueName":"search_term_string"}}],"inLanguage":"fr-FR"},{"@type":"Organization","@id":"https:\/\/ifv.vn\/#organization","name":"Vi\u1ec7n Ph\u00e1p t\u1ea1i Vi\u1ec7t Nam | Institut fran\u00e7ais du Vietnam","url":"https:\/\/ifv.vn\/","logo":{"@type":"ImageObject","inLanguage":"fr-FR","@id":"https:\/\/ifv.vn\/#\/schema\/logo\/image\/","url":"https:\/\/ifv.vn\/wp-content\/uploads\/2025\/10\/cropped-asset-6.png","contentUrl":"https:\/\/ifv.vn\/wp-content\/uploads\/2025\/10\/cropped-asset-6.png","width":248,"height":165,"caption":"Vi\u1ec7n Ph\u00e1p t\u1ea1i Vi\u1ec7t Nam | Institut fran\u00e7ais du Vietnam"},"image":{"@id":"https:\/\/ifv.vn\/#\/schema\/logo\/image\/"}}]}},"_links":{"self":[{"href":"https:\/\/ifv.vn\/fr\/wp-json\/wp\/v2\/pages\/12778"}],"collection":[{"href":"https:\/\/ifv.vn\/fr\/wp-json\/wp\/v2\/pages"}],"about":[{"href":"https:\/\/ifv.vn\/fr\/wp-json\/wp\/v2\/types\/page"}],"author":[{"embeddable":true,"href":"https:\/\/ifv.vn\/fr\/wp-json\/wp\/v2\/users\/6"}],"replies":[{"embeddable":true,"href":"https:\/\/ifv.vn\/fr\/wp-json\/wp\/v2\/comments?post=12778"}],"version-history":[{"count":7,"href":"https:\/\/ifv.vn\/fr\/wp-json\/wp\/v2\/pages\/12778\/revisions"}],"predecessor-version":[{"id":13353,"href":"https:\/\/ifv.vn\/fr\/wp-json\/wp\/v2\/pages\/12778\/revisions\/13353"}],"wp:attachment":[{"href":"https:\/\/ifv.vn\/fr\/wp-json\/wp\/v2\/media?parent=12778"}],"curies":[{"name":"wp","href":"https:\/\/api.w.org\/{rel}","templated":true}]}}