{"id":12786,"date":"2021-02-26T16:05:22","date_gmt":"2021-02-26T09:05:22","guid":{"rendered":"https:\/\/ifv.vn\/?page_id=12786"},"modified":"2021-03-08T11:06:41","modified_gmt":"2021-03-08T04:06:41","slug":"mamie-nguyen-manh-quan","status":"publish","type":"page","link":"https:\/\/ifv.vn\/fr\/mamie-nguyen-manh-quan\/","title":{"rendered":"Mamie &#8211; Nguyen Manh Quan"},"content":{"rendered":"<div class=\"wpb-content-wrapper\"><p>[vc_row][vc_column][vc_column_text]<\/p>\n<h2>Mamie &#8211; Nguyen Manh Quan<\/h2>\n<p style=\"text-align: justify;\">Tout le monde dit que le lien qui nous lie, ma grand-m\u00e8re et moi, est l&rsquo;amour, le sang. Mais pour moi, c&rsquo;est un souvenir.<\/p>\n<p style=\"text-align: justify;\">Cette s\u00e9rie de photos est l&rsquo;une des choses les plus importantes que j&rsquo;ai r\u00e9alis\u00e9es. Au fur et \u00e0 mesure que les ann\u00e9es passaient et que M\u00e9m\u00e9 vieillissait, sa m\u00e9moire s&rsquo;estompait. Les \u00e9v\u00e9nements successifs de sa vie, que je ne peux que deviner, l&rsquo;ont transform\u00e9e en une femme talentueuse mais \u00e9galement complexe, qui s&rsquo;est progressivement recluse avec l&rsquo;\u00e2ge. Je me souviens du pass\u00e9, lorsque nous \u00e9tions ensemble et que mes parents \u00e9taient absents. M\u00e9m\u00e9 me faisait sortir, m&rsquo;achetait des jouets et me faisait beaucoup rire, parfois pour rien. Maintenant, je pense que c&rsquo;est \u00e0 mon tour de faire quelque chose pour elle, comme elle l&rsquo;a fait pour moi par le pass\u00e9.<\/p>\n<p style=\"text-align: justify;\">Pour moi, cet ensemble de photos est aussi un moyen de me sauver de son oubli. Je les lui ai montr\u00e9es, et pour elle, c&rsquo;\u00e9tait comme regarder des cartes postales de contr\u00e9es lointaines de sa m\u00e9moire. Cela pourrait sembler froid, manquer d&rsquo;affection, mais dans un sens, cette s\u00e9ance photo m&rsquo;a donn\u00e9 une derni\u00e8re possibilit\u00e9 de me connecter \u00e0 elle.<\/p>\n<p>[\/vc_column_text][\/vc_column][\/vc_row][vc_row gap=&nbsp;&raquo;2&Prime; content_placement=&nbsp;&raquo;bottom&nbsp;&raquo;][vc_column width=&nbsp;&raquo;1\/3&Prime;][vc_wp_text]<\/p>\n<p><img loading=\"lazy\" decoding=\"async\" class=\"aligncenter size-full wp-image-13104\" src=\"https:\/\/ifv.vn\/wp-content\/uploads\/2021\/03\/1-3.jpg\" alt=\"\" width=\"400\" height=\"600\" srcset=\"https:\/\/ifv.vn\/wp-content\/uploads\/2021\/03\/1-3.jpg 400w, https:\/\/ifv.vn\/wp-content\/uploads\/2021\/03\/1-3-200x300.jpg 200w\" sizes=\"(max-width: 400px) 100vw, 400px\" \/><\/p>\n<p>[\/vc_wp_text][\/vc_column][vc_column width=&nbsp;&raquo;1\/3&Prime;][vc_wp_text]<\/p>\n<p><img loading=\"lazy\" decoding=\"async\" class=\"aligncenter size-full wp-image-13106\" src=\"https:\/\/ifv.vn\/wp-content\/uploads\/2021\/03\/3-4.jpg\" alt=\"\" width=\"400\" height=\"600\" srcset=\"https:\/\/ifv.vn\/wp-content\/uploads\/2021\/03\/3-4.jpg 400w, https:\/\/ifv.vn\/wp-content\/uploads\/2021\/03\/3-4-200x300.jpg 200w\" sizes=\"(max-width: 400px) 100vw, 400px\" \/><\/p>\n<p>[\/vc_wp_text][\/vc_column][vc_column width=&nbsp;&raquo;1\/3&Prime;][vc_wp_text]<\/p>\n<p><img loading=\"lazy\" decoding=\"async\" class=\"aligncenter size-full wp-image-13105\" src=\"https:\/\/ifv.vn\/wp-content\/uploads\/2021\/03\/2-3.jpg\" alt=\"\" width=\"400\" height=\"600\" srcset=\"https:\/\/ifv.vn\/wp-content\/uploads\/2021\/03\/2-3.jpg 400w, https:\/\/ifv.vn\/wp-content\/uploads\/2021\/03\/2-3-200x300.jpg 200w\" sizes=\"(max-width: 400px) 100vw, 400px\" \/><\/p>\n<p>[\/vc_wp_text][\/vc_column][\/vc_row][vc_row gap=&nbsp;&raquo;2&Prime;][vc_column width=&nbsp;&raquo;1\/4&Prime;][vc_wp_text]<\/p>\n<p><img loading=\"lazy\" decoding=\"async\" class=\"aligncenter size-full wp-image-13103\" src=\"https:\/\/ifv.vn\/wp-content\/uploads\/2021\/03\/10-3.jpg\" alt=\"\" width=\"400\" height=\"600\" srcset=\"https:\/\/ifv.vn\/wp-content\/uploads\/2021\/03\/10-3.jpg 400w, https:\/\/ifv.vn\/wp-content\/uploads\/2021\/03\/10-3-200x300.jpg 200w\" sizes=\"(max-width: 400px) 100vw, 400px\" \/><\/p>\n<p>[\/vc_wp_text][\/vc_column][vc_column width=&nbsp;&raquo;1\/4&Prime;][vc_wp_text]<\/p>\n<p><img loading=\"lazy\" decoding=\"async\" class=\"aligncenter size-full wp-image-13109\" src=\"https:\/\/ifv.vn\/wp-content\/uploads\/2021\/03\/6-3.jpg\" alt=\"\" width=\"400\" height=\"600\" srcset=\"https:\/\/ifv.vn\/wp-content\/uploads\/2021\/03\/6-3.jpg 400w, https:\/\/ifv.vn\/wp-content\/uploads\/2021\/03\/6-3-200x300.jpg 200w\" sizes=\"(max-width: 400px) 100vw, 400px\" \/><\/p>\n<p>[\/vc_wp_text][\/vc_column][vc_column width=&nbsp;&raquo;1\/4&Prime;][vc_wp_text]<\/p>\n<p><img loading=\"lazy\" decoding=\"async\" class=\"aligncenter size-full wp-image-13111\" src=\"https:\/\/ifv.vn\/wp-content\/uploads\/2021\/03\/8-3.jpg\" alt=\"\" width=\"400\" height=\"600\" srcset=\"https:\/\/ifv.vn\/wp-content\/uploads\/2021\/03\/8-3.jpg 400w, https:\/\/ifv.vn\/wp-content\/uploads\/2021\/03\/8-3-200x300.jpg 200w\" sizes=\"(max-width: 400px) 100vw, 400px\" \/><\/p>\n<p>[\/vc_wp_text][\/vc_column][vc_column width=&nbsp;&raquo;1\/4&Prime;][vc_wp_text]<\/p>\n<p><img loading=\"lazy\" decoding=\"async\" class=\"aligncenter size-full wp-image-13108\" src=\"https:\/\/ifv.vn\/wp-content\/uploads\/2021\/03\/5-4.jpg\" alt=\"\" width=\"400\" height=\"600\" srcset=\"https:\/\/ifv.vn\/wp-content\/uploads\/2021\/03\/5-4.jpg 400w, https:\/\/ifv.vn\/wp-content\/uploads\/2021\/03\/5-4-200x300.jpg 200w\" sizes=\"(max-width: 400px) 100vw, 400px\" \/><\/p>\n<p>[\/vc_wp_text][\/vc_column][\/vc_row][vc_row gap=&nbsp;&raquo;2&Prime;][vc_column width=&nbsp;&raquo;1\/3&Prime;][vc_wp_text]<\/p>\n<p><img loading=\"lazy\" decoding=\"async\" class=\"aligncenter size-full wp-image-13107\" src=\"https:\/\/ifv.vn\/wp-content\/uploads\/2021\/03\/4-3.jpg\" alt=\"\" width=\"400\" height=\"600\" srcset=\"https:\/\/ifv.vn\/wp-content\/uploads\/2021\/03\/4-3.jpg 400w, https:\/\/ifv.vn\/wp-content\/uploads\/2021\/03\/4-3-200x300.jpg 200w\" sizes=\"(max-width: 400px) 100vw, 400px\" \/><\/p>\n<p>[\/vc_wp_text][\/vc_column][vc_column width=&nbsp;&raquo;1\/3&Prime;][vc_wp_text]<\/p>\n<p><img loading=\"lazy\" decoding=\"async\" class=\"aligncenter size-full wp-image-13110\" src=\"https:\/\/ifv.vn\/wp-content\/uploads\/2021\/03\/7-4.jpg\" alt=\"\" width=\"400\" height=\"600\" srcset=\"https:\/\/ifv.vn\/wp-content\/uploads\/2021\/03\/7-4.jpg 400w, https:\/\/ifv.vn\/wp-content\/uploads\/2021\/03\/7-4-200x300.jpg 200w\" sizes=\"(max-width: 400px) 100vw, 400px\" \/><\/p>\n<p>[\/vc_wp_text][\/vc_column][vc_column width=&nbsp;&raquo;1\/3&Prime;][vc_wp_text]<\/p>\n<p><img loading=\"lazy\" decoding=\"async\" class=\"aligncenter size-full wp-image-13112\" src=\"https:\/\/ifv.vn\/wp-content\/uploads\/2021\/03\/9-3.jpg\" alt=\"\" width=\"400\" height=\"600\" srcset=\"https:\/\/ifv.vn\/wp-content\/uploads\/2021\/03\/9-3.jpg 400w, https:\/\/ifv.vn\/wp-content\/uploads\/2021\/03\/9-3-200x300.jpg 200w\" sizes=\"(max-width: 400px) 100vw, 400px\" \/><\/p>\n<p>[\/vc_wp_text][\/vc_column][\/vc_row][vc_row][vc_column][vc_wp_text]<\/p>\n<p><iframe loading=\"lazy\" src=\"\/\/www.youtube.com\/embed\/5YeglERpT3M\" width=\"680\" height=\"381\" allowfullscreen=\"allowfullscreen\"><\/iframe><\/p>\n<p>[\/vc_wp_text][\/vc_column][\/vc_row][vc_row][vc_column][vc_wp_text]<\/p>\n<h2 style=\"text-align: justify;\">Pour retrouver les toutes les \u0153uvres, cliquez sur le lien suivant :<\/h2>\n<ul>\n<li><span class=\"accroche\"><a href=\"https:\/\/ifv.vn\/fr\/a-la-derive-nguyen-vinh-anh-khoa\/#\/\" target=\"_blank\" rel=\"noopener\"><span style=\"font-weight: 400;\">\u00c0 la d\u00e9rive \u2013 Nguyen Vinh Anh Khoa<\/span><\/a><\/span><\/li>\n<li><span class=\"accroche\"><a href=\"https:\/\/ifv.vn\/fr\/apercu-nguyen-ngoc-hai\/\"><span style=\"font-weight: 400;\">Aper\u00e7u \u2013 Nguy\u1ec5n Ng\u1ecdc H\u1ea3i<\/span><\/a><\/span><\/li>\n<li><span class=\"accroche\"><a href=\"https:\/\/ifv.vn\/fr\/au-marche-de-poissons-vinh-hien-do-minh-hoang\/\"><span style=\"font-weight: 400;\">Au march\u00e9 de poissons Vinh Hien \u2013 Do Minh Hoang<\/span><\/a><\/span><\/li>\n<li><span class=\"accroche\"><a href=\"https:\/\/ifv.vn\/fr\/au-passage-du-marche-dong-ba-nguyen-ngoc-duy\/\"><span style=\"font-weight: 400;\">Au passage du march\u00e9 Dong Ba \u2013 Nguyen Ngoc Duy<\/span><\/a><\/span><\/li>\n<li><span class=\"accroche\"><a href=\"https:\/\/ifv.vn\/fr\/elles-nguyen-duc-hung\/\" target=\"_blank\" rel=\"noopener\"><span style=\"font-weight: 400;\">Elles \u2013 Nguyen Duc Hung<\/span><\/a><\/span><\/li>\n<li><span class=\"accroche\"><a href=\"https:\/\/ifv.vn\/fr\/femmes-et-les-fleurs-en-papier-de-thanh-tien-nguyen-dinh-chien\/\"><span style=\"font-weight: 400;\">Femmes et les fleurs en papier de Thanh Tien \u2013 Nguyen Dinh Chien<\/span><\/a><\/span><\/li>\n<li><span class=\"accroche\"><a href=\"https:\/\/ifv.vn\/fr\/les-dames-du-quartier-bo-ho-nguyen-anh-tuan\/\"><span style=\"font-weight: 400;\">Les dames du quartier Bo Ho \u2013 Nguyen Anh Tuan<\/span><\/a><\/span><\/li>\n<li><span class=\"accroche\"><a href=\"https:\/\/ifv.vn\/fr\/loin-de-la-vie-sur-scene-la-khac-khue\/\"><span style=\"font-weight: 400;\">Loin de la vie sur sc\u00e8ne \u2013 La Khac Khue<\/span><\/a><\/span><\/li>\n<li><span class=\"accroche\"><a href=\"https:\/\/ifv.vn\/fr\/madame-dau-nguyen-kim-nhi\/\"><span style=\"font-weight: 400;\">Madame Dau \u2013 Nguyen Kim Nhi<\/span><\/a><\/span><\/li>\n<li><span class=\"accroche\"><a href=\"https:\/\/ifv.vn\/fr\/madame-quyen-nguyen-thi-thuy-tran\/\"><span style=\"font-weight: 400;\">Madame Quyen \u2013 Nguyen Thi Thuy Tran<\/span><\/a><\/span><\/li>\n<li><span class=\"accroche\"><a href=\"https:\/\/ifv.vn\/fr\/mamie-nguyen-manh-quan\/\"><span style=\"font-weight: 400;\">Mamie \u2013 Nguyen Manh Quan<\/span><\/a><\/span><\/li>\n<li><span class=\"accroche\"><a href=\"https:\/\/ifv.vn\/fr\/pagode-hien-luong-le-thi-mong-thu\/\"><span style=\"font-weight: 400;\">Pagode Hien Luong \u2013 Le Thi Mong Thu<\/span><\/a><\/span><\/li>\n<li><span class=\"accroche\"><a href=\"https:\/\/ifv.vn\/fr\/premiere-annee-a-lecole-darchi-nguyen-trung-tin\/\"><span style=\"font-weight: 400;\">Premi\u00e8re ann\u00e9e \u00e0 l\u2019\u00e9cole d\u2019archi \u2013 Nguyen Trung Tin<\/span><\/a><\/span><\/li>\n<li><span class=\"accroche\"><a href=\"https:\/\/ifv.vn\/fr\/ta-fille-tran-vu-minh-phuc\/\"><span style=\"font-weight: 400;\">Ta fille, \u2013 Tran Vu Minh Phuc<\/span><\/a><\/span><\/li>\n<li><span class=\"accroche\"><a href=\"https:\/\/ifv.vn\/fr\/the-breath-of-dance-le-dang-ngoc-bich\/\"><span style=\"font-weight: 400;\">The breath of dance \u2013 Le Dang Ngoc Bich<\/span><\/a><\/span><\/li>\n<\/ul>\n<p>&nbsp;<\/p>\n<ul>\n<li><span class=\"accroche\"><a href=\"https:\/\/ifv.vn\/fr\/tran-lan-anh-pediatre-a-lhopital-general-de-la-province-de-khanh-hoa\/\"><span style=\"font-weight: 400;\">Tran Lan Anh, p\u00e9diatre \u00e0 l\u2019h\u00f4pital g\u00e9n\u00e9ral de la province de Khanh Hoa<\/span><\/a><\/span><\/li>\n<li><span class=\"accroche\"><a href=\"https:\/\/ifv.vn\/fr\/hoang-thi-minh-hong-directrice-de-long-change\/\"><span style=\"font-weight: 400;\">Hoang Thi Minh Hong, directrice de l\u2019ONG CHANGE<\/span><\/a><\/span><\/li>\n<li><span class=\"accroche\"><a href=\"https:\/\/ifv.vn\/fr\/huynh-ly-dong-phuong-commandant-de-bord-chez-vietnam-airlines\/\"><span style=\"font-weight: 400;\">Huynh Ly Dong Phuong, commandant de bord chez Vietnam Airlines<\/span><\/a><\/span><\/li>\n<li><span class=\"accroche\"><a href=\"https:\/\/ifv.vn\/fr\/le-cat-trong-ly-auteure-compositeure-interprete\/\"><span style=\"font-weight: 400;\">Le Cat Trong Ly, auteure, compositeure, interpr\u00e8te<\/span><\/a><\/span><\/li>\n<li><span class=\"accroche\"><a href=\"https:\/\/ifv.vn\/fr\/nguyen-thi-mai-et-vu-thi-hoai-thoa-deux-ouvrieres-dune-usine-de-chaussures-luu-thi-nguyen-vendeuse-de-rue-a-hcmv\/\"><span style=\"font-weight: 400;\">Nguyen Thi Mai et Vu Thi Hoai Thoa, deux ouvri\u00e8res d\u2019une usine de chaussures &amp; Luu Thi Nguyen, vendeuse de rue \u00e0 HCMV<\/span><\/a><\/span><\/li>\n<li><span class=\"accroche\"><a href=\"https:\/\/ifv.vn\/fr\/linh-dan-pham-comedienne-franco-vietnamienne\/\"><span style=\"font-weight: 400;\">Pham Linh Dan, com\u00e9dienne franco-vietnamienne<\/span><\/a><\/span><\/li>\n<\/ul>\n<p>[\/vc_wp_text][\/vc_column][\/vc_row]<\/p>\n<\/div>","protected":false},"excerpt":{"rendered":"[vc_row][vc_column][vc_column_text] Mamie - Nguyen Manh Quan Tout le monde dit que le lien qui nous lie, ma grand-m\u00e8re et moi, est l'amour, le sang. Mais pour moi, c'est un souvenir. Cette s\u00e9rie de photos est l'une des choses les plus [...]","protected":false},"author":6,"featured_media":0,"parent":0,"menu_order":0,"comment_status":"open","ping_status":"closed","template":"page-static.php","meta":{"footnotes":""},"class_list":["post-12786","page","type-page","status-publish","hentry"],"acf":[],"yoast_head":"<!-- This site is optimized with the Yoast SEO plugin v25.3.1 - https:\/\/yoast.com\/wordpress\/plugins\/seo\/ -->\n<title>Mamie - Nguyen Manh Quan - Vi\u1ec7n Ph\u00e1p t\u1ea1i Vi\u1ec7t Nam | Institut fran\u00e7ais du Vietnam<\/title>\n<meta name=\"robots\" content=\"index, follow, max-snippet:-1, max-image-preview:large, max-video-preview:-1\" \/>\n<link rel=\"canonical\" href=\"https:\/\/ifv.vn\/fr\/mamie-nguyen-manh-quan\/\" \/>\n<meta property=\"og:locale\" content=\"fr_FR\" \/>\n<meta property=\"og:type\" content=\"article\" \/>\n<meta property=\"og:title\" content=\"Mamie - Nguyen Manh Quan - Vi\u1ec7n Ph\u00e1p t\u1ea1i Vi\u1ec7t Nam | Institut fran\u00e7ais du Vietnam\" \/>\n<meta property=\"og:description\" content=\"[vc_row][vc_column][vc_column_text] Mamie &#8211; Nguyen Manh Quan Tout le monde dit que le lien qui nous lie, ma grand-m\u00e8re et moi, est l&rsquo;amour, le sang. Mais pour moi, c&rsquo;est un souvenir. Cette s\u00e9rie de photos est l&rsquo;une des choses les plus [&hellip;]\" \/>\n<meta property=\"og:url\" content=\"https:\/\/ifv.vn\/fr\/mamie-nguyen-manh-quan\/\" \/>\n<meta property=\"og:site_name\" content=\"Vi\u1ec7n Ph\u00e1p t\u1ea1i Vi\u1ec7t Nam | Institut fran\u00e7ais du Vietnam\" \/>\n<meta property=\"article:modified_time\" content=\"2021-03-08T04:06:41+00:00\" \/>\n<meta property=\"og:image\" content=\"https:\/\/ifv.vn\/wp-content\/uploads\/2021\/03\/1-3.jpg\" \/>\n<meta name=\"twitter:card\" content=\"summary_large_image\" \/>\n<meta name=\"twitter:label1\" content=\"Est. reading time\" \/>\n\t<meta name=\"twitter:data1\" content=\"3 minutes\" \/>\n<script type=\"application\/ld+json\" class=\"yoast-schema-graph\">{\"@context\":\"https:\/\/schema.org\",\"@graph\":[{\"@type\":\"WebPage\",\"@id\":\"https:\/\/ifv.vn\/fr\/mamie-nguyen-manh-quan\/\",\"url\":\"https:\/\/ifv.vn\/fr\/mamie-nguyen-manh-quan\/\",\"name\":\"Mamie - Nguyen Manh Quan - Vi\u1ec7n Ph\u00e1p t\u1ea1i Vi\u1ec7t Nam | Institut fran\u00e7ais du Vietnam\",\"isPartOf\":{\"@id\":\"https:\/\/ifv.vn\/#website\"},\"primaryImageOfPage\":{\"@id\":\"https:\/\/ifv.vn\/fr\/mamie-nguyen-manh-quan\/#primaryimage\"},\"image\":{\"@id\":\"https:\/\/ifv.vn\/fr\/mamie-nguyen-manh-quan\/#primaryimage\"},\"thumbnailUrl\":\"https:\/\/ifv.vn\/wp-content\/uploads\/2021\/03\/1-3.jpg\",\"datePublished\":\"2021-02-26T09:05:22+00:00\",\"dateModified\":\"2021-03-08T04:06:41+00:00\",\"breadcrumb\":{\"@id\":\"https:\/\/ifv.vn\/fr\/mamie-nguyen-manh-quan\/#breadcrumb\"},\"inLanguage\":\"fr-FR\",\"potentialAction\":[{\"@type\":\"ReadAction\",\"target\":[\"https:\/\/ifv.vn\/fr\/mamie-nguyen-manh-quan\/\"]}]},{\"@type\":\"ImageObject\",\"inLanguage\":\"fr-FR\",\"@id\":\"https:\/\/ifv.vn\/fr\/mamie-nguyen-manh-quan\/#primaryimage\",\"url\":\"https:\/\/ifv.vn\/wp-content\/uploads\/2021\/03\/1-3.jpg\",\"contentUrl\":\"https:\/\/ifv.vn\/wp-content\/uploads\/2021\/03\/1-3.jpg\"},{\"@type\":\"BreadcrumbList\",\"@id\":\"https:\/\/ifv.vn\/fr\/mamie-nguyen-manh-quan\/#breadcrumb\",\"itemListElement\":[{\"@type\":\"ListItem\",\"position\":1,\"name\":\"Home\",\"item\":\"https:\/\/ifv.vn\/fr\/\"},{\"@type\":\"ListItem\",\"position\":2,\"name\":\"Mamie &#8211; Nguyen Manh Quan\"}]},{\"@type\":\"WebSite\",\"@id\":\"https:\/\/ifv.vn\/#website\",\"url\":\"https:\/\/ifv.vn\/\",\"name\":\"Vi\u1ec7n Ph\u00e1p t\u1ea1i Vi\u1ec7t Nam | Institut fran\u00e7ais du Vietnam\",\"description\":\"\",\"publisher\":{\"@id\":\"https:\/\/ifv.vn\/#organization\"},\"potentialAction\":[{\"@type\":\"SearchAction\",\"target\":{\"@type\":\"EntryPoint\",\"urlTemplate\":\"https:\/\/ifv.vn\/?s={search_term_string}\"},\"query-input\":{\"@type\":\"PropertyValueSpecification\",\"valueRequired\":true,\"valueName\":\"search_term_string\"}}],\"inLanguage\":\"fr-FR\"},{\"@type\":\"Organization\",\"@id\":\"https:\/\/ifv.vn\/#organization\",\"name\":\"Vi\u1ec7n Ph\u00e1p t\u1ea1i Vi\u1ec7t Nam | Institut fran\u00e7ais du Vietnam\",\"url\":\"https:\/\/ifv.vn\/\",\"logo\":{\"@type\":\"ImageObject\",\"inLanguage\":\"fr-FR\",\"@id\":\"https:\/\/ifv.vn\/#\/schema\/logo\/image\/\",\"url\":\"https:\/\/ifv.vn\/wp-content\/uploads\/2025\/10\/cropped-asset-6.png\",\"contentUrl\":\"https:\/\/ifv.vn\/wp-content\/uploads\/2025\/10\/cropped-asset-6.png\",\"width\":248,\"height\":165,\"caption\":\"Vi\u1ec7n Ph\u00e1p t\u1ea1i Vi\u1ec7t Nam | Institut fran\u00e7ais du Vietnam\"},\"image\":{\"@id\":\"https:\/\/ifv.vn\/#\/schema\/logo\/image\/\"}}]}<\/script>\n<!-- \/ Yoast SEO plugin. -->","yoast_head_json":{"title":"Mamie - Nguyen Manh Quan - Vi\u1ec7n Ph\u00e1p t\u1ea1i Vi\u1ec7t Nam | Institut fran\u00e7ais du Vietnam","robots":{"index":"index","follow":"follow","max-snippet":"max-snippet:-1","max-image-preview":"max-image-preview:large","max-video-preview":"max-video-preview:-1"},"canonical":"https:\/\/ifv.vn\/fr\/mamie-nguyen-manh-quan\/","og_locale":"fr_FR","og_type":"article","og_title":"Mamie - Nguyen Manh Quan - Vi\u1ec7n Ph\u00e1p t\u1ea1i Vi\u1ec7t Nam | Institut fran\u00e7ais du Vietnam","og_description":"[vc_row][vc_column][vc_column_text] Mamie &#8211; Nguyen Manh Quan Tout le monde dit que le lien qui nous lie, ma grand-m\u00e8re et moi, est l&rsquo;amour, le sang. Mais pour moi, c&rsquo;est un souvenir. Cette s\u00e9rie de photos est l&rsquo;une des choses les plus [&hellip;]","og_url":"https:\/\/ifv.vn\/fr\/mamie-nguyen-manh-quan\/","og_site_name":"Vi\u1ec7n Ph\u00e1p t\u1ea1i Vi\u1ec7t Nam | Institut fran\u00e7ais du Vietnam","article_modified_time":"2021-03-08T04:06:41+00:00","og_image":[{"url":"https:\/\/ifv.vn\/wp-content\/uploads\/2021\/03\/1-3.jpg","type":"","width":"","height":""}],"twitter_card":"summary_large_image","twitter_misc":{"Est. reading time":"3 minutes"},"schema":{"@context":"https:\/\/schema.org","@graph":[{"@type":"WebPage","@id":"https:\/\/ifv.vn\/fr\/mamie-nguyen-manh-quan\/","url":"https:\/\/ifv.vn\/fr\/mamie-nguyen-manh-quan\/","name":"Mamie - Nguyen Manh Quan - Vi\u1ec7n Ph\u00e1p t\u1ea1i Vi\u1ec7t Nam | Institut fran\u00e7ais du Vietnam","isPartOf":{"@id":"https:\/\/ifv.vn\/#website"},"primaryImageOfPage":{"@id":"https:\/\/ifv.vn\/fr\/mamie-nguyen-manh-quan\/#primaryimage"},"image":{"@id":"https:\/\/ifv.vn\/fr\/mamie-nguyen-manh-quan\/#primaryimage"},"thumbnailUrl":"https:\/\/ifv.vn\/wp-content\/uploads\/2021\/03\/1-3.jpg","datePublished":"2021-02-26T09:05:22+00:00","dateModified":"2021-03-08T04:06:41+00:00","breadcrumb":{"@id":"https:\/\/ifv.vn\/fr\/mamie-nguyen-manh-quan\/#breadcrumb"},"inLanguage":"fr-FR","potentialAction":[{"@type":"ReadAction","target":["https:\/\/ifv.vn\/fr\/mamie-nguyen-manh-quan\/"]}]},{"@type":"ImageObject","inLanguage":"fr-FR","@id":"https:\/\/ifv.vn\/fr\/mamie-nguyen-manh-quan\/#primaryimage","url":"https:\/\/ifv.vn\/wp-content\/uploads\/2021\/03\/1-3.jpg","contentUrl":"https:\/\/ifv.vn\/wp-content\/uploads\/2021\/03\/1-3.jpg"},{"@type":"BreadcrumbList","@id":"https:\/\/ifv.vn\/fr\/mamie-nguyen-manh-quan\/#breadcrumb","itemListElement":[{"@type":"ListItem","position":1,"name":"Home","item":"https:\/\/ifv.vn\/fr\/"},{"@type":"ListItem","position":2,"name":"Mamie &#8211; Nguyen Manh Quan"}]},{"@type":"WebSite","@id":"https:\/\/ifv.vn\/#website","url":"https:\/\/ifv.vn\/","name":"Vi\u1ec7n Ph\u00e1p t\u1ea1i Vi\u1ec7t Nam | Institut fran\u00e7ais du Vietnam","description":"","publisher":{"@id":"https:\/\/ifv.vn\/#organization"},"potentialAction":[{"@type":"SearchAction","target":{"@type":"EntryPoint","urlTemplate":"https:\/\/ifv.vn\/?s={search_term_string}"},"query-input":{"@type":"PropertyValueSpecification","valueRequired":true,"valueName":"search_term_string"}}],"inLanguage":"fr-FR"},{"@type":"Organization","@id":"https:\/\/ifv.vn\/#organization","name":"Vi\u1ec7n Ph\u00e1p t\u1ea1i Vi\u1ec7t Nam | Institut fran\u00e7ais du Vietnam","url":"https:\/\/ifv.vn\/","logo":{"@type":"ImageObject","inLanguage":"fr-FR","@id":"https:\/\/ifv.vn\/#\/schema\/logo\/image\/","url":"https:\/\/ifv.vn\/wp-content\/uploads\/2025\/10\/cropped-asset-6.png","contentUrl":"https:\/\/ifv.vn\/wp-content\/uploads\/2025\/10\/cropped-asset-6.png","width":248,"height":165,"caption":"Vi\u1ec7n Ph\u00e1p t\u1ea1i Vi\u1ec7t Nam | Institut fran\u00e7ais du Vietnam"},"image":{"@id":"https:\/\/ifv.vn\/#\/schema\/logo\/image\/"}}]}},"_links":{"self":[{"href":"https:\/\/ifv.vn\/fr\/wp-json\/wp\/v2\/pages\/12786"}],"collection":[{"href":"https:\/\/ifv.vn\/fr\/wp-json\/wp\/v2\/pages"}],"about":[{"href":"https:\/\/ifv.vn\/fr\/wp-json\/wp\/v2\/types\/page"}],"author":[{"embeddable":true,"href":"https:\/\/ifv.vn\/fr\/wp-json\/wp\/v2\/users\/6"}],"replies":[{"embeddable":true,"href":"https:\/\/ifv.vn\/fr\/wp-json\/wp\/v2\/comments?post=12786"}],"version-history":[{"count":4,"href":"https:\/\/ifv.vn\/fr\/wp-json\/wp\/v2\/pages\/12786\/revisions"}],"predecessor-version":[{"id":13346,"href":"https:\/\/ifv.vn\/fr\/wp-json\/wp\/v2\/pages\/12786\/revisions\/13346"}],"wp:attachment":[{"href":"https:\/\/ifv.vn\/fr\/wp-json\/wp\/v2\/media?parent=12786"}],"curies":[{"name":"wp","href":"https:\/\/api.w.org\/{rel}","templated":true}]}}