{"id":13556,"date":"2021-03-26T16:46:14","date_gmt":"2021-03-26T09:46:14","guid":{"rendered":"https:\/\/ifv.vn\/?page_id=13556"},"modified":"2026-01-20T15:00:37","modified_gmt":"2026-01-20T08:00:37","slug":"cours-pour-collegiens","status":"publish","type":"page","link":"https:\/\/ifv.vn\/fr\/cours-pour-collegiens\/","title":{"rendered":"Cours pour les coll\u00e9giens"},"content":{"rendered":"<div class=\"wpb-content-wrapper\"><p>[vc_row][vc_column][vc_column_text]<\/p>\n<h2 style=\"text-align: justify;\"><span style=\"color: #3a6f8f;\">Cours pour les coll\u00e9giens<\/span><\/h2>\n<p style=\"text-align: justify;\"><strong><span style=\"color: #3a6f8f;\">Public concern\u00e9:\u00a0<\/span><\/strong>El\u00e8ves de coll\u00e8ge<\/p>\n<p style=\"text-align: justify;\"><strong><span style=\"color: #3a6f8f;\">Classes et niveaux:\u00a0<\/span><\/strong>Ouvrir 1 classe, tous niveaux de coll\u00e8ge confondus<\/p>\n<p style=\"text-align: justify;\"><strong>NB:<\/strong> en fonction des inscriptions, des regroupements par niveaux seront envisag\u00e9s<\/p>\n<p style=\"text-align: justify;\"><strong><span style=\"color: #3a6f8f;\">Encadrement:<\/span><\/strong><\/p>\n<ul style=\"text-align: justify;\">\n<li>Un(e) enseignant(e) natif(ve) de l\u2019IF.<\/li>\n<li>Un(e) assistant(e) fera la surveillance du couloir et de l\u2019entr\u00e9e des salles tout au long de la s\u00e9ance de cours<\/li>\n<\/ul>\n<p style=\"text-align: justify;\"><strong><span style=\"color: #3a6f8f;\">Securite:<\/span>\u00a0<\/strong>Les coll\u00e9giens se d\u00e9placeront seuls sur le lieu des cours et repartiront seuls. Un formulaire d\u2019autorisation devra \u00eatre rempli par les parents.<\/p>\n<p style=\"text-align: justify;\"><strong><span style=\"color: #3a6f8f;\">Nombre minimum pour l&rsquo;ouverture du cours:<\/span><\/strong>\u00a05 personnes<\/p>\n<p style=\"text-align: justify;\"><strong><span style=\"color: #3a6f8f;\">Nombre maximum (selon la capacit\u00e9 de la salle):<\/span>\u00a0<\/strong>11 \u00e0 16 personnes.<\/p>\n<p style=\"text-align: justify;\"><strong><span style=\"color: #3a6f8f;\">Fr\u00e9quence et nombre:<\/span>\u00a0<\/strong>De 15h00 \u00e0 16h20, soit 1h20 deux fois par semaine.<\/p>\n<p style=\"text-align: justify;\"><strong><span style=\"color: #3a6f8f;\">Total d&rsquo;heures de cours:<\/span> <\/strong>22h40 sur 17 s\u00e9ances de cours<\/p>\n<p style=\"text-align: justify;\"><strong><span style=\"color: #3a6f8f;\">Calendrier:<\/span><\/strong> \u00b0 LB Ados : Mardi et Jeudi : du 20 avril au 22 juin 2021 (pas de cours les 4 et 6 mai)<\/p>\n<p style=\"text-align: justify;\"><strong><span style=\"color: #3a6f8f;\">Lieu:\u00a0<\/span><\/strong>INSTITUT FRAN\u00c7AIS DE HANO\u00cf \u2013 LONG BIEN \u2013 63 Gia Th\u01b0\u1ee3ng, Long Bi\u00ean<\/p>\n<p style=\"text-align: justify;\"><strong><span style=\"color: #3a6f8f;\">Prix de la formation:<\/span>\u00a0<\/strong>4 100 000 VND<\/p>\n<p style=\"text-align: justify;\"><strong><span style=\"color: #3a6f8f;\">Objectifs g\u00e9n\u00e9raux:<\/span><\/strong><\/p>\n<ol style=\"text-align: justify;\">\n<li><strong> Renforcement de l\u2019acquisition de la langue fran\u00e7aise:<\/strong><\/li>\n<\/ol>\n<ul style=\"text-align: justify;\">\n<li>Grammaire<\/li>\n<li>Conjugaison<\/li>\n<li>Lexique<\/li>\n<li>Orthographe<\/li>\n<li>Compr\u00e9hension et discussion autour de textes \u00e9crits (de l\u2019explicite \u00e0 l\u2019implicite)<\/li>\n<li>R\u00e9daction de textes<\/li>\n<\/ul>\n<p style=\"text-align: justify;\"><strong>2.Renforcement de l\u2019acquisition du lexique de la classe et des consignes :<\/strong> si n\u00e9cessaire, en fonction des besoins. A partir d\u2019exemples concrets tir\u00e9s de consignes scolaires de diff\u00e9rentes mati\u00e8res<\/p>\n<p style=\"text-align: justify;\"><strong>3.Aide m\u00e9thodologique aux devoirs :<\/strong> pour des besoins d\u00e9finis et selon des objectifs sp\u00e9cifiques<\/p>\n<p style=\"text-align: justify;\"><strong><span style=\"color: #3a6f8f;\">M\u00e9thodologie:<\/span><\/strong><\/p>\n<p style=\"text-align: justify;\">L\u2019enseignant offrira un cadre structurant et bienveillant. En tenant compte des objectifs d\u2019apprentissage d\u00e9finis dans les programmes officiels de l\u2019Education nationale, il basera son enseignement sur une vari\u00e9t\u00e9 de supports. Sans oublier l\u2019oral, la phon\u00e9tique et la prononciation, l\u2019accent sera mis sur la structure de la langue \u00e9crite.<\/p>\n<p style=\"text-align: justify;\"><strong><span style=\"color: #3a6f8f;\">Garage sur place:<\/span><\/strong><\/p>\n<p style=\"text-align: justify;\">La surveillance des deux-roues gar\u00e9s dans la rue pendant les heures de cours sera assur\u00e9e par le propri\u00e9taire des locaux moyennant le paiement individuel et volontaire par chaque personne des sommes suivantes : 2000 VND (deux mille vietnam dongs) pour un v\u00e9lo et 3000 (trois mille vietnam dongs) pour une motocyclette.<\/p>\n<p style=\"text-align: justify;\"><strong>Inscription: <\/strong><a href=\"https:\/\/vietnam.extranet-aec.com\/classes\/view\/8\/6\/0\/0\/13\/0\/4\/%23\/\">En ligne <\/a>ou directement \u00e0 l\u2019Espace, 24 Trang Tien, Hoan Kiem<\/p>\n<p style=\"text-align: justify;\">Pour toute demande d\u2019information, contacter : ecolehanoi@ifv.vn ou appeler au (024) 39 36 21 64 extensions 212\/213\/294<\/p>\n<p>[\/vc_column_text][\/vc_column][\/vc_row]<\/p>\n<\/div>","protected":false},"excerpt":{"rendered":"[vc_row][vc_column][vc_column_text] Cours pour les coll\u00e9giens Public concern\u00e9:\u00a0El\u00e8ves de coll\u00e8ge Classes et niveaux:\u00a0Ouvrir 1 classe, tous niveaux de coll\u00e8ge confondus NB: en fonction des inscriptions, des regroupements par niveaux seront envisag\u00e9s Encadrement: Un(e) enseignant(e) natif(ve) de l\u2019IF. Un(e) assistant(e) fera la [...]","protected":false},"author":6,"featured_media":0,"parent":0,"menu_order":0,"comment_status":"open","ping_status":"closed","template":"page-static.php","meta":{"footnotes":""},"class_list":["post-13556","page","type-page","status-publish","hentry"],"acf":[],"yoast_head":"<!-- This site is optimized with the Yoast SEO plugin v25.3.1 - https:\/\/yoast.com\/wordpress\/plugins\/seo\/ -->\n<title>Cours pour les coll\u00e9giens - Vi\u1ec7n Ph\u00e1p t\u1ea1i Vi\u1ec7t Nam | Institut fran\u00e7ais du Vietnam<\/title>\n<meta name=\"robots\" content=\"index, follow, max-snippet:-1, max-image-preview:large, max-video-preview:-1\" \/>\n<link rel=\"canonical\" href=\"https:\/\/ifv.vn\/fr\/cours-pour-collegiens\/\" \/>\n<meta property=\"og:locale\" content=\"fr_FR\" \/>\n<meta property=\"og:type\" content=\"article\" \/>\n<meta property=\"og:title\" content=\"Cours pour les coll\u00e9giens - Vi\u1ec7n Ph\u00e1p t\u1ea1i Vi\u1ec7t Nam | Institut fran\u00e7ais du Vietnam\" \/>\n<meta property=\"og:description\" content=\"[vc_row][vc_column][vc_column_text] Cours pour les coll\u00e9giens Public concern\u00e9:\u00a0El\u00e8ves de coll\u00e8ge Classes et niveaux:\u00a0Ouvrir 1 classe, tous niveaux de coll\u00e8ge confondus NB: en fonction des inscriptions, des regroupements par niveaux seront envisag\u00e9s Encadrement: Un(e) enseignant(e) natif(ve) de l\u2019IF. Un(e) assistant(e) fera la [&hellip;]\" \/>\n<meta property=\"og:url\" content=\"https:\/\/ifv.vn\/fr\/cours-pour-collegiens\/\" \/>\n<meta property=\"og:site_name\" content=\"Vi\u1ec7n Ph\u00e1p t\u1ea1i Vi\u1ec7t Nam | Institut fran\u00e7ais du Vietnam\" \/>\n<meta property=\"article:modified_time\" content=\"2026-01-20T08:00:37+00:00\" \/>\n<meta name=\"twitter:card\" content=\"summary_large_image\" \/>\n<meta name=\"twitter:label1\" content=\"Est. reading time\" \/>\n\t<meta name=\"twitter:data1\" content=\"2 minutes\" \/>\n<script type=\"application\/ld+json\" class=\"yoast-schema-graph\">{\"@context\":\"https:\/\/schema.org\",\"@graph\":[{\"@type\":\"WebPage\",\"@id\":\"https:\/\/ifv.vn\/fr\/cours-pour-collegiens\/\",\"url\":\"https:\/\/ifv.vn\/fr\/cours-pour-collegiens\/\",\"name\":\"Cours pour les coll\u00e9giens - Vi\u1ec7n Ph\u00e1p t\u1ea1i Vi\u1ec7t Nam | Institut fran\u00e7ais du Vietnam\",\"isPartOf\":{\"@id\":\"https:\/\/ifv.vn\/#website\"},\"datePublished\":\"2021-03-26T09:46:14+00:00\",\"dateModified\":\"2026-01-20T08:00:37+00:00\",\"breadcrumb\":{\"@id\":\"https:\/\/ifv.vn\/fr\/cours-pour-collegiens\/#breadcrumb\"},\"inLanguage\":\"fr-FR\",\"potentialAction\":[{\"@type\":\"ReadAction\",\"target\":[\"https:\/\/ifv.vn\/fr\/cours-pour-collegiens\/\"]}]},{\"@type\":\"BreadcrumbList\",\"@id\":\"https:\/\/ifv.vn\/fr\/cours-pour-collegiens\/#breadcrumb\",\"itemListElement\":[{\"@type\":\"ListItem\",\"position\":1,\"name\":\"Home\",\"item\":\"https:\/\/ifv.vn\/fr\/\"},{\"@type\":\"ListItem\",\"position\":2,\"name\":\"Cours pour les coll\u00e9giens\"}]},{\"@type\":\"WebSite\",\"@id\":\"https:\/\/ifv.vn\/#website\",\"url\":\"https:\/\/ifv.vn\/\",\"name\":\"Vi\u1ec7n Ph\u00e1p t\u1ea1i Vi\u1ec7t Nam | Institut fran\u00e7ais du Vietnam\",\"description\":\"\",\"publisher\":{\"@id\":\"https:\/\/ifv.vn\/#organization\"},\"potentialAction\":[{\"@type\":\"SearchAction\",\"target\":{\"@type\":\"EntryPoint\",\"urlTemplate\":\"https:\/\/ifv.vn\/?s={search_term_string}\"},\"query-input\":{\"@type\":\"PropertyValueSpecification\",\"valueRequired\":true,\"valueName\":\"search_term_string\"}}],\"inLanguage\":\"fr-FR\"},{\"@type\":\"Organization\",\"@id\":\"https:\/\/ifv.vn\/#organization\",\"name\":\"Vi\u1ec7n Ph\u00e1p t\u1ea1i Vi\u1ec7t Nam | Institut fran\u00e7ais du Vietnam\",\"url\":\"https:\/\/ifv.vn\/\",\"logo\":{\"@type\":\"ImageObject\",\"inLanguage\":\"fr-FR\",\"@id\":\"https:\/\/ifv.vn\/#\/schema\/logo\/image\/\",\"url\":\"https:\/\/ifv.vn\/wp-content\/uploads\/2025\/10\/cropped-asset-6.png\",\"contentUrl\":\"https:\/\/ifv.vn\/wp-content\/uploads\/2025\/10\/cropped-asset-6.png\",\"width\":248,\"height\":165,\"caption\":\"Vi\u1ec7n Ph\u00e1p t\u1ea1i Vi\u1ec7t Nam | Institut fran\u00e7ais du Vietnam\"},\"image\":{\"@id\":\"https:\/\/ifv.vn\/#\/schema\/logo\/image\/\"}}]}<\/script>\n<!-- \/ Yoast SEO plugin. -->","yoast_head_json":{"title":"Cours pour les coll\u00e9giens - Vi\u1ec7n Ph\u00e1p t\u1ea1i Vi\u1ec7t Nam | Institut fran\u00e7ais du Vietnam","robots":{"index":"index","follow":"follow","max-snippet":"max-snippet:-1","max-image-preview":"max-image-preview:large","max-video-preview":"max-video-preview:-1"},"canonical":"https:\/\/ifv.vn\/fr\/cours-pour-collegiens\/","og_locale":"fr_FR","og_type":"article","og_title":"Cours pour les coll\u00e9giens - Vi\u1ec7n Ph\u00e1p t\u1ea1i Vi\u1ec7t Nam | Institut fran\u00e7ais du Vietnam","og_description":"[vc_row][vc_column][vc_column_text] Cours pour les coll\u00e9giens Public concern\u00e9:\u00a0El\u00e8ves de coll\u00e8ge Classes et niveaux:\u00a0Ouvrir 1 classe, tous niveaux de coll\u00e8ge confondus NB: en fonction des inscriptions, des regroupements par niveaux seront envisag\u00e9s Encadrement: Un(e) enseignant(e) natif(ve) de l\u2019IF. Un(e) assistant(e) fera la [&hellip;]","og_url":"https:\/\/ifv.vn\/fr\/cours-pour-collegiens\/","og_site_name":"Vi\u1ec7n Ph\u00e1p t\u1ea1i Vi\u1ec7t Nam | Institut fran\u00e7ais du Vietnam","article_modified_time":"2026-01-20T08:00:37+00:00","twitter_card":"summary_large_image","twitter_misc":{"Est. reading time":"2 minutes"},"schema":{"@context":"https:\/\/schema.org","@graph":[{"@type":"WebPage","@id":"https:\/\/ifv.vn\/fr\/cours-pour-collegiens\/","url":"https:\/\/ifv.vn\/fr\/cours-pour-collegiens\/","name":"Cours pour les coll\u00e9giens - Vi\u1ec7n Ph\u00e1p t\u1ea1i Vi\u1ec7t Nam | Institut fran\u00e7ais du Vietnam","isPartOf":{"@id":"https:\/\/ifv.vn\/#website"},"datePublished":"2021-03-26T09:46:14+00:00","dateModified":"2026-01-20T08:00:37+00:00","breadcrumb":{"@id":"https:\/\/ifv.vn\/fr\/cours-pour-collegiens\/#breadcrumb"},"inLanguage":"fr-FR","potentialAction":[{"@type":"ReadAction","target":["https:\/\/ifv.vn\/fr\/cours-pour-collegiens\/"]}]},{"@type":"BreadcrumbList","@id":"https:\/\/ifv.vn\/fr\/cours-pour-collegiens\/#breadcrumb","itemListElement":[{"@type":"ListItem","position":1,"name":"Home","item":"https:\/\/ifv.vn\/fr\/"},{"@type":"ListItem","position":2,"name":"Cours pour les coll\u00e9giens"}]},{"@type":"WebSite","@id":"https:\/\/ifv.vn\/#website","url":"https:\/\/ifv.vn\/","name":"Vi\u1ec7n Ph\u00e1p t\u1ea1i Vi\u1ec7t Nam | Institut fran\u00e7ais du Vietnam","description":"","publisher":{"@id":"https:\/\/ifv.vn\/#organization"},"potentialAction":[{"@type":"SearchAction","target":{"@type":"EntryPoint","urlTemplate":"https:\/\/ifv.vn\/?s={search_term_string}"},"query-input":{"@type":"PropertyValueSpecification","valueRequired":true,"valueName":"search_term_string"}}],"inLanguage":"fr-FR"},{"@type":"Organization","@id":"https:\/\/ifv.vn\/#organization","name":"Vi\u1ec7n Ph\u00e1p t\u1ea1i Vi\u1ec7t Nam | Institut fran\u00e7ais du Vietnam","url":"https:\/\/ifv.vn\/","logo":{"@type":"ImageObject","inLanguage":"fr-FR","@id":"https:\/\/ifv.vn\/#\/schema\/logo\/image\/","url":"https:\/\/ifv.vn\/wp-content\/uploads\/2025\/10\/cropped-asset-6.png","contentUrl":"https:\/\/ifv.vn\/wp-content\/uploads\/2025\/10\/cropped-asset-6.png","width":248,"height":165,"caption":"Vi\u1ec7n Ph\u00e1p t\u1ea1i Vi\u1ec7t Nam | Institut fran\u00e7ais du Vietnam"},"image":{"@id":"https:\/\/ifv.vn\/#\/schema\/logo\/image\/"}}]}},"_links":{"self":[{"href":"https:\/\/ifv.vn\/fr\/wp-json\/wp\/v2\/pages\/13556"}],"collection":[{"href":"https:\/\/ifv.vn\/fr\/wp-json\/wp\/v2\/pages"}],"about":[{"href":"https:\/\/ifv.vn\/fr\/wp-json\/wp\/v2\/types\/page"}],"author":[{"embeddable":true,"href":"https:\/\/ifv.vn\/fr\/wp-json\/wp\/v2\/users\/6"}],"replies":[{"embeddable":true,"href":"https:\/\/ifv.vn\/fr\/wp-json\/wp\/v2\/comments?post=13556"}],"version-history":[{"count":8,"href":"https:\/\/ifv.vn\/fr\/wp-json\/wp\/v2\/pages\/13556\/revisions"}],"predecessor-version":[{"id":25106,"href":"https:\/\/ifv.vn\/fr\/wp-json\/wp\/v2\/pages\/13556\/revisions\/25106"}],"wp:attachment":[{"href":"https:\/\/ifv.vn\/fr\/wp-json\/wp\/v2\/media?parent=13556"}],"curies":[{"name":"wp","href":"https:\/\/api.w.org\/{rel}","templated":true}]}}