{"id":13570,"date":"2021-03-27T10:15:29","date_gmt":"2021-03-27T03:15:29","guid":{"rendered":"https:\/\/ifv.vn\/?page_id=13570"},"modified":"2026-01-20T15:03:10","modified_gmt":"2026-01-20T08:03:10","slug":"cours-pour-parents","status":"publish","type":"page","link":"https:\/\/ifv.vn\/fr\/cours-pour-parents\/","title":{"rendered":"Cours d\u00e9butant pour les parents"},"content":{"rendered":"<div class=\"wpb-content-wrapper\"><p>[vc_row][vc_column][vc_column_text]<\/p>\n<h2><span style=\"color: #3a6f8f;\">Cours pour parents d\u2019\u00e9l\u00e8ves \u2013 Initiation au fran\u00e7ais et au syst\u00e8me \u00e9ducatif fran\u00e7ais<\/span><\/h2>\n<p><span class=\"accroche\"><strong><span style=\"color: #3a6f8f;\">Public concern\u00e9: <\/span><\/strong>Parents d\u2019\u00e9l\u00e8ves du Lyc\u00e9e fran\u00e7ais Alexandre Yersin<\/span><\/p>\n<p><span class=\"accroche\"><strong><span style=\"color: #3a6f8f;\">Classes et niveaux:\u00a0<\/span><\/strong>Ouvrir 1 classe de d\u00e9butants (niveau A1)<\/span><\/p>\n<p><strong><span style=\"color: #3a6f8f;\">Encadrement:<\/span><\/strong><\/p>\n<ul>\n<li>Un(e) enseignant(e) natif(ve) de l\u2019IF<\/li>\n<li>Un(e) enseignant(e) vietnamien(ne)<\/li>\n<\/ul>\n<p><strong><span style=\"color: #3a6f8f;\">Nombre minimum pour l&rsquo;ouverture du cours:<\/span><\/strong> 10 personnes<\/p>\n<p><strong><span style=\"color: #3a6f8f;\">Nombre maximum:<\/span><\/strong><\/p>\n<ul>\n<li><strong>Cours en pr\u00e9sentiel\u00a0:<\/strong> 11 \u00e0 16 personnes<strong>\u00a0<\/strong>(selon la capacit\u00e9 de la salle)<\/li>\n<li><strong>Cours en ligne\u00a0:<\/strong> 12 maximum<\/li>\n<\/ul>\n<p><strong><span style=\"color: #3a6f8f;\">Fr\u00e9quence et nombre:\u00a0<\/span><\/strong>De 8h35 \u00e0 11h35, soit 3h deux fois par semaine.<\/p>\n<p><strong><span style=\"color: #3a6f8f;\">Total d&rsquo;heures de cours:<\/span> <\/strong>72h sur 24 s\u00e9ances de cours<\/p>\n<p><strong><span style=\"color: #3a6f8f;\">Calendrier:<\/span><\/strong> <strong>\u00b0 <\/strong>LB Parents\u00a0: Mercredi et Vendredi\u00a0:<strong> du mercredi 15 septembre au vendredi 17 d\u00e9cembre<\/strong> (pas de cours pendant les vacances scolaires du Lfay)<\/p>\n<p><strong><span style=\"color: #3a6f8f;\">Lieu:<\/span><\/strong><\/p>\n<ul>\n<li><strong>Cours en pr\u00e9sentiel\u00a0:\u00a0<\/strong>INSTITUT FRAN\u00c7AIS DE HANO\u00cf \u2013 LONG BIEN \u2013 63 Gia Th\u01b0\u1ee3ng, Long Bi\u00ean<\/li>\n<li><strong>Cours en ligne\u00a0:<\/strong> PLATEFORME APOLEARN<\/li>\n<\/ul>\n<p><strong><span style=\"color: #3a6f8f;\">Prix de la formation:<\/span> <\/strong>6 900\u00a0000 VND<\/p>\n<p><strong><span style=\"color: #3a6f8f;\">Objectifs g\u00e9n\u00e9raux:<\/span><\/strong><\/p>\n<p><strong>1.Cours de d\u00e9butants en langue fran\u00e7aise: Niveau A1<\/strong><\/p>\n<ul>\n<li>D\u00e9veloppement de toutes les comp\u00e9tences pour ma\u00eetriser les fondamentaux en fran\u00e7ais g\u00e9n\u00e9ral (expression et compr\u00e9hension \u00e9crites et orales)<\/li>\n<\/ul>\n<p><strong>2.Notions sur le syst\u00e8me \u00e9ducatif fran\u00e7ais (SEF):<\/strong><\/p>\n<ul>\n<li>Introduction \u00e0 l\u2019environnement p\u00e9dagogique du lyc\u00e9e fran\u00e7ais<\/li>\n<li>Renforcement de la communication avec les enseignants et l\u2019administration<\/li>\n<li>Meilleure connaissance du r\u00f4le de parent d\u2019\u00e9l\u00e8ve<\/li>\n<\/ul>\n<p><strong>NB :\u00a0<\/strong>les s\u00e9ances consacr\u00e9es au SEF seront assur\u00e9es par l\u2019enseignant(e) natif(ve)<\/p>\n<p><strong><span style=\"color: #3a6f8f;\">M\u00e9thodologie:<\/span><\/strong><\/p>\n<p>Les enseignants chevronn\u00e9s et exp\u00e9riment\u00e9s donneront les bases du fran\u00e7ais g\u00e9n\u00e9ral afin de progresser dans la compr\u00e9hension orale et \u00e9crite en particulier.\u00a0 En tenant compte des sp\u00e9cificit\u00e9s du syst\u00e8me scolaire fran\u00e7ais, ils donneront les cl\u00e9s de compr\u00e9hension de l\u2019environnement \u00e9ducatif en lyc\u00e9e fran\u00e7ais.\u00a0 A partir d\u2019exemples concrets, ils permettront aux parents d\u2019accompagner leurs enfants dans leur scolarit\u00e9.<\/p>\n<p><strong><span style=\"color: #3a6f8f;\">Garage sur place:<\/span><\/strong><\/p>\n<p>La surveillance des deux-roues gar\u00e9s dans la rue pendant les heures de cours sera assur\u00e9e par le propri\u00e9taire des locaux moyennant le paiement individuel et volontaire par chaque personne des sommes suivantes\u00a0:\u00a0 2000 VND (deux mille vietnam dongs) pour un v\u00e9lo\u00a0 et 3000 (trois mille vietnam dongs) pour une motocyclette.<\/p>\n<p><strong>Inscription:\u00a0<\/strong><a href=\"https:\/\/vietnam.extranet-aec.com\/classes\/view\/8\/3\/0\/0\/13\/0\/4\/%23\/\">En ligne <\/a>ou directement \u00e0 l\u2019Espace, 24 Trang Tien, Hoan Kiem<\/p>\n<p>Pour toute demande d\u2019information, contacter : ecolehanoi@ifv.vn ou appeler au (024) 39 36 21 64 extensions 212\/213\/294<\/p>\n<p>[\/vc_column_text][\/vc_column][\/vc_row]<\/p>\n<\/div>","protected":false},"excerpt":{"rendered":"[vc_row][vc_column][vc_column_text] Cours pour parents d\u2019\u00e9l\u00e8ves \u2013 Initiation au fran\u00e7ais et au syst\u00e8me \u00e9ducatif fran\u00e7ais Public concern\u00e9: Parents d\u2019\u00e9l\u00e8ves du Lyc\u00e9e fran\u00e7ais Alexandre Yersin Classes et niveaux:\u00a0Ouvrir 1 classe de d\u00e9butants (niveau A1) Encadrement: Un(e) enseignant(e) natif(ve) de l\u2019IF Un(e) enseignant(e) [...]","protected":false},"author":6,"featured_media":0,"parent":0,"menu_order":0,"comment_status":"open","ping_status":"closed","template":"page-static.php","meta":{"footnotes":""},"class_list":["post-13570","page","type-page","status-publish","hentry"],"acf":[],"yoast_head":"<!-- This site is optimized with the Yoast SEO plugin v25.3.1 - https:\/\/yoast.com\/wordpress\/plugins\/seo\/ -->\n<title>Cours d\u00e9butant pour les parents - Vi\u1ec7n Ph\u00e1p t\u1ea1i Vi\u1ec7t Nam | Institut fran\u00e7ais du Vietnam<\/title>\n<meta name=\"robots\" content=\"index, follow, max-snippet:-1, max-image-preview:large, max-video-preview:-1\" \/>\n<link rel=\"canonical\" href=\"https:\/\/ifv.vn\/fr\/cours-pour-parents\/\" \/>\n<meta property=\"og:locale\" content=\"fr_FR\" \/>\n<meta property=\"og:type\" content=\"article\" \/>\n<meta property=\"og:title\" content=\"Cours d\u00e9butant pour les parents - Vi\u1ec7n Ph\u00e1p t\u1ea1i Vi\u1ec7t Nam | Institut fran\u00e7ais du Vietnam\" \/>\n<meta property=\"og:description\" content=\"[vc_row][vc_column][vc_column_text] Cours pour parents d\u2019\u00e9l\u00e8ves \u2013 Initiation au fran\u00e7ais et au syst\u00e8me \u00e9ducatif fran\u00e7ais Public concern\u00e9: Parents d\u2019\u00e9l\u00e8ves du Lyc\u00e9e fran\u00e7ais Alexandre Yersin Classes et niveaux:\u00a0Ouvrir 1 classe de d\u00e9butants (niveau A1) Encadrement: Un(e) enseignant(e) natif(ve) de l\u2019IF Un(e) enseignant(e) [&hellip;]\" \/>\n<meta property=\"og:url\" content=\"https:\/\/ifv.vn\/fr\/cours-pour-parents\/\" \/>\n<meta property=\"og:site_name\" content=\"Vi\u1ec7n Ph\u00e1p t\u1ea1i Vi\u1ec7t Nam | Institut fran\u00e7ais du Vietnam\" \/>\n<meta property=\"article:modified_time\" content=\"2026-01-20T08:03:10+00:00\" \/>\n<meta name=\"twitter:card\" content=\"summary_large_image\" \/>\n<meta name=\"twitter:label1\" content=\"Est. reading time\" \/>\n\t<meta name=\"twitter:data1\" content=\"2 minutes\" \/>\n<script type=\"application\/ld+json\" class=\"yoast-schema-graph\">{\"@context\":\"https:\/\/schema.org\",\"@graph\":[{\"@type\":\"WebPage\",\"@id\":\"https:\/\/ifv.vn\/fr\/cours-pour-parents\/\",\"url\":\"https:\/\/ifv.vn\/fr\/cours-pour-parents\/\",\"name\":\"Cours d\u00e9butant pour les parents - Vi\u1ec7n Ph\u00e1p t\u1ea1i Vi\u1ec7t Nam | Institut fran\u00e7ais du Vietnam\",\"isPartOf\":{\"@id\":\"https:\/\/ifv.vn\/#website\"},\"datePublished\":\"2021-03-27T03:15:29+00:00\",\"dateModified\":\"2026-01-20T08:03:10+00:00\",\"breadcrumb\":{\"@id\":\"https:\/\/ifv.vn\/fr\/cours-pour-parents\/#breadcrumb\"},\"inLanguage\":\"fr-FR\",\"potentialAction\":[{\"@type\":\"ReadAction\",\"target\":[\"https:\/\/ifv.vn\/fr\/cours-pour-parents\/\"]}]},{\"@type\":\"BreadcrumbList\",\"@id\":\"https:\/\/ifv.vn\/fr\/cours-pour-parents\/#breadcrumb\",\"itemListElement\":[{\"@type\":\"ListItem\",\"position\":1,\"name\":\"Home\",\"item\":\"https:\/\/ifv.vn\/fr\/\"},{\"@type\":\"ListItem\",\"position\":2,\"name\":\"Cours d\u00e9butant pour les parents\"}]},{\"@type\":\"WebSite\",\"@id\":\"https:\/\/ifv.vn\/#website\",\"url\":\"https:\/\/ifv.vn\/\",\"name\":\"Vi\u1ec7n Ph\u00e1p t\u1ea1i Vi\u1ec7t Nam | Institut fran\u00e7ais du Vietnam\",\"description\":\"\",\"publisher\":{\"@id\":\"https:\/\/ifv.vn\/#organization\"},\"potentialAction\":[{\"@type\":\"SearchAction\",\"target\":{\"@type\":\"EntryPoint\",\"urlTemplate\":\"https:\/\/ifv.vn\/?s={search_term_string}\"},\"query-input\":{\"@type\":\"PropertyValueSpecification\",\"valueRequired\":true,\"valueName\":\"search_term_string\"}}],\"inLanguage\":\"fr-FR\"},{\"@type\":\"Organization\",\"@id\":\"https:\/\/ifv.vn\/#organization\",\"name\":\"Vi\u1ec7n Ph\u00e1p t\u1ea1i Vi\u1ec7t Nam | Institut fran\u00e7ais du Vietnam\",\"url\":\"https:\/\/ifv.vn\/\",\"logo\":{\"@type\":\"ImageObject\",\"inLanguage\":\"fr-FR\",\"@id\":\"https:\/\/ifv.vn\/#\/schema\/logo\/image\/\",\"url\":\"https:\/\/ifv.vn\/wp-content\/uploads\/2025\/10\/cropped-asset-6.png\",\"contentUrl\":\"https:\/\/ifv.vn\/wp-content\/uploads\/2025\/10\/cropped-asset-6.png\",\"width\":248,\"height\":165,\"caption\":\"Vi\u1ec7n Ph\u00e1p t\u1ea1i Vi\u1ec7t Nam | Institut fran\u00e7ais du Vietnam\"},\"image\":{\"@id\":\"https:\/\/ifv.vn\/#\/schema\/logo\/image\/\"}}]}<\/script>\n<!-- \/ Yoast SEO plugin. -->","yoast_head_json":{"title":"Cours d\u00e9butant pour les parents - Vi\u1ec7n Ph\u00e1p t\u1ea1i Vi\u1ec7t Nam | Institut fran\u00e7ais du Vietnam","robots":{"index":"index","follow":"follow","max-snippet":"max-snippet:-1","max-image-preview":"max-image-preview:large","max-video-preview":"max-video-preview:-1"},"canonical":"https:\/\/ifv.vn\/fr\/cours-pour-parents\/","og_locale":"fr_FR","og_type":"article","og_title":"Cours d\u00e9butant pour les parents - Vi\u1ec7n Ph\u00e1p t\u1ea1i Vi\u1ec7t Nam | Institut fran\u00e7ais du Vietnam","og_description":"[vc_row][vc_column][vc_column_text] Cours pour parents d\u2019\u00e9l\u00e8ves \u2013 Initiation au fran\u00e7ais et au syst\u00e8me \u00e9ducatif fran\u00e7ais Public concern\u00e9: Parents d\u2019\u00e9l\u00e8ves du Lyc\u00e9e fran\u00e7ais Alexandre Yersin Classes et niveaux:\u00a0Ouvrir 1 classe de d\u00e9butants (niveau A1) Encadrement: Un(e) enseignant(e) natif(ve) de l\u2019IF Un(e) enseignant(e) [&hellip;]","og_url":"https:\/\/ifv.vn\/fr\/cours-pour-parents\/","og_site_name":"Vi\u1ec7n Ph\u00e1p t\u1ea1i Vi\u1ec7t Nam | Institut fran\u00e7ais du Vietnam","article_modified_time":"2026-01-20T08:03:10+00:00","twitter_card":"summary_large_image","twitter_misc":{"Est. reading time":"2 minutes"},"schema":{"@context":"https:\/\/schema.org","@graph":[{"@type":"WebPage","@id":"https:\/\/ifv.vn\/fr\/cours-pour-parents\/","url":"https:\/\/ifv.vn\/fr\/cours-pour-parents\/","name":"Cours d\u00e9butant pour les parents - Vi\u1ec7n Ph\u00e1p t\u1ea1i Vi\u1ec7t Nam | Institut fran\u00e7ais du Vietnam","isPartOf":{"@id":"https:\/\/ifv.vn\/#website"},"datePublished":"2021-03-27T03:15:29+00:00","dateModified":"2026-01-20T08:03:10+00:00","breadcrumb":{"@id":"https:\/\/ifv.vn\/fr\/cours-pour-parents\/#breadcrumb"},"inLanguage":"fr-FR","potentialAction":[{"@type":"ReadAction","target":["https:\/\/ifv.vn\/fr\/cours-pour-parents\/"]}]},{"@type":"BreadcrumbList","@id":"https:\/\/ifv.vn\/fr\/cours-pour-parents\/#breadcrumb","itemListElement":[{"@type":"ListItem","position":1,"name":"Home","item":"https:\/\/ifv.vn\/fr\/"},{"@type":"ListItem","position":2,"name":"Cours d\u00e9butant pour les parents"}]},{"@type":"WebSite","@id":"https:\/\/ifv.vn\/#website","url":"https:\/\/ifv.vn\/","name":"Vi\u1ec7n Ph\u00e1p t\u1ea1i Vi\u1ec7t Nam | Institut fran\u00e7ais du Vietnam","description":"","publisher":{"@id":"https:\/\/ifv.vn\/#organization"},"potentialAction":[{"@type":"SearchAction","target":{"@type":"EntryPoint","urlTemplate":"https:\/\/ifv.vn\/?s={search_term_string}"},"query-input":{"@type":"PropertyValueSpecification","valueRequired":true,"valueName":"search_term_string"}}],"inLanguage":"fr-FR"},{"@type":"Organization","@id":"https:\/\/ifv.vn\/#organization","name":"Vi\u1ec7n Ph\u00e1p t\u1ea1i Vi\u1ec7t Nam | Institut fran\u00e7ais du Vietnam","url":"https:\/\/ifv.vn\/","logo":{"@type":"ImageObject","inLanguage":"fr-FR","@id":"https:\/\/ifv.vn\/#\/schema\/logo\/image\/","url":"https:\/\/ifv.vn\/wp-content\/uploads\/2025\/10\/cropped-asset-6.png","contentUrl":"https:\/\/ifv.vn\/wp-content\/uploads\/2025\/10\/cropped-asset-6.png","width":248,"height":165,"caption":"Vi\u1ec7n Ph\u00e1p t\u1ea1i Vi\u1ec7t Nam | Institut fran\u00e7ais du Vietnam"},"image":{"@id":"https:\/\/ifv.vn\/#\/schema\/logo\/image\/"}}]}},"_links":{"self":[{"href":"https:\/\/ifv.vn\/fr\/wp-json\/wp\/v2\/pages\/13570"}],"collection":[{"href":"https:\/\/ifv.vn\/fr\/wp-json\/wp\/v2\/pages"}],"about":[{"href":"https:\/\/ifv.vn\/fr\/wp-json\/wp\/v2\/types\/page"}],"author":[{"embeddable":true,"href":"https:\/\/ifv.vn\/fr\/wp-json\/wp\/v2\/users\/6"}],"replies":[{"embeddable":true,"href":"https:\/\/ifv.vn\/fr\/wp-json\/wp\/v2\/comments?post=13570"}],"version-history":[{"count":12,"href":"https:\/\/ifv.vn\/fr\/wp-json\/wp\/v2\/pages\/13570\/revisions"}],"predecessor-version":[{"id":25111,"href":"https:\/\/ifv.vn\/fr\/wp-json\/wp\/v2\/pages\/13570\/revisions\/25111"}],"wp:attachment":[{"href":"https:\/\/ifv.vn\/fr\/wp-json\/wp\/v2\/media?parent=13570"}],"curies":[{"name":"wp","href":"https:\/\/api.w.org\/{rel}","templated":true}]}}