{"id":21595,"date":"2024-10-09T18:52:53","date_gmt":"2024-10-09T11:52:53","guid":{"rendered":"https:\/\/ifv.vn\/?page_id=21595"},"modified":"2026-03-20T16:03:33","modified_gmt":"2026-03-20T09:03:33","slug":"camps-dete-en-france-pour-adolescent","status":"publish","type":"page","link":"https:\/\/ifv.vn\/fr\/francais\/sejour-linguistique\/camps-dete-en-france-pour-adolescent\/","title":{"rendered":"Camps d&rsquo;\u00e9t\u00e9 (groupes de mineurs)"},"content":{"rendered":"<div class=\"wpb-content-wrapper\"><p>[vc_row][vc_column][vc_wp_text title=&nbsp;&raquo;Nos s\u00e9jours linguistiques et culturels pour adolescents (de 12 \u00e0 17 ans)&nbsp;&raquo;]<\/p>\n<p><em><strong>Un service complet avec l&rsquo;accompagnement de l&rsquo;Institut fran\u00e7ais du Vietnam, de A \u00e0 Z, jusqu&rsquo;en France !<\/strong><\/em><\/p>\n<p>Vous souhaitez offrir \u00e0 votre enfant une occasion unique d&rsquo;apprendre le fran\u00e7ais en totale immersion et d\u00e9couvrir la culture fran\u00e7aise \u00e0 travers des exp\u00e9riences internationales et interculturelles riches et vari\u00e9es ?<\/p>\n<p>L\u2019Institut fran\u00e7ais du Vietnam propose un service complet pour la mise en place d&rsquo;un s\u00e9jour de qualit\u00e9 en toute s\u00e9curit\u00e9. Billet d&rsquo;avion, assurances, h\u00e9bergement, programme, constitution du dossier pour le visa&#8230;nous nous occupons de tout !<\/p>\n<p>De plus, c&rsquo;est un agent de l&rsquo;Institut fran\u00e7ais du Vietnam qui accompagne le groupe d&rsquo;enfants depuis le Vietnam jusque sur place pendant toute la dur\u00e9e du s\u00e9jour.<\/p>\n<p>[\/vc_wp_text][vc_tta_tabs active_section=&nbsp;&raquo;1&Prime; title=&nbsp;&raquo;Nos s\u00e9jours 2026&Prime;][vc_tta_section title=&nbsp;&raquo;S\u00e9jour de juin : NORMANDIE+PARIS&nbsp;&raquo; tab_id=&nbsp;&raquo;1716473449313-9e45c11a-a328&Prime;][vc_wp_text]<\/p>\n<p><a href=\"https:\/\/ifv.vn\/wp-content\/uploads\/2026\/03\/vien-phap-tai-viet-nam-if-vietnam-trai-he-phap-202606.png\"><img loading=\"lazy\" decoding=\"async\" class=\"alignnone size-full wp-image-25251\" src=\"https:\/\/ifv.vn\/wp-content\/uploads\/2026\/03\/vien-phap-tai-viet-nam-if-vietnam-trai-he-phap-202606.png\" alt=\"Vi\u1ec7n Ph\u00e1p t\u1ea1i Vi\u1ec7t Nam IF Vietnam - Tr\u1ea1i h\u00e8 Ph\u00e1p 202606\" width=\"800\" height=\"250\" srcset=\"https:\/\/ifv.vn\/wp-content\/uploads\/2026\/03\/vien-phap-tai-viet-nam-if-vietnam-trai-he-phap-202606.png 800w, https:\/\/ifv.vn\/wp-content\/uploads\/2026\/03\/vien-phap-tai-viet-nam-if-vietnam-trai-he-phap-202606-300x94.png 300w, https:\/\/ifv.vn\/wp-content\/uploads\/2026\/03\/vien-phap-tai-viet-nam-if-vietnam-trai-he-phap-202606-768x240.png 768w\" sizes=\"(max-width: 800px) 100vw, 800px\" \/><\/a><\/p>\n<blockquote>\n<p>2 SEMAINES INTENSES EN NORMANDIE + VISITE DU LOUVRE, TOUR EIFFEL ET CHATEAU DE VERSAILLES !<\/p>\n<\/blockquote>\n<p><strong>&#x2757;&#xfe0f;ATTENTION : places limit\u00e9es, inscriptions avant le 17 avril 2026<br \/>\n&#x1f3f7;&#xfe0f; R\u00e9duction de -5M pour les inscriptions avant le 10 avril !<\/strong><\/p>\n<p>&#x1f4c6; Dates : du 13 au 29 juin 2026 (2 semaines)<\/p>\n<p><span style=\"background: white;\">&#x2708;&#xfe0f; <\/span>Destination : s\u00e9jour principal en Normandie + excursion \u00e0 Paris<\/p>\n<p>&#x1f4dd; Aper\u00e7u du programme :<\/p>\n<ul>\n<li style=\"list-style-type: none;\">\n<ul>\n<li>Cours de fran\u00e7ais le matin en semaine<\/li>\n<li>Activit\u00e9s sportives et culturelles l&rsquo;apr\u00e8s-midi : ateliers de p\u00e2tisserie, accrobranche, laser game, historial de Jeanne d&rsquo;Arc&#8230;<\/li>\n<li>Excursions \u00e0 Etretat, Mont Saint-Michel<\/li>\n<li>Tour Eiffel + Mus\u00e9e du Louvre \u00e0 Paris + Ch\u00e2teau de Versailles !<\/li>\n<\/ul>\n<\/li>\n<\/ul>\n<p>[\/vc_wp_text][\/vc_tta_section][vc_tta_section title=&nbsp;&raquo;S\u00e9jour de juillet : AUVERGNE+RHONE-ALPES+PARIS&nbsp;&raquo; tab_id=&nbsp;&raquo;1711127390642-a27e9921-83cb&nbsp;&raquo;][vc_wp_text]<\/p>\n<p><strong><a href=\"https:\/\/ifv.vn\/wp-content\/uploads\/2026\/03\/vien-phap-tai-viet-nam-if-vietnam-trai-he-phap-202607.png\"><img loading=\"lazy\" decoding=\"async\" class=\"alignnone size-full wp-image-25253\" src=\"https:\/\/ifv.vn\/wp-content\/uploads\/2026\/03\/vien-phap-tai-viet-nam-if-vietnam-trai-he-phap-202607.png\" alt=\"Vi\u1ec7n Ph\u00e1p t\u1ea1i Vi\u1ec7t Nam IF Vietnam - Tr\u1ea1i h\u00e8 Ph\u00e1p 202606\" width=\"800\" height=\"250\" srcset=\"https:\/\/ifv.vn\/wp-content\/uploads\/2026\/03\/vien-phap-tai-viet-nam-if-vietnam-trai-he-phap-202607.png 800w, https:\/\/ifv.vn\/wp-content\/uploads\/2026\/03\/vien-phap-tai-viet-nam-if-vietnam-trai-he-phap-202607-300x94.png 300w, https:\/\/ifv.vn\/wp-content\/uploads\/2026\/03\/vien-phap-tai-viet-nam-if-vietnam-trai-he-phap-202607-768x240.png 768w\" sizes=\"(max-width: 800px) 100vw, 800px\" \/><\/a><\/strong><\/p>\n<blockquote>\n<p>3 SEMAINES INOUBLIABLES EN AUVERGNE, RH\u00d4NE-ALPES + TOUR EIFFEL + DISNEYLAND PARIS !!<\/p>\n<\/blockquote>\n<p><strong>&#x2757;&#xfe0f;ATTENTION : places limit\u00e9es, inscriptions avant le 17 avril 2026<br \/>\n&#x1f3f7;&#xfe0f; R\u00e9duction de -5M pour les inscriptions avant le 10 avril !<\/strong><\/p>\n<p>&#x1f4c6; Dates : du 27 juin au 20 juillet 2026 (3 semaines)<\/p>\n<p><span style=\"background: white;\">&#x2708;&#xfe0f; <\/span>Destination : s\u00e9jour en r\u00e9gion Auvergne, Rh\u00f4ne-Alpes, et Paris : 4 villes incroyables \u00e0 d\u00e9couvrir !<\/p>\n<p>&#x1f4dd; Aper\u00e7u du programme :<\/p>\n<ul>\n<li style=\"list-style-type: none;\">\n<ul>\n<li>Cours de fran\u00e7ais le matin en semaine<\/li>\n<li>Activit\u00e9s sportives et culturelles l&rsquo;apr\u00e8s-midi : ateliers de cuisine, activit\u00e9s nautiques, visite de ch\u00e2teaux, village m\u00e9di\u00e9val&#8230;<\/li>\n<li>Excursion \u00e0 Paris : Tour Eiffel, Cath\u00e9drale Notre-Dame, Op\u00e9ra Garnier&#8230;..Disneyland !!<\/li>\n<\/ul>\n<\/li>\n<\/ul>\n<p>[\/vc_wp_text][\/vc_tta_section][\/vc_tta_tabs][acf_vc_integrator get_field_data_from=&nbsp;&raquo;&nbsp;&raquo; field_group=&nbsp;&raquo;3830&Prime; field_from_3830=&nbsp;&raquo;field_5aaa24ec599ef&nbsp;&raquo; show_label=&nbsp;&raquo;&nbsp;&raquo; align=&nbsp;&raquo;default&nbsp;&raquo; gm_show_placecard=&nbsp;&raquo;default&nbsp;&raquo; gm_map_type_control=&nbsp;&raquo;default&nbsp;&raquo; gm_fullscreen_control=&nbsp;&raquo;default&nbsp;&raquo; gm_street_view_control=&nbsp;&raquo;default&nbsp;&raquo; gm_zoom_control=&nbsp;&raquo;default&nbsp;&raquo; gm_scale=&nbsp;&raquo;default&nbsp;&raquo;][\/vc_column][\/vc_row]<\/p>\n<\/div>","protected":false},"excerpt":{"rendered":"[vc_row][vc_column][vc_wp_text title=\"Nos s\u00e9jours linguistiques et culturels pour adolescents (de 12 \u00e0 17 ans)\"] Un service complet avec l'accompagnement de l'Institut fran\u00e7ais du Vietnam, de A \u00e0 Z, jusqu'en France ! Vous souhaitez offrir \u00e0 votre enfant une occasion unique d'apprendre [...]","protected":false},"author":21,"featured_media":0,"parent":1410,"menu_order":0,"comment_status":"open","ping_status":"closed","template":"page-static.php","meta":{"footnotes":""},"class_list":["post-21595","page","type-page","status-publish","hentry","ville_category-en-ligne"],"acf":[],"yoast_head":"<!-- This site is optimized with the Yoast SEO plugin v25.3.1 - https:\/\/yoast.com\/wordpress\/plugins\/seo\/ -->\n<title>Camps d&#039;\u00e9t\u00e9 (groupes de mineurs) - Vi\u1ec7n Ph\u00e1p t\u1ea1i Vi\u1ec7t Nam | Institut fran\u00e7ais du Vietnam<\/title>\n<meta name=\"description\" content=\"S\u00e9jour linguistique : service complet de l&#039;Institut fran\u00e7ais du Vietnam pour la mise en oeuvre d&#039;un camp d&#039;\u00e9t\u00e9 en France pour votre enfant\" \/>\n<meta name=\"robots\" content=\"index, follow, max-snippet:-1, max-image-preview:large, max-video-preview:-1\" \/>\n<link rel=\"canonical\" href=\"https:\/\/ifv.vn\/fr\/francais\/sejour-linguistique\/camps-dete-en-france-pour-adolescent\/\" \/>\n<meta property=\"og:locale\" content=\"fr_FR\" \/>\n<meta property=\"og:type\" content=\"article\" \/>\n<meta property=\"og:title\" content=\"Camps d&#039;\u00e9t\u00e9 (groupes de mineurs) - Vi\u1ec7n Ph\u00e1p t\u1ea1i Vi\u1ec7t Nam | Institut fran\u00e7ais du Vietnam\" \/>\n<meta property=\"og:description\" content=\"S\u00e9jour linguistique : service complet de l&#039;Institut fran\u00e7ais du Vietnam pour la mise en oeuvre d&#039;un camp d&#039;\u00e9t\u00e9 en France pour votre enfant\" \/>\n<meta property=\"og:url\" content=\"https:\/\/ifv.vn\/fr\/francais\/sejour-linguistique\/camps-dete-en-france-pour-adolescent\/\" \/>\n<meta property=\"og:site_name\" content=\"Vi\u1ec7n Ph\u00e1p t\u1ea1i Vi\u1ec7t Nam | Institut fran\u00e7ais du Vietnam\" \/>\n<meta property=\"article:modified_time\" content=\"2026-03-20T09:03:33+00:00\" \/>\n<meta property=\"og:image\" content=\"https:\/\/ifv.vn\/wp-content\/uploads\/2026\/03\/vien-phap-tai-viet-nam-if-vietnam-trai-he-phap-202606.png\" \/>\n\t<meta property=\"og:image:width\" content=\"800\" \/>\n\t<meta property=\"og:image:height\" content=\"250\" \/>\n\t<meta property=\"og:image:type\" content=\"image\/png\" \/>\n<meta name=\"twitter:card\" content=\"summary_large_image\" \/>\n<meta name=\"twitter:label1\" content=\"Est. reading time\" \/>\n\t<meta name=\"twitter:data1\" content=\"2 minutes\" \/>\n<script type=\"application\/ld+json\" class=\"yoast-schema-graph\">{\"@context\":\"https:\/\/schema.org\",\"@graph\":[{\"@type\":\"WebPage\",\"@id\":\"https:\/\/ifv.vn\/fr\/francais\/sejour-linguistique\/camps-dete-en-france-pour-adolescent\/\",\"url\":\"https:\/\/ifv.vn\/fr\/francais\/sejour-linguistique\/camps-dete-en-france-pour-adolescent\/\",\"name\":\"Camps d'\u00e9t\u00e9 (groupes de mineurs) - Vi\u1ec7n Ph\u00e1p t\u1ea1i Vi\u1ec7t Nam | Institut fran\u00e7ais du Vietnam\",\"isPartOf\":{\"@id\":\"https:\/\/ifv.vn\/#website\"},\"primaryImageOfPage\":{\"@id\":\"https:\/\/ifv.vn\/fr\/francais\/sejour-linguistique\/camps-dete-en-france-pour-adolescent\/#primaryimage\"},\"image\":{\"@id\":\"https:\/\/ifv.vn\/fr\/francais\/sejour-linguistique\/camps-dete-en-france-pour-adolescent\/#primaryimage\"},\"thumbnailUrl\":\"https:\/\/ifv.vn\/wp-content\/uploads\/2026\/03\/vien-phap-tai-viet-nam-if-vietnam-trai-he-phap-202606.png\",\"datePublished\":\"2024-10-09T11:52:53+00:00\",\"dateModified\":\"2026-03-20T09:03:33+00:00\",\"description\":\"S\u00e9jour linguistique : service complet de l'Institut fran\u00e7ais du Vietnam pour la mise en oeuvre d'un camp d'\u00e9t\u00e9 en France pour votre enfant\",\"breadcrumb\":{\"@id\":\"https:\/\/ifv.vn\/fr\/francais\/sejour-linguistique\/camps-dete-en-france-pour-adolescent\/#breadcrumb\"},\"inLanguage\":\"fr-FR\",\"potentialAction\":[{\"@type\":\"ReadAction\",\"target\":[\"https:\/\/ifv.vn\/fr\/francais\/sejour-linguistique\/camps-dete-en-france-pour-adolescent\/\"]}]},{\"@type\":\"ImageObject\",\"inLanguage\":\"fr-FR\",\"@id\":\"https:\/\/ifv.vn\/fr\/francais\/sejour-linguistique\/camps-dete-en-france-pour-adolescent\/#primaryimage\",\"url\":\"https:\/\/ifv.vn\/wp-content\/uploads\/2026\/03\/vien-phap-tai-viet-nam-if-vietnam-trai-he-phap-202606.png\",\"contentUrl\":\"https:\/\/ifv.vn\/wp-content\/uploads\/2026\/03\/vien-phap-tai-viet-nam-if-vietnam-trai-he-phap-202606.png\"},{\"@type\":\"BreadcrumbList\",\"@id\":\"https:\/\/ifv.vn\/fr\/francais\/sejour-linguistique\/camps-dete-en-france-pour-adolescent\/#breadcrumb\",\"itemListElement\":[{\"@type\":\"ListItem\",\"position\":1,\"name\":\"Home\",\"item\":\"https:\/\/ifv.vn\/fr\/\"},{\"@type\":\"ListItem\",\"position\":2,\"name\":\"Fran\u00e7ais\",\"item\":\"https:\/\/ifv.vn\/fr\/francais\/\"},{\"@type\":\"ListItem\",\"position\":3,\"name\":\"S\u00e9jours linguistiques\",\"item\":\"https:\/\/ifv.vn\/fr\/francais\/sejour-linguistique\/\"},{\"@type\":\"ListItem\",\"position\":4,\"name\":\"Camps d&rsquo;\u00e9t\u00e9 (groupes de mineurs)\"}]},{\"@type\":\"WebSite\",\"@id\":\"https:\/\/ifv.vn\/#website\",\"url\":\"https:\/\/ifv.vn\/\",\"name\":\"Vi\u1ec7n Ph\u00e1p t\u1ea1i Vi\u1ec7t Nam | Institut fran\u00e7ais du Vietnam\",\"description\":\"\",\"publisher\":{\"@id\":\"https:\/\/ifv.vn\/#organization\"},\"potentialAction\":[{\"@type\":\"SearchAction\",\"target\":{\"@type\":\"EntryPoint\",\"urlTemplate\":\"https:\/\/ifv.vn\/?s={search_term_string}\"},\"query-input\":{\"@type\":\"PropertyValueSpecification\",\"valueRequired\":true,\"valueName\":\"search_term_string\"}}],\"inLanguage\":\"fr-FR\"},{\"@type\":\"Organization\",\"@id\":\"https:\/\/ifv.vn\/#organization\",\"name\":\"Vi\u1ec7n Ph\u00e1p t\u1ea1i Vi\u1ec7t Nam | Institut fran\u00e7ais du Vietnam\",\"url\":\"https:\/\/ifv.vn\/\",\"logo\":{\"@type\":\"ImageObject\",\"inLanguage\":\"fr-FR\",\"@id\":\"https:\/\/ifv.vn\/#\/schema\/logo\/image\/\",\"url\":\"https:\/\/ifv.vn\/wp-content\/uploads\/2025\/10\/cropped-asset-6.png\",\"contentUrl\":\"https:\/\/ifv.vn\/wp-content\/uploads\/2025\/10\/cropped-asset-6.png\",\"width\":248,\"height\":165,\"caption\":\"Vi\u1ec7n Ph\u00e1p t\u1ea1i Vi\u1ec7t Nam | Institut fran\u00e7ais du Vietnam\"},\"image\":{\"@id\":\"https:\/\/ifv.vn\/#\/schema\/logo\/image\/\"}}]}<\/script>\n<!-- \/ Yoast SEO plugin. -->","yoast_head_json":{"title":"Camps d'\u00e9t\u00e9 (groupes de mineurs) - Vi\u1ec7n Ph\u00e1p t\u1ea1i Vi\u1ec7t Nam | Institut fran\u00e7ais du Vietnam","description":"S\u00e9jour linguistique : service complet de l'Institut fran\u00e7ais du Vietnam pour la mise en oeuvre d'un camp d'\u00e9t\u00e9 en France pour votre enfant","robots":{"index":"index","follow":"follow","max-snippet":"max-snippet:-1","max-image-preview":"max-image-preview:large","max-video-preview":"max-video-preview:-1"},"canonical":"https:\/\/ifv.vn\/fr\/francais\/sejour-linguistique\/camps-dete-en-france-pour-adolescent\/","og_locale":"fr_FR","og_type":"article","og_title":"Camps d'\u00e9t\u00e9 (groupes de mineurs) - Vi\u1ec7n Ph\u00e1p t\u1ea1i Vi\u1ec7t Nam | Institut fran\u00e7ais du Vietnam","og_description":"S\u00e9jour linguistique : service complet de l'Institut fran\u00e7ais du Vietnam pour la mise en oeuvre d'un camp d'\u00e9t\u00e9 en France pour votre enfant","og_url":"https:\/\/ifv.vn\/fr\/francais\/sejour-linguistique\/camps-dete-en-france-pour-adolescent\/","og_site_name":"Vi\u1ec7n Ph\u00e1p t\u1ea1i Vi\u1ec7t Nam | Institut fran\u00e7ais du Vietnam","article_modified_time":"2026-03-20T09:03:33+00:00","og_image":[{"width":800,"height":250,"url":"https:\/\/ifv.vn\/wp-content\/uploads\/2026\/03\/vien-phap-tai-viet-nam-if-vietnam-trai-he-phap-202606.png","type":"image\/png"}],"twitter_card":"summary_large_image","twitter_misc":{"Est. reading time":"2 minutes"},"schema":{"@context":"https:\/\/schema.org","@graph":[{"@type":"WebPage","@id":"https:\/\/ifv.vn\/fr\/francais\/sejour-linguistique\/camps-dete-en-france-pour-adolescent\/","url":"https:\/\/ifv.vn\/fr\/francais\/sejour-linguistique\/camps-dete-en-france-pour-adolescent\/","name":"Camps d'\u00e9t\u00e9 (groupes de mineurs) - Vi\u1ec7n Ph\u00e1p t\u1ea1i Vi\u1ec7t Nam | Institut fran\u00e7ais du Vietnam","isPartOf":{"@id":"https:\/\/ifv.vn\/#website"},"primaryImageOfPage":{"@id":"https:\/\/ifv.vn\/fr\/francais\/sejour-linguistique\/camps-dete-en-france-pour-adolescent\/#primaryimage"},"image":{"@id":"https:\/\/ifv.vn\/fr\/francais\/sejour-linguistique\/camps-dete-en-france-pour-adolescent\/#primaryimage"},"thumbnailUrl":"https:\/\/ifv.vn\/wp-content\/uploads\/2026\/03\/vien-phap-tai-viet-nam-if-vietnam-trai-he-phap-202606.png","datePublished":"2024-10-09T11:52:53+00:00","dateModified":"2026-03-20T09:03:33+00:00","description":"S\u00e9jour linguistique : service complet de l'Institut fran\u00e7ais du Vietnam pour la mise en oeuvre d'un camp d'\u00e9t\u00e9 en France pour votre enfant","breadcrumb":{"@id":"https:\/\/ifv.vn\/fr\/francais\/sejour-linguistique\/camps-dete-en-france-pour-adolescent\/#breadcrumb"},"inLanguage":"fr-FR","potentialAction":[{"@type":"ReadAction","target":["https:\/\/ifv.vn\/fr\/francais\/sejour-linguistique\/camps-dete-en-france-pour-adolescent\/"]}]},{"@type":"ImageObject","inLanguage":"fr-FR","@id":"https:\/\/ifv.vn\/fr\/francais\/sejour-linguistique\/camps-dete-en-france-pour-adolescent\/#primaryimage","url":"https:\/\/ifv.vn\/wp-content\/uploads\/2026\/03\/vien-phap-tai-viet-nam-if-vietnam-trai-he-phap-202606.png","contentUrl":"https:\/\/ifv.vn\/wp-content\/uploads\/2026\/03\/vien-phap-tai-viet-nam-if-vietnam-trai-he-phap-202606.png"},{"@type":"BreadcrumbList","@id":"https:\/\/ifv.vn\/fr\/francais\/sejour-linguistique\/camps-dete-en-france-pour-adolescent\/#breadcrumb","itemListElement":[{"@type":"ListItem","position":1,"name":"Home","item":"https:\/\/ifv.vn\/fr\/"},{"@type":"ListItem","position":2,"name":"Fran\u00e7ais","item":"https:\/\/ifv.vn\/fr\/francais\/"},{"@type":"ListItem","position":3,"name":"S\u00e9jours linguistiques","item":"https:\/\/ifv.vn\/fr\/francais\/sejour-linguistique\/"},{"@type":"ListItem","position":4,"name":"Camps d&rsquo;\u00e9t\u00e9 (groupes de mineurs)"}]},{"@type":"WebSite","@id":"https:\/\/ifv.vn\/#website","url":"https:\/\/ifv.vn\/","name":"Vi\u1ec7n Ph\u00e1p t\u1ea1i Vi\u1ec7t Nam | Institut fran\u00e7ais du Vietnam","description":"","publisher":{"@id":"https:\/\/ifv.vn\/#organization"},"potentialAction":[{"@type":"SearchAction","target":{"@type":"EntryPoint","urlTemplate":"https:\/\/ifv.vn\/?s={search_term_string}"},"query-input":{"@type":"PropertyValueSpecification","valueRequired":true,"valueName":"search_term_string"}}],"inLanguage":"fr-FR"},{"@type":"Organization","@id":"https:\/\/ifv.vn\/#organization","name":"Vi\u1ec7n Ph\u00e1p t\u1ea1i Vi\u1ec7t Nam | Institut fran\u00e7ais du Vietnam","url":"https:\/\/ifv.vn\/","logo":{"@type":"ImageObject","inLanguage":"fr-FR","@id":"https:\/\/ifv.vn\/#\/schema\/logo\/image\/","url":"https:\/\/ifv.vn\/wp-content\/uploads\/2025\/10\/cropped-asset-6.png","contentUrl":"https:\/\/ifv.vn\/wp-content\/uploads\/2025\/10\/cropped-asset-6.png","width":248,"height":165,"caption":"Vi\u1ec7n Ph\u00e1p t\u1ea1i Vi\u1ec7t Nam | Institut fran\u00e7ais du Vietnam"},"image":{"@id":"https:\/\/ifv.vn\/#\/schema\/logo\/image\/"}}]}},"_links":{"self":[{"href":"https:\/\/ifv.vn\/fr\/wp-json\/wp\/v2\/pages\/21595"}],"collection":[{"href":"https:\/\/ifv.vn\/fr\/wp-json\/wp\/v2\/pages"}],"about":[{"href":"https:\/\/ifv.vn\/fr\/wp-json\/wp\/v2\/types\/page"}],"author":[{"embeddable":true,"href":"https:\/\/ifv.vn\/fr\/wp-json\/wp\/v2\/users\/21"}],"replies":[{"embeddable":true,"href":"https:\/\/ifv.vn\/fr\/wp-json\/wp\/v2\/comments?post=21595"}],"version-history":[{"count":115,"href":"https:\/\/ifv.vn\/fr\/wp-json\/wp\/v2\/pages\/21595\/revisions"}],"predecessor-version":[{"id":25340,"href":"https:\/\/ifv.vn\/fr\/wp-json\/wp\/v2\/pages\/21595\/revisions\/25340"}],"up":[{"embeddable":true,"href":"https:\/\/ifv.vn\/fr\/wp-json\/wp\/v2\/pages\/1410"}],"wp:attachment":[{"href":"https:\/\/ifv.vn\/fr\/wp-json\/wp\/v2\/media?parent=21595"}],"curies":[{"name":"wp","href":"https:\/\/api.w.org\/{rel}","templated":true}]}}