{"id":21796,"date":"2024-10-16T18:50:13","date_gmt":"2024-10-16T11:50:13","guid":{"rendered":"https:\/\/ifv.vn\/cours-de-francais\/preparation-en-ligne-a-la-certification-de-francais-tcf\/"},"modified":"2025-05-11T10:23:25","modified_gmt":"2025-05-11T03:23:25","slug":"preparation-en-ligne-a-la-certification-de-francais-tcf","status":"publish","type":"page","link":"https:\/\/ifv.vn\/fr\/cours-de-francais\/preparation-en-ligne-a-la-certification-de-francais-tcf\/","title":{"rendered":"Pr\u00e9paration en ligne \u00e0 la certification de fran\u00e7ais TCF"},"content":{"rendered":"<div class=\"wpb-content-wrapper\"><p>[vc_row][vc_column][vc_column_text]\u25ba Besoin d&rsquo;aide? <a href=\"https:\/\/ifv.vn\/fr\/cours-de-francais\/contact\/\">Contactez-nous !<\/a> &#x263a;<\/p>\n<p>[\/vc_column_text][\/vc_column][\/vc_row][vc_row][vc_column][vc_wp_text title=&nbsp;&raquo;Plateformes en ligne&nbsp;&raquo;]<div class='kiosque-aec'><div\n data-module='products'\n data-action='show-products'\n data-param-product-type='282'\n data-param-etablishment-branch-id='0'\n data-param-show-category-title='false'\n data-param-lang='fr_FR'><\/div><\/div>[\/vc_wp_text][\/vc_column][\/vc_row]<\/p>\n<\/div>","protected":false},"excerpt":{"rendered":"[vc_row][vc_column][vc_column_text]\u25ba Besoin d'aide? Contactez-nous ! &#x263a; [\/vc_column_text][\/vc_column][\/vc_row][vc_row][vc_column][vc_wp_text title=\"Plateformes en ligne\"][\/vc_wp_text][\/vc_column][\/vc_row]","protected":false},"author":21,"featured_media":0,"parent":750,"menu_order":0,"comment_status":"open","ping_status":"closed","template":"page-cours-result.php","meta":{"footnotes":""},"class_list":["post-21796","page","type-page","status-publish","hentry"],"acf":[],"yoast_head":"<!-- This site is optimized with the Yoast SEO plugin v25.3.1 - https:\/\/yoast.com\/wordpress\/plugins\/seo\/ -->\n<title>Pr\u00e9paration en ligne \u00e0 la certification de fran\u00e7ais TCF - Vi\u1ec7n Ph\u00e1p t\u1ea1i Vi\u1ec7t Nam | Institut fran\u00e7ais du Vietnam<\/title>\n<meta name=\"robots\" content=\"index, follow, max-snippet:-1, max-image-preview:large, max-video-preview:-1\" \/>\n<link rel=\"canonical\" href=\"https:\/\/ifv.vn\/fr\/cours-de-francais\/preparation-en-ligne-a-la-certification-de-francais-tcf\/\" \/>\n<meta property=\"og:locale\" content=\"fr_FR\" \/>\n<meta property=\"og:type\" content=\"article\" \/>\n<meta property=\"og:title\" content=\"Pr\u00e9paration en ligne \u00e0 la certification de fran\u00e7ais TCF - Vi\u1ec7n Ph\u00e1p t\u1ea1i Vi\u1ec7t Nam | Institut fran\u00e7ais du Vietnam\" \/>\n<meta property=\"og:description\" content=\"[vc_row][vc_column][vc_column_text]\u25ba Besoin d&rsquo;aide? Contactez-nous ! &#x263a; [\/vc_column_text][\/vc_column][\/vc_row][vc_row][vc_column][vc_wp_text title=&nbsp;&raquo;Plateformes en ligne&nbsp;&raquo;][\/vc_wp_text][\/vc_column][\/vc_row]\" \/>\n<meta property=\"og:url\" content=\"https:\/\/ifv.vn\/fr\/cours-de-francais\/preparation-en-ligne-a-la-certification-de-francais-tcf\/\" \/>\n<meta property=\"og:site_name\" content=\"Vi\u1ec7n Ph\u00e1p t\u1ea1i Vi\u1ec7t Nam | Institut fran\u00e7ais du Vietnam\" \/>\n<meta property=\"article:modified_time\" content=\"2025-05-11T03:23:25+00:00\" \/>\n<meta name=\"twitter:card\" content=\"summary_large_image\" \/>\n<meta name=\"twitter:label1\" content=\"Est. reading time\" \/>\n\t<meta name=\"twitter:data1\" content=\"1 minute\" \/>\n<script type=\"application\/ld+json\" class=\"yoast-schema-graph\">{\"@context\":\"https:\/\/schema.org\",\"@graph\":[{\"@type\":\"WebPage\",\"@id\":\"https:\/\/ifv.vn\/fr\/cours-de-francais\/preparation-en-ligne-a-la-certification-de-francais-tcf\/\",\"url\":\"https:\/\/ifv.vn\/fr\/cours-de-francais\/preparation-en-ligne-a-la-certification-de-francais-tcf\/\",\"name\":\"Pr\u00e9paration en ligne \u00e0 la certification de fran\u00e7ais TCF - Vi\u1ec7n Ph\u00e1p t\u1ea1i Vi\u1ec7t Nam | Institut fran\u00e7ais du Vietnam\",\"isPartOf\":{\"@id\":\"https:\/\/ifv.vn\/#website\"},\"datePublished\":\"2024-10-16T11:50:13+00:00\",\"dateModified\":\"2025-05-11T03:23:25+00:00\",\"breadcrumb\":{\"@id\":\"https:\/\/ifv.vn\/fr\/cours-de-francais\/preparation-en-ligne-a-la-certification-de-francais-tcf\/#breadcrumb\"},\"inLanguage\":\"fr-FR\",\"potentialAction\":[{\"@type\":\"ReadAction\",\"target\":[\"https:\/\/ifv.vn\/fr\/cours-de-francais\/preparation-en-ligne-a-la-certification-de-francais-tcf\/\"]}]},{\"@type\":\"BreadcrumbList\",\"@id\":\"https:\/\/ifv.vn\/fr\/cours-de-francais\/preparation-en-ligne-a-la-certification-de-francais-tcf\/#breadcrumb\",\"itemListElement\":[{\"@type\":\"ListItem\",\"position\":1,\"name\":\"Home\",\"item\":\"https:\/\/ifv.vn\/fr\/\"},{\"@type\":\"ListItem\",\"position\":2,\"name\":\"Cours collectifs\",\"item\":\"https:\/\/ifv.vn\/fr\/cours-de-francais\/\"},{\"@type\":\"ListItem\",\"position\":3,\"name\":\"Pr\u00e9paration en ligne \u00e0 la certification de fran\u00e7ais TCF\"}]},{\"@type\":\"WebSite\",\"@id\":\"https:\/\/ifv.vn\/#website\",\"url\":\"https:\/\/ifv.vn\/\",\"name\":\"Vi\u1ec7n Ph\u00e1p t\u1ea1i Vi\u1ec7t Nam | Institut fran\u00e7ais du Vietnam\",\"description\":\"\",\"publisher\":{\"@id\":\"https:\/\/ifv.vn\/#organization\"},\"potentialAction\":[{\"@type\":\"SearchAction\",\"target\":{\"@type\":\"EntryPoint\",\"urlTemplate\":\"https:\/\/ifv.vn\/?s={search_term_string}\"},\"query-input\":{\"@type\":\"PropertyValueSpecification\",\"valueRequired\":true,\"valueName\":\"search_term_string\"}}],\"inLanguage\":\"fr-FR\"},{\"@type\":\"Organization\",\"@id\":\"https:\/\/ifv.vn\/#organization\",\"name\":\"Vi\u1ec7n Ph\u00e1p t\u1ea1i Vi\u1ec7t Nam | Institut fran\u00e7ais du Vietnam\",\"url\":\"https:\/\/ifv.vn\/\",\"logo\":{\"@type\":\"ImageObject\",\"inLanguage\":\"fr-FR\",\"@id\":\"https:\/\/ifv.vn\/#\/schema\/logo\/image\/\",\"url\":\"https:\/\/ifv.vn\/wp-content\/uploads\/2025\/10\/cropped-asset-6.png\",\"contentUrl\":\"https:\/\/ifv.vn\/wp-content\/uploads\/2025\/10\/cropped-asset-6.png\",\"width\":248,\"height\":165,\"caption\":\"Vi\u1ec7n Ph\u00e1p t\u1ea1i Vi\u1ec7t Nam | Institut fran\u00e7ais du Vietnam\"},\"image\":{\"@id\":\"https:\/\/ifv.vn\/#\/schema\/logo\/image\/\"}}]}<\/script>\n<!-- \/ Yoast SEO plugin. -->","yoast_head_json":{"title":"Pr\u00e9paration en ligne \u00e0 la certification de fran\u00e7ais TCF - Vi\u1ec7n Ph\u00e1p t\u1ea1i Vi\u1ec7t Nam | Institut fran\u00e7ais du Vietnam","robots":{"index":"index","follow":"follow","max-snippet":"max-snippet:-1","max-image-preview":"max-image-preview:large","max-video-preview":"max-video-preview:-1"},"canonical":"https:\/\/ifv.vn\/fr\/cours-de-francais\/preparation-en-ligne-a-la-certification-de-francais-tcf\/","og_locale":"fr_FR","og_type":"article","og_title":"Pr\u00e9paration en ligne \u00e0 la certification de fran\u00e7ais TCF - Vi\u1ec7n Ph\u00e1p t\u1ea1i Vi\u1ec7t Nam | Institut fran\u00e7ais du Vietnam","og_description":"[vc_row][vc_column][vc_column_text]\u25ba Besoin d&rsquo;aide? Contactez-nous ! &#x263a; [\/vc_column_text][\/vc_column][\/vc_row][vc_row][vc_column][vc_wp_text title=&nbsp;&raquo;Plateformes en ligne&nbsp;&raquo;][\/vc_wp_text][\/vc_column][\/vc_row]","og_url":"https:\/\/ifv.vn\/fr\/cours-de-francais\/preparation-en-ligne-a-la-certification-de-francais-tcf\/","og_site_name":"Vi\u1ec7n Ph\u00e1p t\u1ea1i Vi\u1ec7t Nam | Institut fran\u00e7ais du Vietnam","article_modified_time":"2025-05-11T03:23:25+00:00","twitter_card":"summary_large_image","twitter_misc":{"Est. reading time":"1 minute"},"schema":{"@context":"https:\/\/schema.org","@graph":[{"@type":"WebPage","@id":"https:\/\/ifv.vn\/fr\/cours-de-francais\/preparation-en-ligne-a-la-certification-de-francais-tcf\/","url":"https:\/\/ifv.vn\/fr\/cours-de-francais\/preparation-en-ligne-a-la-certification-de-francais-tcf\/","name":"Pr\u00e9paration en ligne \u00e0 la certification de fran\u00e7ais TCF - Vi\u1ec7n Ph\u00e1p t\u1ea1i Vi\u1ec7t Nam | Institut fran\u00e7ais du Vietnam","isPartOf":{"@id":"https:\/\/ifv.vn\/#website"},"datePublished":"2024-10-16T11:50:13+00:00","dateModified":"2025-05-11T03:23:25+00:00","breadcrumb":{"@id":"https:\/\/ifv.vn\/fr\/cours-de-francais\/preparation-en-ligne-a-la-certification-de-francais-tcf\/#breadcrumb"},"inLanguage":"fr-FR","potentialAction":[{"@type":"ReadAction","target":["https:\/\/ifv.vn\/fr\/cours-de-francais\/preparation-en-ligne-a-la-certification-de-francais-tcf\/"]}]},{"@type":"BreadcrumbList","@id":"https:\/\/ifv.vn\/fr\/cours-de-francais\/preparation-en-ligne-a-la-certification-de-francais-tcf\/#breadcrumb","itemListElement":[{"@type":"ListItem","position":1,"name":"Home","item":"https:\/\/ifv.vn\/fr\/"},{"@type":"ListItem","position":2,"name":"Cours collectifs","item":"https:\/\/ifv.vn\/fr\/cours-de-francais\/"},{"@type":"ListItem","position":3,"name":"Pr\u00e9paration en ligne \u00e0 la certification de fran\u00e7ais TCF"}]},{"@type":"WebSite","@id":"https:\/\/ifv.vn\/#website","url":"https:\/\/ifv.vn\/","name":"Vi\u1ec7n Ph\u00e1p t\u1ea1i Vi\u1ec7t Nam | Institut fran\u00e7ais du Vietnam","description":"","publisher":{"@id":"https:\/\/ifv.vn\/#organization"},"potentialAction":[{"@type":"SearchAction","target":{"@type":"EntryPoint","urlTemplate":"https:\/\/ifv.vn\/?s={search_term_string}"},"query-input":{"@type":"PropertyValueSpecification","valueRequired":true,"valueName":"search_term_string"}}],"inLanguage":"fr-FR"},{"@type":"Organization","@id":"https:\/\/ifv.vn\/#organization","name":"Vi\u1ec7n Ph\u00e1p t\u1ea1i Vi\u1ec7t Nam | Institut fran\u00e7ais du Vietnam","url":"https:\/\/ifv.vn\/","logo":{"@type":"ImageObject","inLanguage":"fr-FR","@id":"https:\/\/ifv.vn\/#\/schema\/logo\/image\/","url":"https:\/\/ifv.vn\/wp-content\/uploads\/2025\/10\/cropped-asset-6.png","contentUrl":"https:\/\/ifv.vn\/wp-content\/uploads\/2025\/10\/cropped-asset-6.png","width":248,"height":165,"caption":"Vi\u1ec7n Ph\u00e1p t\u1ea1i Vi\u1ec7t Nam | Institut fran\u00e7ais du Vietnam"},"image":{"@id":"https:\/\/ifv.vn\/#\/schema\/logo\/image\/"}}]}},"_links":{"self":[{"href":"https:\/\/ifv.vn\/fr\/wp-json\/wp\/v2\/pages\/21796"}],"collection":[{"href":"https:\/\/ifv.vn\/fr\/wp-json\/wp\/v2\/pages"}],"about":[{"href":"https:\/\/ifv.vn\/fr\/wp-json\/wp\/v2\/types\/page"}],"author":[{"embeddable":true,"href":"https:\/\/ifv.vn\/fr\/wp-json\/wp\/v2\/users\/21"}],"replies":[{"embeddable":true,"href":"https:\/\/ifv.vn\/fr\/wp-json\/wp\/v2\/comments?post=21796"}],"version-history":[{"count":6,"href":"https:\/\/ifv.vn\/fr\/wp-json\/wp\/v2\/pages\/21796\/revisions"}],"predecessor-version":[{"id":23282,"href":"https:\/\/ifv.vn\/fr\/wp-json\/wp\/v2\/pages\/21796\/revisions\/23282"}],"up":[{"embeddable":true,"href":"https:\/\/ifv.vn\/fr\/wp-json\/wp\/v2\/pages\/750"}],"wp:attachment":[{"href":"https:\/\/ifv.vn\/fr\/wp-json\/wp\/v2\/media?parent=21796"}],"curies":[{"name":"wp","href":"https:\/\/api.w.org\/{rel}","templated":true}]}}