{"id":4342,"date":"2018-04-07T16:05:23","date_gmt":"2018-04-07T09:05:23","guid":{"rendered":"https:\/\/ifv.vn\/?page_id=4342"},"modified":"2024-11-20T17:24:05","modified_gmt":"2024-11-20T10:24:05","slug":"sejours-individuels","status":"publish","type":"page","link":"https:\/\/ifv.vn\/fr\/francais\/sejour-linguistique\/sejours-individuels\/","title":{"rendered":"S\u00e9jours individuels (adultes)"},"content":{"rendered":"<div class=\"wpb-content-wrapper\"><p>[vc_row][vc_column][vc_wp_text title=&nbsp;&raquo;Nos s\u00e9jours linguistiques et culturels pour adultes&nbsp;&raquo;]<\/p>\n<p style=\"text-align: justify;\">Vous avez 18 ans ou plus et r\u00eavez de faire un s\u00e9jour en France pour apprendre le fran\u00e7ais en totale immersion et d\u00e9couvrir la culture fran\u00e7aise \u00e0 travers des activit\u00e9s riches et vari\u00e9es ?<\/p>\n<p style=\"text-align: justify;\">L\u2019Institut fran\u00e7ais du Vietnam propose un service complet pour la mise en place de votre s\u00e9jour de qualit\u00e9. Billet d&rsquo;avion, assurances, h\u00e9bergement, programme, constitution du dossier pour le visa, nous nous occupons de tout.<\/p>\n<p>[\/vc_wp_text][acf_vc_integrator get_field_data_from=&nbsp;&raquo;&nbsp;&raquo; field_group=&nbsp;&raquo;3830&Prime; field_from_3830=&nbsp;&raquo;field_5aaa24ec599ef&nbsp;&raquo; show_label=&nbsp;&raquo;&nbsp;&raquo; align=&nbsp;&raquo;default&nbsp;&raquo; gm_show_placecard=&nbsp;&raquo;default&nbsp;&raquo; gm_map_type_control=&nbsp;&raquo;default&nbsp;&raquo; gm_fullscreen_control=&nbsp;&raquo;default&nbsp;&raquo; gm_street_view_control=&nbsp;&raquo;default&nbsp;&raquo; gm_zoom_control=&nbsp;&raquo;default&nbsp;&raquo; gm_scale=&nbsp;&raquo;default&nbsp;&raquo;][\/vc_column][\/vc_row]<\/p>\n<\/div>","protected":false},"excerpt":{"rendered":"[vc_row][vc_column][vc_wp_text title=\"Nos s\u00e9jours linguistiques et culturels pour adultes\"] Vous avez 18 ans ou plus et r\u00eavez de faire un s\u00e9jour en France pour apprendre le fran\u00e7ais en totale immersion et d\u00e9couvrir la culture fran\u00e7aise \u00e0 travers des activit\u00e9s riches et [...]","protected":false},"author":6,"featured_media":0,"parent":1410,"menu_order":0,"comment_status":"open","ping_status":"closed","template":"page-static.php","meta":{"footnotes":""},"class_list":["post-4342","page","type-page","status-publish","hentry","ville_category-en-ligne"],"acf":[],"yoast_head":"<!-- This site is optimized with the Yoast SEO plugin v25.3.1 - https:\/\/yoast.com\/wordpress\/plugins\/seo\/ -->\n<title>S\u00e9jours individuels (adultes) - Vi\u1ec7n Ph\u00e1p t\u1ea1i Vi\u1ec7t Nam | Institut fran\u00e7ais du Vietnam<\/title>\n<meta name=\"robots\" content=\"index, follow, max-snippet:-1, max-image-preview:large, max-video-preview:-1\" \/>\n<link rel=\"canonical\" href=\"https:\/\/ifv.vn\/fr\/francais\/sejour-linguistique\/sejours-individuels\/\" \/>\n<meta property=\"og:locale\" content=\"fr_FR\" \/>\n<meta property=\"og:type\" content=\"article\" \/>\n<meta property=\"og:title\" content=\"S\u00e9jours individuels (adultes) - Vi\u1ec7n Ph\u00e1p t\u1ea1i Vi\u1ec7t Nam | Institut fran\u00e7ais du Vietnam\" \/>\n<meta property=\"og:description\" content=\"[vc_row][vc_column][vc_wp_text title=&nbsp;&raquo;Nos s\u00e9jours linguistiques et culturels pour adultes&nbsp;&raquo;] Vous avez 18 ans ou plus et r\u00eavez de faire un s\u00e9jour en France pour apprendre le fran\u00e7ais en totale immersion et d\u00e9couvrir la culture fran\u00e7aise \u00e0 travers des activit\u00e9s riches et [&hellip;]\" \/>\n<meta property=\"og:url\" content=\"https:\/\/ifv.vn\/fr\/francais\/sejour-linguistique\/sejours-individuels\/\" \/>\n<meta property=\"og:site_name\" content=\"Vi\u1ec7n Ph\u00e1p t\u1ea1i Vi\u1ec7t Nam | Institut fran\u00e7ais du Vietnam\" \/>\n<meta property=\"article:modified_time\" content=\"2024-11-20T10:24:05+00:00\" \/>\n<meta name=\"twitter:card\" content=\"summary_large_image\" \/>\n<meta name=\"twitter:label1\" content=\"Est. reading time\" \/>\n\t<meta name=\"twitter:data1\" content=\"1 minute\" \/>\n<script type=\"application\/ld+json\" class=\"yoast-schema-graph\">{\"@context\":\"https:\/\/schema.org\",\"@graph\":[{\"@type\":\"WebPage\",\"@id\":\"https:\/\/ifv.vn\/fr\/francais\/sejour-linguistique\/sejours-individuels\/\",\"url\":\"https:\/\/ifv.vn\/fr\/francais\/sejour-linguistique\/sejours-individuels\/\",\"name\":\"S\u00e9jours individuels (adultes) - Vi\u1ec7n Ph\u00e1p t\u1ea1i Vi\u1ec7t Nam | Institut fran\u00e7ais du Vietnam\",\"isPartOf\":{\"@id\":\"https:\/\/ifv.vn\/#website\"},\"datePublished\":\"2018-04-07T09:05:23+00:00\",\"dateModified\":\"2024-11-20T10:24:05+00:00\",\"breadcrumb\":{\"@id\":\"https:\/\/ifv.vn\/fr\/francais\/sejour-linguistique\/sejours-individuels\/#breadcrumb\"},\"inLanguage\":\"fr-FR\",\"potentialAction\":[{\"@type\":\"ReadAction\",\"target\":[\"https:\/\/ifv.vn\/fr\/francais\/sejour-linguistique\/sejours-individuels\/\"]}]},{\"@type\":\"BreadcrumbList\",\"@id\":\"https:\/\/ifv.vn\/fr\/francais\/sejour-linguistique\/sejours-individuels\/#breadcrumb\",\"itemListElement\":[{\"@type\":\"ListItem\",\"position\":1,\"name\":\"Home\",\"item\":\"https:\/\/ifv.vn\/fr\/\"},{\"@type\":\"ListItem\",\"position\":2,\"name\":\"Fran\u00e7ais\",\"item\":\"https:\/\/ifv.vn\/fr\/francais\/\"},{\"@type\":\"ListItem\",\"position\":3,\"name\":\"S\u00e9jours linguistiques\",\"item\":\"https:\/\/ifv.vn\/fr\/francais\/sejour-linguistique\/\"},{\"@type\":\"ListItem\",\"position\":4,\"name\":\"S\u00e9jours individuels (adultes)\"}]},{\"@type\":\"WebSite\",\"@id\":\"https:\/\/ifv.vn\/#website\",\"url\":\"https:\/\/ifv.vn\/\",\"name\":\"Vi\u1ec7n Ph\u00e1p t\u1ea1i Vi\u1ec7t Nam | Institut fran\u00e7ais du Vietnam\",\"description\":\"\",\"publisher\":{\"@id\":\"https:\/\/ifv.vn\/#organization\"},\"potentialAction\":[{\"@type\":\"SearchAction\",\"target\":{\"@type\":\"EntryPoint\",\"urlTemplate\":\"https:\/\/ifv.vn\/?s={search_term_string}\"},\"query-input\":{\"@type\":\"PropertyValueSpecification\",\"valueRequired\":true,\"valueName\":\"search_term_string\"}}],\"inLanguage\":\"fr-FR\"},{\"@type\":\"Organization\",\"@id\":\"https:\/\/ifv.vn\/#organization\",\"name\":\"Vi\u1ec7n Ph\u00e1p t\u1ea1i Vi\u1ec7t Nam | Institut fran\u00e7ais du Vietnam\",\"url\":\"https:\/\/ifv.vn\/\",\"logo\":{\"@type\":\"ImageObject\",\"inLanguage\":\"fr-FR\",\"@id\":\"https:\/\/ifv.vn\/#\/schema\/logo\/image\/\",\"url\":\"https:\/\/ifv.vn\/wp-content\/uploads\/2025\/10\/cropped-asset-6.png\",\"contentUrl\":\"https:\/\/ifv.vn\/wp-content\/uploads\/2025\/10\/cropped-asset-6.png\",\"width\":248,\"height\":165,\"caption\":\"Vi\u1ec7n Ph\u00e1p t\u1ea1i Vi\u1ec7t Nam | Institut fran\u00e7ais du Vietnam\"},\"image\":{\"@id\":\"https:\/\/ifv.vn\/#\/schema\/logo\/image\/\"}}]}<\/script>\n<!-- \/ Yoast SEO plugin. -->","yoast_head_json":{"title":"S\u00e9jours individuels (adultes) - Vi\u1ec7n Ph\u00e1p t\u1ea1i Vi\u1ec7t Nam | Institut fran\u00e7ais du Vietnam","robots":{"index":"index","follow":"follow","max-snippet":"max-snippet:-1","max-image-preview":"max-image-preview:large","max-video-preview":"max-video-preview:-1"},"canonical":"https:\/\/ifv.vn\/fr\/francais\/sejour-linguistique\/sejours-individuels\/","og_locale":"fr_FR","og_type":"article","og_title":"S\u00e9jours individuels (adultes) - Vi\u1ec7n Ph\u00e1p t\u1ea1i Vi\u1ec7t Nam | Institut fran\u00e7ais du Vietnam","og_description":"[vc_row][vc_column][vc_wp_text title=&nbsp;&raquo;Nos s\u00e9jours linguistiques et culturels pour adultes&nbsp;&raquo;] Vous avez 18 ans ou plus et r\u00eavez de faire un s\u00e9jour en France pour apprendre le fran\u00e7ais en totale immersion et d\u00e9couvrir la culture fran\u00e7aise \u00e0 travers des activit\u00e9s riches et [&hellip;]","og_url":"https:\/\/ifv.vn\/fr\/francais\/sejour-linguistique\/sejours-individuels\/","og_site_name":"Vi\u1ec7n Ph\u00e1p t\u1ea1i Vi\u1ec7t Nam | Institut fran\u00e7ais du Vietnam","article_modified_time":"2024-11-20T10:24:05+00:00","twitter_card":"summary_large_image","twitter_misc":{"Est. reading time":"1 minute"},"schema":{"@context":"https:\/\/schema.org","@graph":[{"@type":"WebPage","@id":"https:\/\/ifv.vn\/fr\/francais\/sejour-linguistique\/sejours-individuels\/","url":"https:\/\/ifv.vn\/fr\/francais\/sejour-linguistique\/sejours-individuels\/","name":"S\u00e9jours individuels (adultes) - Vi\u1ec7n Ph\u00e1p t\u1ea1i Vi\u1ec7t Nam | Institut fran\u00e7ais du Vietnam","isPartOf":{"@id":"https:\/\/ifv.vn\/#website"},"datePublished":"2018-04-07T09:05:23+00:00","dateModified":"2024-11-20T10:24:05+00:00","breadcrumb":{"@id":"https:\/\/ifv.vn\/fr\/francais\/sejour-linguistique\/sejours-individuels\/#breadcrumb"},"inLanguage":"fr-FR","potentialAction":[{"@type":"ReadAction","target":["https:\/\/ifv.vn\/fr\/francais\/sejour-linguistique\/sejours-individuels\/"]}]},{"@type":"BreadcrumbList","@id":"https:\/\/ifv.vn\/fr\/francais\/sejour-linguistique\/sejours-individuels\/#breadcrumb","itemListElement":[{"@type":"ListItem","position":1,"name":"Home","item":"https:\/\/ifv.vn\/fr\/"},{"@type":"ListItem","position":2,"name":"Fran\u00e7ais","item":"https:\/\/ifv.vn\/fr\/francais\/"},{"@type":"ListItem","position":3,"name":"S\u00e9jours linguistiques","item":"https:\/\/ifv.vn\/fr\/francais\/sejour-linguistique\/"},{"@type":"ListItem","position":4,"name":"S\u00e9jours individuels (adultes)"}]},{"@type":"WebSite","@id":"https:\/\/ifv.vn\/#website","url":"https:\/\/ifv.vn\/","name":"Vi\u1ec7n Ph\u00e1p t\u1ea1i Vi\u1ec7t Nam | Institut fran\u00e7ais du Vietnam","description":"","publisher":{"@id":"https:\/\/ifv.vn\/#organization"},"potentialAction":[{"@type":"SearchAction","target":{"@type":"EntryPoint","urlTemplate":"https:\/\/ifv.vn\/?s={search_term_string}"},"query-input":{"@type":"PropertyValueSpecification","valueRequired":true,"valueName":"search_term_string"}}],"inLanguage":"fr-FR"},{"@type":"Organization","@id":"https:\/\/ifv.vn\/#organization","name":"Vi\u1ec7n Ph\u00e1p t\u1ea1i Vi\u1ec7t Nam | Institut fran\u00e7ais du Vietnam","url":"https:\/\/ifv.vn\/","logo":{"@type":"ImageObject","inLanguage":"fr-FR","@id":"https:\/\/ifv.vn\/#\/schema\/logo\/image\/","url":"https:\/\/ifv.vn\/wp-content\/uploads\/2025\/10\/cropped-asset-6.png","contentUrl":"https:\/\/ifv.vn\/wp-content\/uploads\/2025\/10\/cropped-asset-6.png","width":248,"height":165,"caption":"Vi\u1ec7n Ph\u00e1p t\u1ea1i Vi\u1ec7t Nam | Institut fran\u00e7ais du Vietnam"},"image":{"@id":"https:\/\/ifv.vn\/#\/schema\/logo\/image\/"}}]}},"_links":{"self":[{"href":"https:\/\/ifv.vn\/fr\/wp-json\/wp\/v2\/pages\/4342"}],"collection":[{"href":"https:\/\/ifv.vn\/fr\/wp-json\/wp\/v2\/pages"}],"about":[{"href":"https:\/\/ifv.vn\/fr\/wp-json\/wp\/v2\/types\/page"}],"author":[{"embeddable":true,"href":"https:\/\/ifv.vn\/fr\/wp-json\/wp\/v2\/users\/6"}],"replies":[{"embeddable":true,"href":"https:\/\/ifv.vn\/fr\/wp-json\/wp\/v2\/comments?post=4342"}],"version-history":[{"count":19,"href":"https:\/\/ifv.vn\/fr\/wp-json\/wp\/v2\/pages\/4342\/revisions"}],"predecessor-version":[{"id":22067,"href":"https:\/\/ifv.vn\/fr\/wp-json\/wp\/v2\/pages\/4342\/revisions\/22067"}],"up":[{"embeddable":true,"href":"https:\/\/ifv.vn\/fr\/wp-json\/wp\/v2\/pages\/1410"}],"wp:attachment":[{"href":"https:\/\/ifv.vn\/fr\/wp-json\/wp\/v2\/media?parent=4342"}],"curies":[{"name":"wp","href":"https:\/\/api.w.org\/{rel}","templated":true}]}}