{"id":4796,"date":"2018-04-29T21:26:49","date_gmt":"2018-04-29T14:26:49","guid":{"rendered":"https:\/\/ifv.vn\/?page_id=4796"},"modified":"2026-01-20T14:18:08","modified_gmt":"2026-01-20T07:18:08","slug":"institut-francais-de-hue","status":"publish","type":"page","link":"https:\/\/ifv.vn\/fr\/notre-reseau\/institut-francais-de-hue\/","title":{"rendered":"Institut fran\u00e7ais du Vietnam | Hu\u00e9"},"content":{"rendered":"<div class=\"wpb-content-wrapper\"><p>[vc_row][vc_column][vc_wp_text]<\/p>\n<p style=\"text-align: justify;\">Depuis 2004, situ\u00e9 dans la nouvelle ville, l\u2019Institut fran\u00e7ais du Vietnam \u00e0 Hu\u00e9 est un lieu de rencontres et d\u2019\u00e9changes autour de la culture fran\u00e7aise et francophone, ainsi qu\u2019un des acteurs de la vie linguistique, culturelle et artistique locale.<\/p>\n<p style=\"text-align: justify;\">L\u2019Institut fran\u00e7ais du Vietnam \u00e0 Hu\u00e9 offre au public de nombreux acc\u00e8s \u00e0 la langue et la culture fran\u00e7aise :<\/p>\n<ul style=\"list-style-type: disc;\">\n<li style=\"text-align: justify;\">Un hall d\u2019accueil multifonctions avec sa programmation \u00e9tendue de cin\u00e9ma, conf\u00e9rences mais aussi de rencontres-d\u00e9bat et des expositions artistiques.<\/li>\n<li style=\"text-align: justify;\">Des concerts d\u2019artistes fran\u00e7ais en coop\u00e9ration avec des partenaires locaux.<\/li>\n<li style=\"text-align: justify;\">Une \u00e9cole de langue fran\u00e7aise\u00a0qui vous propose un cursus de formation adapt\u00e9 \u00e0 vos besoins et \u00e0 votre niveau. Plusieurs sessions sont organis\u00e9es chaque ann\u00e9e.<\/li>\n<li style=\"text-align: justify;\">Une m\u00e9diath\u00e8que qui est un centre de documentation et lieu de r\u00e9f\u00e9rence sur la culture fran\u00e7aise \u00e0 Hu\u00ea.<\/li>\n<li style=\"text-align: justify;\">Un Centre d\u2019examens qui vous offre la possibilit\u00e9 de passer les dipl\u00f4mes\u00a0du DELF et du DALF ainsi que le TCF.<\/li>\n<li style=\"text-align: justify;\">Un espace Campus France, d\u00e9di\u00e9 \u00e0 toutes les personnes d\u00e9sirant aller \u00e9tudier en France.<\/li>\n<li style=\"text-align: justify;\">Un service de traduction qui vous propose des traductions Franco-Vietnamien et Vietnamien-Fran\u00e7ais.<\/li>\n<\/ul>\n<p style=\"text-align: justify;\"><strong>Adresse et contact\u00a0:<\/strong><\/p>\n<p style=\"text-align: justify;\">01 Le Hong Phong \u2013 Hu\u00e9<\/p>\n<p>T\u00e9l\u00a0: (+84-234) 3 82 08 72 \/ 3 82 26 78 \/ 3 83 28 93<\/p>\n<p>Email : contacthue@ifv.vn<\/p>\n<p>[\/vc_wp_text][\/vc_column][\/vc_row]<\/p>\n<\/div>","protected":false},"excerpt":{"rendered":"[vc_row][vc_column][vc_wp_text] Depuis 2004, situ\u00e9 dans la nouvelle ville, l\u2019Institut fran\u00e7ais du Vietnam \u00e0 Hu\u00e9 est un lieu de rencontres et d\u2019\u00e9changes autour de la culture fran\u00e7aise et francophone, ainsi qu\u2019un des acteurs de la vie linguistique, culturelle et artistique locale. [...]","protected":false},"author":6,"featured_media":0,"parent":4775,"menu_order":0,"comment_status":"open","ping_status":"closed","template":"page-static.php","meta":{"footnotes":""},"class_list":["post-4796","page","type-page","status-publish","hentry"],"acf":[],"yoast_head":"<!-- This site is optimized with the Yoast SEO plugin v25.3.1 - https:\/\/yoast.com\/wordpress\/plugins\/seo\/ -->\n<title>Institut fran\u00e7ais du Vietnam | Hu\u00e9 - Vi\u1ec7n Ph\u00e1p t\u1ea1i Vi\u1ec7t Nam | Institut fran\u00e7ais du Vietnam<\/title>\n<meta name=\"robots\" content=\"index, follow, max-snippet:-1, max-image-preview:large, max-video-preview:-1\" \/>\n<link rel=\"canonical\" href=\"https:\/\/ifv.vn\/fr\/notre-reseau\/institut-francais-de-hue\/\" \/>\n<meta property=\"og:locale\" content=\"fr_FR\" \/>\n<meta property=\"og:type\" content=\"article\" \/>\n<meta property=\"og:title\" content=\"Institut fran\u00e7ais du Vietnam | Hu\u00e9 - Vi\u1ec7n Ph\u00e1p t\u1ea1i Vi\u1ec7t Nam | Institut fran\u00e7ais du Vietnam\" \/>\n<meta property=\"og:description\" content=\"[vc_row][vc_column][vc_wp_text] Depuis 2004, situ\u00e9 dans la nouvelle ville, l\u2019Institut fran\u00e7ais du Vietnam \u00e0 Hu\u00e9 est un lieu de rencontres et d\u2019\u00e9changes autour de la culture fran\u00e7aise et francophone, ainsi qu\u2019un des acteurs de la vie linguistique, culturelle et artistique locale. [&hellip;]\" \/>\n<meta property=\"og:url\" content=\"https:\/\/ifv.vn\/fr\/notre-reseau\/institut-francais-de-hue\/\" \/>\n<meta property=\"og:site_name\" content=\"Vi\u1ec7n Ph\u00e1p t\u1ea1i Vi\u1ec7t Nam | Institut fran\u00e7ais du Vietnam\" \/>\n<meta property=\"article:modified_time\" content=\"2026-01-20T07:18:08+00:00\" \/>\n<meta name=\"twitter:card\" content=\"summary_large_image\" \/>\n<meta name=\"twitter:label1\" content=\"Est. reading time\" \/>\n\t<meta name=\"twitter:data1\" content=\"1 minute\" \/>\n<script type=\"application\/ld+json\" class=\"yoast-schema-graph\">{\"@context\":\"https:\/\/schema.org\",\"@graph\":[{\"@type\":\"WebPage\",\"@id\":\"https:\/\/ifv.vn\/fr\/notre-reseau\/institut-francais-de-hue\/\",\"url\":\"https:\/\/ifv.vn\/fr\/notre-reseau\/institut-francais-de-hue\/\",\"name\":\"Institut fran\u00e7ais du Vietnam | Hu\u00e9 - Vi\u1ec7n Ph\u00e1p t\u1ea1i Vi\u1ec7t Nam | Institut fran\u00e7ais du Vietnam\",\"isPartOf\":{\"@id\":\"https:\/\/ifv.vn\/#website\"},\"datePublished\":\"2018-04-29T14:26:49+00:00\",\"dateModified\":\"2026-01-20T07:18:08+00:00\",\"breadcrumb\":{\"@id\":\"https:\/\/ifv.vn\/fr\/notre-reseau\/institut-francais-de-hue\/#breadcrumb\"},\"inLanguage\":\"fr-FR\",\"potentialAction\":[{\"@type\":\"ReadAction\",\"target\":[\"https:\/\/ifv.vn\/fr\/notre-reseau\/institut-francais-de-hue\/\"]}]},{\"@type\":\"BreadcrumbList\",\"@id\":\"https:\/\/ifv.vn\/fr\/notre-reseau\/institut-francais-de-hue\/#breadcrumb\",\"itemListElement\":[{\"@type\":\"ListItem\",\"position\":1,\"name\":\"Home\",\"item\":\"https:\/\/ifv.vn\/fr\/\"},{\"@type\":\"ListItem\",\"position\":2,\"name\":\"Notre r\u00e9seau\",\"item\":\"https:\/\/ifv.vn\/fr\/notre-reseau\/\"},{\"@type\":\"ListItem\",\"position\":3,\"name\":\"Institut fran\u00e7ais du Vietnam | Hu\u00e9\"}]},{\"@type\":\"WebSite\",\"@id\":\"https:\/\/ifv.vn\/#website\",\"url\":\"https:\/\/ifv.vn\/\",\"name\":\"Vi\u1ec7n Ph\u00e1p t\u1ea1i Vi\u1ec7t Nam | Institut fran\u00e7ais du Vietnam\",\"description\":\"\",\"publisher\":{\"@id\":\"https:\/\/ifv.vn\/#organization\"},\"potentialAction\":[{\"@type\":\"SearchAction\",\"target\":{\"@type\":\"EntryPoint\",\"urlTemplate\":\"https:\/\/ifv.vn\/?s={search_term_string}\"},\"query-input\":{\"@type\":\"PropertyValueSpecification\",\"valueRequired\":true,\"valueName\":\"search_term_string\"}}],\"inLanguage\":\"fr-FR\"},{\"@type\":\"Organization\",\"@id\":\"https:\/\/ifv.vn\/#organization\",\"name\":\"Vi\u1ec7n Ph\u00e1p t\u1ea1i Vi\u1ec7t Nam | Institut fran\u00e7ais du Vietnam\",\"url\":\"https:\/\/ifv.vn\/\",\"logo\":{\"@type\":\"ImageObject\",\"inLanguage\":\"fr-FR\",\"@id\":\"https:\/\/ifv.vn\/#\/schema\/logo\/image\/\",\"url\":\"https:\/\/ifv.vn\/wp-content\/uploads\/2025\/10\/cropped-asset-6.png\",\"contentUrl\":\"https:\/\/ifv.vn\/wp-content\/uploads\/2025\/10\/cropped-asset-6.png\",\"width\":248,\"height\":165,\"caption\":\"Vi\u1ec7n Ph\u00e1p t\u1ea1i Vi\u1ec7t Nam | Institut fran\u00e7ais du Vietnam\"},\"image\":{\"@id\":\"https:\/\/ifv.vn\/#\/schema\/logo\/image\/\"}}]}<\/script>\n<!-- \/ Yoast SEO plugin. -->","yoast_head_json":{"title":"Institut fran\u00e7ais du Vietnam | Hu\u00e9 - Vi\u1ec7n Ph\u00e1p t\u1ea1i Vi\u1ec7t Nam | Institut fran\u00e7ais du Vietnam","robots":{"index":"index","follow":"follow","max-snippet":"max-snippet:-1","max-image-preview":"max-image-preview:large","max-video-preview":"max-video-preview:-1"},"canonical":"https:\/\/ifv.vn\/fr\/notre-reseau\/institut-francais-de-hue\/","og_locale":"fr_FR","og_type":"article","og_title":"Institut fran\u00e7ais du Vietnam | Hu\u00e9 - Vi\u1ec7n Ph\u00e1p t\u1ea1i Vi\u1ec7t Nam | Institut fran\u00e7ais du Vietnam","og_description":"[vc_row][vc_column][vc_wp_text] Depuis 2004, situ\u00e9 dans la nouvelle ville, l\u2019Institut fran\u00e7ais du Vietnam \u00e0 Hu\u00e9 est un lieu de rencontres et d\u2019\u00e9changes autour de la culture fran\u00e7aise et francophone, ainsi qu\u2019un des acteurs de la vie linguistique, culturelle et artistique locale. [&hellip;]","og_url":"https:\/\/ifv.vn\/fr\/notre-reseau\/institut-francais-de-hue\/","og_site_name":"Vi\u1ec7n Ph\u00e1p t\u1ea1i Vi\u1ec7t Nam | Institut fran\u00e7ais du Vietnam","article_modified_time":"2026-01-20T07:18:08+00:00","twitter_card":"summary_large_image","twitter_misc":{"Est. reading time":"1 minute"},"schema":{"@context":"https:\/\/schema.org","@graph":[{"@type":"WebPage","@id":"https:\/\/ifv.vn\/fr\/notre-reseau\/institut-francais-de-hue\/","url":"https:\/\/ifv.vn\/fr\/notre-reseau\/institut-francais-de-hue\/","name":"Institut fran\u00e7ais du Vietnam | Hu\u00e9 - Vi\u1ec7n Ph\u00e1p t\u1ea1i Vi\u1ec7t Nam | Institut fran\u00e7ais du Vietnam","isPartOf":{"@id":"https:\/\/ifv.vn\/#website"},"datePublished":"2018-04-29T14:26:49+00:00","dateModified":"2026-01-20T07:18:08+00:00","breadcrumb":{"@id":"https:\/\/ifv.vn\/fr\/notre-reseau\/institut-francais-de-hue\/#breadcrumb"},"inLanguage":"fr-FR","potentialAction":[{"@type":"ReadAction","target":["https:\/\/ifv.vn\/fr\/notre-reseau\/institut-francais-de-hue\/"]}]},{"@type":"BreadcrumbList","@id":"https:\/\/ifv.vn\/fr\/notre-reseau\/institut-francais-de-hue\/#breadcrumb","itemListElement":[{"@type":"ListItem","position":1,"name":"Home","item":"https:\/\/ifv.vn\/fr\/"},{"@type":"ListItem","position":2,"name":"Notre r\u00e9seau","item":"https:\/\/ifv.vn\/fr\/notre-reseau\/"},{"@type":"ListItem","position":3,"name":"Institut fran\u00e7ais du Vietnam | Hu\u00e9"}]},{"@type":"WebSite","@id":"https:\/\/ifv.vn\/#website","url":"https:\/\/ifv.vn\/","name":"Vi\u1ec7n Ph\u00e1p t\u1ea1i Vi\u1ec7t Nam | Institut fran\u00e7ais du Vietnam","description":"","publisher":{"@id":"https:\/\/ifv.vn\/#organization"},"potentialAction":[{"@type":"SearchAction","target":{"@type":"EntryPoint","urlTemplate":"https:\/\/ifv.vn\/?s={search_term_string}"},"query-input":{"@type":"PropertyValueSpecification","valueRequired":true,"valueName":"search_term_string"}}],"inLanguage":"fr-FR"},{"@type":"Organization","@id":"https:\/\/ifv.vn\/#organization","name":"Vi\u1ec7n Ph\u00e1p t\u1ea1i Vi\u1ec7t Nam | Institut fran\u00e7ais du Vietnam","url":"https:\/\/ifv.vn\/","logo":{"@type":"ImageObject","inLanguage":"fr-FR","@id":"https:\/\/ifv.vn\/#\/schema\/logo\/image\/","url":"https:\/\/ifv.vn\/wp-content\/uploads\/2025\/10\/cropped-asset-6.png","contentUrl":"https:\/\/ifv.vn\/wp-content\/uploads\/2025\/10\/cropped-asset-6.png","width":248,"height":165,"caption":"Vi\u1ec7n Ph\u00e1p t\u1ea1i Vi\u1ec7t Nam | Institut fran\u00e7ais du Vietnam"},"image":{"@id":"https:\/\/ifv.vn\/#\/schema\/logo\/image\/"}}]}},"_links":{"self":[{"href":"https:\/\/ifv.vn\/fr\/wp-json\/wp\/v2\/pages\/4796"}],"collection":[{"href":"https:\/\/ifv.vn\/fr\/wp-json\/wp\/v2\/pages"}],"about":[{"href":"https:\/\/ifv.vn\/fr\/wp-json\/wp\/v2\/types\/page"}],"author":[{"embeddable":true,"href":"https:\/\/ifv.vn\/fr\/wp-json\/wp\/v2\/users\/6"}],"replies":[{"embeddable":true,"href":"https:\/\/ifv.vn\/fr\/wp-json\/wp\/v2\/comments?post=4796"}],"version-history":[{"count":6,"href":"https:\/\/ifv.vn\/fr\/wp-json\/wp\/v2\/pages\/4796\/revisions"}],"predecessor-version":[{"id":25087,"href":"https:\/\/ifv.vn\/fr\/wp-json\/wp\/v2\/pages\/4796\/revisions\/25087"}],"up":[{"embeddable":true,"href":"https:\/\/ifv.vn\/fr\/wp-json\/wp\/v2\/pages\/4775"}],"wp:attachment":[{"href":"https:\/\/ifv.vn\/fr\/wp-json\/wp\/v2\/media?parent=4796"}],"curies":[{"name":"wp","href":"https:\/\/api.w.org\/{rel}","templated":true}]}}