{"id":4807,"date":"2018-04-30T11:14:46","date_gmt":"2018-04-30T04:14:46","guid":{"rendered":"https:\/\/ifv.vn\/?page_id=4807"},"modified":"2025-11-24T15:32:41","modified_gmt":"2025-11-24T08:32:41","slug":"institut-francais-de-danang","status":"publish","type":"page","link":"https:\/\/ifv.vn\/fr\/notre-reseau\/institut-francais-de-danang\/","title":{"rendered":"Institut fran\u00e7ais du Vietnam | Danang"},"content":{"rendered":"<div class=\"wpb-content-wrapper\"><p>[vc_row][vc_column][vc_wp_text]<\/p>\n<p style=\"text-align: justify;\">L\u2019Institut fran\u00e7ais du Vietnam \u00e0 Danang \u00a0a \u00e9t\u00e9 cr\u00e9\u00e9 en 1995 par l\u2019Ambassade de France dans le cadre d\u2019un accord de coop\u00e9ration avec l\u2019Universit\u00e9 de Danang.<\/p>\n<p style=\"text-align: justify;\">C\u2019est un Centre linguistique et culturel qui propose\u00a0 des activit\u00e9s vari\u00e9es. Vous y trouverez une m\u00e9diath\u00e8que avec de nombreux ouvrages et ressources, ainsi qu\u2019un bureau Campus France, qui met \u00e0 votre disposition des renseignements sur les \u00e9tudes en France.<\/p>\n<p style=\"text-align: justify;\">C\u2019est aussi un lieu d\u2019\u00e9changes et de rencontres pour tous les francophones de la ville. L\u2019espace est ouvert \u00e0 tous : \u00e9l\u00e8ves des classes bilingues, \u00e9tudiants, enseignants, m\u00e9decins, professionnels de tous horizons, retrait\u00e9s\u2026<\/p>\n<h2 style=\"text-align: justify;\">Une \u00e9cole de langue fran\u00e7aise<\/h2>\n<p style=\"text-align: justify;\">Elle propose une offre de formations adapt\u00e9es \u00e0 vos besoins et \u00e0 votre niveau. Plusieurs sessions sont organis\u00e9es chaque ann\u00e9e.<\/p>\n<h2 style=\"text-align: justify;\">Une m\u00e9diath\u00e8que<\/h2>\n<p style=\"text-align: justify;\">La m\u00e9diath\u00e8que est un espace de documentation et de d\u00e9couverte culturelle \u00e0 Danang, elle est ouverte 6 jours par semaine pour la consultation et le pr\u00eat de documents. Il y a aussi d\u2019autres supports comme les revues, les DVD, la t\u00e9l\u00e9vision TV5<\/p>\n<h2 style=\"text-align: justify;\">Un espace Campus France<\/h2>\n<p style=\"text-align: justify;\">Un conseiller est \u00e0 la disposition de toutes les personnes d\u00e9sirant faire un dossier pour aller \u00e9tudier en France.<\/p>\n<ul style=\"list-style-type: disc; text-align: justify;\">\n<li>des informations sur les \u00e9tudes en France<\/li>\n<li>un accompagnement tout au long de la proc\u00e9dure pr\u00e9-consulaire Campus France.<\/li>\n<li>des informations sur les bourses d\u2019\u00e9tudes.<\/li>\n<\/ul>\n<h2 style=\"text-align: justify;\">Un Centre d\u2019examens<\/h2>\n<p style=\"text-align: justify;\">Agr\u00e9\u00e9 par France Education International (FEI) : un \u00e9tablissement public fran\u00e7ais plac\u00e9 sous la tutelle directe du minist\u00e8re charg\u00e9 de l&rsquo;\u00c9ducation nationale. L&rsquo;Institut fran\u00e7ais du Vietnam \u00e0 Danang vous offre la possibilit\u00e9 de passer les dipl\u00f4mes du DELF et du DALF, seuls dipl\u00f4mes de la langue fran\u00e7aise reconnus internationalement.<\/p>\n<h2 style=\"text-align: justify;\">Concerts<\/h2>\n<p style=\"text-align: justify;\">L&rsquo;Institut fran\u00e7ais du Vietnam \u00e0 Danang,\u00a0 en coop\u00e9ration avec le Service des Affaires \u00e9trang\u00e8res de la ville de Danang et le Service de coop\u00e9ration et d\u2019action culturelle de l\u2019Ambassade de France organisent annuellement des concerts de groupes d\u2019artistes fran\u00e7ais et francophones.<\/p>\n<h2 style=\"text-align: justify;\"><strong>Francophonie<\/strong><\/h2>\n<p style=\"text-align: justify;\">L&rsquo;Institut fran\u00e7ais du Vietnam \u00e0 Danang,\u00a0 en coop\u00e9ration avec d\u2019autres institutions francophones, comme le Cercle Francophone, l\u2019association d\u2019amiti\u00e9 Vietnam-France, l\u2019\u00e9cole de langues \u00e9trang\u00e8res de l\u2019universit\u00e9 de Danang\u2026, organisent occasionnellement des activit\u00e9s mettant en valeur la Journ\u00e9e Internationale de la Francophonie, la f\u00eate nationale de la France.<\/p>\n<h2 style=\"text-align: justify;\"><strong>Activit\u00e9s diverses<\/strong><\/h2>\n<p style=\"text-align: justify;\">L&rsquo;Institut fran\u00e7ais du Vietnam \u00e0 Danang organise r\u00e9guli\u00e8rement des activit\u00e9s pour les enfants et les \u00e9tudiants tous les samedis matins.<\/p>\n<h2 style=\"text-align: justify;\"><strong>Adresse et contact<\/strong><\/h2>\n<p style=\"text-align: justify;\">Adresse : 33 rue Tran Phu \/ 46 rue Bach Dang \u2013 Derri\u00e8re la Biblioth\u00e8que Municipale de Sciences de la ville<br \/>\nT\u00e9l : (236) 381 82 70<br \/>\nEmail : ecoledanang@ifv.vn<\/p>\n<p>[\/vc_wp_text][\/vc_column][\/vc_row][vc_row][vc_column]\n                <div class=\"wpb_wrapper\">\n                    <div class=\"block__form_newsletter border__1x \"><div class=\"title\">Vous avez des questions ?<\/div>\n<div class=\"wpcf7 no-js\" id=\"wpcf7-f4816-o1\" lang=\"en-US\" dir=\"ltr\" data-wpcf7-id=\"4816\">\n<div class=\"screen-reader-response\"><p role=\"status\" aria-live=\"polite\" aria-atomic=\"true\"><\/p> <ul><\/ul><\/div>\n<form action=\"\/fr\/wp-json\/wp\/v2\/pages\/4807#wpcf7-f4816-o1\" method=\"post\" class=\"wpcf7-form init\" aria-label=\"Contact form\" enctype=\"multipart\/form-data\" novalidate=\"novalidate\" data-status=\"init\">\n<div style=\"display: none;\">\n<input type=\"hidden\" name=\"_wpcf7\" value=\"4816\" \/>\n<input type=\"hidden\" name=\"_wpcf7_version\" value=\"6.0.6\" \/>\n<input type=\"hidden\" name=\"_wpcf7_locale\" value=\"en_US\" \/>\n<input type=\"hidden\" name=\"_wpcf7_unit_tag\" value=\"wpcf7-f4816-o1\" \/>\n<input type=\"hidden\" name=\"_wpcf7_container_post\" value=\"0\" \/>\n<input type=\"hidden\" name=\"_wpcf7_posted_data_hash\" value=\"\" \/>\n<input type=\"hidden\" name=\"_wpcf7_recaptcha_response\" value=\"\" \/>\n<\/div>\n<div class=\"item\">\n\t<p><span class=\"wpcf7-form-control-wrap\" data-name=\"nometprenom\"><input size=\"40\" maxlength=\"400\" class=\"wpcf7-form-control wpcf7-text wpcf7-validates-as-required\" aria-required=\"true\" aria-invalid=\"false\" placeholder=\"Votre nom et pr\u00e9nom *\" value=\"\" type=\"text\" name=\"nometprenom\" \/><\/span>\n\t<\/p>\n<\/div>\n<div class=\"item\">\n\t<p><span class=\"wpcf7-form-control-wrap\" data-name=\"your-email\"><input size=\"40\" maxlength=\"400\" class=\"wpcf7-form-control wpcf7-email wpcf7-validates-as-required wpcf7-text wpcf7-validates-as-email\" aria-required=\"true\" aria-invalid=\"false\" placeholder=\"Votre email *\" value=\"\" type=\"email\" name=\"your-email\" \/><\/span>\n\t<\/p>\n<\/div>\n<div class=\"item\">\n\t<p><span class=\"wpcf7-form-control-wrap\" data-name=\"your-phone\"><input size=\"40\" maxlength=\"400\" class=\"wpcf7-form-control wpcf7-text wpcf7-validates-as-required\" aria-required=\"true\" aria-invalid=\"false\" placeholder=\"Votre num\u00e9ro de t\u00e9l\u00e9phone *\" value=\"\" type=\"text\" name=\"your-phone\" \/><\/span>\n\t<\/p>\n<\/div>\n<div class=\"item\">\n\t<p><span class=\"wpcf7-form-control-wrap\" data-name=\"file-400\"><input size=\"40\" class=\"wpcf7-form-control wpcf7-file\" accept=\"audio\/*,video\/*,image\/*\" aria-invalid=\"false\" type=\"file\" name=\"file-400\" \/><\/span>\n\t<\/p>\n<\/div>\n<div class=\"item\">\n\t<p><span class=\"wpcf7-form-control-wrap\" data-name=\"message\"><textarea cols=\"40\" rows=\"10\" maxlength=\"2000\" class=\"wpcf7-form-control wpcf7-textarea wpcf7-validates-as-required\" aria-required=\"true\" aria-invalid=\"false\" placeholder=\"Votre message *\" name=\"message\"><\/textarea><\/span>\n\t<\/p>\n<\/div>\n<div class=\"item\">\n\n<\/div>\n<p><span id=\"wpcf7-69fb85d2ebd06-wrapper\" class=\"wpcf7-form-control-wrap email-744-wrap\" style=\"display:none !important; visibility:hidden !important;\"><label for=\"wpcf7-69fb85d2ebd06-field\" class=\"hp-message\">Please leave this field empty.<\/label><input id=\"wpcf7-69fb85d2ebd06-field\"  class=\"wpcf7-form-control wpcf7-text\" type=\"text\" name=\"email-744\" value=\"\" size=\"40\" tabindex=\"-1\" autocomplete=\"new-password\" \/><\/span>\n<\/p>\n<div>\n\t<p><input class=\"wpcf7-form-control wpcf7-submit has-spinner\" type=\"submit\" value=\"Envoyer\" \/>\n\t<\/p>\n<\/div>\n<div class=\"champs\">\n\t<p>*Champs requis\n\t<\/p>\n<\/div>\n<div class=\"clearfix\">\n<\/div><div class=\"wpcf7-response-output\" aria-hidden=\"true\"><\/div>\n<\/form>\n<\/div>\n<\/div>\n            <\/div>[\/vc_column][\/vc_row]<\/p>\n<\/div>","protected":false},"excerpt":{"rendered":"[vc_row][vc_column][vc_wp_text] L\u2019Institut fran\u00e7ais du Vietnam \u00e0 Danang \u00a0a \u00e9t\u00e9 cr\u00e9\u00e9 en 1995 par l\u2019Ambassade de France dans le cadre d\u2019un accord de coop\u00e9ration avec l\u2019Universit\u00e9 de Danang. C\u2019est un Centre linguistique et culturel qui propose\u00a0 des activit\u00e9s vari\u00e9es. Vous y [...]","protected":false},"author":6,"featured_media":0,"parent":4775,"menu_order":0,"comment_status":"open","ping_status":"closed","template":"page-static.php","meta":{"footnotes":""},"class_list":["post-4807","page","type-page","status-publish","hentry"],"acf":[],"yoast_head":"<!-- This site is optimized with the Yoast SEO plugin v25.3.1 - https:\/\/yoast.com\/wordpress\/plugins\/seo\/ -->\n<title>Institut fran\u00e7ais du Vietnam | Danang - Vi\u1ec7n Ph\u00e1p t\u1ea1i Vi\u1ec7t Nam | Institut fran\u00e7ais du Vietnam<\/title>\n<meta name=\"robots\" content=\"index, follow, max-snippet:-1, max-image-preview:large, max-video-preview:-1\" \/>\n<link rel=\"canonical\" href=\"https:\/\/ifv.vn\/fr\/notre-reseau\/institut-francais-de-danang\/\" \/>\n<meta property=\"og:locale\" content=\"fr_FR\" \/>\n<meta property=\"og:type\" content=\"article\" \/>\n<meta property=\"og:title\" content=\"Institut fran\u00e7ais du Vietnam | Danang - Vi\u1ec7n Ph\u00e1p t\u1ea1i Vi\u1ec7t Nam | Institut fran\u00e7ais du Vietnam\" \/>\n<meta property=\"og:description\" content=\"[vc_row][vc_column][vc_wp_text] L\u2019Institut fran\u00e7ais du Vietnam \u00e0 Danang \u00a0a \u00e9t\u00e9 cr\u00e9\u00e9 en 1995 par l\u2019Ambassade de France dans le cadre d\u2019un accord de coop\u00e9ration avec l\u2019Universit\u00e9 de Danang. C\u2019est un Centre linguistique et culturel qui propose\u00a0 des activit\u00e9s vari\u00e9es. Vous y [&hellip;]\" \/>\n<meta property=\"og:url\" content=\"https:\/\/ifv.vn\/fr\/notre-reseau\/institut-francais-de-danang\/\" \/>\n<meta property=\"og:site_name\" content=\"Vi\u1ec7n Ph\u00e1p t\u1ea1i Vi\u1ec7t Nam | Institut fran\u00e7ais du Vietnam\" \/>\n<meta property=\"article:modified_time\" content=\"2025-11-24T08:32:41+00:00\" \/>\n<meta name=\"twitter:card\" content=\"summary_large_image\" \/>\n<meta name=\"twitter:label1\" content=\"Est. reading time\" \/>\n\t<meta name=\"twitter:data1\" content=\"3 minutes\" \/>\n<script type=\"application\/ld+json\" class=\"yoast-schema-graph\">{\"@context\":\"https:\/\/schema.org\",\"@graph\":[{\"@type\":\"WebPage\",\"@id\":\"https:\/\/ifv.vn\/fr\/notre-reseau\/institut-francais-de-danang\/\",\"url\":\"https:\/\/ifv.vn\/fr\/notre-reseau\/institut-francais-de-danang\/\",\"name\":\"Institut fran\u00e7ais du Vietnam | Danang - Vi\u1ec7n Ph\u00e1p t\u1ea1i Vi\u1ec7t Nam | Institut fran\u00e7ais du Vietnam\",\"isPartOf\":{\"@id\":\"https:\/\/ifv.vn\/#website\"},\"datePublished\":\"2018-04-30T04:14:46+00:00\",\"dateModified\":\"2025-11-24T08:32:41+00:00\",\"breadcrumb\":{\"@id\":\"https:\/\/ifv.vn\/fr\/notre-reseau\/institut-francais-de-danang\/#breadcrumb\"},\"inLanguage\":\"fr-FR\",\"potentialAction\":[{\"@type\":\"ReadAction\",\"target\":[\"https:\/\/ifv.vn\/fr\/notre-reseau\/institut-francais-de-danang\/\"]}]},{\"@type\":\"BreadcrumbList\",\"@id\":\"https:\/\/ifv.vn\/fr\/notre-reseau\/institut-francais-de-danang\/#breadcrumb\",\"itemListElement\":[{\"@type\":\"ListItem\",\"position\":1,\"name\":\"Home\",\"item\":\"https:\/\/ifv.vn\/fr\/\"},{\"@type\":\"ListItem\",\"position\":2,\"name\":\"Notre r\u00e9seau\",\"item\":\"https:\/\/ifv.vn\/fr\/notre-reseau\/\"},{\"@type\":\"ListItem\",\"position\":3,\"name\":\"Institut fran\u00e7ais du Vietnam | Danang\"}]},{\"@type\":\"WebSite\",\"@id\":\"https:\/\/ifv.vn\/#website\",\"url\":\"https:\/\/ifv.vn\/\",\"name\":\"Vi\u1ec7n Ph\u00e1p t\u1ea1i Vi\u1ec7t Nam | Institut fran\u00e7ais du Vietnam\",\"description\":\"\",\"publisher\":{\"@id\":\"https:\/\/ifv.vn\/#organization\"},\"potentialAction\":[{\"@type\":\"SearchAction\",\"target\":{\"@type\":\"EntryPoint\",\"urlTemplate\":\"https:\/\/ifv.vn\/?s={search_term_string}\"},\"query-input\":{\"@type\":\"PropertyValueSpecification\",\"valueRequired\":true,\"valueName\":\"search_term_string\"}}],\"inLanguage\":\"fr-FR\"},{\"@type\":\"Organization\",\"@id\":\"https:\/\/ifv.vn\/#organization\",\"name\":\"Vi\u1ec7n Ph\u00e1p t\u1ea1i Vi\u1ec7t Nam | Institut fran\u00e7ais du Vietnam\",\"url\":\"https:\/\/ifv.vn\/\",\"logo\":{\"@type\":\"ImageObject\",\"inLanguage\":\"fr-FR\",\"@id\":\"https:\/\/ifv.vn\/#\/schema\/logo\/image\/\",\"url\":\"https:\/\/ifv.vn\/wp-content\/uploads\/2025\/10\/cropped-asset-6.png\",\"contentUrl\":\"https:\/\/ifv.vn\/wp-content\/uploads\/2025\/10\/cropped-asset-6.png\",\"width\":248,\"height\":165,\"caption\":\"Vi\u1ec7n Ph\u00e1p t\u1ea1i Vi\u1ec7t Nam | Institut fran\u00e7ais du Vietnam\"},\"image\":{\"@id\":\"https:\/\/ifv.vn\/#\/schema\/logo\/image\/\"}}]}<\/script>\n<!-- \/ Yoast SEO plugin. -->","yoast_head_json":{"title":"Institut fran\u00e7ais du Vietnam | Danang - Vi\u1ec7n Ph\u00e1p t\u1ea1i Vi\u1ec7t Nam | Institut fran\u00e7ais du Vietnam","robots":{"index":"index","follow":"follow","max-snippet":"max-snippet:-1","max-image-preview":"max-image-preview:large","max-video-preview":"max-video-preview:-1"},"canonical":"https:\/\/ifv.vn\/fr\/notre-reseau\/institut-francais-de-danang\/","og_locale":"fr_FR","og_type":"article","og_title":"Institut fran\u00e7ais du Vietnam | Danang - Vi\u1ec7n Ph\u00e1p t\u1ea1i Vi\u1ec7t Nam | Institut fran\u00e7ais du Vietnam","og_description":"[vc_row][vc_column][vc_wp_text] L\u2019Institut fran\u00e7ais du Vietnam \u00e0 Danang \u00a0a \u00e9t\u00e9 cr\u00e9\u00e9 en 1995 par l\u2019Ambassade de France dans le cadre d\u2019un accord de coop\u00e9ration avec l\u2019Universit\u00e9 de Danang. C\u2019est un Centre linguistique et culturel qui propose\u00a0 des activit\u00e9s vari\u00e9es. Vous y [&hellip;]","og_url":"https:\/\/ifv.vn\/fr\/notre-reseau\/institut-francais-de-danang\/","og_site_name":"Vi\u1ec7n Ph\u00e1p t\u1ea1i Vi\u1ec7t Nam | Institut fran\u00e7ais du Vietnam","article_modified_time":"2025-11-24T08:32:41+00:00","twitter_card":"summary_large_image","twitter_misc":{"Est. reading time":"3 minutes"},"schema":{"@context":"https:\/\/schema.org","@graph":[{"@type":"WebPage","@id":"https:\/\/ifv.vn\/fr\/notre-reseau\/institut-francais-de-danang\/","url":"https:\/\/ifv.vn\/fr\/notre-reseau\/institut-francais-de-danang\/","name":"Institut fran\u00e7ais du Vietnam | Danang - Vi\u1ec7n Ph\u00e1p t\u1ea1i Vi\u1ec7t Nam | Institut fran\u00e7ais du Vietnam","isPartOf":{"@id":"https:\/\/ifv.vn\/#website"},"datePublished":"2018-04-30T04:14:46+00:00","dateModified":"2025-11-24T08:32:41+00:00","breadcrumb":{"@id":"https:\/\/ifv.vn\/fr\/notre-reseau\/institut-francais-de-danang\/#breadcrumb"},"inLanguage":"fr-FR","potentialAction":[{"@type":"ReadAction","target":["https:\/\/ifv.vn\/fr\/notre-reseau\/institut-francais-de-danang\/"]}]},{"@type":"BreadcrumbList","@id":"https:\/\/ifv.vn\/fr\/notre-reseau\/institut-francais-de-danang\/#breadcrumb","itemListElement":[{"@type":"ListItem","position":1,"name":"Home","item":"https:\/\/ifv.vn\/fr\/"},{"@type":"ListItem","position":2,"name":"Notre r\u00e9seau","item":"https:\/\/ifv.vn\/fr\/notre-reseau\/"},{"@type":"ListItem","position":3,"name":"Institut fran\u00e7ais du Vietnam | Danang"}]},{"@type":"WebSite","@id":"https:\/\/ifv.vn\/#website","url":"https:\/\/ifv.vn\/","name":"Vi\u1ec7n Ph\u00e1p t\u1ea1i Vi\u1ec7t Nam | Institut fran\u00e7ais du Vietnam","description":"","publisher":{"@id":"https:\/\/ifv.vn\/#organization"},"potentialAction":[{"@type":"SearchAction","target":{"@type":"EntryPoint","urlTemplate":"https:\/\/ifv.vn\/?s={search_term_string}"},"query-input":{"@type":"PropertyValueSpecification","valueRequired":true,"valueName":"search_term_string"}}],"inLanguage":"fr-FR"},{"@type":"Organization","@id":"https:\/\/ifv.vn\/#organization","name":"Vi\u1ec7n Ph\u00e1p t\u1ea1i Vi\u1ec7t Nam | Institut fran\u00e7ais du Vietnam","url":"https:\/\/ifv.vn\/","logo":{"@type":"ImageObject","inLanguage":"fr-FR","@id":"https:\/\/ifv.vn\/#\/schema\/logo\/image\/","url":"https:\/\/ifv.vn\/wp-content\/uploads\/2025\/10\/cropped-asset-6.png","contentUrl":"https:\/\/ifv.vn\/wp-content\/uploads\/2025\/10\/cropped-asset-6.png","width":248,"height":165,"caption":"Vi\u1ec7n Ph\u00e1p t\u1ea1i Vi\u1ec7t Nam | Institut fran\u00e7ais du Vietnam"},"image":{"@id":"https:\/\/ifv.vn\/#\/schema\/logo\/image\/"}}]}},"_links":{"self":[{"href":"https:\/\/ifv.vn\/fr\/wp-json\/wp\/v2\/pages\/4807"}],"collection":[{"href":"https:\/\/ifv.vn\/fr\/wp-json\/wp\/v2\/pages"}],"about":[{"href":"https:\/\/ifv.vn\/fr\/wp-json\/wp\/v2\/types\/page"}],"author":[{"embeddable":true,"href":"https:\/\/ifv.vn\/fr\/wp-json\/wp\/v2\/users\/6"}],"replies":[{"embeddable":true,"href":"https:\/\/ifv.vn\/fr\/wp-json\/wp\/v2\/comments?post=4807"}],"version-history":[{"count":11,"href":"https:\/\/ifv.vn\/fr\/wp-json\/wp\/v2\/pages\/4807\/revisions"}],"predecessor-version":[{"id":24420,"href":"https:\/\/ifv.vn\/fr\/wp-json\/wp\/v2\/pages\/4807\/revisions\/24420"}],"up":[{"embeddable":true,"href":"https:\/\/ifv.vn\/fr\/wp-json\/wp\/v2\/pages\/4775"}],"wp:attachment":[{"href":"https:\/\/ifv.vn\/fr\/wp-json\/wp\/v2\/media?parent=4807"}],"curies":[{"name":"wp","href":"https:\/\/api.w.org\/{rel}","templated":true}]}}