{"id":5147,"date":"2018-05-06T11:02:14","date_gmt":"2018-05-06T04:02:14","guid":{"rendered":"https:\/\/ifv.vn\/khoa-hoc-trinh-do-hk\/"},"modified":"2025-11-26T11:02:32","modified_gmt":"2025-11-26T04:02:32","slug":"cours-de-francais-institut-francais-hanoi","status":"publish","type":"page","link":"https:\/\/ifv.vn\/fr\/cours-de-francais-institut-francais-hanoi\/","title":{"rendered":"Cours de fran\u00e7ais \u00e0 l&rsquo;Institut fran\u00e7ais du Vietnam | Hanoi"},"content":{"rendered":"<div class=\"wpb-content-wrapper\"><p>[vc_row][vc_column][vc_wp_text title=&nbsp;&raquo;Pr\u00e9sentation des cours de fran\u00e7ais (IFV | Hanoi)&nbsp;&raquo;]<\/p>\n<p style=\"text-align: justify;\">L\u2019Institut fran\u00e7ais du Vietnam (IFV) vous propose une progression structur\u00e9e \u00e0 partir du Cadre Europ\u00e9en Commun de R\u00e9f\u00e9rence pour les langues (CECR), la r\u00e9f\u00e9rence internationale pour tous ceux qui comme nous ont \u00e0 c\u0153ur d\u2019offrir \u00e0 leurs publics une formation de haute qualit\u00e9 avec un niveau d\u2019exigence \u00e9lev\u00e9. Notre palette de cours est ouverte \u00e0 tous les publics, enfants, adolescents, \u00e9tudiants, adultes. Elle vous permet de progresser en fran\u00e7ais g\u00e9n\u00e9ral ou de travailler des comp\u00e9tences sp\u00e9cifiques pour personnaliser votre parcours.<\/p>\n<p style=\"text-align: justify;\">En suivant notre programme avec assiduit\u00e9, vous progresserez de mani\u00e8re significative pour \u00eatre capable de communiquer efficacement en fran\u00e7ais et valider votre niveau avec une certification officielle <a href=\"https:\/\/ifv.vn\/fr\/delf-dalf\/\">DELF-DALF<\/a> ou <a href=\"https:\/\/ifv.vn\/fr\/tcf\/\">TCF<\/a>.<\/p>\n<p><img loading=\"lazy\" decoding=\"async\" class=\"wp-image-21124 size-full aligncenter\" src=\"https:\/\/ifv.vn\/wp-content\/uploads\/2024\/08\/tableau-niveaux-ifvhn.png\" alt=\"\" width=\"800\" height=\"500\" srcset=\"https:\/\/ifv.vn\/wp-content\/uploads\/2024\/08\/tableau-niveaux-ifvhn.png 800w, https:\/\/ifv.vn\/wp-content\/uploads\/2024\/08\/tableau-niveaux-ifvhn-300x188.png 300w, https:\/\/ifv.vn\/wp-content\/uploads\/2024\/08\/tableau-niveaux-ifvhn-768x480.png 768w\" sizes=\"(max-width: 800px) 100vw, 800px\" \/><\/p>\n<p>[\/vc_wp_text][acf_vc_integrator get_field_data_from=&nbsp;&raquo;&nbsp;&raquo; field_group=&nbsp;&raquo;3830&Prime; field_from_3830=&nbsp;&raquo;field_5aaa24ec59ae7&Prime; show_label=&nbsp;&raquo;&nbsp;&raquo; align=&nbsp;&raquo;default&nbsp;&raquo; gm_show_placecard=&nbsp;&raquo;default&nbsp;&raquo; gm_map_type_control=&nbsp;&raquo;default&nbsp;&raquo; gm_fullscreen_control=&nbsp;&raquo;default&nbsp;&raquo; gm_street_view_control=&nbsp;&raquo;default&nbsp;&raquo; gm_zoom_control=&nbsp;&raquo;default&nbsp;&raquo; gm_scale=&nbsp;&raquo;default&nbsp;&raquo;][\/vc_column][\/vc_row]<\/p>\n<\/div>","protected":false},"excerpt":{"rendered":"[vc_row][vc_column][vc_wp_text title=\"Pr\u00e9sentation des cours de fran\u00e7ais (IFV | Hanoi)\"] L\u2019Institut fran\u00e7ais du Vietnam (IFV) vous propose une progression structur\u00e9e \u00e0 partir du Cadre Europ\u00e9en Commun de R\u00e9f\u00e9rence pour les langues (CECR), la r\u00e9f\u00e9rence internationale pour tous ceux qui comme nous [...]","protected":false},"author":6,"featured_media":0,"parent":0,"menu_order":0,"comment_status":"open","ping_status":"closed","template":"page-static.php","meta":{"footnotes":""},"class_list":["post-5147","page","type-page","status-publish","hentry","ville_category-ha-noi-fr"],"acf":[],"yoast_head":"<!-- This site is optimized with the Yoast SEO plugin v25.3.1 - https:\/\/yoast.com\/wordpress\/plugins\/seo\/ -->\n<title>Cours de fran\u00e7ais \u00e0 l&#039;Institut fran\u00e7ais du Vietnam | Hanoi - Vi\u1ec7n Ph\u00e1p t\u1ea1i Vi\u1ec7t Nam | Institut fran\u00e7ais du Vietnam<\/title>\n<meta name=\"robots\" content=\"index, follow, max-snippet:-1, max-image-preview:large, max-video-preview:-1\" \/>\n<link rel=\"canonical\" href=\"https:\/\/ifv.vn\/fr\/cours-de-francais-institut-francais-hanoi\/\" \/>\n<meta property=\"og:locale\" content=\"fr_FR\" \/>\n<meta property=\"og:type\" content=\"article\" \/>\n<meta property=\"og:title\" content=\"Cours de fran\u00e7ais \u00e0 l&#039;Institut fran\u00e7ais du Vietnam | Hanoi - Vi\u1ec7n Ph\u00e1p t\u1ea1i Vi\u1ec7t Nam | Institut fran\u00e7ais du Vietnam\" \/>\n<meta property=\"og:description\" content=\"[vc_row][vc_column][vc_wp_text title=&nbsp;&raquo;Pr\u00e9sentation des cours de fran\u00e7ais (IFV | Hanoi)&nbsp;&raquo;] L\u2019Institut fran\u00e7ais du Vietnam (IFV) vous propose une progression structur\u00e9e \u00e0 partir du Cadre Europ\u00e9en Commun de R\u00e9f\u00e9rence pour les langues (CECR), la r\u00e9f\u00e9rence internationale pour tous ceux qui comme nous [&hellip;]\" \/>\n<meta property=\"og:url\" content=\"https:\/\/ifv.vn\/fr\/cours-de-francais-institut-francais-hanoi\/\" \/>\n<meta property=\"og:site_name\" content=\"Vi\u1ec7n Ph\u00e1p t\u1ea1i Vi\u1ec7t Nam | Institut fran\u00e7ais du Vietnam\" \/>\n<meta property=\"article:modified_time\" content=\"2025-11-26T04:02:32+00:00\" \/>\n<meta property=\"og:image\" content=\"https:\/\/ifv.vn\/wp-content\/uploads\/2024\/08\/tableau-niveaux-ifvhn.png\" \/>\n\t<meta property=\"og:image:width\" content=\"800\" \/>\n\t<meta property=\"og:image:height\" content=\"500\" \/>\n\t<meta property=\"og:image:type\" content=\"image\/png\" \/>\n<meta name=\"twitter:card\" content=\"summary_large_image\" \/>\n<meta name=\"twitter:label1\" content=\"Est. reading time\" \/>\n\t<meta name=\"twitter:data1\" content=\"1 minute\" \/>\n<script type=\"application\/ld+json\" class=\"yoast-schema-graph\">{\"@context\":\"https:\/\/schema.org\",\"@graph\":[{\"@type\":\"WebPage\",\"@id\":\"https:\/\/ifv.vn\/fr\/cours-de-francais-institut-francais-hanoi\/\",\"url\":\"https:\/\/ifv.vn\/fr\/cours-de-francais-institut-francais-hanoi\/\",\"name\":\"Cours de fran\u00e7ais \u00e0 l'Institut fran\u00e7ais du Vietnam | Hanoi - Vi\u1ec7n Ph\u00e1p t\u1ea1i Vi\u1ec7t Nam | Institut fran\u00e7ais du Vietnam\",\"isPartOf\":{\"@id\":\"https:\/\/ifv.vn\/#website\"},\"primaryImageOfPage\":{\"@id\":\"https:\/\/ifv.vn\/fr\/cours-de-francais-institut-francais-hanoi\/#primaryimage\"},\"image\":{\"@id\":\"https:\/\/ifv.vn\/fr\/cours-de-francais-institut-francais-hanoi\/#primaryimage\"},\"thumbnailUrl\":\"https:\/\/ifv.vn\/wp-content\/uploads\/2024\/08\/tableau-niveaux-ifvhn.png\",\"datePublished\":\"2018-05-06T04:02:14+00:00\",\"dateModified\":\"2025-11-26T04:02:32+00:00\",\"breadcrumb\":{\"@id\":\"https:\/\/ifv.vn\/fr\/cours-de-francais-institut-francais-hanoi\/#breadcrumb\"},\"inLanguage\":\"fr-FR\",\"potentialAction\":[{\"@type\":\"ReadAction\",\"target\":[\"https:\/\/ifv.vn\/fr\/cours-de-francais-institut-francais-hanoi\/\"]}]},{\"@type\":\"ImageObject\",\"inLanguage\":\"fr-FR\",\"@id\":\"https:\/\/ifv.vn\/fr\/cours-de-francais-institut-francais-hanoi\/#primaryimage\",\"url\":\"https:\/\/ifv.vn\/wp-content\/uploads\/2024\/08\/tableau-niveaux-ifvhn.png\",\"contentUrl\":\"https:\/\/ifv.vn\/wp-content\/uploads\/2024\/08\/tableau-niveaux-ifvhn.png\"},{\"@type\":\"BreadcrumbList\",\"@id\":\"https:\/\/ifv.vn\/fr\/cours-de-francais-institut-francais-hanoi\/#breadcrumb\",\"itemListElement\":[{\"@type\":\"ListItem\",\"position\":1,\"name\":\"Home\",\"item\":\"https:\/\/ifv.vn\/fr\/\"},{\"@type\":\"ListItem\",\"position\":2,\"name\":\"Cours de fran\u00e7ais \u00e0 l&rsquo;Institut fran\u00e7ais du Vietnam | Hanoi\"}]},{\"@type\":\"WebSite\",\"@id\":\"https:\/\/ifv.vn\/#website\",\"url\":\"https:\/\/ifv.vn\/\",\"name\":\"Vi\u1ec7n Ph\u00e1p t\u1ea1i Vi\u1ec7t Nam | Institut fran\u00e7ais du Vietnam\",\"description\":\"\",\"publisher\":{\"@id\":\"https:\/\/ifv.vn\/#organization\"},\"potentialAction\":[{\"@type\":\"SearchAction\",\"target\":{\"@type\":\"EntryPoint\",\"urlTemplate\":\"https:\/\/ifv.vn\/?s={search_term_string}\"},\"query-input\":{\"@type\":\"PropertyValueSpecification\",\"valueRequired\":true,\"valueName\":\"search_term_string\"}}],\"inLanguage\":\"fr-FR\"},{\"@type\":\"Organization\",\"@id\":\"https:\/\/ifv.vn\/#organization\",\"name\":\"Vi\u1ec7n Ph\u00e1p t\u1ea1i Vi\u1ec7t Nam | Institut fran\u00e7ais du Vietnam\",\"url\":\"https:\/\/ifv.vn\/\",\"logo\":{\"@type\":\"ImageObject\",\"inLanguage\":\"fr-FR\",\"@id\":\"https:\/\/ifv.vn\/#\/schema\/logo\/image\/\",\"url\":\"https:\/\/ifv.vn\/wp-content\/uploads\/2025\/10\/cropped-asset-6.png\",\"contentUrl\":\"https:\/\/ifv.vn\/wp-content\/uploads\/2025\/10\/cropped-asset-6.png\",\"width\":248,\"height\":165,\"caption\":\"Vi\u1ec7n Ph\u00e1p t\u1ea1i Vi\u1ec7t Nam | Institut fran\u00e7ais du Vietnam\"},\"image\":{\"@id\":\"https:\/\/ifv.vn\/#\/schema\/logo\/image\/\"}}]}<\/script>\n<!-- \/ Yoast SEO plugin. -->","yoast_head_json":{"title":"Cours de fran\u00e7ais \u00e0 l'Institut fran\u00e7ais du Vietnam | Hanoi - Vi\u1ec7n Ph\u00e1p t\u1ea1i Vi\u1ec7t Nam | Institut fran\u00e7ais du Vietnam","robots":{"index":"index","follow":"follow","max-snippet":"max-snippet:-1","max-image-preview":"max-image-preview:large","max-video-preview":"max-video-preview:-1"},"canonical":"https:\/\/ifv.vn\/fr\/cours-de-francais-institut-francais-hanoi\/","og_locale":"fr_FR","og_type":"article","og_title":"Cours de fran\u00e7ais \u00e0 l'Institut fran\u00e7ais du Vietnam | Hanoi - Vi\u1ec7n Ph\u00e1p t\u1ea1i Vi\u1ec7t Nam | Institut fran\u00e7ais du Vietnam","og_description":"[vc_row][vc_column][vc_wp_text title=&nbsp;&raquo;Pr\u00e9sentation des cours de fran\u00e7ais (IFV | Hanoi)&nbsp;&raquo;] L\u2019Institut fran\u00e7ais du Vietnam (IFV) vous propose une progression structur\u00e9e \u00e0 partir du Cadre Europ\u00e9en Commun de R\u00e9f\u00e9rence pour les langues (CECR), la r\u00e9f\u00e9rence internationale pour tous ceux qui comme nous [&hellip;]","og_url":"https:\/\/ifv.vn\/fr\/cours-de-francais-institut-francais-hanoi\/","og_site_name":"Vi\u1ec7n Ph\u00e1p t\u1ea1i Vi\u1ec7t Nam | Institut fran\u00e7ais du Vietnam","article_modified_time":"2025-11-26T04:02:32+00:00","og_image":[{"width":800,"height":500,"url":"https:\/\/ifv.vn\/wp-content\/uploads\/2024\/08\/tableau-niveaux-ifvhn.png","type":"image\/png"}],"twitter_card":"summary_large_image","twitter_misc":{"Est. reading time":"1 minute"},"schema":{"@context":"https:\/\/schema.org","@graph":[{"@type":"WebPage","@id":"https:\/\/ifv.vn\/fr\/cours-de-francais-institut-francais-hanoi\/","url":"https:\/\/ifv.vn\/fr\/cours-de-francais-institut-francais-hanoi\/","name":"Cours de fran\u00e7ais \u00e0 l'Institut fran\u00e7ais du Vietnam | Hanoi - Vi\u1ec7n Ph\u00e1p t\u1ea1i Vi\u1ec7t Nam | Institut fran\u00e7ais du Vietnam","isPartOf":{"@id":"https:\/\/ifv.vn\/#website"},"primaryImageOfPage":{"@id":"https:\/\/ifv.vn\/fr\/cours-de-francais-institut-francais-hanoi\/#primaryimage"},"image":{"@id":"https:\/\/ifv.vn\/fr\/cours-de-francais-institut-francais-hanoi\/#primaryimage"},"thumbnailUrl":"https:\/\/ifv.vn\/wp-content\/uploads\/2024\/08\/tableau-niveaux-ifvhn.png","datePublished":"2018-05-06T04:02:14+00:00","dateModified":"2025-11-26T04:02:32+00:00","breadcrumb":{"@id":"https:\/\/ifv.vn\/fr\/cours-de-francais-institut-francais-hanoi\/#breadcrumb"},"inLanguage":"fr-FR","potentialAction":[{"@type":"ReadAction","target":["https:\/\/ifv.vn\/fr\/cours-de-francais-institut-francais-hanoi\/"]}]},{"@type":"ImageObject","inLanguage":"fr-FR","@id":"https:\/\/ifv.vn\/fr\/cours-de-francais-institut-francais-hanoi\/#primaryimage","url":"https:\/\/ifv.vn\/wp-content\/uploads\/2024\/08\/tableau-niveaux-ifvhn.png","contentUrl":"https:\/\/ifv.vn\/wp-content\/uploads\/2024\/08\/tableau-niveaux-ifvhn.png"},{"@type":"BreadcrumbList","@id":"https:\/\/ifv.vn\/fr\/cours-de-francais-institut-francais-hanoi\/#breadcrumb","itemListElement":[{"@type":"ListItem","position":1,"name":"Home","item":"https:\/\/ifv.vn\/fr\/"},{"@type":"ListItem","position":2,"name":"Cours de fran\u00e7ais \u00e0 l&rsquo;Institut fran\u00e7ais du Vietnam | Hanoi"}]},{"@type":"WebSite","@id":"https:\/\/ifv.vn\/#website","url":"https:\/\/ifv.vn\/","name":"Vi\u1ec7n Ph\u00e1p t\u1ea1i Vi\u1ec7t Nam | Institut fran\u00e7ais du Vietnam","description":"","publisher":{"@id":"https:\/\/ifv.vn\/#organization"},"potentialAction":[{"@type":"SearchAction","target":{"@type":"EntryPoint","urlTemplate":"https:\/\/ifv.vn\/?s={search_term_string}"},"query-input":{"@type":"PropertyValueSpecification","valueRequired":true,"valueName":"search_term_string"}}],"inLanguage":"fr-FR"},{"@type":"Organization","@id":"https:\/\/ifv.vn\/#organization","name":"Vi\u1ec7n Ph\u00e1p t\u1ea1i Vi\u1ec7t Nam | Institut fran\u00e7ais du Vietnam","url":"https:\/\/ifv.vn\/","logo":{"@type":"ImageObject","inLanguage":"fr-FR","@id":"https:\/\/ifv.vn\/#\/schema\/logo\/image\/","url":"https:\/\/ifv.vn\/wp-content\/uploads\/2025\/10\/cropped-asset-6.png","contentUrl":"https:\/\/ifv.vn\/wp-content\/uploads\/2025\/10\/cropped-asset-6.png","width":248,"height":165,"caption":"Vi\u1ec7n Ph\u00e1p t\u1ea1i Vi\u1ec7t Nam | Institut fran\u00e7ais du Vietnam"},"image":{"@id":"https:\/\/ifv.vn\/#\/schema\/logo\/image\/"}}]}},"_links":{"self":[{"href":"https:\/\/ifv.vn\/fr\/wp-json\/wp\/v2\/pages\/5147"}],"collection":[{"href":"https:\/\/ifv.vn\/fr\/wp-json\/wp\/v2\/pages"}],"about":[{"href":"https:\/\/ifv.vn\/fr\/wp-json\/wp\/v2\/types\/page"}],"author":[{"embeddable":true,"href":"https:\/\/ifv.vn\/fr\/wp-json\/wp\/v2\/users\/6"}],"replies":[{"embeddable":true,"href":"https:\/\/ifv.vn\/fr\/wp-json\/wp\/v2\/comments?post=5147"}],"version-history":[{"count":28,"href":"https:\/\/ifv.vn\/fr\/wp-json\/wp\/v2\/pages\/5147\/revisions"}],"predecessor-version":[{"id":24445,"href":"https:\/\/ifv.vn\/fr\/wp-json\/wp\/v2\/pages\/5147\/revisions\/24445"}],"wp:attachment":[{"href":"https:\/\/ifv.vn\/fr\/wp-json\/wp\/v2\/media?parent=5147"}],"curies":[{"name":"wp","href":"https:\/\/api.w.org\/{rel}","templated":true}]}}