{"id":5784,"date":"2018-06-07T17:38:14","date_gmt":"2018-06-07T10:38:14","guid":{"rendered":"https:\/\/ifv.vn\/?page_id=5784"},"modified":"2025-11-26T18:39:47","modified_gmt":"2025-11-26T11:39:47","slug":"calendrier","status":"publish","type":"page","link":"https:\/\/ifv.vn\/fr\/cours-de-francais-danang\/calendrier\/","title":{"rendered":"Calendrier de sessions"},"content":{"rendered":"<div class=\"wpb-content-wrapper\"><p>[vc_row][vc_column][vc_wp_text title=&nbsp;&raquo;Quand peut-on commencer les cours ?&nbsp;&raquo;]<\/p>\n<p>Nos programmes sont organis\u00e9s autour de 5 p\u00e9riodes (sessions) annuelles, dont les cours commencent en d\u00e9but ou milieu de mois :<\/p>\n<p><a href=\"https:\/\/ifv.vn\/wp-content\/uploads\/2025\/11\/calendrier-sessions.png\"><img loading=\"lazy\" decoding=\"async\" class=\"alignnone size-full wp-image-24192\" src=\"https:\/\/ifv.vn\/wp-content\/uploads\/2025\/11\/calendrier-sessions.png\" alt=\"\" width=\"830\" height=\"200\" srcset=\"https:\/\/ifv.vn\/wp-content\/uploads\/2025\/11\/calendrier-sessions.png 830w, https:\/\/ifv.vn\/wp-content\/uploads\/2025\/11\/calendrier-sessions-300x72.png 300w, https:\/\/ifv.vn\/wp-content\/uploads\/2025\/11\/calendrier-sessions-768x185.png 768w, https:\/\/ifv.vn\/wp-content\/uploads\/2025\/11\/calendrier-sessions-825x200.png 825w\" sizes=\"(max-width: 830px) 100vw, 830px\" \/><\/a><\/p>\n<p>&gt;&gt; Sous conditions, il est possible de rejoindre une session ayant d\u00e9j\u00e0 commenc\u00e9<br \/>\n&gt;&gt; Inscrivez-vous le plus t\u00f4t, jusqu&rsquo;\u00e0 1 semaine avant le d\u00e9but de session pour profiter du tarif promotionnel.<\/p>\n<p>[\/vc_wp_text][vc_wp_text title=&nbsp;&raquo;Calendrier 2026&Prime;]<\/p>\n<table style=\"width: 100%; height: 189px;\">\n<tbody>\n<tr style=\"height: 24px;\">\n<td style=\"text-align: center; width: 14%; height: 24px;\"><strong>SESSION<\/strong><\/td>\n<td style=\"text-align: center; width: 20%; height: 24px;\"><strong>DATE DE D\u00c9BUT<\/strong><\/td>\n<td style=\"text-align: center; width: 20.8756%; height: 24px;\"><strong>DATE DE FIN<\/strong><\/td>\n<td style=\"text-align: center; width: 38.1244%; height: 24px;\"><strong>DATE DE FIN DE PROMOTION<\/strong><\/td>\n<\/tr>\n<tr style=\"height: 24px;\">\n<td style=\"text-align: center; width: 14%; height: 24px;\">Session 1<\/td>\n<td style=\"text-align: center; width: 20%; height: 24px;\">05\/01<\/td>\n<td style=\"text-align: center; width: 20.8756%; height: 24px;\">22\/03<\/td>\n<td style=\"text-align: center; width: 38.1244%; height: 24px;\">29\/12\/2025<\/td>\n<\/tr>\n<tr style=\"height: 24px;\">\n<td style=\"text-align: center; width: 14%; height: 24px;\">Session 2<\/td>\n<td style=\"text-align: center; width: 20%; height: 24px;\">23\/03<\/td>\n<td style=\"text-align: center; width: 20.8756%; height: 24px;\">31\/05<\/td>\n<td style=\"text-align: center; width: 38.1244%; height: 24px;\">16\/03<\/td>\n<\/tr>\n<tr style=\"height: 24px;\">\n<td style=\"text-align: center; width: 14%; height: 24px;\">Session 3<\/td>\n<td style=\"text-align: center; width: 20%; height: 24px;\">01\/06<\/td>\n<td style=\"text-align: center; width: 20.8756%; height: 24px;\">02\/08<\/td>\n<td style=\"text-align: center; width: 38.1244%; height: 24px;\">25\/05<\/td>\n<\/tr>\n<tr style=\"height: 24px;\">\n<td style=\"text-align: center; width: 14%; height: 24px;\">Session 4<\/td>\n<td style=\"text-align: center; width: 20%; height: 24px;\">03\/08<\/td>\n<td style=\"text-align: center; width: 20.8756%; height: 24px;\">11\/10<\/td>\n<td style=\"text-align: center; width: 38.1244%; height: 24px;\">27\/07<\/td>\n<\/tr>\n<tr style=\"height: 37px;\">\n<td style=\"text-align: center; width: 14%; height: 37px;\">Session 5<\/td>\n<td style=\"text-align: center; width: 20%; height: 37px;\">19\/10<\/td>\n<td style=\"text-align: center; width: 20.8756%; height: 37px;\">20\/12<\/td>\n<td style=\"text-align: center; width: 38.1244%; height: 37px;\">12\/10<\/td>\n<\/tr>\n<\/tbody>\n<\/table>\n<p>[\/vc_wp_text][\/vc_column][\/vc_row]<\/p>\n<\/div>","protected":false},"excerpt":{"rendered":"[vc_row][vc_column][vc_wp_text title=\"Quand peut-on commencer les cours ?\"] Nos programmes sont organis\u00e9s autour de 5 p\u00e9riodes (sessions) annuelles, dont les cours commencent en d\u00e9but ou milieu de mois : &gt;&gt; Sous conditions, il est possible de rejoindre une session ayant d\u00e9j\u00e0 [...]","protected":false},"author":6,"featured_media":0,"parent":6221,"menu_order":0,"comment_status":"open","ping_status":"closed","template":"page-static.php","meta":{"footnotes":""},"class_list":["post-5784","page","type-page","status-publish","hentry","ville_category-da-nang-fr"],"acf":[],"yoast_head":"<!-- This site is optimized with the Yoast SEO plugin v25.3.1 - https:\/\/yoast.com\/wordpress\/plugins\/seo\/ -->\n<title>Calendrier de sessions - Vi\u1ec7n Ph\u00e1p t\u1ea1i Vi\u1ec7t Nam | Institut fran\u00e7ais du Vietnam<\/title>\n<meta name=\"robots\" content=\"index, follow, max-snippet:-1, max-image-preview:large, max-video-preview:-1\" \/>\n<link rel=\"canonical\" href=\"https:\/\/ifv.vn\/fr\/cours-de-francais-danang\/calendrier\/\" \/>\n<meta property=\"og:locale\" content=\"fr_FR\" \/>\n<meta property=\"og:type\" content=\"article\" \/>\n<meta property=\"og:title\" content=\"Calendrier de sessions - Vi\u1ec7n Ph\u00e1p t\u1ea1i Vi\u1ec7t Nam | Institut fran\u00e7ais du Vietnam\" \/>\n<meta property=\"og:description\" content=\"[vc_row][vc_column][vc_wp_text title=&nbsp;&raquo;Quand peut-on commencer les cours ?&nbsp;&raquo;] Nos programmes sont organis\u00e9s autour de 5 p\u00e9riodes (sessions) annuelles, dont les cours commencent en d\u00e9but ou milieu de mois : &gt;&gt; Sous conditions, il est possible de rejoindre une session ayant d\u00e9j\u00e0 [&hellip;]\" \/>\n<meta property=\"og:url\" content=\"https:\/\/ifv.vn\/fr\/cours-de-francais-danang\/calendrier\/\" \/>\n<meta property=\"og:site_name\" content=\"Vi\u1ec7n Ph\u00e1p t\u1ea1i Vi\u1ec7t Nam | Institut fran\u00e7ais du Vietnam\" \/>\n<meta property=\"article:modified_time\" content=\"2025-11-26T11:39:47+00:00\" \/>\n<meta property=\"og:image\" content=\"https:\/\/ifv.vn\/wp-content\/uploads\/2025\/11\/calendrier-sessions.png\" \/>\n\t<meta property=\"og:image:width\" content=\"830\" \/>\n\t<meta property=\"og:image:height\" content=\"200\" \/>\n\t<meta property=\"og:image:type\" content=\"image\/png\" \/>\n<meta name=\"twitter:card\" content=\"summary_large_image\" \/>\n<meta name=\"twitter:label1\" content=\"Est. reading time\" \/>\n\t<meta name=\"twitter:data1\" content=\"1 minute\" \/>\n<script type=\"application\/ld+json\" class=\"yoast-schema-graph\">{\"@context\":\"https:\/\/schema.org\",\"@graph\":[{\"@type\":\"WebPage\",\"@id\":\"https:\/\/ifv.vn\/fr\/cours-de-francais-danang\/calendrier\/\",\"url\":\"https:\/\/ifv.vn\/fr\/cours-de-francais-danang\/calendrier\/\",\"name\":\"Calendrier de sessions - Vi\u1ec7n Ph\u00e1p t\u1ea1i Vi\u1ec7t Nam | Institut fran\u00e7ais du Vietnam\",\"isPartOf\":{\"@id\":\"https:\/\/ifv.vn\/#website\"},\"primaryImageOfPage\":{\"@id\":\"https:\/\/ifv.vn\/fr\/cours-de-francais-danang\/calendrier\/#primaryimage\"},\"image\":{\"@id\":\"https:\/\/ifv.vn\/fr\/cours-de-francais-danang\/calendrier\/#primaryimage\"},\"thumbnailUrl\":\"https:\/\/ifv.vn\/wp-content\/uploads\/2025\/11\/calendrier-sessions.png\",\"datePublished\":\"2018-06-07T10:38:14+00:00\",\"dateModified\":\"2025-11-26T11:39:47+00:00\",\"breadcrumb\":{\"@id\":\"https:\/\/ifv.vn\/fr\/cours-de-francais-danang\/calendrier\/#breadcrumb\"},\"inLanguage\":\"fr-FR\",\"potentialAction\":[{\"@type\":\"ReadAction\",\"target\":[\"https:\/\/ifv.vn\/fr\/cours-de-francais-danang\/calendrier\/\"]}]},{\"@type\":\"ImageObject\",\"inLanguage\":\"fr-FR\",\"@id\":\"https:\/\/ifv.vn\/fr\/cours-de-francais-danang\/calendrier\/#primaryimage\",\"url\":\"https:\/\/ifv.vn\/wp-content\/uploads\/2025\/11\/calendrier-sessions.png\",\"contentUrl\":\"https:\/\/ifv.vn\/wp-content\/uploads\/2025\/11\/calendrier-sessions.png\"},{\"@type\":\"BreadcrumbList\",\"@id\":\"https:\/\/ifv.vn\/fr\/cours-de-francais-danang\/calendrier\/#breadcrumb\",\"itemListElement\":[{\"@type\":\"ListItem\",\"position\":1,\"name\":\"Home\",\"item\":\"https:\/\/ifv.vn\/fr\/\"},{\"@type\":\"ListItem\",\"position\":2,\"name\":\"Cours de fran\u00e7ais \u00e0 Danang\",\"item\":\"https:\/\/ifv.vn\/fr\/cours-de-francais-danang\/\"},{\"@type\":\"ListItem\",\"position\":3,\"name\":\"Calendrier de sessions\"}]},{\"@type\":\"WebSite\",\"@id\":\"https:\/\/ifv.vn\/#website\",\"url\":\"https:\/\/ifv.vn\/\",\"name\":\"Vi\u1ec7n Ph\u00e1p t\u1ea1i Vi\u1ec7t Nam | Institut fran\u00e7ais du Vietnam\",\"description\":\"\",\"publisher\":{\"@id\":\"https:\/\/ifv.vn\/#organization\"},\"potentialAction\":[{\"@type\":\"SearchAction\",\"target\":{\"@type\":\"EntryPoint\",\"urlTemplate\":\"https:\/\/ifv.vn\/?s={search_term_string}\"},\"query-input\":{\"@type\":\"PropertyValueSpecification\",\"valueRequired\":true,\"valueName\":\"search_term_string\"}}],\"inLanguage\":\"fr-FR\"},{\"@type\":\"Organization\",\"@id\":\"https:\/\/ifv.vn\/#organization\",\"name\":\"Vi\u1ec7n Ph\u00e1p t\u1ea1i Vi\u1ec7t Nam | Institut fran\u00e7ais du Vietnam\",\"url\":\"https:\/\/ifv.vn\/\",\"logo\":{\"@type\":\"ImageObject\",\"inLanguage\":\"fr-FR\",\"@id\":\"https:\/\/ifv.vn\/#\/schema\/logo\/image\/\",\"url\":\"https:\/\/ifv.vn\/wp-content\/uploads\/2025\/10\/cropped-asset-6.png\",\"contentUrl\":\"https:\/\/ifv.vn\/wp-content\/uploads\/2025\/10\/cropped-asset-6.png\",\"width\":248,\"height\":165,\"caption\":\"Vi\u1ec7n Ph\u00e1p t\u1ea1i Vi\u1ec7t Nam | Institut fran\u00e7ais du Vietnam\"},\"image\":{\"@id\":\"https:\/\/ifv.vn\/#\/schema\/logo\/image\/\"}}]}<\/script>\n<!-- \/ Yoast SEO plugin. -->","yoast_head_json":{"title":"Calendrier de sessions - Vi\u1ec7n Ph\u00e1p t\u1ea1i Vi\u1ec7t Nam | Institut fran\u00e7ais du Vietnam","robots":{"index":"index","follow":"follow","max-snippet":"max-snippet:-1","max-image-preview":"max-image-preview:large","max-video-preview":"max-video-preview:-1"},"canonical":"https:\/\/ifv.vn\/fr\/cours-de-francais-danang\/calendrier\/","og_locale":"fr_FR","og_type":"article","og_title":"Calendrier de sessions - Vi\u1ec7n Ph\u00e1p t\u1ea1i Vi\u1ec7t Nam | Institut fran\u00e7ais du Vietnam","og_description":"[vc_row][vc_column][vc_wp_text title=&nbsp;&raquo;Quand peut-on commencer les cours ?&nbsp;&raquo;] Nos programmes sont organis\u00e9s autour de 5 p\u00e9riodes (sessions) annuelles, dont les cours commencent en d\u00e9but ou milieu de mois : &gt;&gt; Sous conditions, il est possible de rejoindre une session ayant d\u00e9j\u00e0 [&hellip;]","og_url":"https:\/\/ifv.vn\/fr\/cours-de-francais-danang\/calendrier\/","og_site_name":"Vi\u1ec7n Ph\u00e1p t\u1ea1i Vi\u1ec7t Nam | Institut fran\u00e7ais du Vietnam","article_modified_time":"2025-11-26T11:39:47+00:00","og_image":[{"width":830,"height":200,"url":"https:\/\/ifv.vn\/wp-content\/uploads\/2025\/11\/calendrier-sessions.png","type":"image\/png"}],"twitter_card":"summary_large_image","twitter_misc":{"Est. reading time":"1 minute"},"schema":{"@context":"https:\/\/schema.org","@graph":[{"@type":"WebPage","@id":"https:\/\/ifv.vn\/fr\/cours-de-francais-danang\/calendrier\/","url":"https:\/\/ifv.vn\/fr\/cours-de-francais-danang\/calendrier\/","name":"Calendrier de sessions - Vi\u1ec7n Ph\u00e1p t\u1ea1i Vi\u1ec7t Nam | Institut fran\u00e7ais du Vietnam","isPartOf":{"@id":"https:\/\/ifv.vn\/#website"},"primaryImageOfPage":{"@id":"https:\/\/ifv.vn\/fr\/cours-de-francais-danang\/calendrier\/#primaryimage"},"image":{"@id":"https:\/\/ifv.vn\/fr\/cours-de-francais-danang\/calendrier\/#primaryimage"},"thumbnailUrl":"https:\/\/ifv.vn\/wp-content\/uploads\/2025\/11\/calendrier-sessions.png","datePublished":"2018-06-07T10:38:14+00:00","dateModified":"2025-11-26T11:39:47+00:00","breadcrumb":{"@id":"https:\/\/ifv.vn\/fr\/cours-de-francais-danang\/calendrier\/#breadcrumb"},"inLanguage":"fr-FR","potentialAction":[{"@type":"ReadAction","target":["https:\/\/ifv.vn\/fr\/cours-de-francais-danang\/calendrier\/"]}]},{"@type":"ImageObject","inLanguage":"fr-FR","@id":"https:\/\/ifv.vn\/fr\/cours-de-francais-danang\/calendrier\/#primaryimage","url":"https:\/\/ifv.vn\/wp-content\/uploads\/2025\/11\/calendrier-sessions.png","contentUrl":"https:\/\/ifv.vn\/wp-content\/uploads\/2025\/11\/calendrier-sessions.png"},{"@type":"BreadcrumbList","@id":"https:\/\/ifv.vn\/fr\/cours-de-francais-danang\/calendrier\/#breadcrumb","itemListElement":[{"@type":"ListItem","position":1,"name":"Home","item":"https:\/\/ifv.vn\/fr\/"},{"@type":"ListItem","position":2,"name":"Cours de fran\u00e7ais \u00e0 Danang","item":"https:\/\/ifv.vn\/fr\/cours-de-francais-danang\/"},{"@type":"ListItem","position":3,"name":"Calendrier de sessions"}]},{"@type":"WebSite","@id":"https:\/\/ifv.vn\/#website","url":"https:\/\/ifv.vn\/","name":"Vi\u1ec7n Ph\u00e1p t\u1ea1i Vi\u1ec7t Nam | Institut fran\u00e7ais du Vietnam","description":"","publisher":{"@id":"https:\/\/ifv.vn\/#organization"},"potentialAction":[{"@type":"SearchAction","target":{"@type":"EntryPoint","urlTemplate":"https:\/\/ifv.vn\/?s={search_term_string}"},"query-input":{"@type":"PropertyValueSpecification","valueRequired":true,"valueName":"search_term_string"}}],"inLanguage":"fr-FR"},{"@type":"Organization","@id":"https:\/\/ifv.vn\/#organization","name":"Vi\u1ec7n Ph\u00e1p t\u1ea1i Vi\u1ec7t Nam | Institut fran\u00e7ais du Vietnam","url":"https:\/\/ifv.vn\/","logo":{"@type":"ImageObject","inLanguage":"fr-FR","@id":"https:\/\/ifv.vn\/#\/schema\/logo\/image\/","url":"https:\/\/ifv.vn\/wp-content\/uploads\/2025\/10\/cropped-asset-6.png","contentUrl":"https:\/\/ifv.vn\/wp-content\/uploads\/2025\/10\/cropped-asset-6.png","width":248,"height":165,"caption":"Vi\u1ec7n Ph\u00e1p t\u1ea1i Vi\u1ec7t Nam | Institut fran\u00e7ais du Vietnam"},"image":{"@id":"https:\/\/ifv.vn\/#\/schema\/logo\/image\/"}}]}},"_links":{"self":[{"href":"https:\/\/ifv.vn\/fr\/wp-json\/wp\/v2\/pages\/5784"}],"collection":[{"href":"https:\/\/ifv.vn\/fr\/wp-json\/wp\/v2\/pages"}],"about":[{"href":"https:\/\/ifv.vn\/fr\/wp-json\/wp\/v2\/types\/page"}],"author":[{"embeddable":true,"href":"https:\/\/ifv.vn\/fr\/wp-json\/wp\/v2\/users\/6"}],"replies":[{"embeddable":true,"href":"https:\/\/ifv.vn\/fr\/wp-json\/wp\/v2\/comments?post=5784"}],"version-history":[{"count":16,"href":"https:\/\/ifv.vn\/fr\/wp-json\/wp\/v2\/pages\/5784\/revisions"}],"predecessor-version":[{"id":24220,"href":"https:\/\/ifv.vn\/fr\/wp-json\/wp\/v2\/pages\/5784\/revisions\/24220"}],"up":[{"embeddable":true,"href":"https:\/\/ifv.vn\/fr\/wp-json\/wp\/v2\/pages\/6221"}],"wp:attachment":[{"href":"https:\/\/ifv.vn\/fr\/wp-json\/wp\/v2\/media?parent=5784"}],"curies":[{"name":"wp","href":"https:\/\/api.w.org\/{rel}","templated":true}]}}