{"id":5792,"date":"2018-06-07T17:56:44","date_gmt":"2018-06-07T10:56:44","guid":{"rendered":"https:\/\/ifv.vn\/?page_id=5792"},"modified":"2019-08-06T10:37:26","modified_gmt":"2019-08-06T03:37:26","slug":"cours-de-francais-lespace-hadong","status":"publish","type":"page","link":"https:\/\/ifv.vn\/fr\/cours-de-francais-lespace-hadong\/","title":{"rendered":"Cours de fran\u00e7ais \u00e0 l&rsquo;Espace Hadong"},"content":{"rendered":"<div class=\"wpb-content-wrapper\"><p>[vc_row][vc_column][vc_wp_text title=&nbsp;&raquo;Pr\u00e9sentation des cours de fran\u00e7ais \u00e0 L&rsquo;Espace Hadong&nbsp;&raquo;]<\/p>\n<p style=\"text-align: justify;\">L\u2019Institut fran\u00e7ais de Hanoi &#8211; Annexe \u00e0 Hadong vous propose une progression structur\u00e9e \u00e0 partir du Cadre Europ\u00e9en Commun de R\u00e9f\u00e9rence pour les langues (CECR), la r\u00e9f\u00e9rence internationale pour tous ceux qui comme nous ont \u00e0 c\u0153ur d\u2019offrir \u00e0 leurs publics une formation de haute qualit\u00e9 avec un niveau d\u2019exigence \u00e9lev\u00e9. Notre palette de cours est ouverte \u00e0 tous les publics, enfants, adolescents, \u00e9tudiants, adultes. Elle vous permet de progresser en fran\u00e7ais g\u00e9n\u00e9ral ou de travailler des comp\u00e9tences sp\u00e9cifiques pour personnaliser votre parcours.<\/p>\n<p style=\"text-align: justify;\">En fonction de votre niveau de d\u00e9part et de votre engagement, vous atteindrez rapidement un niveau que vous pourrez valider par l\u2019obtention d\u2019une certification DELF-DALF.<\/p>\n<p><img loading=\"lazy\" decoding=\"async\" class=\"aligncenter size-full wp-image-8552\" src=\"http:\/\/ifv.vn\/wp-content\/uploads\/2019\/05\/hoc-tieng-phap-trinh-do-fr-03.png\" alt=\"\" width=\"1102\" height=\"542\" \/><\/p>\n<p>[\/vc_wp_text][vc_wp_text]<\/p>\n<h2><span style=\"color: #e31351;\"><strong>Cours pour les \u00e9tudiants et adultes<\/strong><\/span><\/h2>\n<p>[\/vc_wp_text][acf_vc_integrator field_group=&nbsp;&raquo;3830&Prime; field_from_3830=&nbsp;&raquo;field_5aaa24ec599ef&nbsp;&raquo; show_label=&nbsp;&raquo;&nbsp;&raquo;][vc_wp_text]<\/p>\n<h2 style=\"text-align: justify;\"><strong><span style=\"color: #e31351;\">Cours pour les enfants<\/span><\/strong><\/h2>\n<p style=\"text-align: justify;\">Enrichissez votre enfant avec une nouvelle langue. A partir de 7 ans.<\/p>\n<p style=\"text-align: justify;\">Avec le cours Fran\u00e7ais G\u00e9n\u00e9ral, notre approche multidisciplinaire encourage \u00e0 interagir en fran\u00e7ais d\u00e8s les premiers cours pour maintenir l\u2019int\u00e9r\u00eat du jeune public \u00e0 la hauteur de son imagination. Ce programme se concentre sur la communication orale et \u00e9crite, tout en construisant de solides fondations pour devenir un apprenant progressivement ind\u00e9pendant.<\/p>\n<p style=\"text-align: justify;\">L\u2019IFV propose des activit\u00e9s linguistiques vivantes anim\u00e9es par des professeurs sp\u00e9cialistes des publics enfants et adolescents. Un atout pour leur futur.<\/p>\n<p style=\"text-align: justify;\">1h30 par semaine. La progression varie de celle pr\u00e9sent\u00e9e pour les adultes.<\/p>\n<p>[\/vc_wp_text][vc_wp_text]<\/p>\n<h2 style=\"text-align: justify;\"><strong><span style=\"color: #e31351;\">Cours priv\u00e9s<\/span><\/strong><\/h2>\n<p style=\"text-align: justify;\">A L\u2019Espace Hadong ou chez vous \/ au bureau. Des cours sur mesure, individuels ou en mini-groupes, pour correspondre exactement \u00e0 vos besoins et votre profil et votre disponibilit\u00e9.<\/p>\n<p style=\"text-align: justify;\">Nous cr\u00e9ons votre classe avec vous, pour vous, sur tous les param\u00e8tres\u00a0: contenus, dates, horaires.<\/p>\n<p style=\"text-align: justify;\">Les cours priv\u00e9s sont vendus par block d\u2019heures (minimum 6) avec une validit\u00e9 de 4 mois.<\/p>\n<p style=\"text-align: justify;\">D\u00e9couvrez nos tarifs pour profiter de nos packages promotionnels.<\/p>\n<p style=\"text-align: justify;\">Int\u00e9ress\u00e9\u00a0? Contactez-nous en pr\u00e9cisant votre profil (\u00e2ge, niveau de fran\u00e7ais) et vos objectifs \/ motivations. Notre \u00e9quipe vous approchera pour d\u00e9finir le format le mieux adapt\u00e9.<\/p>\n<p style=\"text-align: justify;\">Les cours priv\u00e9s peuvent d\u00e9buter \u00e0 tout moment d\u2019une session.<\/p>\n<p style=\"text-align: justify;\">A partir de 7 ans. Maximum 5 personnes.<\/p>\n<p>[\/vc_wp_text][vc_wp_text]<\/p>\n<h2 style=\"text-align: justify;\"><strong><span style=\"color: #e31351;\">Cours entreprises et \u00e9coles<\/span><\/strong><\/h2>\n<p style=\"text-align: justify;\">Ces cours sont \u00e0 destination d\u2019entreprises ou d\u2019institutions scolaires souhaitant proposer des formations d\u2019initiation ou de renforcement sur un format sur mesure \u00e0 leurs employ\u00e9s \/ \u00e9l\u00e8ves.<\/p>\n<p style=\"text-align: justify;\">A L\u2019Espace Hadong ou chez vous\u00a0!<\/p>\n<p style=\"text-align: justify;\">Gagnez en comp\u00e9titivit\u00e9, am\u00e9liorez votre exp\u00e9rience professionnelle ou acad\u00e9mique en fran\u00e7ais et avec des partenaires francophones. D\u00e9veloppez vos \u00e9changes et cr\u00e9ez un esprit de groupe chez vos coll\u00e8gues et entre vos \u00e9tudiants.<\/p>\n<p style=\"text-align: justify;\"><strong>Les avantages Espace Hadong\u00a0:<\/strong><\/p>\n<ul>\n<li><strong><strong><strong><strong>La qualit\u00e9 au meilleur prix<\/strong><\/strong><\/strong><\/strong>Un prix fixe \u00e0 l\u2019heure. Le plus d\u2019\u00e9tudiants inscrits, le moins cher \u00a0pour un acc\u00e8s unique \u00e0 l\u2019\u00e9cosyst\u00e8me fran\u00e7ais de Hanoi.<\/li>\n<li><strong><strong><strong><strong>Des cours sur mesure<\/strong><\/strong><\/strong><\/strong>Un programme ad\u00e9quat \u00e0 votre emploi du temps, vos objectifs et vos besoins.<\/li>\n<li><strong><strong><strong><strong>Une ouverture culturelle<\/strong><\/strong><\/strong><\/strong>Initiez-vous \u00e0 la culture francophone en plus de votre apprentissage linguistique avec les avantages de la carte de membre offerte\u00a0gratuitement !<\/li>\n<li><strong><strong><strong><strong>Une large gamme de cours possible<\/strong><\/strong><\/strong><\/strong>Fran\u00e7ais des affaires, Fran\u00e7ais de la diplomatie, Cours de fran\u00e7ais g\u00e9n\u00e9ral tous niveaux, pr\u00e9paration aux examens, Pr\u00e9paration au d\u00e9part aux \u00e9tudes en France, Fran\u00e7ais de survie \u2026<\/li>\n<\/ul>\n<p style=\"text-align: justify;\">Int\u00e9ress\u00e9\u00a0? Contactez-nous en pr\u00e9cisant le profil de votre groupe (nature, niveau de fran\u00e7ais \u2026), vos objectifs et motivations. Notre \u00e9quipe vous accompagnera dans la construction du cours le mieux adapt\u00e9.<\/p>\n<p style=\"text-align: justify;\">Les cours peuvent d\u00e9buter \u00e0 tout moment d\u2019une session.<\/p>\n<p style=\"text-align: justify;\">De 1 \u00e0 17 personnes.<\/p>\n<p>[\/vc_wp_text][\/vc_column][\/vc_row][vc_row][vc_column]\n                <div class=\"wpb_wrapper\">\n                    <div class=\"block__form_newsletter border__1x \"><div class=\"title\">Vous avez des questions sur les cours de l'IFV ?<\/div>\n<div class=\"wpcf7 no-js\" id=\"wpcf7-f3354-o1\" lang=\"en-US\" dir=\"ltr\" data-wpcf7-id=\"3354\">\n<div class=\"screen-reader-response\"><p role=\"status\" aria-live=\"polite\" aria-atomic=\"true\"><\/p> <ul><\/ul><\/div>\n<form action=\"\/fr\/wp-json\/wp\/v2\/pages\/5792#wpcf7-f3354-o1\" method=\"post\" class=\"wpcf7-form init\" aria-label=\"Contact form\" novalidate=\"novalidate\" data-status=\"init\">\n<div style=\"display: none;\">\n<input type=\"hidden\" name=\"_wpcf7\" value=\"3354\" \/>\n<input type=\"hidden\" name=\"_wpcf7_version\" value=\"6.0.6\" \/>\n<input type=\"hidden\" name=\"_wpcf7_locale\" value=\"en_US\" \/>\n<input type=\"hidden\" name=\"_wpcf7_unit_tag\" value=\"wpcf7-f3354-o1\" \/>\n<input type=\"hidden\" name=\"_wpcf7_container_post\" value=\"0\" \/>\n<input type=\"hidden\" name=\"_wpcf7_posted_data_hash\" value=\"\" \/>\n<input type=\"hidden\" name=\"_wpcf7_recaptcha_response\" value=\"\" \/>\n<\/div>\n<div class=\"item\">\n\t<p><span class=\"wpcf7-form-control-wrap\" data-name=\"Ville\"><select class=\"wpcf7-form-control wpcf7-select wpcf7-validates-as-required\" aria-required=\"true\" aria-invalid=\"false\" name=\"Ville\"><option value=\"Dans quelle ville ?*\">Dans quelle ville ?*<\/option><option value=\"Hanoi\">Hanoi<\/option><option value=\"Hue\">Hue<\/option><option value=\"Danang\">Danang<\/option><option value=\"HCMV\">HCMV<\/option><option value=\"Autre\">Autre<\/option><\/select><\/span>\n\t<\/p>\n<\/div>\n<div class=\"item\">\n\t<p><span class=\"wpcf7-form-control-wrap\" data-name=\"Age\"><select class=\"wpcf7-form-control wpcf7-select wpcf7-validates-as-required\" aria-required=\"true\" aria-invalid=\"false\" name=\"Age\"><option value=\"Age de la personne concern\u00e9e*\">Age de la personne concern\u00e9e*<\/option><option value=\"4-6 ans\">4-6 ans<\/option><option value=\"7-10 ans\">7-10 ans<\/option><option value=\"11-14 ans\">11-14 ans<\/option><option value=\"15-18 ans\">15-18 ans<\/option><option value=\"19-25 ans\">19-25 ans<\/option><option value=\"Autre\">Autre<\/option><\/select><\/span>\n\t<\/p>\n<\/div>\n<div class=\"item\">\n\t<p><span class=\"wpcf7-form-control-wrap\" data-name=\"Parent\"><input size=\"40\" maxlength=\"400\" class=\"wpcf7-form-control wpcf7-text\" aria-invalid=\"false\" placeholder=\"Nom et pr\u00e9nom du parent (le cas \u00e9ch\u00e9ant)\" value=\"\" type=\"text\" name=\"Parent\" \/><\/span>\n\t<\/p>\n<\/div>\n<div class=\"item\">\n\t<p><span class=\"wpcf7-form-control-wrap\" data-name=\"Nom\"><input size=\"40\" maxlength=\"400\" class=\"wpcf7-form-control wpcf7-text wpcf7-validates-as-required\" aria-required=\"true\" aria-invalid=\"false\" placeholder=\"Nom et pr\u00e9nom de l&#039;int\u00e9ress\u00e9.e*\" value=\"\" type=\"text\" name=\"Nom\" \/><\/span>\n\t<\/p>\n<\/div>\n<div class=\"item\">\n\t<p><span class=\"wpcf7-form-control-wrap\" data-name=\"Email\"><input size=\"40\" maxlength=\"400\" class=\"wpcf7-form-control wpcf7-email wpcf7-validates-as-required wpcf7-text wpcf7-validates-as-email\" aria-required=\"true\" aria-invalid=\"false\" placeholder=\"Email*\" value=\"\" type=\"email\" name=\"Email\" \/><\/span>\n\t<\/p>\n<\/div>\n<div class=\"item\">\n\t<p><span class=\"wpcf7-form-control-wrap\" data-name=\"Tel\"><input size=\"40\" maxlength=\"400\" class=\"wpcf7-form-control wpcf7-text wpcf7-validates-as-required\" aria-required=\"true\" aria-invalid=\"false\" placeholder=\"Num\u00e9ro de t\u00e9l\u00e9phone*\" value=\"\" type=\"text\" name=\"Tel\" \/><\/span>\n\t<\/p>\n<\/div>\n<div class=\"item\">\n\t<p><span class=\"wpcf7-form-control-wrap\" data-name=\"Client\"><select class=\"wpcf7-form-control wpcf7-select\" aria-invalid=\"false\" name=\"Client\"><option value=\"Avez-vous d\u00e9j\u00e0 \u00e9t\u00e9 inscrit.e chez nous ?*\">Avez-vous d\u00e9j\u00e0 \u00e9t\u00e9 inscrit.e chez nous ?*<\/option><option value=\"Oui\">Oui<\/option><option value=\"Non\">Non<\/option><\/select><\/span>\n\t<\/p>\n<\/div>\n<div class=\"item\">\n\t<p><span class=\"wpcf7-form-control-wrap\" data-name=\"Interets\"><select class=\"wpcf7-form-control wpcf7-select\" aria-invalid=\"false\" name=\"Interets\"><option value=\"Vous vous int\u00e9ressez aux cours :\">Vous vous int\u00e9ressez aux cours :<\/option><option value=\"Fran\u00e7ais g\u00e9n\u00e9ral\">Fran\u00e7ais g\u00e9n\u00e9ral<\/option><option value=\"Pratique orale\">Pratique orale<\/option><option value=\"Pr\u00e9paration DELF-DALF\">Pr\u00e9paration DELF-DALF<\/option><option value=\"Pr\u00e9paration TCF\">Pr\u00e9paration TCF<\/option><option value=\"Je ne sais pas\">Je ne sais pas<\/option><\/select><\/span>\n\t<\/p>\n<\/div>\n<div class=\"item\">\n\t<p><span class=\"wpcf7-form-control-wrap\" data-name=\"Dispo\"><input size=\"40\" maxlength=\"400\" class=\"wpcf7-form-control wpcf7-text wpcf7-validates-as-required\" aria-required=\"true\" aria-invalid=\"false\" placeholder=\"Vos disponibilit\u00e9s pour passer le test ?*\" value=\"\" type=\"text\" name=\"Dispo\" \/><\/span>\n\t<\/p>\n<\/div>\n<div class=\"item\">\n\t<p><span class=\"wpcf7-form-control-wrap\" data-name=\"Message\"><textarea cols=\"40\" rows=\"10\" maxlength=\"2000\" class=\"wpcf7-form-control wpcf7-textarea\" aria-invalid=\"false\" placeholder=\"Votre message\" name=\"Message\"><\/textarea><\/span>\n\t<\/p>\n<\/div>\n<div class=\"item\">\n\t<p><input class=\"wpcf7-form-control wpcf7-submit has-spinner\" type=\"submit\" value=\"Envoyer\" \/>\n\t<\/p>\n<\/div>\n<div class=\"champs\">\n\t<p>*Champs requis\n\t<\/p>\n<\/div>\n<div class=\"clearfix\">\n<\/div><div class=\"wpcf7-response-output\" aria-hidden=\"true\"><\/div>\n<\/form>\n<\/div>\n<\/div>\n            <\/div>[\/vc_column][\/vc_row]<\/p>\n<\/div>","protected":false},"excerpt":{"rendered":"[vc_row][vc_column][vc_wp_text title=\"Pr\u00e9sentation des cours de fran\u00e7ais \u00e0 L'Espace Hadong\"] L\u2019Institut fran\u00e7ais de Hanoi - Annexe \u00e0 Hadong vous propose une progression structur\u00e9e \u00e0 partir du Cadre Europ\u00e9en Commun de R\u00e9f\u00e9rence pour les langues (CECR), la r\u00e9f\u00e9rence internationale pour tous ceux [...]","protected":false},"author":6,"featured_media":0,"parent":0,"menu_order":0,"comment_status":"open","ping_status":"closed","template":"page-static.php","meta":{"footnotes":""},"class_list":["post-5792","page","type-page","status-publish","hentry"],"acf":[],"yoast_head":"<!-- This site is optimized with the Yoast SEO plugin v25.3.1 - https:\/\/yoast.com\/wordpress\/plugins\/seo\/ -->\n<title>Cours de fran\u00e7ais \u00e0 l&#039;Espace Hadong - Vi\u1ec7n Ph\u00e1p t\u1ea1i Vi\u1ec7t Nam | Institut fran\u00e7ais du Vietnam<\/title>\n<meta name=\"robots\" content=\"index, follow, max-snippet:-1, max-image-preview:large, max-video-preview:-1\" \/>\n<link rel=\"canonical\" href=\"https:\/\/ifv.vn\/fr\/cours-de-francais-lespace-hadong\/\" \/>\n<meta property=\"og:locale\" content=\"fr_FR\" \/>\n<meta property=\"og:type\" content=\"article\" \/>\n<meta property=\"og:title\" content=\"Cours de fran\u00e7ais \u00e0 l&#039;Espace Hadong - Vi\u1ec7n Ph\u00e1p t\u1ea1i Vi\u1ec7t Nam | Institut fran\u00e7ais du Vietnam\" \/>\n<meta property=\"og:description\" content=\"[vc_row][vc_column][vc_wp_text title=&nbsp;&raquo;Pr\u00e9sentation des cours de fran\u00e7ais \u00e0 L&rsquo;Espace Hadong&nbsp;&raquo;] L\u2019Institut fran\u00e7ais de Hanoi &#8211; Annexe \u00e0 Hadong vous propose une progression structur\u00e9e \u00e0 partir du Cadre Europ\u00e9en Commun de R\u00e9f\u00e9rence pour les langues (CECR), la r\u00e9f\u00e9rence internationale pour tous ceux [&hellip;]\" \/>\n<meta property=\"og:url\" content=\"https:\/\/ifv.vn\/fr\/cours-de-francais-lespace-hadong\/\" \/>\n<meta property=\"og:site_name\" content=\"Vi\u1ec7n Ph\u00e1p t\u1ea1i Vi\u1ec7t Nam | Institut fran\u00e7ais du Vietnam\" \/>\n<meta property=\"article:modified_time\" content=\"2019-08-06T03:37:26+00:00\" \/>\n<meta property=\"og:image\" content=\"http:\/\/ifv.vn\/wp-content\/uploads\/2019\/05\/hoc-tieng-phap-trinh-do-fr-03.png\" \/>\n<meta name=\"twitter:card\" content=\"summary_large_image\" \/>\n<meta name=\"twitter:label1\" content=\"Est. reading time\" \/>\n\t<meta name=\"twitter:data1\" content=\"3 minutes\" \/>\n<script type=\"application\/ld+json\" class=\"yoast-schema-graph\">{\"@context\":\"https:\/\/schema.org\",\"@graph\":[{\"@type\":\"WebPage\",\"@id\":\"https:\/\/ifv.vn\/fr\/cours-de-francais-lespace-hadong\/\",\"url\":\"https:\/\/ifv.vn\/fr\/cours-de-francais-lespace-hadong\/\",\"name\":\"Cours de fran\u00e7ais \u00e0 l'Espace Hadong - Vi\u1ec7n Ph\u00e1p t\u1ea1i Vi\u1ec7t Nam | Institut fran\u00e7ais du Vietnam\",\"isPartOf\":{\"@id\":\"https:\/\/ifv.vn\/#website\"},\"primaryImageOfPage\":{\"@id\":\"https:\/\/ifv.vn\/fr\/cours-de-francais-lespace-hadong\/#primaryimage\"},\"image\":{\"@id\":\"https:\/\/ifv.vn\/fr\/cours-de-francais-lespace-hadong\/#primaryimage\"},\"thumbnailUrl\":\"http:\/\/ifv.vn\/wp-content\/uploads\/2019\/05\/hoc-tieng-phap-trinh-do-fr-03.png\",\"datePublished\":\"2018-06-07T10:56:44+00:00\",\"dateModified\":\"2019-08-06T03:37:26+00:00\",\"breadcrumb\":{\"@id\":\"https:\/\/ifv.vn\/fr\/cours-de-francais-lespace-hadong\/#breadcrumb\"},\"inLanguage\":\"fr-FR\",\"potentialAction\":[{\"@type\":\"ReadAction\",\"target\":[\"https:\/\/ifv.vn\/fr\/cours-de-francais-lespace-hadong\/\"]}]},{\"@type\":\"ImageObject\",\"inLanguage\":\"fr-FR\",\"@id\":\"https:\/\/ifv.vn\/fr\/cours-de-francais-lespace-hadong\/#primaryimage\",\"url\":\"http:\/\/ifv.vn\/wp-content\/uploads\/2019\/05\/hoc-tieng-phap-trinh-do-fr-03.png\",\"contentUrl\":\"http:\/\/ifv.vn\/wp-content\/uploads\/2019\/05\/hoc-tieng-phap-trinh-do-fr-03.png\"},{\"@type\":\"BreadcrumbList\",\"@id\":\"https:\/\/ifv.vn\/fr\/cours-de-francais-lespace-hadong\/#breadcrumb\",\"itemListElement\":[{\"@type\":\"ListItem\",\"position\":1,\"name\":\"Home\",\"item\":\"https:\/\/ifv.vn\/fr\/\"},{\"@type\":\"ListItem\",\"position\":2,\"name\":\"Cours de fran\u00e7ais \u00e0 l&rsquo;Espace Hadong\"}]},{\"@type\":\"WebSite\",\"@id\":\"https:\/\/ifv.vn\/#website\",\"url\":\"https:\/\/ifv.vn\/\",\"name\":\"Vi\u1ec7n Ph\u00e1p t\u1ea1i Vi\u1ec7t Nam | Institut fran\u00e7ais du Vietnam\",\"description\":\"\",\"publisher\":{\"@id\":\"https:\/\/ifv.vn\/#organization\"},\"potentialAction\":[{\"@type\":\"SearchAction\",\"target\":{\"@type\":\"EntryPoint\",\"urlTemplate\":\"https:\/\/ifv.vn\/?s={search_term_string}\"},\"query-input\":{\"@type\":\"PropertyValueSpecification\",\"valueRequired\":true,\"valueName\":\"search_term_string\"}}],\"inLanguage\":\"fr-FR\"},{\"@type\":\"Organization\",\"@id\":\"https:\/\/ifv.vn\/#organization\",\"name\":\"Vi\u1ec7n Ph\u00e1p t\u1ea1i Vi\u1ec7t Nam | Institut fran\u00e7ais du Vietnam\",\"url\":\"https:\/\/ifv.vn\/\",\"logo\":{\"@type\":\"ImageObject\",\"inLanguage\":\"fr-FR\",\"@id\":\"https:\/\/ifv.vn\/#\/schema\/logo\/image\/\",\"url\":\"https:\/\/ifv.vn\/wp-content\/uploads\/2025\/10\/cropped-asset-6.png\",\"contentUrl\":\"https:\/\/ifv.vn\/wp-content\/uploads\/2025\/10\/cropped-asset-6.png\",\"width\":248,\"height\":165,\"caption\":\"Vi\u1ec7n Ph\u00e1p t\u1ea1i Vi\u1ec7t Nam | Institut fran\u00e7ais du Vietnam\"},\"image\":{\"@id\":\"https:\/\/ifv.vn\/#\/schema\/logo\/image\/\"}}]}<\/script>\n<!-- \/ Yoast SEO plugin. -->","yoast_head_json":{"title":"Cours de fran\u00e7ais \u00e0 l'Espace Hadong - Vi\u1ec7n Ph\u00e1p t\u1ea1i Vi\u1ec7t Nam | Institut fran\u00e7ais du Vietnam","robots":{"index":"index","follow":"follow","max-snippet":"max-snippet:-1","max-image-preview":"max-image-preview:large","max-video-preview":"max-video-preview:-1"},"canonical":"https:\/\/ifv.vn\/fr\/cours-de-francais-lespace-hadong\/","og_locale":"fr_FR","og_type":"article","og_title":"Cours de fran\u00e7ais \u00e0 l'Espace Hadong - Vi\u1ec7n Ph\u00e1p t\u1ea1i Vi\u1ec7t Nam | Institut fran\u00e7ais du Vietnam","og_description":"[vc_row][vc_column][vc_wp_text title=&nbsp;&raquo;Pr\u00e9sentation des cours de fran\u00e7ais \u00e0 L&rsquo;Espace Hadong&nbsp;&raquo;] L\u2019Institut fran\u00e7ais de Hanoi &#8211; Annexe \u00e0 Hadong vous propose une progression structur\u00e9e \u00e0 partir du Cadre Europ\u00e9en Commun de R\u00e9f\u00e9rence pour les langues (CECR), la r\u00e9f\u00e9rence internationale pour tous ceux [&hellip;]","og_url":"https:\/\/ifv.vn\/fr\/cours-de-francais-lespace-hadong\/","og_site_name":"Vi\u1ec7n Ph\u00e1p t\u1ea1i Vi\u1ec7t Nam | Institut fran\u00e7ais du Vietnam","article_modified_time":"2019-08-06T03:37:26+00:00","og_image":[{"url":"http:\/\/ifv.vn\/wp-content\/uploads\/2019\/05\/hoc-tieng-phap-trinh-do-fr-03.png","type":"","width":"","height":""}],"twitter_card":"summary_large_image","twitter_misc":{"Est. reading time":"3 minutes"},"schema":{"@context":"https:\/\/schema.org","@graph":[{"@type":"WebPage","@id":"https:\/\/ifv.vn\/fr\/cours-de-francais-lespace-hadong\/","url":"https:\/\/ifv.vn\/fr\/cours-de-francais-lespace-hadong\/","name":"Cours de fran\u00e7ais \u00e0 l'Espace Hadong - Vi\u1ec7n Ph\u00e1p t\u1ea1i Vi\u1ec7t Nam | Institut fran\u00e7ais du Vietnam","isPartOf":{"@id":"https:\/\/ifv.vn\/#website"},"primaryImageOfPage":{"@id":"https:\/\/ifv.vn\/fr\/cours-de-francais-lespace-hadong\/#primaryimage"},"image":{"@id":"https:\/\/ifv.vn\/fr\/cours-de-francais-lespace-hadong\/#primaryimage"},"thumbnailUrl":"http:\/\/ifv.vn\/wp-content\/uploads\/2019\/05\/hoc-tieng-phap-trinh-do-fr-03.png","datePublished":"2018-06-07T10:56:44+00:00","dateModified":"2019-08-06T03:37:26+00:00","breadcrumb":{"@id":"https:\/\/ifv.vn\/fr\/cours-de-francais-lespace-hadong\/#breadcrumb"},"inLanguage":"fr-FR","potentialAction":[{"@type":"ReadAction","target":["https:\/\/ifv.vn\/fr\/cours-de-francais-lespace-hadong\/"]}]},{"@type":"ImageObject","inLanguage":"fr-FR","@id":"https:\/\/ifv.vn\/fr\/cours-de-francais-lespace-hadong\/#primaryimage","url":"http:\/\/ifv.vn\/wp-content\/uploads\/2019\/05\/hoc-tieng-phap-trinh-do-fr-03.png","contentUrl":"http:\/\/ifv.vn\/wp-content\/uploads\/2019\/05\/hoc-tieng-phap-trinh-do-fr-03.png"},{"@type":"BreadcrumbList","@id":"https:\/\/ifv.vn\/fr\/cours-de-francais-lespace-hadong\/#breadcrumb","itemListElement":[{"@type":"ListItem","position":1,"name":"Home","item":"https:\/\/ifv.vn\/fr\/"},{"@type":"ListItem","position":2,"name":"Cours de fran\u00e7ais \u00e0 l&rsquo;Espace Hadong"}]},{"@type":"WebSite","@id":"https:\/\/ifv.vn\/#website","url":"https:\/\/ifv.vn\/","name":"Vi\u1ec7n Ph\u00e1p t\u1ea1i Vi\u1ec7t Nam | Institut fran\u00e7ais du Vietnam","description":"","publisher":{"@id":"https:\/\/ifv.vn\/#organization"},"potentialAction":[{"@type":"SearchAction","target":{"@type":"EntryPoint","urlTemplate":"https:\/\/ifv.vn\/?s={search_term_string}"},"query-input":{"@type":"PropertyValueSpecification","valueRequired":true,"valueName":"search_term_string"}}],"inLanguage":"fr-FR"},{"@type":"Organization","@id":"https:\/\/ifv.vn\/#organization","name":"Vi\u1ec7n Ph\u00e1p t\u1ea1i Vi\u1ec7t Nam | Institut fran\u00e7ais du Vietnam","url":"https:\/\/ifv.vn\/","logo":{"@type":"ImageObject","inLanguage":"fr-FR","@id":"https:\/\/ifv.vn\/#\/schema\/logo\/image\/","url":"https:\/\/ifv.vn\/wp-content\/uploads\/2025\/10\/cropped-asset-6.png","contentUrl":"https:\/\/ifv.vn\/wp-content\/uploads\/2025\/10\/cropped-asset-6.png","width":248,"height":165,"caption":"Vi\u1ec7n Ph\u00e1p t\u1ea1i Vi\u1ec7t Nam | Institut fran\u00e7ais du Vietnam"},"image":{"@id":"https:\/\/ifv.vn\/#\/schema\/logo\/image\/"}}]}},"_links":{"self":[{"href":"https:\/\/ifv.vn\/fr\/wp-json\/wp\/v2\/pages\/5792"}],"collection":[{"href":"https:\/\/ifv.vn\/fr\/wp-json\/wp\/v2\/pages"}],"about":[{"href":"https:\/\/ifv.vn\/fr\/wp-json\/wp\/v2\/types\/page"}],"author":[{"embeddable":true,"href":"https:\/\/ifv.vn\/fr\/wp-json\/wp\/v2\/users\/6"}],"replies":[{"embeddable":true,"href":"https:\/\/ifv.vn\/fr\/wp-json\/wp\/v2\/comments?post=5792"}],"version-history":[{"count":0,"href":"https:\/\/ifv.vn\/fr\/wp-json\/wp\/v2\/pages\/5792\/revisions"}],"wp:attachment":[{"href":"https:\/\/ifv.vn\/fr\/wp-json\/wp\/v2\/media?parent=5792"}],"curies":[{"name":"wp","href":"https:\/\/api.w.org\/{rel}","templated":true}]}}