{"id":5921,"date":"2018-06-12T16:21:25","date_gmt":"2018-06-12T09:21:25","guid":{"rendered":"https:\/\/ifv.vn\/?page_id=5921"},"modified":"2019-04-22T18:44:37","modified_gmt":"2019-04-22T11:44:37","slug":"tarifs","status":"publish","type":"page","link":"https:\/\/ifv.vn\/fr\/cours-de-francais-lespace-hadong\/tarifs\/","title":{"rendered":"Tarifs"},"content":{"rendered":"<div class=\"wpb-content-wrapper\"><p>[vc_row][vc_column][vc_wp_text]<\/p>\n<h1 style=\"text-align: center;\"><img loading=\"lazy\" decoding=\"async\" class=\"alignnone size-full wp-image-5918 aligncenter\" src=\"http:\/\/ifv.vn\/wp-content\/uploads\/2018\/06\/hoc-phi-tieng-phap-hd-fr.png\" alt=\"\" width=\"820\" height=\"1466\" \/><\/h1>\n<h1 style=\"text-align: center;\"><strong>TARIFS DES COURS<\/strong><\/h1>\n<table width=\"742\">\n<tbody>\n<tr>\n<td style=\"text-align: center;\" width=\"120\"><strong>Cours<\/strong><\/td>\n<td style=\"text-align: center;\" width=\"120\"><strong>Format<\/strong><\/td>\n<td style=\"text-align: center;\" width=\"120\"><strong>Volume horaire par session<\/strong><\/td>\n<td style=\"text-align: center;\" width=\"120\"><strong>Tarif r\u00e9gulier<\/strong><\/td>\n<td style=\"text-align: center;\" width=\"130\"><strong>Tarif inscription anticip\u00e9e<\/strong><\/td>\n<\/tr>\n<tr>\n<td style=\"text-align: center;\" colspan=\"5\" width=\"612\">\n<h2><strong>FRAN\u00c7AIS G\u00c9N\u00c9RAL<\/strong><\/h2>\n<\/td>\n<\/tr>\n<tr>\n<td width=\"120\">Fran\u00e7ais g\u00e9n\u00e9ral Relax<\/td>\n<td style=\"text-align: center;\" width=\"120\">1 fois \/ semaine<\/td>\n<td style=\"text-align: center;\" width=\"120\">31h30<\/td>\n<td style=\"text-align: center;\" width=\"120\">3 100 000<\/td>\n<td style=\"text-align: center;\" width=\"130\">2 900 000<\/td>\n<\/tr>\n<tr>\n<td width=\"120\">Fran\u00e7ais g\u00e9n\u00e9ral Standard<\/td>\n<td style=\"text-align: center;\" width=\"120\">2 ou 3 fois \/ semaine<\/td>\n<td style=\"text-align: center;\" width=\"120\">31h30<\/td>\n<td style=\"text-align: center;\" width=\"120\">3 100 000<\/td>\n<td style=\"text-align: center;\" width=\"130\">2 900 000<\/td>\n<\/tr>\n<tr>\n<td width=\"120\">Fran\u00e7ais g\u00e9n\u00e9ral Semi &#8211; intensif<\/td>\n<td style=\"text-align: center;\" width=\"120\">3 fois \/ semaine<\/td>\n<td style=\"text-align: center;\" width=\"120\">63H<\/td>\n<td style=\"text-align: center;\" width=\"120\">5 300 000<\/td>\n<td style=\"text-align: center;\" width=\"130\">4 800 000<\/td>\n<\/tr>\n<tr>\n<td width=\"120\">Fran\u00e7ais g\u00e9n\u00e9ral intensif<\/td>\n<td style=\"text-align: center;\" width=\"120\">5 fois \/ semaine<\/td>\n<td style=\"text-align: center;\" width=\"120\">105H<\/td>\n<td style=\"text-align: center;\" width=\"120\">7 600 000<\/td>\n<td style=\"text-align: center;\" width=\"130\">7 000 000<\/td>\n<\/tr>\n<tr>\n<td colspan=\"5\" width=\"612\">\n<h2 style=\"text-align: center;\"><strong>FOS \/ ATELIERS \/\u00a0<\/strong>\u00a0PR\u00c9PARATIONS EXAMENS<\/h2>\n<\/td>\n<\/tr>\n<tr>\n<td rowspan=\"4\" width=\"120\">\n<p>FOS, sp\u00e9cialisation et atelier (dont prep examens)<\/p>\n<p>&nbsp;<\/p>\n<\/td>\n<td style=\"text-align: center;\" width=\"120\">1 fois \/ semaine<\/td>\n<td style=\"text-align: center;\" width=\"120\">10h30<\/td>\n<td style=\"text-align: center;\" width=\"120\">1 500 000<\/td>\n<td style=\"text-align: center;\" width=\"130\">1 400 000<\/td>\n<\/tr>\n<tr>\n<td style=\"text-align: center;\" width=\"120\">1 fois \/ semaine<\/td>\n<td style=\"text-align: center;\" width=\"120\">14h<\/td>\n<td style=\"text-align: center;\" width=\"120\">1 700 000<\/td>\n<td style=\"text-align: center;\" width=\"130\">1 400 000<\/td>\n<\/tr>\n<tr>\n<td style=\"text-align: center;\" width=\"120\">1 ou 2 fois \/ semaine<\/td>\n<td style=\"text-align: center;\" width=\"120\">21h<\/td>\n<td style=\"text-align: center;\" width=\"120\">2 500 000<\/td>\n<td style=\"text-align: center;\" width=\"130\">2 300 000<\/td>\n<\/tr>\n<tr>\n<td style=\"text-align: center;\" width=\"120\">2 fois \/ semaine<\/td>\n<td style=\"text-align: center;\" width=\"120\">28H<\/td>\n<td style=\"text-align: center;\" width=\"120\">3 000 000<\/td>\n<td style=\"text-align: center;\" width=\"130\">2 700 000<\/td>\n<\/tr>\n<\/tbody>\n<\/table>\n<table width=\"612\">\n<tbody>\n<tr>\n<td colspan=\"7\" width=\"612\">\n<h2 style=\"text-align: center;\"><strong>COURS ENFANTS\/ ADOLESCENTS<\/strong><\/h2>\n<\/td>\n<\/tr>\n<tr>\n<td width=\"120\">Fran\u00e7ais g\u00e9n\u00e9ral<\/td>\n<td style=\"text-align: center;\" colspan=\"2\" width=\"120\">1 fois \/ semaine<\/td>\n<td style=\"text-align: center;\" width=\"120\">31h30<\/td>\n<td style=\"text-align: center;\" colspan=\"2\" width=\"120\">4 100 000<\/td>\n<td style=\"text-align: center;\" width=\"130\">3 900 000<\/td>\n<\/tr>\n<tr>\n<td colspan=\"7\" width=\"612\">\n<h2 style=\"text-align: center;\"><strong>COURS PRIV<\/strong><strong>\u00c9<\/strong><strong>S<\/strong><\/h2>\n<\/td>\n<\/tr>\n<tr>\n<td colspan=\"2\" width=\"204\"><strong>\u00a0<\/strong><\/td>\n<td style=\"text-align: center;\" colspan=\"3\" width=\"204\"><strong>Cours @ l&rsquo;Espace Hadong <\/strong><\/td>\n<td style=\"text-align: center;\" colspan=\"2\" width=\"204\"><strong>Cours d\u00e9localis\u00e9s<\/strong><\/td>\n<\/tr>\n<tr>\n<td colspan=\"2\" width=\"204\">Tarif Horaire<\/td>\n<td style=\"text-align: center;\" colspan=\"3\" width=\"204\">800 000<\/td>\n<td style=\"text-align: center;\" colspan=\"2\" width=\"204\">1 000 000<\/td>\n<\/tr>\n<tr>\n<td colspan=\"2\" width=\"204\">Package 6 heures<\/td>\n<td style=\"text-align: center;\" colspan=\"3\" width=\"204\">4 800 000<\/td>\n<td style=\"text-align: center;\" colspan=\"2\" width=\"204\">6 000 000<\/td>\n<\/tr>\n<tr>\n<td colspan=\"2\" width=\"204\">Package 10 heures<\/td>\n<td style=\"text-align: center;\" colspan=\"3\" width=\"204\">8 000 000<\/td>\n<td style=\"text-align: center;\" colspan=\"2\" width=\"204\">10 000 000<\/td>\n<\/tr>\n<tr>\n<td colspan=\"2\" width=\"204\">Package 15 heures\u00a0\u00a0\u00a0\u00a0\u00a0\u00a0\u00a0\u00a0\u00a0\u00a0\u00a0\u00a0\u00a0\u00a0\u00a0\u00a0\u00a0\u00a0\u00a0\u00a0\u00a0\u00a0\u00a0\u00a0\u00a0\u00a0\u00a0 (inclut 5% de r\u00e9duction)<\/td>\n<td style=\"text-align: center;\" colspan=\"3\" width=\"204\">11 400 000<\/td>\n<td style=\"text-align: center;\" colspan=\"2\" width=\"204\">14 250 000<\/td>\n<\/tr>\n<tr>\n<td colspan=\"2\" width=\"204\">Package 30 heures\u00a0\u00a0\u00a0\u00a0\u00a0\u00a0\u00a0\u00a0\u00a0\u00a0\u00a0\u00a0\u00a0\u00a0\u00a0\u00a0\u00a0\u00a0\u00a0\u00a0\u00a0\u00a0\u00a0\u00a0\u00a0\u00a0\u00a0\u00a0\u00a0\u00a0\u00a0\u00a0 (inclut 10% de r\u00e9duction)<\/td>\n<td style=\"text-align: center;\" colspan=\"3\" width=\"204\">\u00a0\u00a0\u00a0\u00a0 21 600 000<\/td>\n<td style=\"text-align: center;\" colspan=\"2\" width=\"204\">27 000 000<\/td>\n<\/tr>\n<tr>\n<td colspan=\"7\" width=\"612\">\n<h2 style=\"text-align: center;\"><strong>COURS ENTREPRISES ET \u00c9COLES<\/strong><\/h2>\n<\/td>\n<\/tr>\n<tr>\n<td colspan=\"2\" width=\"204\">\u00a0<\/td>\n<td style=\"text-align: center;\" colspan=\"3\" width=\"204\"><strong>Cours @ l\u2019Espace Hadong<\/strong><\/td>\n<td style=\"text-align: center;\" colspan=\"2\" width=\"204\"><strong>Cours d\u00e9localis\u00e9s <\/strong><\/td>\n<\/tr>\n<tr>\n<td colspan=\"2\" width=\"204\">Tarif horaire ( minimum 12 heures)<\/td>\n<td style=\"text-align: center;\" colspan=\"3\" width=\"204\">1 000 000<\/td>\n<td style=\"text-align: center;\" colspan=\"2\" width=\"204\">1 100 000<\/td>\n<\/tr>\n<\/tbody>\n<\/table>\n<p><strong>AVANTAGES pour les inscriptions des packages :<\/strong><\/p>\n<ul style=\"list-style-type: disc;\">\n<li>Package des 2 sessions d\u2019affil\u00e9e (cours adultes g\u00e9n\u00e9raux): R\u00e9duction de 500 000 suppl\u00e9mentaire sur montant total.<\/li>\n<li>Package Cours g\u00e9n\u00e9ral + Atelier: R\u00e9duction de 200 000 suppl\u00e9mentaire sur montant total.<\/li>\n<li>Package Cours pr\u00e9pa examens + Examens DELF-DALF: Tarifs pr\u00e9ferentiels sur cours et promotionnels sur examens.<\/li>\n<\/ul>\n<p>*<strong>Pour toute demande de cours particuliers<\/strong>, merci de nous contacter pour d\u00e9finir ensemble le meilleur format. Nous ne facturons uniquement lorsque le cours, l&#8217;emploi du temps et l&rsquo;enseignant sont confirm\u00e9s<\/p>\n<p><strong>*Frais administratifs :<\/strong> 300.000 VND\/an (valable de date \u00e0 date) Gratuit pour les \u00e9tudiants de l\u2019Universit\u00e9 d\u2019Architecture s\u2019inscrivant \u00e0 l\u2019IFV Ha Dong<\/p>\n<p>Inscrivez-vous\u00a0<a href=\"http:\/\/ifv.vn\/fr\/cours-de-francais-lespace-hadong\/calendrier\/\"><strong>pendant les 3 premi\u00e8res semaines de la p\u00e9riode d\u2019inscription<\/strong><\/a>\u00a0et b\u00e9n\u00e9ficiez d\u2019un tarif r\u00e9duit\u00a0!<\/p>\n<p>[\/vc_wp_text][\/vc_column][\/vc_row][vc_row][vc_column]\n                <div class=\"wpb_wrapper\">\n                    <div class=\"block__form_newsletter border__1x \"><div class=\"title\">Vous avez des questions sur les cours de l'IFV ?<\/div>\n<div class=\"wpcf7 no-js\" id=\"wpcf7-f3354-o1\" lang=\"en-US\" dir=\"ltr\" data-wpcf7-id=\"3354\">\n<div class=\"screen-reader-response\"><p role=\"status\" aria-live=\"polite\" aria-atomic=\"true\"><\/p> <ul><\/ul><\/div>\n<form action=\"\/fr\/wp-json\/wp\/v2\/pages\/5921#wpcf7-f3354-o1\" method=\"post\" class=\"wpcf7-form init\" aria-label=\"Contact form\" novalidate=\"novalidate\" data-status=\"init\">\n<div style=\"display: none;\">\n<input type=\"hidden\" name=\"_wpcf7\" value=\"3354\" \/>\n<input type=\"hidden\" name=\"_wpcf7_version\" value=\"6.0.6\" \/>\n<input type=\"hidden\" name=\"_wpcf7_locale\" value=\"en_US\" \/>\n<input type=\"hidden\" name=\"_wpcf7_unit_tag\" value=\"wpcf7-f3354-o1\" \/>\n<input type=\"hidden\" name=\"_wpcf7_container_post\" value=\"0\" \/>\n<input type=\"hidden\" name=\"_wpcf7_posted_data_hash\" value=\"\" \/>\n<input type=\"hidden\" name=\"_wpcf7_recaptcha_response\" value=\"\" \/>\n<\/div>\n<div class=\"item\">\n\t<p><span class=\"wpcf7-form-control-wrap\" data-name=\"Ville\"><select class=\"wpcf7-form-control wpcf7-select wpcf7-validates-as-required\" aria-required=\"true\" aria-invalid=\"false\" name=\"Ville\"><option value=\"Dans quelle ville ?*\">Dans quelle ville ?*<\/option><option value=\"Hanoi\">Hanoi<\/option><option value=\"Hue\">Hue<\/option><option value=\"Danang\">Danang<\/option><option value=\"HCMV\">HCMV<\/option><option value=\"Autre\">Autre<\/option><\/select><\/span>\n\t<\/p>\n<\/div>\n<div class=\"item\">\n\t<p><span class=\"wpcf7-form-control-wrap\" data-name=\"Age\"><select class=\"wpcf7-form-control wpcf7-select wpcf7-validates-as-required\" aria-required=\"true\" aria-invalid=\"false\" name=\"Age\"><option value=\"Age de la personne concern\u00e9e*\">Age de la personne concern\u00e9e*<\/option><option value=\"4-6 ans\">4-6 ans<\/option><option value=\"7-10 ans\">7-10 ans<\/option><option value=\"11-14 ans\">11-14 ans<\/option><option value=\"15-18 ans\">15-18 ans<\/option><option value=\"19-25 ans\">19-25 ans<\/option><option value=\"Autre\">Autre<\/option><\/select><\/span>\n\t<\/p>\n<\/div>\n<div class=\"item\">\n\t<p><span class=\"wpcf7-form-control-wrap\" data-name=\"Parent\"><input size=\"40\" maxlength=\"400\" class=\"wpcf7-form-control wpcf7-text\" aria-invalid=\"false\" placeholder=\"Nom et pr\u00e9nom du parent (le cas \u00e9ch\u00e9ant)\" value=\"\" type=\"text\" name=\"Parent\" \/><\/span>\n\t<\/p>\n<\/div>\n<div class=\"item\">\n\t<p><span class=\"wpcf7-form-control-wrap\" data-name=\"Nom\"><input size=\"40\" maxlength=\"400\" class=\"wpcf7-form-control wpcf7-text wpcf7-validates-as-required\" aria-required=\"true\" aria-invalid=\"false\" placeholder=\"Nom et pr\u00e9nom de l&#039;int\u00e9ress\u00e9.e*\" value=\"\" type=\"text\" name=\"Nom\" \/><\/span>\n\t<\/p>\n<\/div>\n<div class=\"item\">\n\t<p><span class=\"wpcf7-form-control-wrap\" data-name=\"Email\"><input size=\"40\" maxlength=\"400\" class=\"wpcf7-form-control wpcf7-email wpcf7-validates-as-required wpcf7-text wpcf7-validates-as-email\" aria-required=\"true\" aria-invalid=\"false\" placeholder=\"Email*\" value=\"\" type=\"email\" name=\"Email\" \/><\/span>\n\t<\/p>\n<\/div>\n<div class=\"item\">\n\t<p><span class=\"wpcf7-form-control-wrap\" data-name=\"Tel\"><input size=\"40\" maxlength=\"400\" class=\"wpcf7-form-control wpcf7-text wpcf7-validates-as-required\" aria-required=\"true\" aria-invalid=\"false\" placeholder=\"Num\u00e9ro de t\u00e9l\u00e9phone*\" value=\"\" type=\"text\" name=\"Tel\" \/><\/span>\n\t<\/p>\n<\/div>\n<div class=\"item\">\n\t<p><span class=\"wpcf7-form-control-wrap\" data-name=\"Client\"><select class=\"wpcf7-form-control wpcf7-select\" aria-invalid=\"false\" name=\"Client\"><option value=\"Avez-vous d\u00e9j\u00e0 \u00e9t\u00e9 inscrit.e chez nous ?*\">Avez-vous d\u00e9j\u00e0 \u00e9t\u00e9 inscrit.e chez nous ?*<\/option><option value=\"Oui\">Oui<\/option><option value=\"Non\">Non<\/option><\/select><\/span>\n\t<\/p>\n<\/div>\n<div class=\"item\">\n\t<p><span class=\"wpcf7-form-control-wrap\" data-name=\"Interets\"><select class=\"wpcf7-form-control wpcf7-select\" aria-invalid=\"false\" name=\"Interets\"><option value=\"Vous vous int\u00e9ressez aux cours :\">Vous vous int\u00e9ressez aux cours :<\/option><option value=\"Fran\u00e7ais g\u00e9n\u00e9ral\">Fran\u00e7ais g\u00e9n\u00e9ral<\/option><option value=\"Pratique orale\">Pratique orale<\/option><option value=\"Pr\u00e9paration DELF-DALF\">Pr\u00e9paration DELF-DALF<\/option><option value=\"Pr\u00e9paration TCF\">Pr\u00e9paration TCF<\/option><option value=\"Je ne sais pas\">Je ne sais pas<\/option><\/select><\/span>\n\t<\/p>\n<\/div>\n<div class=\"item\">\n\t<p><span class=\"wpcf7-form-control-wrap\" data-name=\"Dispo\"><input size=\"40\" maxlength=\"400\" class=\"wpcf7-form-control wpcf7-text wpcf7-validates-as-required\" aria-required=\"true\" aria-invalid=\"false\" placeholder=\"Vos disponibilit\u00e9s pour passer le test ?*\" value=\"\" type=\"text\" name=\"Dispo\" \/><\/span>\n\t<\/p>\n<\/div>\n<div class=\"item\">\n\t<p><span class=\"wpcf7-form-control-wrap\" data-name=\"Message\"><textarea cols=\"40\" rows=\"10\" maxlength=\"2000\" class=\"wpcf7-form-control wpcf7-textarea\" aria-invalid=\"false\" placeholder=\"Votre message\" name=\"Message\"><\/textarea><\/span>\n\t<\/p>\n<\/div>\n<div class=\"item\">\n\t<p><input class=\"wpcf7-form-control wpcf7-submit has-spinner\" type=\"submit\" value=\"Envoyer\" \/>\n\t<\/p>\n<\/div>\n<div class=\"champs\">\n\t<p>*Champs requis\n\t<\/p>\n<\/div>\n<div class=\"clearfix\">\n<\/div><div class=\"wpcf7-response-output\" aria-hidden=\"true\"><\/div>\n<\/form>\n<\/div>\n<\/div>\n            <\/div>[\/vc_column][\/vc_row]<\/p>\n<\/div>","protected":false},"excerpt":{"rendered":"[vc_row][vc_column][vc_wp_text] TARIFS DES COURS Cours Format Volume horaire par session Tarif r\u00e9gulier Tarif inscription anticip\u00e9e FRAN\u00c7AIS G\u00c9N\u00c9RAL Fran\u00e7ais g\u00e9n\u00e9ral Relax 1 fois \/ semaine 31h30 3 100 000 2 900 000 Fran\u00e7ais g\u00e9n\u00e9ral Standard 2 ou 3 fois \/ semaine [...]","protected":false},"author":6,"featured_media":0,"parent":5792,"menu_order":0,"comment_status":"open","ping_status":"closed","template":"page-static.php","meta":{"footnotes":""},"class_list":["post-5921","page","type-page","status-publish","hentry"],"acf":[],"yoast_head":"<!-- This site is optimized with the Yoast SEO plugin v25.3.1 - https:\/\/yoast.com\/wordpress\/plugins\/seo\/ -->\n<title>Tarifs - Vi\u1ec7n Ph\u00e1p t\u1ea1i Vi\u1ec7t Nam | Institut fran\u00e7ais du Vietnam<\/title>\n<meta name=\"robots\" content=\"index, follow, max-snippet:-1, max-image-preview:large, max-video-preview:-1\" \/>\n<link rel=\"canonical\" href=\"https:\/\/ifv.vn\/fr\/cours-de-francais-lespace-hadong\/tarifs\/\" \/>\n<meta property=\"og:locale\" content=\"fr_FR\" \/>\n<meta property=\"og:type\" content=\"article\" \/>\n<meta property=\"og:title\" content=\"Tarifs - Vi\u1ec7n Ph\u00e1p t\u1ea1i Vi\u1ec7t Nam | Institut fran\u00e7ais du Vietnam\" \/>\n<meta property=\"og:description\" content=\"[vc_row][vc_column][vc_wp_text] TARIFS DES COURS Cours Format Volume horaire par session Tarif r\u00e9gulier Tarif inscription anticip\u00e9e FRAN\u00c7AIS G\u00c9N\u00c9RAL Fran\u00e7ais g\u00e9n\u00e9ral Relax 1 fois \/ semaine 31h30 3 100 000 2 900 000 Fran\u00e7ais g\u00e9n\u00e9ral Standard 2 ou 3 fois \/ semaine [&hellip;]\" \/>\n<meta property=\"og:url\" content=\"https:\/\/ifv.vn\/fr\/cours-de-francais-lespace-hadong\/tarifs\/\" \/>\n<meta property=\"og:site_name\" content=\"Vi\u1ec7n Ph\u00e1p t\u1ea1i Vi\u1ec7t Nam | Institut fran\u00e7ais du Vietnam\" \/>\n<meta property=\"article:modified_time\" content=\"2019-04-22T11:44:37+00:00\" \/>\n<meta property=\"og:image\" content=\"http:\/\/ifv.vn\/wp-content\/uploads\/2018\/06\/hoc-phi-tieng-phap-hd-fr.png\" \/>\n<meta name=\"twitter:card\" content=\"summary_large_image\" \/>\n<meta name=\"twitter:label1\" content=\"Est. reading time\" \/>\n\t<meta name=\"twitter:data1\" content=\"2 minutes\" \/>\n<script type=\"application\/ld+json\" class=\"yoast-schema-graph\">{\"@context\":\"https:\/\/schema.org\",\"@graph\":[{\"@type\":\"WebPage\",\"@id\":\"https:\/\/ifv.vn\/fr\/cours-de-francais-lespace-hadong\/tarifs\/\",\"url\":\"https:\/\/ifv.vn\/fr\/cours-de-francais-lespace-hadong\/tarifs\/\",\"name\":\"Tarifs - Vi\u1ec7n Ph\u00e1p t\u1ea1i Vi\u1ec7t Nam | Institut fran\u00e7ais du Vietnam\",\"isPartOf\":{\"@id\":\"https:\/\/ifv.vn\/#website\"},\"primaryImageOfPage\":{\"@id\":\"https:\/\/ifv.vn\/fr\/cours-de-francais-lespace-hadong\/tarifs\/#primaryimage\"},\"image\":{\"@id\":\"https:\/\/ifv.vn\/fr\/cours-de-francais-lespace-hadong\/tarifs\/#primaryimage\"},\"thumbnailUrl\":\"http:\/\/ifv.vn\/wp-content\/uploads\/2018\/06\/hoc-phi-tieng-phap-hd-fr.png\",\"datePublished\":\"2018-06-12T09:21:25+00:00\",\"dateModified\":\"2019-04-22T11:44:37+00:00\",\"breadcrumb\":{\"@id\":\"https:\/\/ifv.vn\/fr\/cours-de-francais-lespace-hadong\/tarifs\/#breadcrumb\"},\"inLanguage\":\"fr-FR\",\"potentialAction\":[{\"@type\":\"ReadAction\",\"target\":[\"https:\/\/ifv.vn\/fr\/cours-de-francais-lespace-hadong\/tarifs\/\"]}]},{\"@type\":\"ImageObject\",\"inLanguage\":\"fr-FR\",\"@id\":\"https:\/\/ifv.vn\/fr\/cours-de-francais-lespace-hadong\/tarifs\/#primaryimage\",\"url\":\"http:\/\/ifv.vn\/wp-content\/uploads\/2018\/06\/hoc-phi-tieng-phap-hd-fr.png\",\"contentUrl\":\"http:\/\/ifv.vn\/wp-content\/uploads\/2018\/06\/hoc-phi-tieng-phap-hd-fr.png\"},{\"@type\":\"BreadcrumbList\",\"@id\":\"https:\/\/ifv.vn\/fr\/cours-de-francais-lespace-hadong\/tarifs\/#breadcrumb\",\"itemListElement\":[{\"@type\":\"ListItem\",\"position\":1,\"name\":\"Home\",\"item\":\"https:\/\/ifv.vn\/fr\/\"},{\"@type\":\"ListItem\",\"position\":2,\"name\":\"Cours de fran\u00e7ais \u00e0 l&rsquo;Espace Hadong\",\"item\":\"https:\/\/ifv.vn\/fr\/cours-de-francais-lespace-hadong\/\"},{\"@type\":\"ListItem\",\"position\":3,\"name\":\"Tarifs\"}]},{\"@type\":\"WebSite\",\"@id\":\"https:\/\/ifv.vn\/#website\",\"url\":\"https:\/\/ifv.vn\/\",\"name\":\"Vi\u1ec7n Ph\u00e1p t\u1ea1i Vi\u1ec7t Nam | Institut fran\u00e7ais du Vietnam\",\"description\":\"\",\"publisher\":{\"@id\":\"https:\/\/ifv.vn\/#organization\"},\"potentialAction\":[{\"@type\":\"SearchAction\",\"target\":{\"@type\":\"EntryPoint\",\"urlTemplate\":\"https:\/\/ifv.vn\/?s={search_term_string}\"},\"query-input\":{\"@type\":\"PropertyValueSpecification\",\"valueRequired\":true,\"valueName\":\"search_term_string\"}}],\"inLanguage\":\"fr-FR\"},{\"@type\":\"Organization\",\"@id\":\"https:\/\/ifv.vn\/#organization\",\"name\":\"Vi\u1ec7n Ph\u00e1p t\u1ea1i Vi\u1ec7t Nam | Institut fran\u00e7ais du Vietnam\",\"url\":\"https:\/\/ifv.vn\/\",\"logo\":{\"@type\":\"ImageObject\",\"inLanguage\":\"fr-FR\",\"@id\":\"https:\/\/ifv.vn\/#\/schema\/logo\/image\/\",\"url\":\"https:\/\/ifv.vn\/wp-content\/uploads\/2025\/10\/cropped-asset-6.png\",\"contentUrl\":\"https:\/\/ifv.vn\/wp-content\/uploads\/2025\/10\/cropped-asset-6.png\",\"width\":248,\"height\":165,\"caption\":\"Vi\u1ec7n Ph\u00e1p t\u1ea1i Vi\u1ec7t Nam | Institut fran\u00e7ais du Vietnam\"},\"image\":{\"@id\":\"https:\/\/ifv.vn\/#\/schema\/logo\/image\/\"}}]}<\/script>\n<!-- \/ Yoast SEO plugin. -->","yoast_head_json":{"title":"Tarifs - Vi\u1ec7n Ph\u00e1p t\u1ea1i Vi\u1ec7t Nam | Institut fran\u00e7ais du Vietnam","robots":{"index":"index","follow":"follow","max-snippet":"max-snippet:-1","max-image-preview":"max-image-preview:large","max-video-preview":"max-video-preview:-1"},"canonical":"https:\/\/ifv.vn\/fr\/cours-de-francais-lespace-hadong\/tarifs\/","og_locale":"fr_FR","og_type":"article","og_title":"Tarifs - Vi\u1ec7n Ph\u00e1p t\u1ea1i Vi\u1ec7t Nam | Institut fran\u00e7ais du Vietnam","og_description":"[vc_row][vc_column][vc_wp_text] TARIFS DES COURS Cours Format Volume horaire par session Tarif r\u00e9gulier Tarif inscription anticip\u00e9e FRAN\u00c7AIS G\u00c9N\u00c9RAL Fran\u00e7ais g\u00e9n\u00e9ral Relax 1 fois \/ semaine 31h30 3 100 000 2 900 000 Fran\u00e7ais g\u00e9n\u00e9ral Standard 2 ou 3 fois \/ semaine [&hellip;]","og_url":"https:\/\/ifv.vn\/fr\/cours-de-francais-lespace-hadong\/tarifs\/","og_site_name":"Vi\u1ec7n Ph\u00e1p t\u1ea1i Vi\u1ec7t Nam | Institut fran\u00e7ais du Vietnam","article_modified_time":"2019-04-22T11:44:37+00:00","og_image":[{"url":"http:\/\/ifv.vn\/wp-content\/uploads\/2018\/06\/hoc-phi-tieng-phap-hd-fr.png","type":"","width":"","height":""}],"twitter_card":"summary_large_image","twitter_misc":{"Est. reading time":"2 minutes"},"schema":{"@context":"https:\/\/schema.org","@graph":[{"@type":"WebPage","@id":"https:\/\/ifv.vn\/fr\/cours-de-francais-lespace-hadong\/tarifs\/","url":"https:\/\/ifv.vn\/fr\/cours-de-francais-lespace-hadong\/tarifs\/","name":"Tarifs - Vi\u1ec7n Ph\u00e1p t\u1ea1i Vi\u1ec7t Nam | Institut fran\u00e7ais du Vietnam","isPartOf":{"@id":"https:\/\/ifv.vn\/#website"},"primaryImageOfPage":{"@id":"https:\/\/ifv.vn\/fr\/cours-de-francais-lespace-hadong\/tarifs\/#primaryimage"},"image":{"@id":"https:\/\/ifv.vn\/fr\/cours-de-francais-lespace-hadong\/tarifs\/#primaryimage"},"thumbnailUrl":"http:\/\/ifv.vn\/wp-content\/uploads\/2018\/06\/hoc-phi-tieng-phap-hd-fr.png","datePublished":"2018-06-12T09:21:25+00:00","dateModified":"2019-04-22T11:44:37+00:00","breadcrumb":{"@id":"https:\/\/ifv.vn\/fr\/cours-de-francais-lespace-hadong\/tarifs\/#breadcrumb"},"inLanguage":"fr-FR","potentialAction":[{"@type":"ReadAction","target":["https:\/\/ifv.vn\/fr\/cours-de-francais-lespace-hadong\/tarifs\/"]}]},{"@type":"ImageObject","inLanguage":"fr-FR","@id":"https:\/\/ifv.vn\/fr\/cours-de-francais-lespace-hadong\/tarifs\/#primaryimage","url":"http:\/\/ifv.vn\/wp-content\/uploads\/2018\/06\/hoc-phi-tieng-phap-hd-fr.png","contentUrl":"http:\/\/ifv.vn\/wp-content\/uploads\/2018\/06\/hoc-phi-tieng-phap-hd-fr.png"},{"@type":"BreadcrumbList","@id":"https:\/\/ifv.vn\/fr\/cours-de-francais-lespace-hadong\/tarifs\/#breadcrumb","itemListElement":[{"@type":"ListItem","position":1,"name":"Home","item":"https:\/\/ifv.vn\/fr\/"},{"@type":"ListItem","position":2,"name":"Cours de fran\u00e7ais \u00e0 l&rsquo;Espace Hadong","item":"https:\/\/ifv.vn\/fr\/cours-de-francais-lespace-hadong\/"},{"@type":"ListItem","position":3,"name":"Tarifs"}]},{"@type":"WebSite","@id":"https:\/\/ifv.vn\/#website","url":"https:\/\/ifv.vn\/","name":"Vi\u1ec7n Ph\u00e1p t\u1ea1i Vi\u1ec7t Nam | Institut fran\u00e7ais du Vietnam","description":"","publisher":{"@id":"https:\/\/ifv.vn\/#organization"},"potentialAction":[{"@type":"SearchAction","target":{"@type":"EntryPoint","urlTemplate":"https:\/\/ifv.vn\/?s={search_term_string}"},"query-input":{"@type":"PropertyValueSpecification","valueRequired":true,"valueName":"search_term_string"}}],"inLanguage":"fr-FR"},{"@type":"Organization","@id":"https:\/\/ifv.vn\/#organization","name":"Vi\u1ec7n Ph\u00e1p t\u1ea1i Vi\u1ec7t Nam | Institut fran\u00e7ais du Vietnam","url":"https:\/\/ifv.vn\/","logo":{"@type":"ImageObject","inLanguage":"fr-FR","@id":"https:\/\/ifv.vn\/#\/schema\/logo\/image\/","url":"https:\/\/ifv.vn\/wp-content\/uploads\/2025\/10\/cropped-asset-6.png","contentUrl":"https:\/\/ifv.vn\/wp-content\/uploads\/2025\/10\/cropped-asset-6.png","width":248,"height":165,"caption":"Vi\u1ec7n Ph\u00e1p t\u1ea1i Vi\u1ec7t Nam | Institut fran\u00e7ais du Vietnam"},"image":{"@id":"https:\/\/ifv.vn\/#\/schema\/logo\/image\/"}}]}},"_links":{"self":[{"href":"https:\/\/ifv.vn\/fr\/wp-json\/wp\/v2\/pages\/5921"}],"collection":[{"href":"https:\/\/ifv.vn\/fr\/wp-json\/wp\/v2\/pages"}],"about":[{"href":"https:\/\/ifv.vn\/fr\/wp-json\/wp\/v2\/types\/page"}],"author":[{"embeddable":true,"href":"https:\/\/ifv.vn\/fr\/wp-json\/wp\/v2\/users\/6"}],"replies":[{"embeddable":true,"href":"https:\/\/ifv.vn\/fr\/wp-json\/wp\/v2\/comments?post=5921"}],"version-history":[{"count":0,"href":"https:\/\/ifv.vn\/fr\/wp-json\/wp\/v2\/pages\/5921\/revisions"}],"up":[{"embeddable":true,"href":"https:\/\/ifv.vn\/fr\/wp-json\/wp\/v2\/pages\/5792"}],"wp:attachment":[{"href":"https:\/\/ifv.vn\/fr\/wp-json\/wp\/v2\/media?parent=5921"}],"curies":[{"name":"wp","href":"https:\/\/api.w.org\/{rel}","templated":true}]}}