{"id":6267,"date":"2018-06-26T23:32:48","date_gmt":"2018-06-26T16:32:48","guid":{"rendered":"https:\/\/ifv.vn\/?page_id=6267"},"modified":"2018-06-27T13:57:14","modified_gmt":"2018-06-27T06:57:14","slug":"test-ngo-hong-quang","status":"publish","type":"page","link":"https:\/\/ifv.vn\/fr\/test-ngo-hong-quang\/","title":{"rendered":"Test Ngo Hong Quang"},"content":{"rendered":"<div class=\"wpb-content-wrapper\"><p>[vc_row][vc_column][vc_tta_tabs][vc_tta_section title=&nbsp;&raquo;Onglet 1&Prime; tab_id=&nbsp;&raquo;1530032058137-a1b27984-bb00&Prime;][vc_wp_text]<\/p>\n<p style=\"text-align: justify;\">1Ng\u00f4 H\u1ed3ng Quang\u00a0l\u00e0 ngh\u1ec7 s\u0129 \u0111a nh\u1ea1c c\u1ee5 ki\u00eam nh\u1ea1c s\u1ef9 s\u00e1ng t\u00e1c hi\u1ec7n \u0111ang sinh s\u1ed1ng v\u00e0 l\u00e0m vi\u1ec7c t\u1ea1i H\u00e0 Lan. Sau m\u1ed9t th\u1eddi gian gi\u1ea3ng d\u1ea1y t\u1ea1i khoa \u00e2m nh\u1ea1c d\u00e2n t\u1ed9c, H\u1ecdc vi\u1ec7n \u00c2m nh\u1ea1c Qu\u1ed1c gia Vi\u1ec7t Nam, anh chuy\u1ec3n \u0111\u1ebfn H\u00e0 Lan \u0111\u1ec3 theo h\u1ecdc chuy\u00ean ng\u00e0nh s\u00e1ng t\u00e1c t\u1ea1i H\u1ecdc vi\u1ec7n \u00c2m nh\u1ea1c Qu\u1ed1c gia H\u00e0 Lan t\u1ea1i La Haye.<\/p>\n<p style=\"text-align: justify;\">T\u00e0i n\u0103ng c\u1ee7a anh \u0111\u01b0\u1ee3c th\u1ec3 hi\u1ec7n trong gi\u1ecdng h\u00e1t \u0111\u1eadm ch\u1ea5t d\u00e2n gian v\u00e0 kh\u1ea3 n\u0103ng bi\u1ec3u di\u1ec5n nhi\u1ec1u lo\u1ea1i nh\u1ea1c c\u1ee5 kh\u00e1c nhau\u00a0: \u0111\u00e0n nh\u1ecb, \u0111\u00e0n b\u1ea7u, c\u00f9ng m\u1ed9t s\u1ed1 nh\u1ea1c c\u1ee5 c\u1ee7a c\u00e1c d\u00e2n t\u1ed9c thi\u1ec3u s\u1ed1 Vi\u1ec7t Nam nh\u01b0 \u0111\u00e0n K\u2019ny, \u0111\u00e0n m\u00f4i \u2013 m\u1ed9t nh\u1ea1c c\u1ee5 b\u00e9 v\u00e0 h\u1ebft s\u1ee9c gi\u1ea3n \u0111\u01a1n l\u1ea1i t\u1ea1o ra \u0111\u01b0\u1ee3c nh\u1eefng thanh \u00e2m hay v\u00e0 \u0111\u1ed9c \u0111\u00e1o \u0111\u1ebfn b\u1ea5t ng\u1edd.<\/p>\n<p>[\/vc_wp_text][acf_vc_integrator field_group=&nbsp;&raquo;3830&Prime; field_from_3830=&nbsp;&raquo;field_5aaa24ec599ef&nbsp;&raquo; show_label=&nbsp;&raquo;&nbsp;&raquo;][\/vc_tta_section][vc_tta_section title=&nbsp;&raquo;Onglet 2&Prime; tab_id=&nbsp;&raquo;1530032058150-77a3ca9f-20fc&nbsp;&raquo;][vc_wp_text]<\/p>\n<p>2.Ng\u00f4 H\u1ed3ng Quang\u00a0l\u00e0 ngh\u1ec7 s\u0129 \u0111a nh\u1ea1c c\u1ee5 ki\u00eam nh\u1ea1c s\u1ef9 s\u00e1ng t\u00e1c hi\u1ec7n \u0111ang sinh s\u1ed1ng v\u00e0 l\u00e0m vi\u1ec7c t\u1ea1i H\u00e0 Lan. Sau m\u1ed9t th\u1eddi gian gi\u1ea3ng d\u1ea1y t\u1ea1i khoa \u00e2m nh\u1ea1c d\u00e2n t\u1ed9c, H\u1ecdc vi\u1ec7n \u00c2m nh\u1ea1c Qu\u1ed1c gia Vi\u1ec7t Nam, anh chuy\u1ec3n \u0111\u1ebfn H\u00e0 Lan \u0111\u1ec3 theo h\u1ecdc chuy\u00ean ng\u00e0nh s\u00e1ng t\u00e1c t\u1ea1i H\u1ecdc vi\u1ec7n \u00c2m nh\u1ea1c Qu\u1ed1c gia H\u00e0 Lan t\u1ea1i La Haye.<\/p>\n<p>T\u00e0i n\u0103ng c\u1ee7a anh \u0111\u01b0\u1ee3c th\u1ec3 hi\u1ec7n trong gi\u1ecdng h\u00e1t \u0111\u1eadm ch\u1ea5t d\u00e2n gian v\u00e0 kh\u1ea3 n\u0103ng bi\u1ec3u di\u1ec5n nhi\u1ec1u lo\u1ea1i nh\u1ea1c c\u1ee5 kh\u00e1c nhau\u00a0: \u0111\u00e0n nh\u1ecb, \u0111\u00e0n b\u1ea7u, c\u00f9ng m\u1ed9t s\u1ed1 nh\u1ea1c c\u1ee5 c\u1ee7a c\u00e1c d\u00e2n t\u1ed9c thi\u1ec3u s\u1ed1 Vi\u1ec7t Nam nh\u01b0 \u0111\u00e0n K\u2019ny, \u0111\u00e0n m\u00f4i \u2013 m\u1ed9t nh\u1ea1c c\u1ee5 b\u00e9 v\u00e0 h\u1ebft s\u1ee9c gi\u1ea3n \u0111\u01a1n l\u1ea1i t\u1ea1o ra \u0111\u01b0\u1ee3c nh\u1eefng thanh \u00e2m hay v\u00e0 \u0111\u1ed9c \u0111\u00e1o \u0111\u1ebfn b\u1ea5t ng\u1edd.<\/p>\n<p>[\/vc_wp_text][acf_vc_integrator field_group=&nbsp;&raquo;3830&Prime; field_from_3830=&nbsp;&raquo;field_5aaa24ec59ae7&Prime; show_label=&nbsp;&raquo;&nbsp;&raquo;][\/vc_tta_section][\/vc_tta_tabs][vc_wp_text]<\/p>\n<table style=\"width: 100%;\">\n<tbody>\n<tr>\n<td colspan=\"2\" width=\"237\"><span style=\"font-size: 12pt;\"><strong>Tarifs normaux<\/strong><\/span><\/td>\n<td width=\"237\"><span style=\"font-size: 12pt;\"><strong>Tarifs major\u00e9s*<\/strong><\/span><\/td>\n<\/tr>\n<tr>\n<td width=\"47\"><span style=\"font-size: 12pt;\">A1.1<\/span><\/td>\n<td width=\"190\"><span style=\"font-size: 12pt;\">680\u00a0000 VND<\/span><\/td>\n<td width=\"237\"><span style=\"font-size: 12pt;\">680\u00a0000 VND<\/span><\/td>\n<\/tr>\n<tr>\n<td width=\"47\"><span style=\"font-size: 12pt;\">A1<\/span><\/td>\n<td width=\"190\"><span style=\"font-size: 12pt;\">680\u00a0000 VND<\/span><\/td>\n<td width=\"237\"><span style=\"font-size: 12pt;\">830 000 VND<\/span><\/td>\n<\/tr>\n<tr>\n<td width=\"47\"><span style=\"font-size: 12pt;\">A2<\/span><\/td>\n<td width=\"190\"><span style=\"font-size: 12pt;\">790\u00a0000 VND<\/span><\/td>\n<td width=\"237\"><span style=\"font-size: 12pt;\">880 000 VND<\/span><\/td>\n<\/tr>\n<tr>\n<td width=\"47\"><span style=\"font-size: 12pt;\">B1<\/span><\/td>\n<td width=\"190\"><span style=\"font-size: 12pt;\">1 050\u00a0000 VND<\/span><\/td>\n<td width=\"237\"><span style=\"font-size: 12pt;\">1\u00a0260 000 VND<\/span><\/td>\n<\/tr>\n<tr>\n<td width=\"47\"><span style=\"font-size: 12pt;\">B2<\/span><\/td>\n<td width=\"190\"><span style=\"font-size: 12pt;\">1\u00a0580\u00a0000 VND<\/span><\/td>\n<td width=\"237\"><span style=\"font-size: 12pt;\">1 930 000 VND<\/span><\/td>\n<\/tr>\n<tr>\n<td width=\"47\"><span style=\"font-size: 12pt;\">C1<\/span><\/td>\n<td width=\"190\"><span style=\"font-size: 12pt;\">1\u00a0790\u00a0000 VND<\/span><\/td>\n<td width=\"237\"><span style=\"font-size: 12pt;\">2 200 000 VND<\/span><\/td>\n<\/tr>\n<tr>\n<td width=\"47\"><span style=\"font-size: 12pt;\">C2<\/span><\/td>\n<td width=\"190\"><span style=\"font-size: 12pt;\">1\u00a0950\u00a0000 VND<\/span><\/td>\n<td width=\"237\"><span style=\"font-size: 12pt;\">2\u00a0310 000 VND<\/span><\/td>\n<\/tr>\n<\/tbody>\n<\/table>\n<p>[\/vc_wp_text][\/vc_column][\/vc_row][vc_row][vc_column][vc_wp_text]<\/p>\n<p style=\"text-align: justify;\">Ng\u00f4 H\u1ed3ng Quang\u00a0l\u00e0 ngh\u1ec7 s\u0129 \u0111a nh\u1ea1c c\u1ee5 ki\u00eam nh\u1ea1c s\u1ef9 s\u00e1ng t\u00e1c hi\u1ec7n \u0111ang sinh s\u1ed1ng v\u00e0 l\u00e0m vi\u1ec7c t\u1ea1i H\u00e0 Lan. Sau m\u1ed9t th\u1eddi gian gi\u1ea3ng d\u1ea1y t\u1ea1i khoa \u00e2m nh\u1ea1c d\u00e2n t\u1ed9c, H\u1ecdc vi\u1ec7n \u00c2m nh\u1ea1c Qu\u1ed1c gia Vi\u1ec7t Nam, anh chuy\u1ec3n \u0111\u1ebfn H\u00e0 Lan \u0111\u1ec3 theo h\u1ecdc chuy\u00ean ng\u00e0nh s\u00e1ng t\u00e1c t\u1ea1i H\u1ecdc vi\u1ec7n \u00c2m nh\u1ea1c Qu\u1ed1c gia H\u00e0 Lan t\u1ea1i La Haye.<\/p>\n<p style=\"text-align: justify;\">T\u00e0i n\u0103ng c\u1ee7a anh \u0111\u01b0\u1ee3c th\u1ec3 hi\u1ec7n trong gi\u1ecdng h\u00e1t \u0111\u1eadm ch\u1ea5t d\u00e2n gian v\u00e0 kh\u1ea3 n\u0103ng bi\u1ec3u di\u1ec5n nhi\u1ec1u lo\u1ea1i nh\u1ea1c c\u1ee5 kh\u00e1c nhau\u00a0: \u0111\u00e0n nh\u1ecb, \u0111\u00e0n b\u1ea7u, c\u00f9ng m\u1ed9t s\u1ed1 nh\u1ea1c c\u1ee5 c\u1ee7a c\u00e1c d\u00e2n t\u1ed9c thi\u1ec3u s\u1ed1 Vi\u1ec7t Nam nh\u01b0 \u0111\u00e0n K\u2019ny, \u0111\u00e0n m\u00f4i \u2013 m\u1ed9t nh\u1ea1c c\u1ee5 b\u00e9 v\u00e0 h\u1ebft s\u1ee9c gi\u1ea3n \u0111\u01a1n l\u1ea1i t\u1ea1o ra \u0111\u01b0\u1ee3c nh\u1eefng thanh \u00e2m hay v\u00e0 \u0111\u1ed9c \u0111\u00e1o \u0111\u1ebfn b\u1ea5t ng\u1edd.<\/p>\n<p>[\/vc_wp_text][\/vc_column][\/vc_row]<\/p>\n<\/div>","protected":false},"excerpt":{"rendered":"[vc_row][vc_column][vc_tta_tabs][vc_tta_section title=\"Onglet 1\" tab_id=\"1530032058137-a1b27984-bb00\"][vc_wp_text] 1Ng\u00f4 H\u1ed3ng Quang\u00a0l\u00e0 ngh\u1ec7 s\u0129 \u0111a nh\u1ea1c c\u1ee5 ki\u00eam nh\u1ea1c s\u1ef9 s\u00e1ng t\u00e1c hi\u1ec7n \u0111ang sinh s\u1ed1ng v\u00e0 l\u00e0m vi\u1ec7c t\u1ea1i H\u00e0 Lan. Sau m\u1ed9t th\u1eddi gian gi\u1ea3ng d\u1ea1y t\u1ea1i khoa \u00e2m nh\u1ea1c d\u00e2n t\u1ed9c, H\u1ecdc [...]","protected":false},"author":6,"featured_media":0,"parent":0,"menu_order":0,"comment_status":"open","ping_status":"closed","template":"page-static.php","meta":{"footnotes":""},"class_list":["post-6267","page","type-page","status-publish","hentry"],"acf":[],"yoast_head":"<!-- This site is optimized with the Yoast SEO plugin v25.3.1 - https:\/\/yoast.com\/wordpress\/plugins\/seo\/ -->\n<title>Test Ngo Hong Quang - Vi\u1ec7n Ph\u00e1p t\u1ea1i Vi\u1ec7t Nam | Institut fran\u00e7ais du Vietnam<\/title>\n<meta name=\"robots\" content=\"index, follow, max-snippet:-1, max-image-preview:large, max-video-preview:-1\" \/>\n<link rel=\"canonical\" href=\"https:\/\/ifv.vn\/fr\/test-ngo-hong-quang\/\" \/>\n<meta property=\"og:locale\" content=\"fr_FR\" \/>\n<meta property=\"og:type\" content=\"article\" \/>\n<meta property=\"og:title\" content=\"Test Ngo Hong Quang - Vi\u1ec7n Ph\u00e1p t\u1ea1i Vi\u1ec7t Nam | Institut fran\u00e7ais du Vietnam\" \/>\n<meta property=\"og:description\" content=\"[vc_row][vc_column][vc_tta_tabs][vc_tta_section title=&nbsp;&raquo;Onglet 1&Prime; tab_id=&nbsp;&raquo;1530032058137-a1b27984-bb00&Prime;][vc_wp_text] 1Ng\u00f4 H\u1ed3ng Quang\u00a0l\u00e0 ngh\u1ec7 s\u0129 \u0111a nh\u1ea1c c\u1ee5 ki\u00eam nh\u1ea1c s\u1ef9 s\u00e1ng t\u00e1c hi\u1ec7n \u0111ang sinh s\u1ed1ng v\u00e0 l\u00e0m vi\u1ec7c t\u1ea1i H\u00e0 Lan. Sau m\u1ed9t th\u1eddi gian gi\u1ea3ng d\u1ea1y t\u1ea1i khoa \u00e2m nh\u1ea1c d\u00e2n t\u1ed9c, H\u1ecdc [&hellip;]\" \/>\n<meta property=\"og:url\" content=\"https:\/\/ifv.vn\/fr\/test-ngo-hong-quang\/\" \/>\n<meta property=\"og:site_name\" content=\"Vi\u1ec7n Ph\u00e1p t\u1ea1i Vi\u1ec7t Nam | Institut fran\u00e7ais du Vietnam\" \/>\n<meta property=\"article:modified_time\" content=\"2018-06-27T06:57:14+00:00\" \/>\n<meta name=\"twitter:card\" content=\"summary_large_image\" \/>\n<meta name=\"twitter:label1\" content=\"Est. reading time\" \/>\n\t<meta name=\"twitter:data1\" content=\"4 minutes\" \/>\n<script type=\"application\/ld+json\" class=\"yoast-schema-graph\">{\"@context\":\"https:\/\/schema.org\",\"@graph\":[{\"@type\":\"WebPage\",\"@id\":\"https:\/\/ifv.vn\/fr\/test-ngo-hong-quang\/\",\"url\":\"https:\/\/ifv.vn\/fr\/test-ngo-hong-quang\/\",\"name\":\"Test Ngo Hong Quang - Vi\u1ec7n Ph\u00e1p t\u1ea1i Vi\u1ec7t Nam | Institut fran\u00e7ais du Vietnam\",\"isPartOf\":{\"@id\":\"https:\/\/ifv.vn\/#website\"},\"datePublished\":\"2018-06-26T16:32:48+00:00\",\"dateModified\":\"2018-06-27T06:57:14+00:00\",\"breadcrumb\":{\"@id\":\"https:\/\/ifv.vn\/fr\/test-ngo-hong-quang\/#breadcrumb\"},\"inLanguage\":\"fr-FR\",\"potentialAction\":[{\"@type\":\"ReadAction\",\"target\":[\"https:\/\/ifv.vn\/fr\/test-ngo-hong-quang\/\"]}]},{\"@type\":\"BreadcrumbList\",\"@id\":\"https:\/\/ifv.vn\/fr\/test-ngo-hong-quang\/#breadcrumb\",\"itemListElement\":[{\"@type\":\"ListItem\",\"position\":1,\"name\":\"Home\",\"item\":\"https:\/\/ifv.vn\/fr\/\"},{\"@type\":\"ListItem\",\"position\":2,\"name\":\"Test Ngo Hong Quang\"}]},{\"@type\":\"WebSite\",\"@id\":\"https:\/\/ifv.vn\/#website\",\"url\":\"https:\/\/ifv.vn\/\",\"name\":\"Vi\u1ec7n Ph\u00e1p t\u1ea1i Vi\u1ec7t Nam | Institut fran\u00e7ais du Vietnam\",\"description\":\"\",\"publisher\":{\"@id\":\"https:\/\/ifv.vn\/#organization\"},\"potentialAction\":[{\"@type\":\"SearchAction\",\"target\":{\"@type\":\"EntryPoint\",\"urlTemplate\":\"https:\/\/ifv.vn\/?s={search_term_string}\"},\"query-input\":{\"@type\":\"PropertyValueSpecification\",\"valueRequired\":true,\"valueName\":\"search_term_string\"}}],\"inLanguage\":\"fr-FR\"},{\"@type\":\"Organization\",\"@id\":\"https:\/\/ifv.vn\/#organization\",\"name\":\"Vi\u1ec7n Ph\u00e1p t\u1ea1i Vi\u1ec7t Nam | Institut fran\u00e7ais du Vietnam\",\"url\":\"https:\/\/ifv.vn\/\",\"logo\":{\"@type\":\"ImageObject\",\"inLanguage\":\"fr-FR\",\"@id\":\"https:\/\/ifv.vn\/#\/schema\/logo\/image\/\",\"url\":\"https:\/\/ifv.vn\/wp-content\/uploads\/2025\/10\/cropped-asset-6.png\",\"contentUrl\":\"https:\/\/ifv.vn\/wp-content\/uploads\/2025\/10\/cropped-asset-6.png\",\"width\":248,\"height\":165,\"caption\":\"Vi\u1ec7n Ph\u00e1p t\u1ea1i Vi\u1ec7t Nam | Institut fran\u00e7ais du Vietnam\"},\"image\":{\"@id\":\"https:\/\/ifv.vn\/#\/schema\/logo\/image\/\"}}]}<\/script>\n<!-- \/ Yoast SEO plugin. -->","yoast_head_json":{"title":"Test Ngo Hong Quang - Vi\u1ec7n Ph\u00e1p t\u1ea1i Vi\u1ec7t Nam | Institut fran\u00e7ais du Vietnam","robots":{"index":"index","follow":"follow","max-snippet":"max-snippet:-1","max-image-preview":"max-image-preview:large","max-video-preview":"max-video-preview:-1"},"canonical":"https:\/\/ifv.vn\/fr\/test-ngo-hong-quang\/","og_locale":"fr_FR","og_type":"article","og_title":"Test Ngo Hong Quang - Vi\u1ec7n Ph\u00e1p t\u1ea1i Vi\u1ec7t Nam | Institut fran\u00e7ais du Vietnam","og_description":"[vc_row][vc_column][vc_tta_tabs][vc_tta_section title=&nbsp;&raquo;Onglet 1&Prime; tab_id=&nbsp;&raquo;1530032058137-a1b27984-bb00&Prime;][vc_wp_text] 1Ng\u00f4 H\u1ed3ng Quang\u00a0l\u00e0 ngh\u1ec7 s\u0129 \u0111a nh\u1ea1c c\u1ee5 ki\u00eam nh\u1ea1c s\u1ef9 s\u00e1ng t\u00e1c hi\u1ec7n \u0111ang sinh s\u1ed1ng v\u00e0 l\u00e0m vi\u1ec7c t\u1ea1i H\u00e0 Lan. Sau m\u1ed9t th\u1eddi gian gi\u1ea3ng d\u1ea1y t\u1ea1i khoa \u00e2m nh\u1ea1c d\u00e2n t\u1ed9c, H\u1ecdc [&hellip;]","og_url":"https:\/\/ifv.vn\/fr\/test-ngo-hong-quang\/","og_site_name":"Vi\u1ec7n Ph\u00e1p t\u1ea1i Vi\u1ec7t Nam | Institut fran\u00e7ais du Vietnam","article_modified_time":"2018-06-27T06:57:14+00:00","twitter_card":"summary_large_image","twitter_misc":{"Est. reading time":"4 minutes"},"schema":{"@context":"https:\/\/schema.org","@graph":[{"@type":"WebPage","@id":"https:\/\/ifv.vn\/fr\/test-ngo-hong-quang\/","url":"https:\/\/ifv.vn\/fr\/test-ngo-hong-quang\/","name":"Test Ngo Hong Quang - Vi\u1ec7n Ph\u00e1p t\u1ea1i Vi\u1ec7t Nam | Institut fran\u00e7ais du Vietnam","isPartOf":{"@id":"https:\/\/ifv.vn\/#website"},"datePublished":"2018-06-26T16:32:48+00:00","dateModified":"2018-06-27T06:57:14+00:00","breadcrumb":{"@id":"https:\/\/ifv.vn\/fr\/test-ngo-hong-quang\/#breadcrumb"},"inLanguage":"fr-FR","potentialAction":[{"@type":"ReadAction","target":["https:\/\/ifv.vn\/fr\/test-ngo-hong-quang\/"]}]},{"@type":"BreadcrumbList","@id":"https:\/\/ifv.vn\/fr\/test-ngo-hong-quang\/#breadcrumb","itemListElement":[{"@type":"ListItem","position":1,"name":"Home","item":"https:\/\/ifv.vn\/fr\/"},{"@type":"ListItem","position":2,"name":"Test Ngo Hong Quang"}]},{"@type":"WebSite","@id":"https:\/\/ifv.vn\/#website","url":"https:\/\/ifv.vn\/","name":"Vi\u1ec7n Ph\u00e1p t\u1ea1i Vi\u1ec7t Nam | Institut fran\u00e7ais du Vietnam","description":"","publisher":{"@id":"https:\/\/ifv.vn\/#organization"},"potentialAction":[{"@type":"SearchAction","target":{"@type":"EntryPoint","urlTemplate":"https:\/\/ifv.vn\/?s={search_term_string}"},"query-input":{"@type":"PropertyValueSpecification","valueRequired":true,"valueName":"search_term_string"}}],"inLanguage":"fr-FR"},{"@type":"Organization","@id":"https:\/\/ifv.vn\/#organization","name":"Vi\u1ec7n Ph\u00e1p t\u1ea1i Vi\u1ec7t Nam | Institut fran\u00e7ais du Vietnam","url":"https:\/\/ifv.vn\/","logo":{"@type":"ImageObject","inLanguage":"fr-FR","@id":"https:\/\/ifv.vn\/#\/schema\/logo\/image\/","url":"https:\/\/ifv.vn\/wp-content\/uploads\/2025\/10\/cropped-asset-6.png","contentUrl":"https:\/\/ifv.vn\/wp-content\/uploads\/2025\/10\/cropped-asset-6.png","width":248,"height":165,"caption":"Vi\u1ec7n Ph\u00e1p t\u1ea1i Vi\u1ec7t Nam | Institut fran\u00e7ais du Vietnam"},"image":{"@id":"https:\/\/ifv.vn\/#\/schema\/logo\/image\/"}}]}},"_links":{"self":[{"href":"https:\/\/ifv.vn\/fr\/wp-json\/wp\/v2\/pages\/6267"}],"collection":[{"href":"https:\/\/ifv.vn\/fr\/wp-json\/wp\/v2\/pages"}],"about":[{"href":"https:\/\/ifv.vn\/fr\/wp-json\/wp\/v2\/types\/page"}],"author":[{"embeddable":true,"href":"https:\/\/ifv.vn\/fr\/wp-json\/wp\/v2\/users\/6"}],"replies":[{"embeddable":true,"href":"https:\/\/ifv.vn\/fr\/wp-json\/wp\/v2\/comments?post=6267"}],"version-history":[{"count":0,"href":"https:\/\/ifv.vn\/fr\/wp-json\/wp\/v2\/pages\/6267\/revisions"}],"wp:attachment":[{"href":"https:\/\/ifv.vn\/fr\/wp-json\/wp\/v2\/media?parent=6267"}],"curies":[{"name":"wp","href":"https:\/\/api.w.org\/{rel}","templated":true}]}}