{"id":6371,"date":"2018-07-13T11:44:40","date_gmt":"2018-07-13T04:44:40","guid":{"rendered":"https:\/\/ifv.vn\/?page_id=6371"},"modified":"2018-07-15T19:36:19","modified_gmt":"2018-07-15T12:36:19","slug":"lyceens-etudiants-adultes","status":"publish","type":"page","link":"https:\/\/ifv.vn\/fr\/cours-de-francais-danang\/lyceens-etudiants-adultes\/","title":{"rendered":"Pour lyc\u00e9ens, \u00e9tudiants et adultes (\u00e0 partir de 15 ans)"},"content":{"rendered":"<div class=\"wpb-content-wrapper\"><p>[vc_row][vc_column][vc_column_text]<\/p>\n<h2><strong>Cours de fran\u00e7ais pour lyc\u00e9ens, \u00e9tudiants et adultes (\u00e0 partir de 15 ans)<\/strong><\/h2>\n<p style=\"text-align: justify;\"><b>Le fran\u00e7ais est une chance !<\/b><\/p>\n<p style=\"text-align: justify;\"><span style=\"font-weight: 400;\">La connaissance de plusieurs langues \u00e9trang\u00e8res est indispensable dans un monde globalis\u00e9. Le fran\u00e7ais est la 5\u00e8me langue mondiale en nombre de locuteurs, la 2\u00e8me langue \u00e9trang\u00e8re la plus apprise dans le monde, la 3<\/span><span style=\"font-weight: 400;\">\u00e8me<\/span><span style=\"font-weight: 400;\"> langue des affaires. Le fran\u00e7ais, langue de culture, permet de poursuivre ses \u00e9tudes sup\u00e9rieures dans les universit\u00e9s fran\u00e7aises et francophones.<\/span><\/p>\n<p style=\"text-align: justify;\"><span style=\"font-weight: 400;\">D\u00e9couvrez notre offre ! Nous avons certainement un cours adapt\u00e9 \u00e0 vos besoins.<\/span><\/p>\n<p>[\/vc_column_text][acf_vc_integrator field_group=&nbsp;&raquo;3830&Prime; field_from_3830=&nbsp;&raquo;field_5aaa24ec599ef&nbsp;&raquo; show_label=&nbsp;&raquo;&nbsp;&raquo;][vc_wp_text]<\/p>\n<h2>Voir aussi :<\/h2>\n<ul>\n<li><a href=\"http:\/\/ifv.vn\/fr\/cours-de-francais-danang\/enfants\" target=\"_blank\" rel=\"noopener\"><strong>Cours de fran\u00e7ais pour les enfants (4 \u2013 11 ans)<\/strong><\/a><\/li>\n<li><a href=\"http:\/\/ifv.vn\/fr\/cours-de-francais-danang\/collegiens\" target=\"_blank\" rel=\"noopener\"><strong>Cours de fran\u00e7ais pour les coll\u00e9giens\u00a0(11 \u2013 14 ans)<\/strong><\/a><\/li>\n<\/ul>\n<p>[\/vc_wp_text][\/vc_column][\/vc_row]<\/p>\n<\/div>","protected":false},"excerpt":{"rendered":"[vc_row][vc_column][vc_column_text] Cours de fran\u00e7ais pour lyc\u00e9ens, \u00e9tudiants et adultes (\u00e0 partir de 15 ans) Le fran\u00e7ais est une chance ! La connaissance de plusieurs langues \u00e9trang\u00e8res est indispensable dans un monde globalis\u00e9. Le fran\u00e7ais est la 5\u00e8me langue mondiale en [...]","protected":false},"author":6,"featured_media":0,"parent":6221,"menu_order":0,"comment_status":"open","ping_status":"closed","template":"page-static.php","meta":{"footnotes":""},"class_list":["post-6371","page","type-page","status-publish","hentry"],"acf":[],"yoast_head":"<!-- This site is optimized with the Yoast SEO plugin v25.3.1 - https:\/\/yoast.com\/wordpress\/plugins\/seo\/ -->\n<title>Pour lyc\u00e9ens, \u00e9tudiants et adultes (\u00e0 partir de 15 ans) - Vi\u1ec7n Ph\u00e1p t\u1ea1i Vi\u1ec7t Nam | Institut fran\u00e7ais du Vietnam<\/title>\n<meta name=\"robots\" content=\"index, follow, max-snippet:-1, max-image-preview:large, max-video-preview:-1\" \/>\n<link rel=\"canonical\" href=\"https:\/\/ifv.vn\/fr\/cours-de-francais-danang\/lyceens-etudiants-adultes\/\" \/>\n<meta property=\"og:locale\" content=\"fr_FR\" \/>\n<meta property=\"og:type\" content=\"article\" \/>\n<meta property=\"og:title\" content=\"Pour lyc\u00e9ens, \u00e9tudiants et adultes (\u00e0 partir de 15 ans) - Vi\u1ec7n Ph\u00e1p t\u1ea1i Vi\u1ec7t Nam | Institut fran\u00e7ais du Vietnam\" \/>\n<meta property=\"og:description\" content=\"[vc_row][vc_column][vc_column_text] Cours de fran\u00e7ais pour lyc\u00e9ens, \u00e9tudiants et adultes (\u00e0 partir de 15 ans) Le fran\u00e7ais est une chance ! La connaissance de plusieurs langues \u00e9trang\u00e8res est indispensable dans un monde globalis\u00e9. Le fran\u00e7ais est la 5\u00e8me langue mondiale en [&hellip;]\" \/>\n<meta property=\"og:url\" content=\"https:\/\/ifv.vn\/fr\/cours-de-francais-danang\/lyceens-etudiants-adultes\/\" \/>\n<meta property=\"og:site_name\" content=\"Vi\u1ec7n Ph\u00e1p t\u1ea1i Vi\u1ec7t Nam | Institut fran\u00e7ais du Vietnam\" \/>\n<meta property=\"article:modified_time\" content=\"2018-07-15T12:36:19+00:00\" \/>\n<meta name=\"twitter:card\" content=\"summary_large_image\" \/>\n<meta name=\"twitter:label1\" content=\"Est. reading time\" \/>\n\t<meta name=\"twitter:data1\" content=\"1 minute\" \/>\n<script type=\"application\/ld+json\" class=\"yoast-schema-graph\">{\"@context\":\"https:\/\/schema.org\",\"@graph\":[{\"@type\":\"WebPage\",\"@id\":\"https:\/\/ifv.vn\/fr\/cours-de-francais-danang\/lyceens-etudiants-adultes\/\",\"url\":\"https:\/\/ifv.vn\/fr\/cours-de-francais-danang\/lyceens-etudiants-adultes\/\",\"name\":\"Pour lyc\u00e9ens, \u00e9tudiants et adultes (\u00e0 partir de 15 ans) - Vi\u1ec7n Ph\u00e1p t\u1ea1i Vi\u1ec7t Nam | Institut fran\u00e7ais du Vietnam\",\"isPartOf\":{\"@id\":\"https:\/\/ifv.vn\/#website\"},\"datePublished\":\"2018-07-13T04:44:40+00:00\",\"dateModified\":\"2018-07-15T12:36:19+00:00\",\"breadcrumb\":{\"@id\":\"https:\/\/ifv.vn\/fr\/cours-de-francais-danang\/lyceens-etudiants-adultes\/#breadcrumb\"},\"inLanguage\":\"fr-FR\",\"potentialAction\":[{\"@type\":\"ReadAction\",\"target\":[\"https:\/\/ifv.vn\/fr\/cours-de-francais-danang\/lyceens-etudiants-adultes\/\"]}]},{\"@type\":\"BreadcrumbList\",\"@id\":\"https:\/\/ifv.vn\/fr\/cours-de-francais-danang\/lyceens-etudiants-adultes\/#breadcrumb\",\"itemListElement\":[{\"@type\":\"ListItem\",\"position\":1,\"name\":\"Home\",\"item\":\"https:\/\/ifv.vn\/fr\/\"},{\"@type\":\"ListItem\",\"position\":2,\"name\":\"Cours de fran\u00e7ais \u00e0 Danang\",\"item\":\"https:\/\/ifv.vn\/fr\/cours-de-francais-danang\/\"},{\"@type\":\"ListItem\",\"position\":3,\"name\":\"Pour lyc\u00e9ens, \u00e9tudiants et adultes (\u00e0 partir de 15 ans)\"}]},{\"@type\":\"WebSite\",\"@id\":\"https:\/\/ifv.vn\/#website\",\"url\":\"https:\/\/ifv.vn\/\",\"name\":\"Vi\u1ec7n Ph\u00e1p t\u1ea1i Vi\u1ec7t Nam | Institut fran\u00e7ais du Vietnam\",\"description\":\"\",\"publisher\":{\"@id\":\"https:\/\/ifv.vn\/#organization\"},\"potentialAction\":[{\"@type\":\"SearchAction\",\"target\":{\"@type\":\"EntryPoint\",\"urlTemplate\":\"https:\/\/ifv.vn\/?s={search_term_string}\"},\"query-input\":{\"@type\":\"PropertyValueSpecification\",\"valueRequired\":true,\"valueName\":\"search_term_string\"}}],\"inLanguage\":\"fr-FR\"},{\"@type\":\"Organization\",\"@id\":\"https:\/\/ifv.vn\/#organization\",\"name\":\"Vi\u1ec7n Ph\u00e1p t\u1ea1i Vi\u1ec7t Nam | Institut fran\u00e7ais du Vietnam\",\"url\":\"https:\/\/ifv.vn\/\",\"logo\":{\"@type\":\"ImageObject\",\"inLanguage\":\"fr-FR\",\"@id\":\"https:\/\/ifv.vn\/#\/schema\/logo\/image\/\",\"url\":\"https:\/\/ifv.vn\/wp-content\/uploads\/2025\/10\/cropped-asset-6.png\",\"contentUrl\":\"https:\/\/ifv.vn\/wp-content\/uploads\/2025\/10\/cropped-asset-6.png\",\"width\":248,\"height\":165,\"caption\":\"Vi\u1ec7n Ph\u00e1p t\u1ea1i Vi\u1ec7t Nam | Institut fran\u00e7ais du Vietnam\"},\"image\":{\"@id\":\"https:\/\/ifv.vn\/#\/schema\/logo\/image\/\"}}]}<\/script>\n<!-- \/ Yoast SEO plugin. -->","yoast_head_json":{"title":"Pour lyc\u00e9ens, \u00e9tudiants et adultes (\u00e0 partir de 15 ans) - Vi\u1ec7n Ph\u00e1p t\u1ea1i Vi\u1ec7t Nam | Institut fran\u00e7ais du Vietnam","robots":{"index":"index","follow":"follow","max-snippet":"max-snippet:-1","max-image-preview":"max-image-preview:large","max-video-preview":"max-video-preview:-1"},"canonical":"https:\/\/ifv.vn\/fr\/cours-de-francais-danang\/lyceens-etudiants-adultes\/","og_locale":"fr_FR","og_type":"article","og_title":"Pour lyc\u00e9ens, \u00e9tudiants et adultes (\u00e0 partir de 15 ans) - Vi\u1ec7n Ph\u00e1p t\u1ea1i Vi\u1ec7t Nam | Institut fran\u00e7ais du Vietnam","og_description":"[vc_row][vc_column][vc_column_text] Cours de fran\u00e7ais pour lyc\u00e9ens, \u00e9tudiants et adultes (\u00e0 partir de 15 ans) Le fran\u00e7ais est une chance ! La connaissance de plusieurs langues \u00e9trang\u00e8res est indispensable dans un monde globalis\u00e9. Le fran\u00e7ais est la 5\u00e8me langue mondiale en [&hellip;]","og_url":"https:\/\/ifv.vn\/fr\/cours-de-francais-danang\/lyceens-etudiants-adultes\/","og_site_name":"Vi\u1ec7n Ph\u00e1p t\u1ea1i Vi\u1ec7t Nam | Institut fran\u00e7ais du Vietnam","article_modified_time":"2018-07-15T12:36:19+00:00","twitter_card":"summary_large_image","twitter_misc":{"Est. reading time":"1 minute"},"schema":{"@context":"https:\/\/schema.org","@graph":[{"@type":"WebPage","@id":"https:\/\/ifv.vn\/fr\/cours-de-francais-danang\/lyceens-etudiants-adultes\/","url":"https:\/\/ifv.vn\/fr\/cours-de-francais-danang\/lyceens-etudiants-adultes\/","name":"Pour lyc\u00e9ens, \u00e9tudiants et adultes (\u00e0 partir de 15 ans) - Vi\u1ec7n Ph\u00e1p t\u1ea1i Vi\u1ec7t Nam | Institut fran\u00e7ais du Vietnam","isPartOf":{"@id":"https:\/\/ifv.vn\/#website"},"datePublished":"2018-07-13T04:44:40+00:00","dateModified":"2018-07-15T12:36:19+00:00","breadcrumb":{"@id":"https:\/\/ifv.vn\/fr\/cours-de-francais-danang\/lyceens-etudiants-adultes\/#breadcrumb"},"inLanguage":"fr-FR","potentialAction":[{"@type":"ReadAction","target":["https:\/\/ifv.vn\/fr\/cours-de-francais-danang\/lyceens-etudiants-adultes\/"]}]},{"@type":"BreadcrumbList","@id":"https:\/\/ifv.vn\/fr\/cours-de-francais-danang\/lyceens-etudiants-adultes\/#breadcrumb","itemListElement":[{"@type":"ListItem","position":1,"name":"Home","item":"https:\/\/ifv.vn\/fr\/"},{"@type":"ListItem","position":2,"name":"Cours de fran\u00e7ais \u00e0 Danang","item":"https:\/\/ifv.vn\/fr\/cours-de-francais-danang\/"},{"@type":"ListItem","position":3,"name":"Pour lyc\u00e9ens, \u00e9tudiants et adultes (\u00e0 partir de 15 ans)"}]},{"@type":"WebSite","@id":"https:\/\/ifv.vn\/#website","url":"https:\/\/ifv.vn\/","name":"Vi\u1ec7n Ph\u00e1p t\u1ea1i Vi\u1ec7t Nam | Institut fran\u00e7ais du Vietnam","description":"","publisher":{"@id":"https:\/\/ifv.vn\/#organization"},"potentialAction":[{"@type":"SearchAction","target":{"@type":"EntryPoint","urlTemplate":"https:\/\/ifv.vn\/?s={search_term_string}"},"query-input":{"@type":"PropertyValueSpecification","valueRequired":true,"valueName":"search_term_string"}}],"inLanguage":"fr-FR"},{"@type":"Organization","@id":"https:\/\/ifv.vn\/#organization","name":"Vi\u1ec7n Ph\u00e1p t\u1ea1i Vi\u1ec7t Nam | Institut fran\u00e7ais du Vietnam","url":"https:\/\/ifv.vn\/","logo":{"@type":"ImageObject","inLanguage":"fr-FR","@id":"https:\/\/ifv.vn\/#\/schema\/logo\/image\/","url":"https:\/\/ifv.vn\/wp-content\/uploads\/2025\/10\/cropped-asset-6.png","contentUrl":"https:\/\/ifv.vn\/wp-content\/uploads\/2025\/10\/cropped-asset-6.png","width":248,"height":165,"caption":"Vi\u1ec7n Ph\u00e1p t\u1ea1i Vi\u1ec7t Nam | Institut fran\u00e7ais du Vietnam"},"image":{"@id":"https:\/\/ifv.vn\/#\/schema\/logo\/image\/"}}]}},"_links":{"self":[{"href":"https:\/\/ifv.vn\/fr\/wp-json\/wp\/v2\/pages\/6371"}],"collection":[{"href":"https:\/\/ifv.vn\/fr\/wp-json\/wp\/v2\/pages"}],"about":[{"href":"https:\/\/ifv.vn\/fr\/wp-json\/wp\/v2\/types\/page"}],"author":[{"embeddable":true,"href":"https:\/\/ifv.vn\/fr\/wp-json\/wp\/v2\/users\/6"}],"replies":[{"embeddable":true,"href":"https:\/\/ifv.vn\/fr\/wp-json\/wp\/v2\/comments?post=6371"}],"version-history":[{"count":0,"href":"https:\/\/ifv.vn\/fr\/wp-json\/wp\/v2\/pages\/6371\/revisions"}],"up":[{"embeddable":true,"href":"https:\/\/ifv.vn\/fr\/wp-json\/wp\/v2\/pages\/6221"}],"wp:attachment":[{"href":"https:\/\/ifv.vn\/fr\/wp-json\/wp\/v2\/media?parent=6371"}],"curies":[{"name":"wp","href":"https:\/\/api.w.org\/{rel}","templated":true}]}}