{"id":766,"date":"2017-05-17T11:55:40","date_gmt":"2017-05-17T04:55:40","guid":{"rendered":"https:\/\/ifv.vn\/?page_id=766"},"modified":"2026-01-20T11:31:23","modified_gmt":"2026-01-20T04:31:23","slug":"france-alumni","status":"publish","type":"page","link":"https:\/\/ifv.vn\/fr\/etudes\/france-alumni\/","title":{"rendered":"France Alumni Vietnam"},"content":{"rendered":"<div class=\"wpb-content-wrapper\"><p>[vc_row][vc_column][vc_tta_tabs][vc_tta_section title=&nbsp;&raquo;Nos missions&nbsp;&raquo; tab_id=&nbsp;&raquo;1524315294697-5db01b79-a2ef&nbsp;&raquo;][vc_wp_text]<\/p>\n<p style=\"text-align: justify;\">Chaque ann\u00e9e, 100 000 \u00e9tudiants internationaux sortent dipl\u00f4m\u00e9s du syst\u00e8me \u00e9ducatif fran\u00e7ais. Apr\u00e8s leurs \u00e9tudes sup\u00e9rieures, <strong>France Alumni<\/strong> les informe, leur permet de rester en r\u00e9seau et de valoriser leur s\u00e9jour en France dans un cadre professionnel. Projet \u00e0 l\u2019initiative du Minist\u00e8re de l\u2019Europe et des Affaires \u00e9trang\u00e8res, France Alumni est \u00e0 ce jour pr\u00e9sent dans plus de 120 pays et continue \u00e0 \u00eatre mis en place dans plusieurs autres pays.<\/p>\n<p style=\"text-align: justify;\">Depuis 2015, <strong><a href=\"https:\/\/www.francealumni.fr\/fr\/poste\/vietnam\/\" target=\"_blank\" rel=\"nofollow noopener\">France Alumni Vietnam<\/a><\/strong> est la plateforme de r\u00e9seau des anciens \u00e9tudiants vietnamiens en France, dont les activit\u00e9s sont organis\u00e9es sous les auspices de l\u2019Ambassade de France au Vietnam. France Alumni Vietnam et ses nombreux partenaires organisent r\u00e9guli\u00e8rement de nombreuses activit\u00e9s en faveur des alumni, des entreprises, et de la communaut\u00e9 vietnamienne en g\u00e9n\u00e9ral : galas, forums de l\u2019emploi, forums d\u2019\u00e9tude, conf\u00e9rences th\u00e9matiques, tables rondes, tournois sportifs, concerts, d\u00e9fil\u00e9s de mode, etc.<\/p>\n<p style=\"text-align: justify;\">L\u2019objectif principal du r\u00e9seau <strong>France Alumni Vietnam<\/strong> est de permettre aux anciens \u00e9tudiants vietnamiens en France de garder le contact avec notre pays, de valoriser leur parcours d\u2019\u00e9tude gr\u00e2ce \u00e0 des offres de stages et d\u2019emplois cibl\u00e9es, et de leur donner l\u2019opportunit\u00e9 de repr\u00e9senter la France au Vietnam.<\/p>\n<p>[\/vc_wp_text][\/vc_tta_section][vc_tta_section title=&nbsp;&raquo;Pourquoi s&rsquo;inscrire&nbsp;&raquo; tab_id=&nbsp;&raquo;1524315294738-afad0783-037a&nbsp;&raquo;][vc_wp_text]<\/p>\n<p style=\"text-align: justify;\"><strong>Vous \u00eates Alumni ? Nous vous offrons :<\/strong><\/p>\n<ul style=\"list-style-type: disc;\">\n<li style=\"text-align: justify;\">Des opportunit\u00e9s professionnelles (via nos \u00e9v\u00e9nements et offres d&#8217;emploi)<\/li>\n<li style=\"text-align: justify;\">Notre soutien dans la r\u00e9alisation de vos projets professionnels (finance, organisation, communication&#8230;)<\/li>\n<li style=\"text-align: justify;\">Un espace magazine pour rester connect\u00e9 \u00e0 la France<\/li>\n<li style=\"text-align: justify;\">Un annuaire vous permettant une recherche multicrit\u00e8re pour trouver des amis ayant les m\u00eames centres d&rsquo;int\u00e9r\u00eat dans le r\u00e9seau international<\/li>\n<li style=\"text-align: justify;\">De nombreux \u00e9v\u00e8nements culturels<\/li>\n<\/ul>\n<p style=\"text-align: justify;\"><strong>Vous repr\u00e9sentez une entreprise ou un \u00e9tablissement, devenez nos partenaires :<\/strong><\/p>\n<ul style=\"list-style-type: disc;\">\n<li style=\"text-align: justify;\">Nous vous aidons \u00e0 vous connecter efficacement, \u00e0 organiser\/communiquer sur vos activit\u00e9s et \u00e9v\u00e9nements.<\/li>\n<li style=\"text-align: justify;\">Nous promouvons votre image, vous soutenons dans la publication de vos actualit\u00e9s et vos offres d&#8217;emploi dans des espaces d\u00e9di\u00e9s sur notre plateforme.<\/li>\n<li style=\"text-align: justify;\">Nous vous aidons dans le recrutement d\u2019Alumni professionnels avec plusieurs ann\u00e9es d\u2019exp\u00e9riences via nos r\u00e9seaux sociaux et notre syst\u00e8me d\u2019emailing personnalis\u00e9 efficace.<\/li>\n<li style=\"text-align: justify;\">Nous contribuons avec nos partenaires \u00e0 d\u00e9velopper, renforcer la communaut\u00e9 francophone au Vietnam.<\/li>\n<\/ul>\n<p>[\/vc_wp_text][\/vc_tta_section][vc_tta_section title=&nbsp;&raquo;Contact&nbsp;&raquo; tab_id=&nbsp;&raquo;1524315325044-4967b0c3-e15e&nbsp;&raquo;][vc_wp_text]<\/p>\n<p><strong>France Alumni Vietnam<\/strong><\/p>\n<p>Ph\u00f2ng 22 &#8211; \u0110\u1ea1i s\u1ee9 qu\u00e1n Ph\u00e1p t\u1ea1i Vi\u1ec7t Nam, 57 Tr\u1ea7n H\u01b0ng \u0110\u1ea1o, Ho\u00e0n Ki\u1ebfm, H\u00e0 N\u1ed9i<\/p>\n<p>Email : france.alumni.vietnam@gmail.com<\/p>\n<p>T\u00e9l : +84 24 39445807<\/p>\n<p>Website : www.vietnam.francealumni.fr\/<\/p>\n<p>Facebook : www.facebook.com\/FranceAlumniVietnam\/<\/p>\n<p>[\/vc_wp_text][\/vc_tta_section][\/vc_tta_tabs][\/vc_column][\/vc_row]<\/p>\n<\/div>","protected":false},"excerpt":{"rendered":"[vc_row][vc_column][vc_tta_tabs][vc_tta_section title=\"Nos missions\" tab_id=\"1524315294697-5db01b79-a2ef\"][vc_wp_text] Chaque ann\u00e9e, 100 000 \u00e9tudiants internationaux sortent dipl\u00f4m\u00e9s du syst\u00e8me \u00e9ducatif fran\u00e7ais. Apr\u00e8s leurs \u00e9tudes sup\u00e9rieures, France Alumni les informe, leur permet de rester en r\u00e9seau et de valoriser leur s\u00e9jour en France dans un cadre [...]","protected":false},"author":1,"featured_media":0,"parent":1346,"menu_order":0,"comment_status":"open","ping_status":"closed","template":"page-static.php","meta":{"footnotes":""},"class_list":["post-766","page","type-page","status-publish","hentry"],"acf":[],"yoast_head":"<!-- This site is optimized with the Yoast SEO plugin v25.3.1 - https:\/\/yoast.com\/wordpress\/plugins\/seo\/ -->\n<title>France Alumni Vietnam - Vi\u1ec7n Ph\u00e1p t\u1ea1i Vi\u1ec7t Nam | Institut fran\u00e7ais du Vietnam<\/title>\n<meta name=\"robots\" content=\"index, follow, max-snippet:-1, max-image-preview:large, max-video-preview:-1\" \/>\n<link rel=\"canonical\" href=\"https:\/\/ifv.vn\/fr\/etudes\/france-alumni\/\" \/>\n<meta property=\"og:locale\" content=\"fr_FR\" \/>\n<meta property=\"og:type\" content=\"article\" \/>\n<meta property=\"og:title\" content=\"France Alumni Vietnam - Vi\u1ec7n Ph\u00e1p t\u1ea1i Vi\u1ec7t Nam | Institut fran\u00e7ais du Vietnam\" \/>\n<meta property=\"og:description\" content=\"[vc_row][vc_column][vc_tta_tabs][vc_tta_section title=&nbsp;&raquo;Nos missions&nbsp;&raquo; tab_id=&nbsp;&raquo;1524315294697-5db01b79-a2ef&nbsp;&raquo;][vc_wp_text] Chaque ann\u00e9e, 100 000 \u00e9tudiants internationaux sortent dipl\u00f4m\u00e9s du syst\u00e8me \u00e9ducatif fran\u00e7ais. Apr\u00e8s leurs \u00e9tudes sup\u00e9rieures, France Alumni les informe, leur permet de rester en r\u00e9seau et de valoriser leur s\u00e9jour en France dans un cadre [&hellip;]\" \/>\n<meta property=\"og:url\" content=\"https:\/\/ifv.vn\/fr\/etudes\/france-alumni\/\" \/>\n<meta property=\"og:site_name\" content=\"Vi\u1ec7n Ph\u00e1p t\u1ea1i Vi\u1ec7t Nam | Institut fran\u00e7ais du Vietnam\" \/>\n<meta property=\"article:modified_time\" content=\"2026-01-20T04:31:23+00:00\" \/>\n<meta name=\"twitter:card\" content=\"summary_large_image\" \/>\n<meta name=\"twitter:label1\" content=\"Est. reading time\" \/>\n\t<meta name=\"twitter:data1\" content=\"2 minutes\" \/>\n<script type=\"application\/ld+json\" class=\"yoast-schema-graph\">{\"@context\":\"https:\/\/schema.org\",\"@graph\":[{\"@type\":\"WebPage\",\"@id\":\"https:\/\/ifv.vn\/fr\/etudes\/france-alumni\/\",\"url\":\"https:\/\/ifv.vn\/fr\/etudes\/france-alumni\/\",\"name\":\"France Alumni Vietnam - Vi\u1ec7n Ph\u00e1p t\u1ea1i Vi\u1ec7t Nam | Institut fran\u00e7ais du Vietnam\",\"isPartOf\":{\"@id\":\"https:\/\/ifv.vn\/#website\"},\"datePublished\":\"2017-05-17T04:55:40+00:00\",\"dateModified\":\"2026-01-20T04:31:23+00:00\",\"breadcrumb\":{\"@id\":\"https:\/\/ifv.vn\/fr\/etudes\/france-alumni\/#breadcrumb\"},\"inLanguage\":\"fr-FR\",\"potentialAction\":[{\"@type\":\"ReadAction\",\"target\":[\"https:\/\/ifv.vn\/fr\/etudes\/france-alumni\/\"]}]},{\"@type\":\"BreadcrumbList\",\"@id\":\"https:\/\/ifv.vn\/fr\/etudes\/france-alumni\/#breadcrumb\",\"itemListElement\":[{\"@type\":\"ListItem\",\"position\":1,\"name\":\"Home\",\"item\":\"https:\/\/ifv.vn\/fr\/\"},{\"@type\":\"ListItem\",\"position\":2,\"name\":\"Etudes\",\"item\":\"https:\/\/ifv.vn\/fr\/etudes\/\"},{\"@type\":\"ListItem\",\"position\":3,\"name\":\"France Alumni Vietnam\"}]},{\"@type\":\"WebSite\",\"@id\":\"https:\/\/ifv.vn\/#website\",\"url\":\"https:\/\/ifv.vn\/\",\"name\":\"Vi\u1ec7n Ph\u00e1p t\u1ea1i Vi\u1ec7t Nam | Institut fran\u00e7ais du Vietnam\",\"description\":\"\",\"publisher\":{\"@id\":\"https:\/\/ifv.vn\/#organization\"},\"potentialAction\":[{\"@type\":\"SearchAction\",\"target\":{\"@type\":\"EntryPoint\",\"urlTemplate\":\"https:\/\/ifv.vn\/?s={search_term_string}\"},\"query-input\":{\"@type\":\"PropertyValueSpecification\",\"valueRequired\":true,\"valueName\":\"search_term_string\"}}],\"inLanguage\":\"fr-FR\"},{\"@type\":\"Organization\",\"@id\":\"https:\/\/ifv.vn\/#organization\",\"name\":\"Vi\u1ec7n Ph\u00e1p t\u1ea1i Vi\u1ec7t Nam | Institut fran\u00e7ais du Vietnam\",\"url\":\"https:\/\/ifv.vn\/\",\"logo\":{\"@type\":\"ImageObject\",\"inLanguage\":\"fr-FR\",\"@id\":\"https:\/\/ifv.vn\/#\/schema\/logo\/image\/\",\"url\":\"https:\/\/ifv.vn\/wp-content\/uploads\/2025\/10\/cropped-asset-6.png\",\"contentUrl\":\"https:\/\/ifv.vn\/wp-content\/uploads\/2025\/10\/cropped-asset-6.png\",\"width\":248,\"height\":165,\"caption\":\"Vi\u1ec7n Ph\u00e1p t\u1ea1i Vi\u1ec7t Nam | Institut fran\u00e7ais du Vietnam\"},\"image\":{\"@id\":\"https:\/\/ifv.vn\/#\/schema\/logo\/image\/\"}}]}<\/script>\n<!-- \/ Yoast SEO plugin. -->","yoast_head_json":{"title":"France Alumni Vietnam - Vi\u1ec7n Ph\u00e1p t\u1ea1i Vi\u1ec7t Nam | Institut fran\u00e7ais du Vietnam","robots":{"index":"index","follow":"follow","max-snippet":"max-snippet:-1","max-image-preview":"max-image-preview:large","max-video-preview":"max-video-preview:-1"},"canonical":"https:\/\/ifv.vn\/fr\/etudes\/france-alumni\/","og_locale":"fr_FR","og_type":"article","og_title":"France Alumni Vietnam - Vi\u1ec7n Ph\u00e1p t\u1ea1i Vi\u1ec7t Nam | Institut fran\u00e7ais du Vietnam","og_description":"[vc_row][vc_column][vc_tta_tabs][vc_tta_section title=&nbsp;&raquo;Nos missions&nbsp;&raquo; tab_id=&nbsp;&raquo;1524315294697-5db01b79-a2ef&nbsp;&raquo;][vc_wp_text] Chaque ann\u00e9e, 100 000 \u00e9tudiants internationaux sortent dipl\u00f4m\u00e9s du syst\u00e8me \u00e9ducatif fran\u00e7ais. Apr\u00e8s leurs \u00e9tudes sup\u00e9rieures, France Alumni les informe, leur permet de rester en r\u00e9seau et de valoriser leur s\u00e9jour en France dans un cadre [&hellip;]","og_url":"https:\/\/ifv.vn\/fr\/etudes\/france-alumni\/","og_site_name":"Vi\u1ec7n Ph\u00e1p t\u1ea1i Vi\u1ec7t Nam | Institut fran\u00e7ais du Vietnam","article_modified_time":"2026-01-20T04:31:23+00:00","twitter_card":"summary_large_image","twitter_misc":{"Est. reading time":"2 minutes"},"schema":{"@context":"https:\/\/schema.org","@graph":[{"@type":"WebPage","@id":"https:\/\/ifv.vn\/fr\/etudes\/france-alumni\/","url":"https:\/\/ifv.vn\/fr\/etudes\/france-alumni\/","name":"France Alumni Vietnam - Vi\u1ec7n Ph\u00e1p t\u1ea1i Vi\u1ec7t Nam | Institut fran\u00e7ais du Vietnam","isPartOf":{"@id":"https:\/\/ifv.vn\/#website"},"datePublished":"2017-05-17T04:55:40+00:00","dateModified":"2026-01-20T04:31:23+00:00","breadcrumb":{"@id":"https:\/\/ifv.vn\/fr\/etudes\/france-alumni\/#breadcrumb"},"inLanguage":"fr-FR","potentialAction":[{"@type":"ReadAction","target":["https:\/\/ifv.vn\/fr\/etudes\/france-alumni\/"]}]},{"@type":"BreadcrumbList","@id":"https:\/\/ifv.vn\/fr\/etudes\/france-alumni\/#breadcrumb","itemListElement":[{"@type":"ListItem","position":1,"name":"Home","item":"https:\/\/ifv.vn\/fr\/"},{"@type":"ListItem","position":2,"name":"Etudes","item":"https:\/\/ifv.vn\/fr\/etudes\/"},{"@type":"ListItem","position":3,"name":"France Alumni Vietnam"}]},{"@type":"WebSite","@id":"https:\/\/ifv.vn\/#website","url":"https:\/\/ifv.vn\/","name":"Vi\u1ec7n Ph\u00e1p t\u1ea1i Vi\u1ec7t Nam | Institut fran\u00e7ais du Vietnam","description":"","publisher":{"@id":"https:\/\/ifv.vn\/#organization"},"potentialAction":[{"@type":"SearchAction","target":{"@type":"EntryPoint","urlTemplate":"https:\/\/ifv.vn\/?s={search_term_string}"},"query-input":{"@type":"PropertyValueSpecification","valueRequired":true,"valueName":"search_term_string"}}],"inLanguage":"fr-FR"},{"@type":"Organization","@id":"https:\/\/ifv.vn\/#organization","name":"Vi\u1ec7n Ph\u00e1p t\u1ea1i Vi\u1ec7t Nam | Institut fran\u00e7ais du Vietnam","url":"https:\/\/ifv.vn\/","logo":{"@type":"ImageObject","inLanguage":"fr-FR","@id":"https:\/\/ifv.vn\/#\/schema\/logo\/image\/","url":"https:\/\/ifv.vn\/wp-content\/uploads\/2025\/10\/cropped-asset-6.png","contentUrl":"https:\/\/ifv.vn\/wp-content\/uploads\/2025\/10\/cropped-asset-6.png","width":248,"height":165,"caption":"Vi\u1ec7n Ph\u00e1p t\u1ea1i Vi\u1ec7t Nam | Institut fran\u00e7ais du Vietnam"},"image":{"@id":"https:\/\/ifv.vn\/#\/schema\/logo\/image\/"}}]}},"_links":{"self":[{"href":"https:\/\/ifv.vn\/fr\/wp-json\/wp\/v2\/pages\/766"}],"collection":[{"href":"https:\/\/ifv.vn\/fr\/wp-json\/wp\/v2\/pages"}],"about":[{"href":"https:\/\/ifv.vn\/fr\/wp-json\/wp\/v2\/types\/page"}],"author":[{"embeddable":true,"href":"https:\/\/ifv.vn\/fr\/wp-json\/wp\/v2\/users\/1"}],"replies":[{"embeddable":true,"href":"https:\/\/ifv.vn\/fr\/wp-json\/wp\/v2\/comments?post=766"}],"version-history":[{"count":3,"href":"https:\/\/ifv.vn\/fr\/wp-json\/wp\/v2\/pages\/766\/revisions"}],"predecessor-version":[{"id":25044,"href":"https:\/\/ifv.vn\/fr\/wp-json\/wp\/v2\/pages\/766\/revisions\/25044"}],"up":[{"embeddable":true,"href":"https:\/\/ifv.vn\/fr\/wp-json\/wp\/v2\/pages\/1346"}],"wp:attachment":[{"href":"https:\/\/ifv.vn\/fr\/wp-json\/wp\/v2\/media?parent=766"}],"curies":[{"name":"wp","href":"https:\/\/api.w.org\/{rel}","templated":true}]}}