{"id":767,"date":"2017-05-17T11:55:34","date_gmt":"2017-05-17T04:55:34","guid":{"rendered":"https:\/\/ifv.vn\/?page_id=767"},"modified":"2025-11-18T11:18:17","modified_gmt":"2025-11-18T04:18:17","slug":"formations-francaises-au-vietnam","status":"publish","type":"page","link":"https:\/\/ifv.vn\/fr\/etudes\/formations-francaises-au-vietnam\/","title":{"rendered":"Formations francaises au Vietnam"},"content":{"rendered":"<div class=\"wpb-content-wrapper\"><p>[vc_row][vc_column][vc_wp_text]<\/p>\n<p style=\"text-align: justify;\">Au Vietnam, il existe \u00e0 ce jour une soixantaine de formations dipl\u00f4mantes fran\u00e7aises. Tous les domaines sont couverts, de la m\u00e9decine \u00e0 l\u2019h\u00f4tellerie, en passant par les math\u00e9matiques et le marketing. Ces formations sont dites \u00abd\u00e9localis\u00e9es\u00bb car elles consistent \u00e0 poursuivre des \u00e9tudes existant en France sans avoir \u00e0 quitter le Vietnam. Les m\u00eames cours sont donn\u00e9s dans les deux pays, avec \u00e0 la cl\u00e9 un m\u00eame dipl\u00f4me, reconnu en France et au Vietnam. Les enseignements sont dispens\u00e9s par des professeurs et sp\u00e9cialistes venus de France, ainsi que par des professeurs des universit\u00e9s vietnamiennes. Les \u00e9tudiants \u00e9tudient donc dans un climat international, \u00e0 la fois exigeant et stimulant.<\/p>\n<p style=\"text-align: justify;\">Les formations d\u00e9localis\u00e9es fran\u00e7aises au Vietnam allient excellence p\u00e9dagogique, s\u00e9lection rigoureuse, encadrement personnalis\u00e9, alternance entre enseignements th\u00e9oriques et pratiques, ainsi que des liens forts avec le monde de l\u2019entreprise et avec la recherche scientifique. Elles sont par ailleurs propos\u00e9es \u00e0 des co\u00fbts accessibles.<\/p>\n<p style=\"text-align: justify;\">Ces cursus optimaux pour une insertion professionnelle au Vietnam comme \u00e0 l\u2019\u00e9tranger couvrent une multitude de secteurs essentiels pour le pays : sciences, informatique et t\u00e9l\u00e9communication, sant\u00e9, sciences humaines, droit, \u00e9conomie et gestion des affaires, sans oublier l\u2019h\u00f4tellerie et le tourisme. Ces programmes contribuent \u00e0 former un personnel de grande qualit\u00e9, apte \u00e0 faire face aux enjeux \u00e9conomiques, sociaux et environnementaux du Vietnam, pour un d\u00e9veloppement durable du pays.<\/p>\n<p style=\"text-align: justify;\"><strong>D\u00e9couvrez le catalogue 2020-2021 des formations dipl\u00f4mantes fran\u00e7aises au Vietnam\u00a0<\/strong>:<strong>\u00a0<\/strong><\/p>\n<h2 style=\"text-align: justify;\"><a href=\"https:\/\/ifv.vn\/wp-content\/uploads\/2020\/06\/Brochure-Formations-fran\u00e7aises-au-Vietnam-FR.pdf\" target=\"_blank\" rel=\"noopener\"><img loading=\"lazy\" decoding=\"async\" class=\"aligncenter wp-image-10995 size-full\" src=\"https:\/\/ifv.vn\/wp-content\/uploads\/2020\/06\/chuong-trinh-dai-hoc-phap-cap-bang-tai-fr-2.jpg\" alt=\"\" width=\"198\" height=\"276\" \/><\/a><\/h2>\n<h2 style=\"text-align: justify;\">Quatre bonnes raisons de choisir une formation fran\u00e7aise<\/h2>\n<p style=\"text-align: justify;\">Un dipl\u00f4me fran\u00e7ais est une valeur ajout\u00e9e dans un parcours universitaire, il est souvent recherch\u00e9 par les grandes entreprises nationales et internationales install\u00e9es au Vietnam. Ce n\u2019est cependant pas la seule raison de choisir une formation fran\u00e7aise.<\/p>\n<p>[\/vc_wp_text][acf_vc_integrator get_field_data_from=&nbsp;&raquo;&nbsp;&raquo; field_group=&nbsp;&raquo;3830&Prime; field_from_3830=&nbsp;&raquo;field_5aaa24ec59ae7&Prime; show_label=&nbsp;&raquo;&nbsp;&raquo; align=&nbsp;&raquo;default&nbsp;&raquo; gm_show_placecard=&nbsp;&raquo;default&nbsp;&raquo; gm_map_type_control=&nbsp;&raquo;default&nbsp;&raquo; gm_fullscreen_control=&nbsp;&raquo;default&nbsp;&raquo; gm_street_view_control=&nbsp;&raquo;default&nbsp;&raquo; gm_zoom_control=&nbsp;&raquo;default&nbsp;&raquo; gm_scale=&nbsp;&raquo;default&nbsp;&raquo;][vc_wp_text]<\/p>\n<h2 style=\"text-align: justify;\">Quelques exemples de formations dipl\u00f4mantes fran\u00e7aises prestigieuses au Vietnam<\/h2>\n<p><strong>Structures franco-vietnamiennes :<\/strong><\/p>\n<p>[\/vc_wp_text][acf_vc_integrator get_field_data_from=&nbsp;&raquo;&nbsp;&raquo; field_group=&nbsp;&raquo;2577&Prime; field_from_2577=&nbsp;&raquo;field_5a2a21cc28712&Prime; show_label=&nbsp;&raquo;&nbsp;&raquo; align=&nbsp;&raquo;default&nbsp;&raquo; gm_show_placecard=&nbsp;&raquo;default&nbsp;&raquo; gm_map_type_control=&nbsp;&raquo;default&nbsp;&raquo; gm_fullscreen_control=&nbsp;&raquo;default&nbsp;&raquo; gm_street_view_control=&nbsp;&raquo;default&nbsp;&raquo; gm_zoom_control=&nbsp;&raquo;default&nbsp;&raquo; gm_scale=&nbsp;&raquo;default&nbsp;&raquo;][\/vc_column][\/vc_row][vc_row][vc_column][vc_wp_text]<\/p>\n<p><strong>Formations d\u00e9localis\u00e9es :<\/strong><\/p>\n<p>[\/vc_wp_text][acf_vc_integrator get_field_data_from=&nbsp;&raquo;&nbsp;&raquo; field_group=&nbsp;&raquo;3830&Prime; field_from_3830=&nbsp;&raquo;field_5aaa24ec59bf3&Prime; show_label=&nbsp;&raquo;&nbsp;&raquo; align=&nbsp;&raquo;default&nbsp;&raquo; gm_show_placecard=&nbsp;&raquo;default&nbsp;&raquo; gm_map_type_control=&nbsp;&raquo;default&nbsp;&raquo; gm_fullscreen_control=&nbsp;&raquo;default&nbsp;&raquo; gm_street_view_control=&nbsp;&raquo;default&nbsp;&raquo; gm_zoom_control=&nbsp;&raquo;default&nbsp;&raquo; gm_scale=&nbsp;&raquo;default&nbsp;&raquo;][\/vc_column][\/vc_row]<\/p>\n<\/div>","protected":false},"excerpt":{"rendered":"[vc_row][vc_column][vc_wp_text] Au Vietnam, il existe \u00e0 ce jour une soixantaine de formations dipl\u00f4mantes fran\u00e7aises. Tous les domaines sont couverts, de la m\u00e9decine \u00e0 l\u2019h\u00f4tellerie, en passant par les math\u00e9matiques et le marketing. Ces formations sont dites \u00abd\u00e9localis\u00e9es\u00bb car elles consistent [...]","protected":false},"author":1,"featured_media":0,"parent":1346,"menu_order":0,"comment_status":"open","ping_status":"closed","template":"page-static.php","meta":{"footnotes":""},"class_list":["post-767","page","type-page","status-publish","hentry"],"acf":[],"yoast_head":"<!-- This site is optimized with the Yoast SEO plugin v25.3.1 - https:\/\/yoast.com\/wordpress\/plugins\/seo\/ -->\n<title>Formations francaises au Vietnam - Vi\u1ec7n Ph\u00e1p t\u1ea1i Vi\u1ec7t Nam | Institut fran\u00e7ais du Vietnam<\/title>\n<meta name=\"robots\" content=\"index, follow, max-snippet:-1, max-image-preview:large, max-video-preview:-1\" \/>\n<link rel=\"canonical\" href=\"https:\/\/ifv.vn\/fr\/etudes\/formations-francaises-au-vietnam\/\" \/>\n<meta property=\"og:locale\" content=\"fr_FR\" \/>\n<meta property=\"og:type\" content=\"article\" \/>\n<meta property=\"og:title\" content=\"Formations francaises au Vietnam - Vi\u1ec7n Ph\u00e1p t\u1ea1i Vi\u1ec7t Nam | Institut fran\u00e7ais du Vietnam\" \/>\n<meta property=\"og:description\" content=\"[vc_row][vc_column][vc_wp_text] Au Vietnam, il existe \u00e0 ce jour une soixantaine de formations dipl\u00f4mantes fran\u00e7aises. Tous les domaines sont couverts, de la m\u00e9decine \u00e0 l\u2019h\u00f4tellerie, en passant par les math\u00e9matiques et le marketing. Ces formations sont dites \u00abd\u00e9localis\u00e9es\u00bb car elles consistent [&hellip;]\" \/>\n<meta property=\"og:url\" content=\"https:\/\/ifv.vn\/fr\/etudes\/formations-francaises-au-vietnam\/\" \/>\n<meta property=\"og:site_name\" content=\"Vi\u1ec7n Ph\u00e1p t\u1ea1i Vi\u1ec7t Nam | Institut fran\u00e7ais du Vietnam\" \/>\n<meta property=\"article:modified_time\" content=\"2025-11-18T04:18:17+00:00\" \/>\n<meta name=\"twitter:card\" content=\"summary_large_image\" \/>\n<meta name=\"twitter:label1\" content=\"Est. reading time\" \/>\n\t<meta name=\"twitter:data1\" content=\"2 minutes\" \/>\n<script type=\"application\/ld+json\" class=\"yoast-schema-graph\">{\"@context\":\"https:\/\/schema.org\",\"@graph\":[{\"@type\":\"WebPage\",\"@id\":\"https:\/\/ifv.vn\/fr\/etudes\/formations-francaises-au-vietnam\/\",\"url\":\"https:\/\/ifv.vn\/fr\/etudes\/formations-francaises-au-vietnam\/\",\"name\":\"Formations francaises au Vietnam - Vi\u1ec7n Ph\u00e1p t\u1ea1i Vi\u1ec7t Nam | Institut fran\u00e7ais du Vietnam\",\"isPartOf\":{\"@id\":\"https:\/\/ifv.vn\/#website\"},\"primaryImageOfPage\":{\"@id\":\"https:\/\/ifv.vn\/fr\/etudes\/formations-francaises-au-vietnam\/#primaryimage\"},\"image\":{\"@id\":\"https:\/\/ifv.vn\/fr\/etudes\/formations-francaises-au-vietnam\/#primaryimage\"},\"thumbnailUrl\":\"https:\/\/ifv.vn\/wp-content\/uploads\/2020\/06\/chuong-trinh-dai-hoc-phap-cap-bang-tai-fr-2.jpg\",\"datePublished\":\"2017-05-17T04:55:34+00:00\",\"dateModified\":\"2025-11-18T04:18:17+00:00\",\"breadcrumb\":{\"@id\":\"https:\/\/ifv.vn\/fr\/etudes\/formations-francaises-au-vietnam\/#breadcrumb\"},\"inLanguage\":\"fr-FR\",\"potentialAction\":[{\"@type\":\"ReadAction\",\"target\":[\"https:\/\/ifv.vn\/fr\/etudes\/formations-francaises-au-vietnam\/\"]}]},{\"@type\":\"ImageObject\",\"inLanguage\":\"fr-FR\",\"@id\":\"https:\/\/ifv.vn\/fr\/etudes\/formations-francaises-au-vietnam\/#primaryimage\",\"url\":\"https:\/\/ifv.vn\/wp-content\/uploads\/2020\/06\/chuong-trinh-dai-hoc-phap-cap-bang-tai-fr-2.jpg\",\"contentUrl\":\"https:\/\/ifv.vn\/wp-content\/uploads\/2020\/06\/chuong-trinh-dai-hoc-phap-cap-bang-tai-fr-2.jpg\"},{\"@type\":\"BreadcrumbList\",\"@id\":\"https:\/\/ifv.vn\/fr\/etudes\/formations-francaises-au-vietnam\/#breadcrumb\",\"itemListElement\":[{\"@type\":\"ListItem\",\"position\":1,\"name\":\"Home\",\"item\":\"https:\/\/ifv.vn\/fr\/\"},{\"@type\":\"ListItem\",\"position\":2,\"name\":\"Etudes\",\"item\":\"https:\/\/ifv.vn\/fr\/etudes\/\"},{\"@type\":\"ListItem\",\"position\":3,\"name\":\"Formations francaises au Vietnam\"}]},{\"@type\":\"WebSite\",\"@id\":\"https:\/\/ifv.vn\/#website\",\"url\":\"https:\/\/ifv.vn\/\",\"name\":\"Vi\u1ec7n Ph\u00e1p t\u1ea1i Vi\u1ec7t Nam | Institut fran\u00e7ais du Vietnam\",\"description\":\"\",\"publisher\":{\"@id\":\"https:\/\/ifv.vn\/#organization\"},\"potentialAction\":[{\"@type\":\"SearchAction\",\"target\":{\"@type\":\"EntryPoint\",\"urlTemplate\":\"https:\/\/ifv.vn\/?s={search_term_string}\"},\"query-input\":{\"@type\":\"PropertyValueSpecification\",\"valueRequired\":true,\"valueName\":\"search_term_string\"}}],\"inLanguage\":\"fr-FR\"},{\"@type\":\"Organization\",\"@id\":\"https:\/\/ifv.vn\/#organization\",\"name\":\"Vi\u1ec7n Ph\u00e1p t\u1ea1i Vi\u1ec7t Nam | Institut fran\u00e7ais du Vietnam\",\"url\":\"https:\/\/ifv.vn\/\",\"logo\":{\"@type\":\"ImageObject\",\"inLanguage\":\"fr-FR\",\"@id\":\"https:\/\/ifv.vn\/#\/schema\/logo\/image\/\",\"url\":\"https:\/\/ifv.vn\/wp-content\/uploads\/2025\/10\/cropped-asset-6.png\",\"contentUrl\":\"https:\/\/ifv.vn\/wp-content\/uploads\/2025\/10\/cropped-asset-6.png\",\"width\":248,\"height\":165,\"caption\":\"Vi\u1ec7n Ph\u00e1p t\u1ea1i Vi\u1ec7t Nam | Institut fran\u00e7ais du Vietnam\"},\"image\":{\"@id\":\"https:\/\/ifv.vn\/#\/schema\/logo\/image\/\"}}]}<\/script>\n<!-- \/ Yoast SEO plugin. -->","yoast_head_json":{"title":"Formations francaises au Vietnam - Vi\u1ec7n Ph\u00e1p t\u1ea1i Vi\u1ec7t Nam | Institut fran\u00e7ais du Vietnam","robots":{"index":"index","follow":"follow","max-snippet":"max-snippet:-1","max-image-preview":"max-image-preview:large","max-video-preview":"max-video-preview:-1"},"canonical":"https:\/\/ifv.vn\/fr\/etudes\/formations-francaises-au-vietnam\/","og_locale":"fr_FR","og_type":"article","og_title":"Formations francaises au Vietnam - Vi\u1ec7n Ph\u00e1p t\u1ea1i Vi\u1ec7t Nam | Institut fran\u00e7ais du Vietnam","og_description":"[vc_row][vc_column][vc_wp_text] Au Vietnam, il existe \u00e0 ce jour une soixantaine de formations dipl\u00f4mantes fran\u00e7aises. Tous les domaines sont couverts, de la m\u00e9decine \u00e0 l\u2019h\u00f4tellerie, en passant par les math\u00e9matiques et le marketing. Ces formations sont dites \u00abd\u00e9localis\u00e9es\u00bb car elles consistent [&hellip;]","og_url":"https:\/\/ifv.vn\/fr\/etudes\/formations-francaises-au-vietnam\/","og_site_name":"Vi\u1ec7n Ph\u00e1p t\u1ea1i Vi\u1ec7t Nam | Institut fran\u00e7ais du Vietnam","article_modified_time":"2025-11-18T04:18:17+00:00","twitter_card":"summary_large_image","twitter_misc":{"Est. reading time":"2 minutes"},"schema":{"@context":"https:\/\/schema.org","@graph":[{"@type":"WebPage","@id":"https:\/\/ifv.vn\/fr\/etudes\/formations-francaises-au-vietnam\/","url":"https:\/\/ifv.vn\/fr\/etudes\/formations-francaises-au-vietnam\/","name":"Formations francaises au Vietnam - Vi\u1ec7n Ph\u00e1p t\u1ea1i Vi\u1ec7t Nam | Institut fran\u00e7ais du Vietnam","isPartOf":{"@id":"https:\/\/ifv.vn\/#website"},"primaryImageOfPage":{"@id":"https:\/\/ifv.vn\/fr\/etudes\/formations-francaises-au-vietnam\/#primaryimage"},"image":{"@id":"https:\/\/ifv.vn\/fr\/etudes\/formations-francaises-au-vietnam\/#primaryimage"},"thumbnailUrl":"https:\/\/ifv.vn\/wp-content\/uploads\/2020\/06\/chuong-trinh-dai-hoc-phap-cap-bang-tai-fr-2.jpg","datePublished":"2017-05-17T04:55:34+00:00","dateModified":"2025-11-18T04:18:17+00:00","breadcrumb":{"@id":"https:\/\/ifv.vn\/fr\/etudes\/formations-francaises-au-vietnam\/#breadcrumb"},"inLanguage":"fr-FR","potentialAction":[{"@type":"ReadAction","target":["https:\/\/ifv.vn\/fr\/etudes\/formations-francaises-au-vietnam\/"]}]},{"@type":"ImageObject","inLanguage":"fr-FR","@id":"https:\/\/ifv.vn\/fr\/etudes\/formations-francaises-au-vietnam\/#primaryimage","url":"https:\/\/ifv.vn\/wp-content\/uploads\/2020\/06\/chuong-trinh-dai-hoc-phap-cap-bang-tai-fr-2.jpg","contentUrl":"https:\/\/ifv.vn\/wp-content\/uploads\/2020\/06\/chuong-trinh-dai-hoc-phap-cap-bang-tai-fr-2.jpg"},{"@type":"BreadcrumbList","@id":"https:\/\/ifv.vn\/fr\/etudes\/formations-francaises-au-vietnam\/#breadcrumb","itemListElement":[{"@type":"ListItem","position":1,"name":"Home","item":"https:\/\/ifv.vn\/fr\/"},{"@type":"ListItem","position":2,"name":"Etudes","item":"https:\/\/ifv.vn\/fr\/etudes\/"},{"@type":"ListItem","position":3,"name":"Formations francaises au Vietnam"}]},{"@type":"WebSite","@id":"https:\/\/ifv.vn\/#website","url":"https:\/\/ifv.vn\/","name":"Vi\u1ec7n Ph\u00e1p t\u1ea1i Vi\u1ec7t Nam | Institut fran\u00e7ais du Vietnam","description":"","publisher":{"@id":"https:\/\/ifv.vn\/#organization"},"potentialAction":[{"@type":"SearchAction","target":{"@type":"EntryPoint","urlTemplate":"https:\/\/ifv.vn\/?s={search_term_string}"},"query-input":{"@type":"PropertyValueSpecification","valueRequired":true,"valueName":"search_term_string"}}],"inLanguage":"fr-FR"},{"@type":"Organization","@id":"https:\/\/ifv.vn\/#organization","name":"Vi\u1ec7n Ph\u00e1p t\u1ea1i Vi\u1ec7t Nam | Institut fran\u00e7ais du Vietnam","url":"https:\/\/ifv.vn\/","logo":{"@type":"ImageObject","inLanguage":"fr-FR","@id":"https:\/\/ifv.vn\/#\/schema\/logo\/image\/","url":"https:\/\/ifv.vn\/wp-content\/uploads\/2025\/10\/cropped-asset-6.png","contentUrl":"https:\/\/ifv.vn\/wp-content\/uploads\/2025\/10\/cropped-asset-6.png","width":248,"height":165,"caption":"Vi\u1ec7n Ph\u00e1p t\u1ea1i Vi\u1ec7t Nam | Institut fran\u00e7ais du Vietnam"},"image":{"@id":"https:\/\/ifv.vn\/#\/schema\/logo\/image\/"}}]}},"_links":{"self":[{"href":"https:\/\/ifv.vn\/fr\/wp-json\/wp\/v2\/pages\/767"}],"collection":[{"href":"https:\/\/ifv.vn\/fr\/wp-json\/wp\/v2\/pages"}],"about":[{"href":"https:\/\/ifv.vn\/fr\/wp-json\/wp\/v2\/types\/page"}],"author":[{"embeddable":true,"href":"https:\/\/ifv.vn\/fr\/wp-json\/wp\/v2\/users\/1"}],"replies":[{"embeddable":true,"href":"https:\/\/ifv.vn\/fr\/wp-json\/wp\/v2\/comments?post=767"}],"version-history":[{"count":3,"href":"https:\/\/ifv.vn\/fr\/wp-json\/wp\/v2\/pages\/767\/revisions"}],"predecessor-version":[{"id":24366,"href":"https:\/\/ifv.vn\/fr\/wp-json\/wp\/v2\/pages\/767\/revisions\/24366"}],"up":[{"embeddable":true,"href":"https:\/\/ifv.vn\/fr\/wp-json\/wp\/v2\/pages\/1346"}],"wp:attachment":[{"href":"https:\/\/ifv.vn\/fr\/wp-json\/wp\/v2\/media?parent=767"}],"curies":[{"name":"wp","href":"https:\/\/api.w.org\/{rel}","templated":true}]}}