{"id":775,"date":"2017-05-17T11:57:28","date_gmt":"2017-05-17T04:57:28","guid":{"rendered":"https:\/\/ifv.vn\/?page_id=775"},"modified":"2026-01-27T11:26:54","modified_gmt":"2026-01-27T04:26:54","slug":"recrutement","status":"publish","type":"page","link":"https:\/\/ifv.vn\/fr\/recrutement\/","title":{"rendered":"Recrutement"},"content":{"rendered":"<div class=\"wpb-content-wrapper\"><p>[vc_row][vc_column][vc_wp_text]<\/p>\n<h1>Recrutement<\/h1>\n<p>[\/vc_wp_text][vc_wp_text]<\/p>\n<h2>&#x1f4cc; Professeurs vacataires (ind\u00e9pendants) de FLE<\/h2>\n<p style=\"font-weight: 400; text-align: justify;\">Vous souhaitez assurer des cours en parall\u00e8le de votre activit\u00e9 principale ?<br \/>\nVous avez un <strong>dipl\u00f4me en FLE<\/strong> et vous pouvez justifier d&rsquo;une <strong>exp\u00e9rience professionnelle<\/strong> dans l&rsquo;enseignement ?<\/p>\n<p>L&rsquo;Institut recherche des professeurs vacataires pour des cours de fran\u00e7ais langue \u00e9trang\u00e8re \u00e0 des publics enfants \/ adolescents et adultes.<\/p>\n<ul>\n<li style=\"text-align: justify;\"><a href=\"https:\/\/forms.gle\/YyLUSZnxrnXS2jM76\">Cliquez ici<\/a> pour d\u00e9poser votre candidature de mani\u00e8re spontan\u00e9e<\/li>\n<\/ul>\n<p>[\/vc_wp_text][vc_wp_text]<\/p>\n<h2>&#x1f4cc; Professeurs \u00e0 temps plein de FLE<\/h2>\n<p>Vous souhaitez travailler \u00e0 temps plein pour l&rsquo;Institut fran\u00e7ais du Vietnam ?<br \/>\nVous devez \u00eatre titulaire d&rsquo;un <strong>dipl\u00f4me de l&rsquo;enseignement sup\u00e9rieur<\/strong> en Fran\u00e7ais Langue Etrang\u00e8re + pouvoir justifier <strong>d&rsquo;une exp\u00e9rience d&rsquo;au moins 3 ans<\/strong> (36 mois) comme professeur, hors p\u00e9riode de stage.<\/p>\n<ul>\n<li>En cas de poste(s) \u00e0 pourvoir, nos annonces sont diffus\u00e9es sur le site <a href=\"http:\/\/www.fle.fr\/\">www.fle.fr<\/a><\/li>\n<li>Vous pouvez aussi nous envoyer une candidature spontan\u00e9e <a href=\"https:\/\/forms.gle\/2n57ZfeJuQbhX6Xw9\">en cliquant ici<\/a><\/li>\n<\/ul>\n<p>[\/vc_wp_text][vc_wp_text]<\/p>\n<h2>&#x1f4cc; Stagiaire en master FLE<\/h2>\n<p>Vous \u00eatre en cours de <strong>Master 2 de fran\u00e7ais langue \u00e9trang\u00e8re<\/strong> et souhaitez effectuer un stage ?<br \/>\nL&rsquo;Institut fran\u00e7ais du Vietnam accueille et forme des stagiaires chaque ann\u00e9e pour de stages longs (4 \u00e0 6 mois) <strong>conventionn\u00e9s<\/strong> avec votre universit\u00e9, et <strong>gratifi\u00e9s<\/strong>, en principe sur les p\u00e9riodes de <strong>mars \u00e0 ao\u00fbt<\/strong> et de <strong>juin \u00e0 octobre<\/strong>.<\/p>\n<ul>\n<li>Les appels \u00e0 candidature sont diffus\u00e9s sur le site <a href=\"http:\/\/www.fle.fr\/\">www.fle.fr<\/a><\/li>\n<li>Vous pouvez aussi nous envoyer une candidature spontan\u00e9e <a href=\"https:\/\/forms.gle\/hJNdBek1dBXXTdz36\">en cliquant ici<\/a><\/li>\n<\/ul>\n<p>[\/vc_wp_text][vc_wp_text]<\/p>\n<h2>&#x1f4cc; Autres emplois<\/h2>\n<p>Nous n&rsquo;avons pas d&rsquo;offres actuellement.<\/p>\n<p>[\/vc_wp_text][\/vc_column][\/vc_row][vc_row][vc_column][\/vc_column][\/vc_row]<\/p>\n<\/div>","protected":false},"excerpt":{"rendered":"[vc_row][vc_column][vc_wp_text] Recrutement [\/vc_wp_text][vc_wp_text] &#x1f4cc; Professeurs vacataires (ind\u00e9pendants) de FLE Vous souhaitez assurer des cours en parall\u00e8le de votre activit\u00e9 principale ? Vous avez un dipl\u00f4me en FLE et vous pouvez justifier d'une exp\u00e9rience professionnelle dans l'enseignement ? L'Institut recherche des [...]","protected":false},"author":1,"featured_media":0,"parent":0,"menu_order":0,"comment_status":"open","ping_status":"closed","template":"page-static.php","meta":{"footnotes":""},"class_list":["post-775","page","type-page","status-publish","hentry"],"acf":[],"yoast_head":"<!-- This site is optimized with the Yoast SEO plugin v25.3.1 - https:\/\/yoast.com\/wordpress\/plugins\/seo\/ -->\n<title>Recrutement - Vi\u1ec7n Ph\u00e1p t\u1ea1i Vi\u1ec7t Nam | Institut fran\u00e7ais du Vietnam<\/title>\n<meta name=\"robots\" content=\"index, follow, max-snippet:-1, max-image-preview:large, max-video-preview:-1\" \/>\n<link rel=\"canonical\" href=\"https:\/\/ifv.vn\/fr\/recrutement\/\" \/>\n<meta property=\"og:locale\" content=\"fr_FR\" \/>\n<meta property=\"og:type\" content=\"article\" \/>\n<meta property=\"og:title\" content=\"Recrutement - Vi\u1ec7n Ph\u00e1p t\u1ea1i Vi\u1ec7t Nam | Institut fran\u00e7ais du Vietnam\" \/>\n<meta property=\"og:description\" content=\"[vc_row][vc_column][vc_wp_text] Recrutement [\/vc_wp_text][vc_wp_text] &#x1f4cc; Professeurs vacataires (ind\u00e9pendants) de FLE Vous souhaitez assurer des cours en parall\u00e8le de votre activit\u00e9 principale ? Vous avez un dipl\u00f4me en FLE et vous pouvez justifier d&rsquo;une exp\u00e9rience professionnelle dans l&rsquo;enseignement ? L&rsquo;Institut recherche des [&hellip;]\" \/>\n<meta property=\"og:url\" content=\"https:\/\/ifv.vn\/fr\/recrutement\/\" \/>\n<meta property=\"og:site_name\" content=\"Vi\u1ec7n Ph\u00e1p t\u1ea1i Vi\u1ec7t Nam | Institut fran\u00e7ais du Vietnam\" \/>\n<meta property=\"article:modified_time\" content=\"2026-01-27T04:26:54+00:00\" \/>\n<meta name=\"twitter:card\" content=\"summary_large_image\" \/>\n<meta name=\"twitter:label1\" content=\"Est. reading time\" \/>\n\t<meta name=\"twitter:data1\" content=\"2 minutes\" \/>\n<script type=\"application\/ld+json\" class=\"yoast-schema-graph\">{\"@context\":\"https:\/\/schema.org\",\"@graph\":[{\"@type\":\"WebPage\",\"@id\":\"https:\/\/ifv.vn\/fr\/recrutement\/\",\"url\":\"https:\/\/ifv.vn\/fr\/recrutement\/\",\"name\":\"Recrutement - Vi\u1ec7n Ph\u00e1p t\u1ea1i Vi\u1ec7t Nam | Institut fran\u00e7ais du Vietnam\",\"isPartOf\":{\"@id\":\"https:\/\/ifv.vn\/#website\"},\"datePublished\":\"2017-05-17T04:57:28+00:00\",\"dateModified\":\"2026-01-27T04:26:54+00:00\",\"breadcrumb\":{\"@id\":\"https:\/\/ifv.vn\/fr\/recrutement\/#breadcrumb\"},\"inLanguage\":\"fr-FR\",\"potentialAction\":[{\"@type\":\"ReadAction\",\"target\":[\"https:\/\/ifv.vn\/fr\/recrutement\/\"]}]},{\"@type\":\"BreadcrumbList\",\"@id\":\"https:\/\/ifv.vn\/fr\/recrutement\/#breadcrumb\",\"itemListElement\":[{\"@type\":\"ListItem\",\"position\":1,\"name\":\"Home\",\"item\":\"https:\/\/ifv.vn\/fr\/\"},{\"@type\":\"ListItem\",\"position\":2,\"name\":\"Recrutement\"}]},{\"@type\":\"WebSite\",\"@id\":\"https:\/\/ifv.vn\/#website\",\"url\":\"https:\/\/ifv.vn\/\",\"name\":\"Vi\u1ec7n Ph\u00e1p t\u1ea1i Vi\u1ec7t Nam | Institut fran\u00e7ais du Vietnam\",\"description\":\"\",\"publisher\":{\"@id\":\"https:\/\/ifv.vn\/#organization\"},\"potentialAction\":[{\"@type\":\"SearchAction\",\"target\":{\"@type\":\"EntryPoint\",\"urlTemplate\":\"https:\/\/ifv.vn\/?s={search_term_string}\"},\"query-input\":{\"@type\":\"PropertyValueSpecification\",\"valueRequired\":true,\"valueName\":\"search_term_string\"}}],\"inLanguage\":\"fr-FR\"},{\"@type\":\"Organization\",\"@id\":\"https:\/\/ifv.vn\/#organization\",\"name\":\"Vi\u1ec7n Ph\u00e1p t\u1ea1i Vi\u1ec7t Nam | Institut fran\u00e7ais du Vietnam\",\"url\":\"https:\/\/ifv.vn\/\",\"logo\":{\"@type\":\"ImageObject\",\"inLanguage\":\"fr-FR\",\"@id\":\"https:\/\/ifv.vn\/#\/schema\/logo\/image\/\",\"url\":\"https:\/\/ifv.vn\/wp-content\/uploads\/2025\/10\/cropped-asset-6.png\",\"contentUrl\":\"https:\/\/ifv.vn\/wp-content\/uploads\/2025\/10\/cropped-asset-6.png\",\"width\":248,\"height\":165,\"caption\":\"Vi\u1ec7n Ph\u00e1p t\u1ea1i Vi\u1ec7t Nam | Institut fran\u00e7ais du Vietnam\"},\"image\":{\"@id\":\"https:\/\/ifv.vn\/#\/schema\/logo\/image\/\"}}]}<\/script>\n<!-- \/ Yoast SEO plugin. -->","yoast_head_json":{"title":"Recrutement - Vi\u1ec7n Ph\u00e1p t\u1ea1i Vi\u1ec7t Nam | Institut fran\u00e7ais du Vietnam","robots":{"index":"index","follow":"follow","max-snippet":"max-snippet:-1","max-image-preview":"max-image-preview:large","max-video-preview":"max-video-preview:-1"},"canonical":"https:\/\/ifv.vn\/fr\/recrutement\/","og_locale":"fr_FR","og_type":"article","og_title":"Recrutement - Vi\u1ec7n Ph\u00e1p t\u1ea1i Vi\u1ec7t Nam | Institut fran\u00e7ais du Vietnam","og_description":"[vc_row][vc_column][vc_wp_text] Recrutement [\/vc_wp_text][vc_wp_text] &#x1f4cc; Professeurs vacataires (ind\u00e9pendants) de FLE Vous souhaitez assurer des cours en parall\u00e8le de votre activit\u00e9 principale ? Vous avez un dipl\u00f4me en FLE et vous pouvez justifier d&rsquo;une exp\u00e9rience professionnelle dans l&rsquo;enseignement ? L&rsquo;Institut recherche des [&hellip;]","og_url":"https:\/\/ifv.vn\/fr\/recrutement\/","og_site_name":"Vi\u1ec7n Ph\u00e1p t\u1ea1i Vi\u1ec7t Nam | Institut fran\u00e7ais du Vietnam","article_modified_time":"2026-01-27T04:26:54+00:00","twitter_card":"summary_large_image","twitter_misc":{"Est. reading time":"2 minutes"},"schema":{"@context":"https:\/\/schema.org","@graph":[{"@type":"WebPage","@id":"https:\/\/ifv.vn\/fr\/recrutement\/","url":"https:\/\/ifv.vn\/fr\/recrutement\/","name":"Recrutement - Vi\u1ec7n Ph\u00e1p t\u1ea1i Vi\u1ec7t Nam | Institut fran\u00e7ais du Vietnam","isPartOf":{"@id":"https:\/\/ifv.vn\/#website"},"datePublished":"2017-05-17T04:57:28+00:00","dateModified":"2026-01-27T04:26:54+00:00","breadcrumb":{"@id":"https:\/\/ifv.vn\/fr\/recrutement\/#breadcrumb"},"inLanguage":"fr-FR","potentialAction":[{"@type":"ReadAction","target":["https:\/\/ifv.vn\/fr\/recrutement\/"]}]},{"@type":"BreadcrumbList","@id":"https:\/\/ifv.vn\/fr\/recrutement\/#breadcrumb","itemListElement":[{"@type":"ListItem","position":1,"name":"Home","item":"https:\/\/ifv.vn\/fr\/"},{"@type":"ListItem","position":2,"name":"Recrutement"}]},{"@type":"WebSite","@id":"https:\/\/ifv.vn\/#website","url":"https:\/\/ifv.vn\/","name":"Vi\u1ec7n Ph\u00e1p t\u1ea1i Vi\u1ec7t Nam | Institut fran\u00e7ais du Vietnam","description":"","publisher":{"@id":"https:\/\/ifv.vn\/#organization"},"potentialAction":[{"@type":"SearchAction","target":{"@type":"EntryPoint","urlTemplate":"https:\/\/ifv.vn\/?s={search_term_string}"},"query-input":{"@type":"PropertyValueSpecification","valueRequired":true,"valueName":"search_term_string"}}],"inLanguage":"fr-FR"},{"@type":"Organization","@id":"https:\/\/ifv.vn\/#organization","name":"Vi\u1ec7n Ph\u00e1p t\u1ea1i Vi\u1ec7t Nam | Institut fran\u00e7ais du Vietnam","url":"https:\/\/ifv.vn\/","logo":{"@type":"ImageObject","inLanguage":"fr-FR","@id":"https:\/\/ifv.vn\/#\/schema\/logo\/image\/","url":"https:\/\/ifv.vn\/wp-content\/uploads\/2025\/10\/cropped-asset-6.png","contentUrl":"https:\/\/ifv.vn\/wp-content\/uploads\/2025\/10\/cropped-asset-6.png","width":248,"height":165,"caption":"Vi\u1ec7n Ph\u00e1p t\u1ea1i Vi\u1ec7t Nam | Institut fran\u00e7ais du Vietnam"},"image":{"@id":"https:\/\/ifv.vn\/#\/schema\/logo\/image\/"}}]}},"_links":{"self":[{"href":"https:\/\/ifv.vn\/fr\/wp-json\/wp\/v2\/pages\/775"}],"collection":[{"href":"https:\/\/ifv.vn\/fr\/wp-json\/wp\/v2\/pages"}],"about":[{"href":"https:\/\/ifv.vn\/fr\/wp-json\/wp\/v2\/types\/page"}],"author":[{"embeddable":true,"href":"https:\/\/ifv.vn\/fr\/wp-json\/wp\/v2\/users\/1"}],"replies":[{"embeddable":true,"href":"https:\/\/ifv.vn\/fr\/wp-json\/wp\/v2\/comments?post=775"}],"version-history":[{"count":103,"href":"https:\/\/ifv.vn\/fr\/wp-json\/wp\/v2\/pages\/775\/revisions"}],"predecessor-version":[{"id":25130,"href":"https:\/\/ifv.vn\/fr\/wp-json\/wp\/v2\/pages\/775\/revisions\/25130"}],"wp:attachment":[{"href":"https:\/\/ifv.vn\/fr\/wp-json\/wp\/v2\/media?parent=775"}],"curies":[{"name":"wp","href":"https:\/\/api.w.org\/{rel}","templated":true}]}}