{"id":851,"date":"2017-05-17T14:24:51","date_gmt":"2017-05-17T07:24:51","guid":{"rendered":"https:\/\/ifv.vn\/?page_id=851"},"modified":"2025-06-18T17:24:14","modified_gmt":"2025-06-18T10:24:14","slug":"mediatheque-hn","status":"publish","type":"page","link":"https:\/\/ifv.vn\/fr\/culture\/mediatheques\/mediatheque-hn\/","title":{"rendered":"M\u00e9diath\u00e8que Hanoi"},"content":{"rendered":"<div class=\"wpb-content-wrapper\"><p>[vc_row][vc_column][vc_tta_tabs][vc_tta_section title=&nbsp;&raquo;M\u00e9diath\u00e8que Hanoi&nbsp;&raquo; tab_id=&nbsp;&raquo;1515658922849-4a8f902b-e765&Prime;][vc_wp_text]<\/p>\n<p style=\"text-align: justify;\"><span style=\"font-weight: 400;\">Elle offre plus de 24\u00a0000 documents sur tous types de supports dans un espace convivial et confortable, ouvert \u00e0 tous.<\/span><\/p>\n<p style=\"text-align: justify;\"><span style=\"font-weight: 400;\">C\u2019est un lieu de vie culturelle, d\u2019acquisition du savoir, un outil de p\u00e9dagogie et de formation, et une source d\u2019information sur la France contemporaine.<\/span><\/p>\n<p style=\"text-align: justify;\"><span style=\"font-weight: 400;\">Elle accueille des \u00e9crivains, des conf\u00e9rences, des rencontres litt\u00e9raires.<\/span><\/p>\n<p style=\"text-align: justify;\"><span style=\"font-weight: 400;\">A la m\u00e9diath\u00e8que, vous trouverez une Biblioth\u00e8que de l\u2019apprenant pour vous accompagner dans votre apprentissage du fran\u00e7ais. Que vous soyez d\u00e9butant ou avanc\u00e9, ces documents vous permettront de mieux d\u00e9couvrir la langue et la culture fran\u00e7aises.<\/span><\/p>\n<p style=\"text-align: justify;\"><span style=\"font-weight: 400;\">La m\u00e9diath\u00e8que organise \u00e9galement des expositions th\u00e9matiques destin\u00e9es \u00e0 valoriser ses collections. Les lecteurs y trouvent tous les mois une s\u00e9lection de documents sur les diff\u00e9rents th\u00e8mes choisis, en lien avec l\u2019actualit\u00e9 culturelle ou m\u00e9diatique.<\/span><\/p>\n<p style=\"text-align: justify;\"><span style=\"font-weight: 400;\">La section Jeunesse est un \u00a0espace attrayant, convivial et moderne, con\u00e7u sp\u00e9cialement pour le jeune public.<\/span><\/p>\n<p style=\"text-align: justify;\">Tous les mois, des animations hebdomadaires, mensuelles ou temporaires sont propos\u00e9es aux jeunes adh\u00e9rents : lecture de conte, ateliers artistiques, narration d&rsquo;histoires num\u00e9riques, cin\u00e9 jeune&#8230; Des moments d&rsquo;apprentissage, de divertissement et surtout de plaisir.<\/p>\n<p><strong>Contact\u00a0:\u00a0<\/strong><a href=\"https:\/\/ifv.vn\/fr\/culture\/mediatheques\/mediatheque-hn\/mediatheque@ifv.vn\">mediatheque@ifv.vn<\/a><\/p>\n<p><a href=\"http:\/\/mediatheques-ifv.org\/\" target=\"_blank\" rel=\"noopener\"><strong>Consultez le catalogue en ligne ici<\/strong><\/a><\/p>\n<p>[\/vc_wp_text][\/vc_tta_section][vc_tta_section title=&nbsp;&raquo;Collection&nbsp;&raquo; tab_id=&nbsp;&raquo;1515658922899-727ed093-6236&Prime;][vc_wp_text]<\/p>\n<p>La m\u00e9diath\u00e8que vous propose un fonds riche et vari\u00e9 sur la France contemporaine. Elle met \u00e0 la disposition du public\u00a0:<\/p>\n<ul style=\"list-style-type: circle;\">\n<li>20 000 livres<\/li>\n<li>3 000\u00a0documents audiovisuels (CD, et DVD)<\/li>\n<li>28 p\u00e9riodiques en format papier<\/li>\n<li>Une biblioth\u00e8que num\u00e9rique<\/li>\n<\/ul>\n<p>Dont\u00a0:<\/p>\n<ul style=\"list-style-type: disc;\">\n<li>13 000 livres pour adultes couvrant diff\u00e9rents domaines\u00a0: litt\u00e9rature, philosophie, politique, culture, droit, sciences, arts\u2026<\/li>\n<li>Plus de 2 000\u00a0documents (m\u00e9thodes de langue modernes et multim\u00e9dia, lectures faciles, romans, documentaires pr\u00e9sentant la France\u2026) pour l\u2019apprentissage et l\u2019enseignement de la langue fran\u00e7aise.<\/li>\n<li>Plus de\u00a01\u00a0800 DVD\u00a0: films qui retracent les diff\u00e9rentes p\u00e9riodes du cin\u00e9ma fran\u00e7ais, classique et contemporain.<\/li>\n<li>Pr\u00e8s de 600 CD\u00a0: concerts de musique, \u00a0chansons francophones interpr\u00e9t\u00e9es par les plus c\u00e9l\u00e8bres artistes fran\u00e7ais\u00a0et livres lus.<\/li>\n<li>28 p\u00e9riodiques pour s\u2019informer de l\u2019actualit\u00e9, se cultiver et se distraire.<\/li>\n<li>Pr\u00e8s de 6 000 documents (romans, documentaires, bandes dessin\u00e9es, albums, DVD et CD) sont \u00e0 la disposition des jeunes lecteurs.<\/li>\n<\/ul>\n<p><a href=\"http:\/\/mediatheques-ifv.org\/\" target=\"_blank\" rel=\"noopener\"><strong>Consultez le catalogue en ligne ici<\/strong><\/a><\/p>\n<p>Ce catalogue en ligne vous permet de\u00a0:<\/p>\n<ul style=\"list-style-type: disc;\">\n<li>consulter et faire des recherches sur le fonds.<\/li>\n<li>savoir si les documents sont disponibles, emprunt\u00e9s ou exclus du pr\u00eat.<\/li>\n<li>r\u00e9server des documents.<\/li>\n<li>consulter votre compte personnel et prolonger vos emprunts.<\/li>\n<\/ul>\n<p>Pour vous connecter et acc\u00e9der \u00e0 votre compte :<\/p>\n<ul>\n<li><em>Votre identifiant<\/em>\u00a0: votre num\u00e9ro de m\u00e9diath\u00e8que \u00e0 6 chiffres, sous le code-barres au dos de votre carte de membre.<\/li>\n<li><em>Votre mot de passe<\/em>\u00a0: lors de la premi\u00e8re connexion, il est constitu\u00e9 des 4 premi\u00e8res lettres de votre nom en majuscule + votre ann\u00e9e de naissance. Si votre nom comporte moins de 4 lettres, le mot de passe se compose de ces 2 ou 3 lettres en majuscule + votre ann\u00e9e de naissance<\/li>\n<\/ul>\n<p>[\/vc_wp_text][\/vc_tta_section][vc_tta_section title=&nbsp;&raquo;Inscription&nbsp;&raquo; tab_id=&nbsp;&raquo;1515659286164-77e589a3-000c&nbsp;&raquo;][vc_wp_text]<\/p>\n<p>L\u2019inscription se fait au bureau d\u2019accueil de la m\u00e9diath\u00e8que. Il faut vous munir des documents suivants :<\/p>\n<ul style=\"list-style-type: disc;\">\n<li>Une pi\u00e8ce d\u2019identit\u00e9<\/li>\n<li>Carte d\u2019\u00e9tudiant, ou justificatif de retrait\u00e9, ou d\u2019emploi en tant que professeur de fran\u00e7ais, pour b\u00e9n\u00e9ficier du tarif r\u00e9duit<\/li>\n<\/ul>\n<p><strong>Tarifs (pour 12 mois)\u00a0:<\/strong><\/p>\n<ul style=\"list-style-type: disc;\">\n<li>800 000 vnd : plein tarif<\/li>\n<li>400 000 vnd : tarif r\u00e9duit (pour les \u00e9l\u00e8ves, \u00e9tudiants, retrait\u00e9s, professeurs de fran\u00e7ais \u2013 sur pr\u00e9sentation d\u2019un justificatif)<\/li>\n<li>2 250\u00a0000 vnd : carte famille<\/li>\n<\/ul>\n<p>L\u2019abonnement est gratuit pour les \u00e9l\u00e8ves de l\u2019Ecole de langue de l\u2019Institut fran\u00e7ais de Hanoi.<\/p>\n<p><strong>NOUVEAU !<\/strong><\/p>\n<p><strong>Tarif pour 3\u00a0mois\u00a0:<\/strong> 300\u00a0000 vnd<\/p>\n<p><strong>Droits de pr\u00eat\u00a0:<\/strong><\/p>\n<ul style=\"list-style-type: disc;\">\n<li>4 livres (\u00e0 l\u2019exception des livres marqu\u00e9s d\u2019une pastille rouge, consultables sur place)<\/li>\n<li>2 p\u00e9riodiques (sauf le dernier num\u00e9ro re\u00e7u)<\/li>\n<li>2 DVD\/CD<\/li>\n<li>Compte gratuit sur Cultureth\u00e8que, la biblioth\u00e8que num\u00e9rique<\/li>\n<\/ul>\n<p>Les documents sont pr\u00eat\u00e9s pour 21 jours.<\/p>\n<p>Le pr\u00eat peut \u00eatre prolong\u00e9 2 fois maximum, sauf si les documents sont r\u00e9serv\u00e9s, par courriel, par t\u00e9l\u00e9phone, sur place, ou sur le catalogue en ligne. La prolongation doit \u00eatre faite au plus tard \u00e0 la date de retour pr\u00e9vue initialement.<\/p>\n<p>Vous trouvez ci-dessous des documents utiles\u00a0:<\/p>\n<ul>\n<li><a href=\"https:\/\/ifv.vn\/wp-content\/uploads\/2022\/07\/FICHE-DADHESION_VN_2022.pdf\" target=\"_blank\" rel=\"noopener\">Fiche d\u2019inscription<\/a><\/li>\n<li><a href=\"https:\/\/ifv.vn\/wp-content\/uploads\/2022\/11\/Re%CC%80glement-complet_Septembre-2022-1-2_1-1.pdf\" target=\"_blank\" rel=\"noopener\">R\u00e8glement de la m\u00e9diath\u00e8que<\/a><\/li>\n<\/ul>\n<p>[\/vc_wp_text][\/vc_tta_section][vc_tta_section title=&nbsp;&raquo;Infos pratiques&nbsp;&raquo; tab_id=&nbsp;&raquo;1515666863534-f0092ef2-6f6f&nbsp;&raquo;][vc_wp_text]<\/p>\n<p><strong>Horaires d\u2019ouverture de la m\u00e9diath\u00e8que\u00a0:<\/strong><\/p>\n<p>Du mardi au samedi\u00a0: 9h00 \u2013 18h00<\/p>\n<p>Ferm\u00e9 le dimanche et le lundi<\/p>\n<p><strong>Contact\u00a0:<\/strong><\/p>\n<p><a href=\"mediatheque@ifv.vn\">mediatheque@ifv.vn<\/a><\/p>\n<p><a href=\"http:\/\/mediatheques-ifv.org\/\" target=\"_blank\" rel=\"noopener\"><strong>Consultez le catalogue en ligne ici<\/strong><\/a><\/p>\n<p>[\/vc_wp_text][\/vc_tta_section][\/vc_tta_tabs][\/vc_column][\/vc_row]<\/p>\n<\/div>","protected":false},"excerpt":{"rendered":"[vc_row][vc_column][vc_tta_tabs][vc_tta_section title=\"M\u00e9diath\u00e8que Hanoi\" tab_id=\"1515658922849-4a8f902b-e765\"][vc_wp_text] Elle offre plus de 24\u00a0000 documents sur tous types de supports dans un espace convivial et confortable, ouvert \u00e0 tous. C\u2019est un lieu de vie culturelle, d\u2019acquisition du savoir, un outil de p\u00e9dagogie et de formation, [...]","protected":false},"author":1,"featured_media":0,"parent":743,"menu_order":0,"comment_status":"open","ping_status":"closed","template":"page-static.php","meta":{"footnotes":""},"class_list":["post-851","page","type-page","status-publish","hentry"],"acf":[],"yoast_head":"<!-- This site is optimized with the Yoast SEO plugin v25.3.1 - https:\/\/yoast.com\/wordpress\/plugins\/seo\/ -->\n<title>M\u00e9diath\u00e8que Hanoi - Vi\u1ec7n Ph\u00e1p t\u1ea1i Vi\u1ec7t Nam | Institut fran\u00e7ais du Vietnam<\/title>\n<meta name=\"robots\" content=\"index, follow, max-snippet:-1, max-image-preview:large, max-video-preview:-1\" \/>\n<link rel=\"canonical\" href=\"https:\/\/ifv.vn\/fr\/culture\/mediatheques\/mediatheque-hn\/\" \/>\n<meta property=\"og:locale\" content=\"fr_FR\" \/>\n<meta property=\"og:type\" content=\"article\" \/>\n<meta property=\"og:title\" content=\"M\u00e9diath\u00e8que Hanoi - Vi\u1ec7n Ph\u00e1p t\u1ea1i Vi\u1ec7t Nam | Institut fran\u00e7ais du Vietnam\" \/>\n<meta property=\"og:description\" content=\"[vc_row][vc_column][vc_tta_tabs][vc_tta_section title=&nbsp;&raquo;M\u00e9diath\u00e8que Hanoi&nbsp;&raquo; tab_id=&nbsp;&raquo;1515658922849-4a8f902b-e765&Prime;][vc_wp_text] Elle offre plus de 24\u00a0000 documents sur tous types de supports dans un espace convivial et confortable, ouvert \u00e0 tous. C\u2019est un lieu de vie culturelle, d\u2019acquisition du savoir, un outil de p\u00e9dagogie et de formation, [&hellip;]\" \/>\n<meta property=\"og:url\" content=\"https:\/\/ifv.vn\/fr\/culture\/mediatheques\/mediatheque-hn\/\" \/>\n<meta property=\"og:site_name\" content=\"Vi\u1ec7n Ph\u00e1p t\u1ea1i Vi\u1ec7t Nam | Institut fran\u00e7ais du Vietnam\" \/>\n<meta property=\"article:modified_time\" content=\"2025-06-18T10:24:14+00:00\" \/>\n<meta name=\"twitter:card\" content=\"summary_large_image\" \/>\n<meta name=\"twitter:label1\" content=\"Est. reading time\" \/>\n\t<meta name=\"twitter:data1\" content=\"4 minutes\" \/>\n<script type=\"application\/ld+json\" class=\"yoast-schema-graph\">{\"@context\":\"https:\/\/schema.org\",\"@graph\":[{\"@type\":\"WebPage\",\"@id\":\"https:\/\/ifv.vn\/fr\/culture\/mediatheques\/mediatheque-hn\/\",\"url\":\"https:\/\/ifv.vn\/fr\/culture\/mediatheques\/mediatheque-hn\/\",\"name\":\"M\u00e9diath\u00e8que Hanoi - Vi\u1ec7n Ph\u00e1p t\u1ea1i Vi\u1ec7t Nam | Institut fran\u00e7ais du Vietnam\",\"isPartOf\":{\"@id\":\"https:\/\/ifv.vn\/#website\"},\"datePublished\":\"2017-05-17T07:24:51+00:00\",\"dateModified\":\"2025-06-18T10:24:14+00:00\",\"breadcrumb\":{\"@id\":\"https:\/\/ifv.vn\/fr\/culture\/mediatheques\/mediatheque-hn\/#breadcrumb\"},\"inLanguage\":\"fr-FR\",\"potentialAction\":[{\"@type\":\"ReadAction\",\"target\":[\"https:\/\/ifv.vn\/fr\/culture\/mediatheques\/mediatheque-hn\/\"]}]},{\"@type\":\"BreadcrumbList\",\"@id\":\"https:\/\/ifv.vn\/fr\/culture\/mediatheques\/mediatheque-hn\/#breadcrumb\",\"itemListElement\":[{\"@type\":\"ListItem\",\"position\":1,\"name\":\"Home\",\"item\":\"https:\/\/ifv.vn\/fr\/\"},{\"@type\":\"ListItem\",\"position\":2,\"name\":\"Culture\",\"item\":\"https:\/\/ifv.vn\/fr\/culture\/\"},{\"@type\":\"ListItem\",\"position\":3,\"name\":\"M\u00e9diath\u00e8ques\",\"item\":\"https:\/\/ifv.vn\/fr\/culture\/mediatheques\/\"},{\"@type\":\"ListItem\",\"position\":4,\"name\":\"M\u00e9diath\u00e8que Hanoi\"}]},{\"@type\":\"WebSite\",\"@id\":\"https:\/\/ifv.vn\/#website\",\"url\":\"https:\/\/ifv.vn\/\",\"name\":\"Vi\u1ec7n Ph\u00e1p t\u1ea1i Vi\u1ec7t Nam | Institut fran\u00e7ais du Vietnam\",\"description\":\"\",\"publisher\":{\"@id\":\"https:\/\/ifv.vn\/#organization\"},\"potentialAction\":[{\"@type\":\"SearchAction\",\"target\":{\"@type\":\"EntryPoint\",\"urlTemplate\":\"https:\/\/ifv.vn\/?s={search_term_string}\"},\"query-input\":{\"@type\":\"PropertyValueSpecification\",\"valueRequired\":true,\"valueName\":\"search_term_string\"}}],\"inLanguage\":\"fr-FR\"},{\"@type\":\"Organization\",\"@id\":\"https:\/\/ifv.vn\/#organization\",\"name\":\"Vi\u1ec7n Ph\u00e1p t\u1ea1i Vi\u1ec7t Nam | Institut fran\u00e7ais du Vietnam\",\"url\":\"https:\/\/ifv.vn\/\",\"logo\":{\"@type\":\"ImageObject\",\"inLanguage\":\"fr-FR\",\"@id\":\"https:\/\/ifv.vn\/#\/schema\/logo\/image\/\",\"url\":\"https:\/\/ifv.vn\/wp-content\/uploads\/2025\/10\/cropped-asset-6.png\",\"contentUrl\":\"https:\/\/ifv.vn\/wp-content\/uploads\/2025\/10\/cropped-asset-6.png\",\"width\":248,\"height\":165,\"caption\":\"Vi\u1ec7n Ph\u00e1p t\u1ea1i Vi\u1ec7t Nam | Institut fran\u00e7ais du Vietnam\"},\"image\":{\"@id\":\"https:\/\/ifv.vn\/#\/schema\/logo\/image\/\"}}]}<\/script>\n<!-- \/ Yoast SEO plugin. -->","yoast_head_json":{"title":"M\u00e9diath\u00e8que Hanoi - Vi\u1ec7n Ph\u00e1p t\u1ea1i Vi\u1ec7t Nam | Institut fran\u00e7ais du Vietnam","robots":{"index":"index","follow":"follow","max-snippet":"max-snippet:-1","max-image-preview":"max-image-preview:large","max-video-preview":"max-video-preview:-1"},"canonical":"https:\/\/ifv.vn\/fr\/culture\/mediatheques\/mediatheque-hn\/","og_locale":"fr_FR","og_type":"article","og_title":"M\u00e9diath\u00e8que Hanoi - Vi\u1ec7n Ph\u00e1p t\u1ea1i Vi\u1ec7t Nam | Institut fran\u00e7ais du Vietnam","og_description":"[vc_row][vc_column][vc_tta_tabs][vc_tta_section title=&nbsp;&raquo;M\u00e9diath\u00e8que Hanoi&nbsp;&raquo; tab_id=&nbsp;&raquo;1515658922849-4a8f902b-e765&Prime;][vc_wp_text] Elle offre plus de 24\u00a0000 documents sur tous types de supports dans un espace convivial et confortable, ouvert \u00e0 tous. C\u2019est un lieu de vie culturelle, d\u2019acquisition du savoir, un outil de p\u00e9dagogie et de formation, [&hellip;]","og_url":"https:\/\/ifv.vn\/fr\/culture\/mediatheques\/mediatheque-hn\/","og_site_name":"Vi\u1ec7n Ph\u00e1p t\u1ea1i Vi\u1ec7t Nam | Institut fran\u00e7ais du Vietnam","article_modified_time":"2025-06-18T10:24:14+00:00","twitter_card":"summary_large_image","twitter_misc":{"Est. reading time":"4 minutes"},"schema":{"@context":"https:\/\/schema.org","@graph":[{"@type":"WebPage","@id":"https:\/\/ifv.vn\/fr\/culture\/mediatheques\/mediatheque-hn\/","url":"https:\/\/ifv.vn\/fr\/culture\/mediatheques\/mediatheque-hn\/","name":"M\u00e9diath\u00e8que Hanoi - Vi\u1ec7n Ph\u00e1p t\u1ea1i Vi\u1ec7t Nam | Institut fran\u00e7ais du Vietnam","isPartOf":{"@id":"https:\/\/ifv.vn\/#website"},"datePublished":"2017-05-17T07:24:51+00:00","dateModified":"2025-06-18T10:24:14+00:00","breadcrumb":{"@id":"https:\/\/ifv.vn\/fr\/culture\/mediatheques\/mediatheque-hn\/#breadcrumb"},"inLanguage":"fr-FR","potentialAction":[{"@type":"ReadAction","target":["https:\/\/ifv.vn\/fr\/culture\/mediatheques\/mediatheque-hn\/"]}]},{"@type":"BreadcrumbList","@id":"https:\/\/ifv.vn\/fr\/culture\/mediatheques\/mediatheque-hn\/#breadcrumb","itemListElement":[{"@type":"ListItem","position":1,"name":"Home","item":"https:\/\/ifv.vn\/fr\/"},{"@type":"ListItem","position":2,"name":"Culture","item":"https:\/\/ifv.vn\/fr\/culture\/"},{"@type":"ListItem","position":3,"name":"M\u00e9diath\u00e8ques","item":"https:\/\/ifv.vn\/fr\/culture\/mediatheques\/"},{"@type":"ListItem","position":4,"name":"M\u00e9diath\u00e8que Hanoi"}]},{"@type":"WebSite","@id":"https:\/\/ifv.vn\/#website","url":"https:\/\/ifv.vn\/","name":"Vi\u1ec7n Ph\u00e1p t\u1ea1i Vi\u1ec7t Nam | Institut fran\u00e7ais du Vietnam","description":"","publisher":{"@id":"https:\/\/ifv.vn\/#organization"},"potentialAction":[{"@type":"SearchAction","target":{"@type":"EntryPoint","urlTemplate":"https:\/\/ifv.vn\/?s={search_term_string}"},"query-input":{"@type":"PropertyValueSpecification","valueRequired":true,"valueName":"search_term_string"}}],"inLanguage":"fr-FR"},{"@type":"Organization","@id":"https:\/\/ifv.vn\/#organization","name":"Vi\u1ec7n Ph\u00e1p t\u1ea1i Vi\u1ec7t Nam | Institut fran\u00e7ais du Vietnam","url":"https:\/\/ifv.vn\/","logo":{"@type":"ImageObject","inLanguage":"fr-FR","@id":"https:\/\/ifv.vn\/#\/schema\/logo\/image\/","url":"https:\/\/ifv.vn\/wp-content\/uploads\/2025\/10\/cropped-asset-6.png","contentUrl":"https:\/\/ifv.vn\/wp-content\/uploads\/2025\/10\/cropped-asset-6.png","width":248,"height":165,"caption":"Vi\u1ec7n Ph\u00e1p t\u1ea1i Vi\u1ec7t Nam | Institut fran\u00e7ais du Vietnam"},"image":{"@id":"https:\/\/ifv.vn\/#\/schema\/logo\/image\/"}}]}},"_links":{"self":[{"href":"https:\/\/ifv.vn\/fr\/wp-json\/wp\/v2\/pages\/851"}],"collection":[{"href":"https:\/\/ifv.vn\/fr\/wp-json\/wp\/v2\/pages"}],"about":[{"href":"https:\/\/ifv.vn\/fr\/wp-json\/wp\/v2\/types\/page"}],"author":[{"embeddable":true,"href":"https:\/\/ifv.vn\/fr\/wp-json\/wp\/v2\/users\/1"}],"replies":[{"embeddable":true,"href":"https:\/\/ifv.vn\/fr\/wp-json\/wp\/v2\/comments?post=851"}],"version-history":[{"count":9,"href":"https:\/\/ifv.vn\/fr\/wp-json\/wp\/v2\/pages\/851\/revisions"}],"predecessor-version":[{"id":23552,"href":"https:\/\/ifv.vn\/fr\/wp-json\/wp\/v2\/pages\/851\/revisions\/23552"}],"up":[{"embeddable":true,"href":"https:\/\/ifv.vn\/fr\/wp-json\/wp\/v2\/pages\/743"}],"wp:attachment":[{"href":"https:\/\/ifv.vn\/fr\/wp-json\/wp\/v2\/media?parent=851"}],"curies":[{"name":"wp","href":"https:\/\/api.w.org\/{rel}","templated":true}]}}