{"id":858,"date":"2017-05-17T14:29:55","date_gmt":"2017-05-17T07:29:55","guid":{"rendered":"https:\/\/ifv.vn\/?page_id=858"},"modified":"2026-01-20T11:42:19","modified_gmt":"2026-01-20T04:42:19","slug":"autres-tests-et-examens","status":"publish","type":"page","link":"https:\/\/ifv.vn\/fr\/francais\/examens-certifications\/autres-tests-et-examens\/","title":{"rendered":"Autres tests et examents"},"content":{"rendered":"<div class=\"wpb-content-wrapper\"><p>[vc_row][vc_column][vc_tta_tabs][vc_tta_section title=&nbsp;&raquo;DAEFLE&nbsp;&raquo; tab_id=&nbsp;&raquo;1523462403835-d1af957c-0611&Prime;][vc_wp_text]<\/p>\n<p style=\"text-align: justify;\">Le Dipl\u00f4me d\u2019Aptitude \u00e0 l\u2019Enseignant du Fran\u00e7ais est un dipl\u00f4me d\u00e9livr\u00e9 par l\u2019Alliance fran\u00e7aise de Paris pour les futurs professeurs de Fran\u00e7ais Langue Etrang\u00e8re.<\/p>\n<p style=\"text-align: justify;\">En formation initiale ou continue, le DAEFLE s\u2019effectue \u00e0 distance. Les contenus sont orient\u00e9s vers la pratique de classe\u00a0: les cours alternent entre des lectures th\u00e9oriques, des activit\u00e9s \u00e0 partir de documents et des exercices d\u2019application. La pr\u00e9paration se fait par le biais du CNED (Centre National d\u2019Enseignement \u00e0 Distance).<\/p>\n<p style=\"text-align: justify;\">Pour plus d\u2019informations, consulter les pages d\u00e9di\u00e9es au DAEFLE sur le site de l\u2019<a href=\"http:\/\/www.alliancefr.org\/enseignants-fle\/formations\/daefle\" target=\"_blank\" rel=\"nofollow noopener\">Alliance fran\u00e7aise de Paris<\/a> et du <a href=\"http:\/\/www.cned.fr\/inscription\/8fleddix\/\" target=\"_blank\" rel=\"nofollow noopener\">CNED<\/a>.<\/p>\n<p style=\"text-align: justify;\">En tant que centre d\u2019examen, l\u2019Institut Fran\u00e7ais du Vietnam accueille les candidats d\u00e9sirant passer l\u2019examen final.<\/p>\n<p><strong>Contact :<\/strong><\/p>\n<ul>\n<li><strong>Hanoi :\u00a0<\/strong>examen@ifv.vn<\/li>\n<\/ul>\n<ul>\n<li><strong><strong>Ho Chi Minh-Ville :\u00a0<\/strong><\/strong><a href=\"mailto:le.kim.ngan@institutfrancais-vietnam.com\">le.kim.ngan@ifv.vn <\/a>&#8211; (028) 38 27 43 54<\/li>\n<\/ul>\n<p>[\/vc_wp_text][\/vc_tta_section][vc_tta_section title=&nbsp;&raquo;Examens \u00e0 distance&nbsp;&raquo; tab_id=&nbsp;&raquo;1523462403885-e93dd436-3946&Prime;][vc_wp_text]<\/p>\n<p style=\"text-align: justify;\">Passez vos examens au Vietnam dans le cadre de vos \u00e9tudes \u00e0 distance.<\/p>\n<p style=\"text-align: justify;\">L\u2019Institut fran\u00e7ais du Vietnam a \u00e9tabli des partenariats avec des universit\u00e9s fran\u00e7aises pour permettre aux personnes effectuant des \u00e9tudes \u00e0 distance et r\u00e9sidant au Vietnam ou dans un pays de la r\u00e9gion, de passer leurs examens au Vietnam<\/p>\n<p style=\"text-align: justify;\">Si l\u2019organisme qui g\u00e8re vos \u00e9tudes ou formation \u00e0 distance autorise la d\u00e9localisation de la passation des examens en pr\u00e9sentiel, n\u2019h\u00e9sitez pas \u00e0 nous contacter. Il convient de nous contacter le plus t\u00f4t possible afin que nous puissions \u00e9tablir le partenariat avec votre \u00e9tablissement dans le respect des proc\u00e9dures exigeantes encadrant la passation d\u2019examens officiels.<\/p>\n<p>[\/vc_wp_text][\/vc_tta_section][vc_tta_section title=&nbsp;&raquo;Score IAE-MESSAGE&nbsp;&raquo; tab_id=&nbsp;&raquo;1614229153892-434bbcfb-1608&Prime;][vc_wp_text]<\/p>\n<p style=\"text-align: justify;\"><strong>Le Score IAE-MESSAGE<\/strong> mesure les aptitudes des candidats dans 4 domaines fondamentaux pour de futurs managers. Il constitue un \u00e9l\u00e9ment d&rsquo;appr\u00e9ciation du dossier de candidature \u00e0 une formation universitaire en management. Il peut \u00eatre exig\u00e9 \u00e0 l&rsquo;entr\u00e9e en 3\u00e8me ann\u00e9e de licence ou en master (M1 ou M2). Le Score est constitu\u00e9 d&rsquo;une s\u00e9rie de questions auxquelles le candidat doit r\u00e9pondre dans un temps imparti. Le Score IAE-MESSAGE se compose de 4 \u00e9preuves pour une dur\u00e9e totale de 3h.<\/p>\n<p style=\"text-align: justify;\">&#8211; Culture g\u00e9n\u00e9rale, \u00e9conomique et manag\u00e9riale<\/p>\n<p style=\"text-align: justify;\">&#8211; Compr\u00e9hension et expression \u00e9crite en fran\u00e7ais<\/p>\n<p style=\"text-align: justify;\">&#8211; Raisonnement logique et num\u00e9rique<\/p>\n<p style=\"text-align: justify;\">&#8211; Compr\u00e9hension et expression \u00e9crite en anglais<\/p>\n<p style=\"text-align: justify;\"><strong>Date de passation et d\u2019inscription :<\/strong><\/p>\n<p style=\"text-align: justify;\"><strong>Centres d&rsquo;examen<\/strong> : IF Hanoi et HCMV<\/p>\n<p style=\"text-align: justify;\"><strong>Renseignements et inscriptions<\/strong> : <a href=\"http:\/\/www.iae-message.fr\/\">www.iae-message.fr\/<\/a><\/p>\n<p>[\/vc_wp_text][vc_wp_text][\/vc_wp_text][\/vc_tta_section][\/vc_tta_tabs][vc_raw_html]JTVCYWVjX2V4YW1pbmF0aW9uX2xpc3QlMjBleGFtaW5hdGlvbi10eXBlLWlkcyUzRCUyMjM4MSU3QzM5MSUyMiU1RA==[\/vc_raw_html][\/vc_column][\/vc_row][vc_row][vc_column][\/vc_column][\/vc_row]<\/p>\n<\/div>","protected":false},"excerpt":{"rendered":"[vc_row][vc_column][vc_tta_tabs][vc_tta_section title=\"DAEFLE\" tab_id=\"1523462403835-d1af957c-0611\"][vc_wp_text] Le Dipl\u00f4me d\u2019Aptitude \u00e0 l\u2019Enseignant du Fran\u00e7ais est un dipl\u00f4me d\u00e9livr\u00e9 par l\u2019Alliance fran\u00e7aise de Paris pour les futurs professeurs de Fran\u00e7ais Langue Etrang\u00e8re. En formation initiale ou continue, le DAEFLE s\u2019effectue \u00e0 distance. Les contenus sont [...]","protected":false},"author":1,"featured_media":0,"parent":756,"menu_order":0,"comment_status":"open","ping_status":"closed","template":"page-static.php","meta":{"footnotes":""},"class_list":["post-858","page","type-page","status-publish","hentry"],"acf":[],"yoast_head":"<!-- This site is optimized with the Yoast SEO plugin v25.3.1 - https:\/\/yoast.com\/wordpress\/plugins\/seo\/ -->\n<title>Autres tests et examents - Vi\u1ec7n Ph\u00e1p t\u1ea1i Vi\u1ec7t Nam | Institut fran\u00e7ais du Vietnam<\/title>\n<meta name=\"robots\" content=\"index, follow, max-snippet:-1, max-image-preview:large, max-video-preview:-1\" \/>\n<link rel=\"canonical\" href=\"https:\/\/ifv.vn\/fr\/francais\/examens-certifications\/autres-tests-et-examens\/\" \/>\n<meta property=\"og:locale\" content=\"fr_FR\" \/>\n<meta property=\"og:type\" content=\"article\" \/>\n<meta property=\"og:title\" content=\"Autres tests et examents - Vi\u1ec7n Ph\u00e1p t\u1ea1i Vi\u1ec7t Nam | Institut fran\u00e7ais du Vietnam\" \/>\n<meta property=\"og:description\" content=\"[vc_row][vc_column][vc_tta_tabs][vc_tta_section title=&nbsp;&raquo;DAEFLE&nbsp;&raquo; tab_id=&nbsp;&raquo;1523462403835-d1af957c-0611&Prime;][vc_wp_text] Le Dipl\u00f4me d\u2019Aptitude \u00e0 l\u2019Enseignant du Fran\u00e7ais est un dipl\u00f4me d\u00e9livr\u00e9 par l\u2019Alliance fran\u00e7aise de Paris pour les futurs professeurs de Fran\u00e7ais Langue Etrang\u00e8re. En formation initiale ou continue, le DAEFLE s\u2019effectue \u00e0 distance. Les contenus sont [&hellip;]\" \/>\n<meta property=\"og:url\" content=\"https:\/\/ifv.vn\/fr\/francais\/examens-certifications\/autres-tests-et-examens\/\" \/>\n<meta property=\"og:site_name\" content=\"Vi\u1ec7n Ph\u00e1p t\u1ea1i Vi\u1ec7t Nam | Institut fran\u00e7ais du Vietnam\" \/>\n<meta property=\"article:modified_time\" content=\"2026-01-20T04:42:19+00:00\" \/>\n<meta name=\"twitter:card\" content=\"summary_large_image\" \/>\n<meta name=\"twitter:label1\" content=\"Est. reading time\" \/>\n\t<meta name=\"twitter:data1\" content=\"2 minutes\" \/>\n<script type=\"application\/ld+json\" class=\"yoast-schema-graph\">{\"@context\":\"https:\/\/schema.org\",\"@graph\":[{\"@type\":\"WebPage\",\"@id\":\"https:\/\/ifv.vn\/fr\/francais\/examens-certifications\/autres-tests-et-examens\/\",\"url\":\"https:\/\/ifv.vn\/fr\/francais\/examens-certifications\/autres-tests-et-examens\/\",\"name\":\"Autres tests et examents - Vi\u1ec7n Ph\u00e1p t\u1ea1i Vi\u1ec7t Nam | Institut fran\u00e7ais du Vietnam\",\"isPartOf\":{\"@id\":\"https:\/\/ifv.vn\/#website\"},\"datePublished\":\"2017-05-17T07:29:55+00:00\",\"dateModified\":\"2026-01-20T04:42:19+00:00\",\"breadcrumb\":{\"@id\":\"https:\/\/ifv.vn\/fr\/francais\/examens-certifications\/autres-tests-et-examens\/#breadcrumb\"},\"inLanguage\":\"fr-FR\",\"potentialAction\":[{\"@type\":\"ReadAction\",\"target\":[\"https:\/\/ifv.vn\/fr\/francais\/examens-certifications\/autres-tests-et-examens\/\"]}]},{\"@type\":\"BreadcrumbList\",\"@id\":\"https:\/\/ifv.vn\/fr\/francais\/examens-certifications\/autres-tests-et-examens\/#breadcrumb\",\"itemListElement\":[{\"@type\":\"ListItem\",\"position\":1,\"name\":\"Home\",\"item\":\"https:\/\/ifv.vn\/fr\/\"},{\"@type\":\"ListItem\",\"position\":2,\"name\":\"Fran\u00e7ais\",\"item\":\"https:\/\/ifv.vn\/fr\/francais\/\"},{\"@type\":\"ListItem\",\"position\":3,\"name\":\"Examens &#038; certifications\",\"item\":\"https:\/\/ifv.vn\/fr\/francais\/examens-certifications\/\"},{\"@type\":\"ListItem\",\"position\":4,\"name\":\"Autres tests et examents\"}]},{\"@type\":\"WebSite\",\"@id\":\"https:\/\/ifv.vn\/#website\",\"url\":\"https:\/\/ifv.vn\/\",\"name\":\"Vi\u1ec7n Ph\u00e1p t\u1ea1i Vi\u1ec7t Nam | Institut fran\u00e7ais du Vietnam\",\"description\":\"\",\"publisher\":{\"@id\":\"https:\/\/ifv.vn\/#organization\"},\"potentialAction\":[{\"@type\":\"SearchAction\",\"target\":{\"@type\":\"EntryPoint\",\"urlTemplate\":\"https:\/\/ifv.vn\/?s={search_term_string}\"},\"query-input\":{\"@type\":\"PropertyValueSpecification\",\"valueRequired\":true,\"valueName\":\"search_term_string\"}}],\"inLanguage\":\"fr-FR\"},{\"@type\":\"Organization\",\"@id\":\"https:\/\/ifv.vn\/#organization\",\"name\":\"Vi\u1ec7n Ph\u00e1p t\u1ea1i Vi\u1ec7t Nam | Institut fran\u00e7ais du Vietnam\",\"url\":\"https:\/\/ifv.vn\/\",\"logo\":{\"@type\":\"ImageObject\",\"inLanguage\":\"fr-FR\",\"@id\":\"https:\/\/ifv.vn\/#\/schema\/logo\/image\/\",\"url\":\"https:\/\/ifv.vn\/wp-content\/uploads\/2025\/10\/cropped-asset-6.png\",\"contentUrl\":\"https:\/\/ifv.vn\/wp-content\/uploads\/2025\/10\/cropped-asset-6.png\",\"width\":248,\"height\":165,\"caption\":\"Vi\u1ec7n Ph\u00e1p t\u1ea1i Vi\u1ec7t Nam | Institut fran\u00e7ais du Vietnam\"},\"image\":{\"@id\":\"https:\/\/ifv.vn\/#\/schema\/logo\/image\/\"}}]}<\/script>\n<!-- \/ Yoast SEO plugin. -->","yoast_head_json":{"title":"Autres tests et examents - Vi\u1ec7n Ph\u00e1p t\u1ea1i Vi\u1ec7t Nam | Institut fran\u00e7ais du Vietnam","robots":{"index":"index","follow":"follow","max-snippet":"max-snippet:-1","max-image-preview":"max-image-preview:large","max-video-preview":"max-video-preview:-1"},"canonical":"https:\/\/ifv.vn\/fr\/francais\/examens-certifications\/autres-tests-et-examens\/","og_locale":"fr_FR","og_type":"article","og_title":"Autres tests et examents - Vi\u1ec7n Ph\u00e1p t\u1ea1i Vi\u1ec7t Nam | Institut fran\u00e7ais du Vietnam","og_description":"[vc_row][vc_column][vc_tta_tabs][vc_tta_section title=&nbsp;&raquo;DAEFLE&nbsp;&raquo; tab_id=&nbsp;&raquo;1523462403835-d1af957c-0611&Prime;][vc_wp_text] Le Dipl\u00f4me d\u2019Aptitude \u00e0 l\u2019Enseignant du Fran\u00e7ais est un dipl\u00f4me d\u00e9livr\u00e9 par l\u2019Alliance fran\u00e7aise de Paris pour les futurs professeurs de Fran\u00e7ais Langue Etrang\u00e8re. En formation initiale ou continue, le DAEFLE s\u2019effectue \u00e0 distance. Les contenus sont [&hellip;]","og_url":"https:\/\/ifv.vn\/fr\/francais\/examens-certifications\/autres-tests-et-examens\/","og_site_name":"Vi\u1ec7n Ph\u00e1p t\u1ea1i Vi\u1ec7t Nam | Institut fran\u00e7ais du Vietnam","article_modified_time":"2026-01-20T04:42:19+00:00","twitter_card":"summary_large_image","twitter_misc":{"Est. reading time":"2 minutes"},"schema":{"@context":"https:\/\/schema.org","@graph":[{"@type":"WebPage","@id":"https:\/\/ifv.vn\/fr\/francais\/examens-certifications\/autres-tests-et-examens\/","url":"https:\/\/ifv.vn\/fr\/francais\/examens-certifications\/autres-tests-et-examens\/","name":"Autres tests et examents - Vi\u1ec7n Ph\u00e1p t\u1ea1i Vi\u1ec7t Nam | Institut fran\u00e7ais du Vietnam","isPartOf":{"@id":"https:\/\/ifv.vn\/#website"},"datePublished":"2017-05-17T07:29:55+00:00","dateModified":"2026-01-20T04:42:19+00:00","breadcrumb":{"@id":"https:\/\/ifv.vn\/fr\/francais\/examens-certifications\/autres-tests-et-examens\/#breadcrumb"},"inLanguage":"fr-FR","potentialAction":[{"@type":"ReadAction","target":["https:\/\/ifv.vn\/fr\/francais\/examens-certifications\/autres-tests-et-examens\/"]}]},{"@type":"BreadcrumbList","@id":"https:\/\/ifv.vn\/fr\/francais\/examens-certifications\/autres-tests-et-examens\/#breadcrumb","itemListElement":[{"@type":"ListItem","position":1,"name":"Home","item":"https:\/\/ifv.vn\/fr\/"},{"@type":"ListItem","position":2,"name":"Fran\u00e7ais","item":"https:\/\/ifv.vn\/fr\/francais\/"},{"@type":"ListItem","position":3,"name":"Examens &#038; certifications","item":"https:\/\/ifv.vn\/fr\/francais\/examens-certifications\/"},{"@type":"ListItem","position":4,"name":"Autres tests et examents"}]},{"@type":"WebSite","@id":"https:\/\/ifv.vn\/#website","url":"https:\/\/ifv.vn\/","name":"Vi\u1ec7n Ph\u00e1p t\u1ea1i Vi\u1ec7t Nam | Institut fran\u00e7ais du Vietnam","description":"","publisher":{"@id":"https:\/\/ifv.vn\/#organization"},"potentialAction":[{"@type":"SearchAction","target":{"@type":"EntryPoint","urlTemplate":"https:\/\/ifv.vn\/?s={search_term_string}"},"query-input":{"@type":"PropertyValueSpecification","valueRequired":true,"valueName":"search_term_string"}}],"inLanguage":"fr-FR"},{"@type":"Organization","@id":"https:\/\/ifv.vn\/#organization","name":"Vi\u1ec7n Ph\u00e1p t\u1ea1i Vi\u1ec7t Nam | Institut fran\u00e7ais du Vietnam","url":"https:\/\/ifv.vn\/","logo":{"@type":"ImageObject","inLanguage":"fr-FR","@id":"https:\/\/ifv.vn\/#\/schema\/logo\/image\/","url":"https:\/\/ifv.vn\/wp-content\/uploads\/2025\/10\/cropped-asset-6.png","contentUrl":"https:\/\/ifv.vn\/wp-content\/uploads\/2025\/10\/cropped-asset-6.png","width":248,"height":165,"caption":"Vi\u1ec7n Ph\u00e1p t\u1ea1i Vi\u1ec7t Nam | Institut fran\u00e7ais du Vietnam"},"image":{"@id":"https:\/\/ifv.vn\/#\/schema\/logo\/image\/"}}]}},"_links":{"self":[{"href":"https:\/\/ifv.vn\/fr\/wp-json\/wp\/v2\/pages\/858"}],"collection":[{"href":"https:\/\/ifv.vn\/fr\/wp-json\/wp\/v2\/pages"}],"about":[{"href":"https:\/\/ifv.vn\/fr\/wp-json\/wp\/v2\/types\/page"}],"author":[{"embeddable":true,"href":"https:\/\/ifv.vn\/fr\/wp-json\/wp\/v2\/users\/1"}],"replies":[{"embeddable":true,"href":"https:\/\/ifv.vn\/fr\/wp-json\/wp\/v2\/comments?post=858"}],"version-history":[{"count":18,"href":"https:\/\/ifv.vn\/fr\/wp-json\/wp\/v2\/pages\/858\/revisions"}],"predecessor-version":[{"id":25053,"href":"https:\/\/ifv.vn\/fr\/wp-json\/wp\/v2\/pages\/858\/revisions\/25053"}],"up":[{"embeddable":true,"href":"https:\/\/ifv.vn\/fr\/wp-json\/wp\/v2\/pages\/756"}],"wp:attachment":[{"href":"https:\/\/ifv.vn\/fr\/wp-json\/wp\/v2\/media?parent=858"}],"curies":[{"name":"wp","href":"https:\/\/api.w.org\/{rel}","templated":true}]}}