{"id":859,"date":"2017-05-17T14:28:49","date_gmt":"2017-05-17T07:28:49","guid":{"rendered":"https:\/\/ifv.vn\/?page_id=859"},"modified":"2026-01-20T11:49:03","modified_gmt":"2026-01-20T04:49:03","slug":"quel-diplome-pour-qui","status":"publish","type":"page","link":"https:\/\/ifv.vn\/fr\/francais\/examens-certifications\/quel-diplome-pour-qui\/","title":{"rendered":"Quel dipl\u00f4me pour qui ?"},"content":{"rendered":"<div class=\"wpb-content-wrapper\"><p>[vc_row][vc_column][vc_column_text]<\/p>\n<h2 style=\"text-align: justify;\"><span style=\"color: #3a6f8f;\">Quel dipl\u00f4me pour qui ?<\/span><\/h2>\n<p style=\"text-align: justify;\">Vous souhaitez valider vos comp\u00e9tences en langue fran\u00e7aise en obtenant des dipl\u00f4mes et des certifications officiels ?<\/p>\n<p style=\"text-align: justify;\">Le service des examens de l\u2019Institut fran\u00e7ais du Vietnam vous propose une gamme de dipl\u00f4mes et de certifications adapt\u00e9e \u00e0 vos besoins\u00a0:<\/p>\n<ul>\n<li style=\"text-align: justify;\">Pour valider votre niveau de langue, vous pouvez passer un\u00a0Dipl\u00f4me d\u2019Etudes en Langue Fran\u00e7aise (DELF) ou un Dipl\u00f4me Approfondi de Langue Fran\u00e7aise (DALF).<\/li>\n<li style=\"text-align: justify;\">L\u2019Institut fran\u00e7ais du Vietnam propose la passation de trois versions du DELF, ainsi que la passation du DALF\u00a0:\n<ul style=\"list-style-type: circle;\">\n<li style=\"text-align: justify;\">Le DELF Tous Publics\u00a0: pour les adultes.<\/li>\n<li style=\"text-align: justify;\">Le DALF\u00a0: pour les adultes.<\/li>\n<li style=\"text-align: justify;\">Le\u00a0DELF Junior\u00a0: pour les adolescents de 13 \u00e0 18 ans.<\/li>\n<li style=\"text-align: justify;\">Le\u00a0DELF Prim\u00a0: pour les enfants de 7 \u00e0 12 ans.<\/li>\n<\/ul>\n<\/li>\n<li style=\"text-align: justify;\">Pour tester votre niveau de fran\u00e7ais et obtenir une attestation officielle, vous pouvez passer un\u00a0TCF (Test de Connaissance du Fran\u00e7ais).<\/li>\n<li style=\"text-align: justify;\">Vous avez \u00e9galement la possibilit\u00e9 de passer le dipl\u00f4me de fran\u00e7ais professionnel dans 4 domaines\u00a0: Tourisme-H\u00f4tellerie, Sant\u00e9, Affaires et Relations Internationales.<\/li>\n<li style=\"text-align: justify;\">Vous souhaitez tester votre niveau de langue ou vous pr\u00e9parer aux examens DELF-DALF\u00a0? Vous avez la possibilit\u00e9 de passer des\u00a0examens blancs de type DELF-DALF ou des tests de niveau.<\/li>\n<li style=\"text-align: justify;\">Vous souhaitez obtenir un dipl\u00f4me fran\u00e7ais tout en vivant au Vietnam\u00a0? Vous avez la possibilit\u00e9 de vous engager dans des \u00e9tudes \u00e0 distance et de passer\u00a0vos examens au Vietnam.<\/li>\n<li style=\"text-align: justify;\">Le\u00a0DAEFLE\u00a0(Dipl\u00f4me d\u2019Aptitude \u00e0 l\u2019Enseignant du Fran\u00e7ais) est un dipl\u00f4me d\u00e9livr\u00e9 par l\u2019Alliance fran\u00e7aise de Paris pour les futurs professeurs de Fran\u00e7ais Langue Etrang\u00e8re.<\/li>\n<\/ul>\n<p>&nbsp;<\/p>\n<p>[\/vc_column_text][\/vc_column][\/vc_row][vc_row][vc_column][\/vc_column][\/vc_row]<\/p>\n<\/div>","protected":false},"excerpt":{"rendered":"[vc_row][vc_column][vc_column_text] Quel dipl\u00f4me pour qui ? Vous souhaitez valider vos comp\u00e9tences en langue fran\u00e7aise en obtenant des dipl\u00f4mes et des certifications officiels ? Le service des examens de l\u2019Institut fran\u00e7ais du Vietnam vous propose une gamme de dipl\u00f4mes et de [...]","protected":false},"author":1,"featured_media":0,"parent":756,"menu_order":0,"comment_status":"open","ping_status":"closed","template":"page-static.php","meta":{"footnotes":""},"class_list":["post-859","page","type-page","status-publish","hentry"],"acf":[],"yoast_head":"<!-- This site is optimized with the Yoast SEO plugin v25.3.1 - https:\/\/yoast.com\/wordpress\/plugins\/seo\/ -->\n<title>Quel dipl\u00f4me pour qui ? - Vi\u1ec7n Ph\u00e1p t\u1ea1i Vi\u1ec7t Nam | Institut fran\u00e7ais du Vietnam<\/title>\n<meta name=\"robots\" content=\"index, follow, max-snippet:-1, max-image-preview:large, max-video-preview:-1\" \/>\n<link rel=\"canonical\" href=\"https:\/\/ifv.vn\/fr\/francais\/examens-certifications\/quel-diplome-pour-qui\/\" \/>\n<meta property=\"og:locale\" content=\"fr_FR\" \/>\n<meta property=\"og:type\" content=\"article\" \/>\n<meta property=\"og:title\" content=\"Quel dipl\u00f4me pour qui ? - Vi\u1ec7n Ph\u00e1p t\u1ea1i Vi\u1ec7t Nam | Institut fran\u00e7ais du Vietnam\" \/>\n<meta property=\"og:description\" content=\"[vc_row][vc_column][vc_column_text] Quel dipl\u00f4me pour qui ? Vous souhaitez valider vos comp\u00e9tences en langue fran\u00e7aise en obtenant des dipl\u00f4mes et des certifications officiels ? Le service des examens de l\u2019Institut fran\u00e7ais du Vietnam vous propose une gamme de dipl\u00f4mes et de [&hellip;]\" \/>\n<meta property=\"og:url\" content=\"https:\/\/ifv.vn\/fr\/francais\/examens-certifications\/quel-diplome-pour-qui\/\" \/>\n<meta property=\"og:site_name\" content=\"Vi\u1ec7n Ph\u00e1p t\u1ea1i Vi\u1ec7t Nam | Institut fran\u00e7ais du Vietnam\" \/>\n<meta property=\"article:modified_time\" content=\"2026-01-20T04:49:03+00:00\" \/>\n<meta name=\"twitter:card\" content=\"summary_large_image\" \/>\n<meta name=\"twitter:label1\" content=\"Est. reading time\" \/>\n\t<meta name=\"twitter:data1\" content=\"2 minutes\" \/>\n<script type=\"application\/ld+json\" class=\"yoast-schema-graph\">{\"@context\":\"https:\/\/schema.org\",\"@graph\":[{\"@type\":\"WebPage\",\"@id\":\"https:\/\/ifv.vn\/fr\/francais\/examens-certifications\/quel-diplome-pour-qui\/\",\"url\":\"https:\/\/ifv.vn\/fr\/francais\/examens-certifications\/quel-diplome-pour-qui\/\",\"name\":\"Quel dipl\u00f4me pour qui ? - Vi\u1ec7n Ph\u00e1p t\u1ea1i Vi\u1ec7t Nam | Institut fran\u00e7ais du Vietnam\",\"isPartOf\":{\"@id\":\"https:\/\/ifv.vn\/#website\"},\"datePublished\":\"2017-05-17T07:28:49+00:00\",\"dateModified\":\"2026-01-20T04:49:03+00:00\",\"breadcrumb\":{\"@id\":\"https:\/\/ifv.vn\/fr\/francais\/examens-certifications\/quel-diplome-pour-qui\/#breadcrumb\"},\"inLanguage\":\"fr-FR\",\"potentialAction\":[{\"@type\":\"ReadAction\",\"target\":[\"https:\/\/ifv.vn\/fr\/francais\/examens-certifications\/quel-diplome-pour-qui\/\"]}]},{\"@type\":\"BreadcrumbList\",\"@id\":\"https:\/\/ifv.vn\/fr\/francais\/examens-certifications\/quel-diplome-pour-qui\/#breadcrumb\",\"itemListElement\":[{\"@type\":\"ListItem\",\"position\":1,\"name\":\"Home\",\"item\":\"https:\/\/ifv.vn\/fr\/\"},{\"@type\":\"ListItem\",\"position\":2,\"name\":\"Fran\u00e7ais\",\"item\":\"https:\/\/ifv.vn\/fr\/francais\/\"},{\"@type\":\"ListItem\",\"position\":3,\"name\":\"Examens &#038; certifications\",\"item\":\"https:\/\/ifv.vn\/fr\/francais\/examens-certifications\/\"},{\"@type\":\"ListItem\",\"position\":4,\"name\":\"Quel dipl\u00f4me pour qui ?\"}]},{\"@type\":\"WebSite\",\"@id\":\"https:\/\/ifv.vn\/#website\",\"url\":\"https:\/\/ifv.vn\/\",\"name\":\"Vi\u1ec7n Ph\u00e1p t\u1ea1i Vi\u1ec7t Nam | Institut fran\u00e7ais du Vietnam\",\"description\":\"\",\"publisher\":{\"@id\":\"https:\/\/ifv.vn\/#organization\"},\"potentialAction\":[{\"@type\":\"SearchAction\",\"target\":{\"@type\":\"EntryPoint\",\"urlTemplate\":\"https:\/\/ifv.vn\/?s={search_term_string}\"},\"query-input\":{\"@type\":\"PropertyValueSpecification\",\"valueRequired\":true,\"valueName\":\"search_term_string\"}}],\"inLanguage\":\"fr-FR\"},{\"@type\":\"Organization\",\"@id\":\"https:\/\/ifv.vn\/#organization\",\"name\":\"Vi\u1ec7n Ph\u00e1p t\u1ea1i Vi\u1ec7t Nam | Institut fran\u00e7ais du Vietnam\",\"url\":\"https:\/\/ifv.vn\/\",\"logo\":{\"@type\":\"ImageObject\",\"inLanguage\":\"fr-FR\",\"@id\":\"https:\/\/ifv.vn\/#\/schema\/logo\/image\/\",\"url\":\"https:\/\/ifv.vn\/wp-content\/uploads\/2025\/10\/cropped-asset-6.png\",\"contentUrl\":\"https:\/\/ifv.vn\/wp-content\/uploads\/2025\/10\/cropped-asset-6.png\",\"width\":248,\"height\":165,\"caption\":\"Vi\u1ec7n Ph\u00e1p t\u1ea1i Vi\u1ec7t Nam | Institut fran\u00e7ais du Vietnam\"},\"image\":{\"@id\":\"https:\/\/ifv.vn\/#\/schema\/logo\/image\/\"}}]}<\/script>\n<!-- \/ Yoast SEO plugin. -->","yoast_head_json":{"title":"Quel dipl\u00f4me pour qui ? - Vi\u1ec7n Ph\u00e1p t\u1ea1i Vi\u1ec7t Nam | Institut fran\u00e7ais du Vietnam","robots":{"index":"index","follow":"follow","max-snippet":"max-snippet:-1","max-image-preview":"max-image-preview:large","max-video-preview":"max-video-preview:-1"},"canonical":"https:\/\/ifv.vn\/fr\/francais\/examens-certifications\/quel-diplome-pour-qui\/","og_locale":"fr_FR","og_type":"article","og_title":"Quel dipl\u00f4me pour qui ? - Vi\u1ec7n Ph\u00e1p t\u1ea1i Vi\u1ec7t Nam | Institut fran\u00e7ais du Vietnam","og_description":"[vc_row][vc_column][vc_column_text] Quel dipl\u00f4me pour qui ? Vous souhaitez valider vos comp\u00e9tences en langue fran\u00e7aise en obtenant des dipl\u00f4mes et des certifications officiels ? Le service des examens de l\u2019Institut fran\u00e7ais du Vietnam vous propose une gamme de dipl\u00f4mes et de [&hellip;]","og_url":"https:\/\/ifv.vn\/fr\/francais\/examens-certifications\/quel-diplome-pour-qui\/","og_site_name":"Vi\u1ec7n Ph\u00e1p t\u1ea1i Vi\u1ec7t Nam | Institut fran\u00e7ais du Vietnam","article_modified_time":"2026-01-20T04:49:03+00:00","twitter_card":"summary_large_image","twitter_misc":{"Est. reading time":"2 minutes"},"schema":{"@context":"https:\/\/schema.org","@graph":[{"@type":"WebPage","@id":"https:\/\/ifv.vn\/fr\/francais\/examens-certifications\/quel-diplome-pour-qui\/","url":"https:\/\/ifv.vn\/fr\/francais\/examens-certifications\/quel-diplome-pour-qui\/","name":"Quel dipl\u00f4me pour qui ? - Vi\u1ec7n Ph\u00e1p t\u1ea1i Vi\u1ec7t Nam | Institut fran\u00e7ais du Vietnam","isPartOf":{"@id":"https:\/\/ifv.vn\/#website"},"datePublished":"2017-05-17T07:28:49+00:00","dateModified":"2026-01-20T04:49:03+00:00","breadcrumb":{"@id":"https:\/\/ifv.vn\/fr\/francais\/examens-certifications\/quel-diplome-pour-qui\/#breadcrumb"},"inLanguage":"fr-FR","potentialAction":[{"@type":"ReadAction","target":["https:\/\/ifv.vn\/fr\/francais\/examens-certifications\/quel-diplome-pour-qui\/"]}]},{"@type":"BreadcrumbList","@id":"https:\/\/ifv.vn\/fr\/francais\/examens-certifications\/quel-diplome-pour-qui\/#breadcrumb","itemListElement":[{"@type":"ListItem","position":1,"name":"Home","item":"https:\/\/ifv.vn\/fr\/"},{"@type":"ListItem","position":2,"name":"Fran\u00e7ais","item":"https:\/\/ifv.vn\/fr\/francais\/"},{"@type":"ListItem","position":3,"name":"Examens &#038; certifications","item":"https:\/\/ifv.vn\/fr\/francais\/examens-certifications\/"},{"@type":"ListItem","position":4,"name":"Quel dipl\u00f4me pour qui ?"}]},{"@type":"WebSite","@id":"https:\/\/ifv.vn\/#website","url":"https:\/\/ifv.vn\/","name":"Vi\u1ec7n Ph\u00e1p t\u1ea1i Vi\u1ec7t Nam | Institut fran\u00e7ais du Vietnam","description":"","publisher":{"@id":"https:\/\/ifv.vn\/#organization"},"potentialAction":[{"@type":"SearchAction","target":{"@type":"EntryPoint","urlTemplate":"https:\/\/ifv.vn\/?s={search_term_string}"},"query-input":{"@type":"PropertyValueSpecification","valueRequired":true,"valueName":"search_term_string"}}],"inLanguage":"fr-FR"},{"@type":"Organization","@id":"https:\/\/ifv.vn\/#organization","name":"Vi\u1ec7n Ph\u00e1p t\u1ea1i Vi\u1ec7t Nam | Institut fran\u00e7ais du Vietnam","url":"https:\/\/ifv.vn\/","logo":{"@type":"ImageObject","inLanguage":"fr-FR","@id":"https:\/\/ifv.vn\/#\/schema\/logo\/image\/","url":"https:\/\/ifv.vn\/wp-content\/uploads\/2025\/10\/cropped-asset-6.png","contentUrl":"https:\/\/ifv.vn\/wp-content\/uploads\/2025\/10\/cropped-asset-6.png","width":248,"height":165,"caption":"Vi\u1ec7n Ph\u00e1p t\u1ea1i Vi\u1ec7t Nam | Institut fran\u00e7ais du Vietnam"},"image":{"@id":"https:\/\/ifv.vn\/#\/schema\/logo\/image\/"}}]}},"_links":{"self":[{"href":"https:\/\/ifv.vn\/fr\/wp-json\/wp\/v2\/pages\/859"}],"collection":[{"href":"https:\/\/ifv.vn\/fr\/wp-json\/wp\/v2\/pages"}],"about":[{"href":"https:\/\/ifv.vn\/fr\/wp-json\/wp\/v2\/types\/page"}],"author":[{"embeddable":true,"href":"https:\/\/ifv.vn\/fr\/wp-json\/wp\/v2\/users\/1"}],"replies":[{"embeddable":true,"href":"https:\/\/ifv.vn\/fr\/wp-json\/wp\/v2\/comments?post=859"}],"version-history":[{"count":4,"href":"https:\/\/ifv.vn\/fr\/wp-json\/wp\/v2\/pages\/859\/revisions"}],"predecessor-version":[{"id":25056,"href":"https:\/\/ifv.vn\/fr\/wp-json\/wp\/v2\/pages\/859\/revisions\/25056"}],"up":[{"embeddable":true,"href":"https:\/\/ifv.vn\/fr\/wp-json\/wp\/v2\/pages\/756"}],"wp:attachment":[{"href":"https:\/\/ifv.vn\/fr\/wp-json\/wp\/v2\/media?parent=859"}],"curies":[{"name":"wp","href":"https:\/\/api.w.org\/{rel}","templated":true}]}}